{"id":22858,"date":"2025-10-28T10:19:41","date_gmt":"2025-10-28T03:19:41","guid":{"rendered":"https:\/\/phukienthammy.com.vn\/?post_type=product&#038;p=22858"},"modified":"2025-10-28T10:19:41","modified_gmt":"2025-10-28T03:19:41","slug":"tinh-chat-tre-hoa-nang-co-lri-hydro","status":"publish","type":"product","link":"https:\/\/phukienthammy.com.vn\/?product=tinh-chat-tre-hoa-nang-co-lri-hydro","title":{"rendered":"Tinh Ch\u1ea5t Tr\u1ebb Ho\u00e1, N\u00e2ng C\u01a1 Lri Hydro"},"content":{"rendered":"<p><strong>Lri Hydro \u0111i s\u00e2u v\u00e0o t\u1eebng l\u1edbp da, mang \u0111\u1ebfn hi\u1ec7u qu\u1ea3:<\/strong><br \/>\n&#8211; T\u00e1i sinh h\u1ec7 th\u1ed1ng m\u00f4 neo gi\u1eef g\u01b0\u01a1ng m\u1eb7t \u2013 c\u1ee7ng c\u1ed1 \u0111\u1ed9 v\u1eefng ch\u1eafc t\u1ef1 nhi\u00ean<br \/>\n&#8211; T\u00e1i c\u1ea5u tr\u00fac m\u1ea1ng l\u01b0\u1edbi li\u00ean k\u1ebft s\u00e2u \u2013 c\u1ea3i thi\u1ec7n \u0111\u1ed9 s\u0103n ch\u1eafc v\u00e0 \u0111\u00e0n h\u1ed3i<br \/>\n&#8211; K\u00edch ho\u1ea1t ma tr\u1eadn da to\u00e0n di\u1ec7n \u2013 tr\u1ebb ho\u00e1 \u0111\u1ed3ng \u0111\u1ec1u tr\u00ean t\u1ea5t c\u1ea3 c\u00e1c t\u1ea7ng da<\/p>\n<p><strong>K\u1ebft qu\u1ea3 sau li\u1ec7u tr\u00ecnh:<\/strong><br \/>\n&#8211; Da \u0111\u01b0\u1ee3c n\u00e2ng \u0111\u1ee1 t\u1ef1 nhi\u00ean, g\u01b0\u01a1ng m\u1eb7t thon g\u1ecdn tinh t\u1ebf<br \/>\n&#8211; K\u1ebft c\u1ea5u da v\u1eefng ch\u1eafc, \u0111\u00e0n h\u1ed3i, tr\u00e0n \u0111\u1ea7y s\u1ee9c s\u1ed1ng<br \/>\n&#8211; L\u00e0n da m\u1ecbn m\u01b0\u1ee3t, r\u1ea1ng r\u1ee1, l\u1ed7 ch\u00e2n l\u00f4ng thu nh\u1ecf<br \/>\n&#8211; C\u00e1c n\u1ebfp nh\u0103n li ti v\u00e0 r\u00e3nh nh\u0103n s\u00e2u d\u1ea7n m\u1edd h\u1eb3n<\/p>\n<p>Lri Hydro l\u00e0 m\u1ed9t skinbooster v\u1edbi c\u00e1c \u0111\u1eb7c t\u00ednh l\u01b0u bi\u1ebfn v\u00e0 \u0111\u1ed9 nh\u1edbt ph\u00f9 h\u1ee3p, \u0111\u01b0\u1ee3c thi\u1ebft k\u1ebf \u0111\u1eb7c bi\u1ec7t \u0111\u1ec3 s\u1eed d\u1ee5ng tr\u00ean c\u00e1c v\u00f9ng da c\u00f3 chuy\u1ec3n \u0111\u1ed9ng cao, nh\u01b0: \u00a0V\u00f9ng quanh m\u00e1, quanh mi\u1ec7ng, quanh m\u1eaft.<\/p>\n<p><img fetchpriority=\"high\" decoding=\"async\" class=\"alignnone size-medium wp-image-22859\" src=\"https:\/\/phukienthammy.com.vn\/wp-content\/uploads\/2025\/10\/20250729_hLegMaTQ-300x300.jpg\" alt=\"\" width=\"300\" height=\"300\" srcset=\"https:\/\/phukienthammy.com.vn\/wp-content\/uploads\/2025\/10\/20250729_hLegMaTQ-300x300.jpg 300w, https:\/\/phukienthammy.com.vn\/wp-content\/uploads\/2025\/10\/20250729_hLegMaTQ-1024x1024.jpg 1024w, https:\/\/phukienthammy.com.vn\/wp-content\/uploads\/2025\/10\/20250729_hLegMaTQ-150x150.jpg 150w, https:\/\/phukienthammy.com.vn\/wp-content\/uploads\/2025\/10\/20250729_hLegMaTQ-768x768.jpg 768w, https:\/\/phukienthammy.com.vn\/wp-content\/uploads\/2025\/10\/20250729_hLegMaTQ-1536x1536.jpg 1536w, https:\/\/phukienthammy.com.vn\/wp-content\/uploads\/2025\/10\/20250729_hLegMaTQ-450x450.jpg 450w, https:\/\/phukienthammy.com.vn\/wp-content\/uploads\/2025\/10\/20250729_hLegMaTQ-420x420.jpg 420w, https:\/\/phukienthammy.com.vn\/wp-content\/uploads\/2025\/10\/20250729_hLegMaTQ-650x650.jpg 650w, https:\/\/phukienthammy.com.vn\/wp-content\/uploads\/2025\/10\/20250729_hLegMaTQ-1300x1300.jpg 1300w, https:\/\/phukienthammy.com.vn\/wp-content\/uploads\/2025\/10\/20250729_hLegMaTQ-1000x1000.jpg 1000w, https:\/\/phukienthammy.com.vn\/wp-content\/uploads\/2025\/10\/20250729_hLegMaTQ-100x100.jpg 100w, https:\/\/phukienthammy.com.vn\/wp-content\/uploads\/2025\/10\/20250729_hLegMaTQ.jpg 1800w\" sizes=\"(max-width: 300px) 100vw, 300px\" \/><\/p>\n<p><strong>Ch\u1ec9 \u0111\u1ecbnh c\u1ee7a Lri Hydro<\/strong><br \/>\n\u2022 H\u1ed7 tr\u1ee3 n\u00e2ng c\u01a1 nh\u1eb9 nh\u00e0ng , c\u1ea3i thi\u1ec7n t\u00ecnh tr\u1ea1ng da ch\u1ea9y x\u1ec7<br \/>\n\u2022 L\u00e3o h\u00f3a da \u1edf c\u00e1c c\u1ea5p \u0111\u1ed9 kh\u00e1c nhau<br \/>\n\u2022 M\u1ea5t n\u01b0\u1edbc v\u00e0 kh\u00f4 da<br \/>\n\u2022 Gi\u1ea3m \u0111\u1ed9 s\u0103n ch\u1eafc v\u00e0 \u0111\u00e0n h\u1ed3i<br \/>\n\u2022 Da x\u1ec9n m\u00e0u ho\u1eb7c kh\u00f4ng \u0111\u1ec1u m\u00e0u<br \/>\n\u2022 Duy tr\u00ec hi\u1ec7u qu\u1ea3 c\u00e1c li\u1ec7u tr\u00ecnh th\u1ea9m m\u1ef9 kh\u00e1c<\/p>\n<p><img decoding=\"async\" class=\"alignnone size-medium wp-image-22860\" src=\"https:\/\/phukienthammy.com.vn\/wp-content\/uploads\/2025\/10\/547539344_122170835600569525_1140779977130829979_n-300x300.jpg\" alt=\"\" width=\"300\" height=\"300\" srcset=\"https:\/\/phukienthammy.com.vn\/wp-content\/uploads\/2025\/10\/547539344_122170835600569525_1140779977130829979_n-300x300.jpg 300w, https:\/\/phukienthammy.com.vn\/wp-content\/uploads\/2025\/10\/547539344_122170835600569525_1140779977130829979_n-150x150.jpg 150w, https:\/\/phukienthammy.com.vn\/wp-content\/uploads\/2025\/10\/547539344_122170835600569525_1140779977130829979_n-768x768.jpg 768w, https:\/\/phukienthammy.com.vn\/wp-content\/uploads\/2025\/10\/547539344_122170835600569525_1140779977130829979_n-450x450.jpg 450w, https:\/\/phukienthammy.com.vn\/wp-content\/uploads\/2025\/10\/547539344_122170835600569525_1140779977130829979_n-420x420.jpg 420w, https:\/\/phukienthammy.com.vn\/wp-content\/uploads\/2025\/10\/547539344_122170835600569525_1140779977130829979_n-650x650.jpg 650w, https:\/\/phukienthammy.com.vn\/wp-content\/uploads\/2025\/10\/547539344_122170835600569525_1140779977130829979_n-100x100.jpg 100w, https:\/\/phukienthammy.com.vn\/wp-content\/uploads\/2025\/10\/547539344_122170835600569525_1140779977130829979_n.jpg 900w\" sizes=\"(max-width: 300px) 100vw, 300px\" \/><\/p>\n<p><strong>M\u1ee5c ti\u00eau c\u1ee7a Lri Hydro<\/strong><br \/>\n\u2022 T\u00e1i t\u1ea1o l\u00e0n da, t\u1ed1i \u01b0u h\u00f3a ho\u1ea1t \u0111\u1ed9ng c\u1ee7a nguy\u00ean b\u00e0o s\u1ee3i.<br \/>\n\u2022 Ph\u1ee5c h\u1ed3i th\u1ec3 t\u00edch khu\u00f4n m\u1eb7t, gi\u1ea3m n\u1ebfp nh\u0103n<br \/>\n\u2022 T\u0103ng c\u01b0\u1eddng \u0111\u1ed9 \u1ea9m s\u00e2u<br \/>\n\u2022 K\u00edch th\u00edch ho\u1ea1t \u0111\u1ed9ng t\u1ebf b\u00e0o, b\u00f9 \u0111\u1eafp thi\u1ebfu h\u1ee5t axit hyaluronic<br \/>\n\u2022 T\u1ea1o l\u1edbp n\u1ec1n ngo\u1ea1i b\u00e0o s\u00e1ng m\u1ecbn, gi\u00e0u \u0111\u1ed9 \u1ea9m<\/p>\n<p><strong>Lri Hydro c\u00f3 g\u00ec kh\u00e1c bi\u1ec7t ?<\/strong><br \/>\n\u25aa\ufe0f C\u00d4NG NGH\u1ec6 MMA<br \/>\n(Macro Molecular Alignment \u2013 C\u0103n ch\u1ec9nh \u0111\u1ea1i ph\u00e2n t\u1eed)<br \/>\nK\u1ebft h\u1ee3p gi\u1eefa nhi\u1ec7t \u0111\u1ed9 v\u00e0 qu\u00e1 tr\u00ecnh \u00e9p c\u01a1 h\u1ecdc trong s\u1ea3n xu\u1ea5t gi\u00fap:<br \/>\n\u2022 C\u0103n ch\u1ec9nh c\u00e1c ph\u00e2n t\u1eed HA li\u00ean k\u1ebft ch\u00e9o<br \/>\n\u2022 T\u1ed1i \u01b0u kh\u1ea3 n\u0103ng \u0111\u00f9n gel kh\u1ecfi \u1ed1ng ti\u00eam m\u00e0 kh\u00f4ng \u1ea3nh h\u01b0\u1edfng \u0111\u1ebfn \u0111\u1ed9 nh\u1edbt \u0111\u1ed9ng<\/p>\n<p>\u25aa\ufe0f C\u00d4NG NGH\u1ec6 M.F.HA<br \/>\n(Micro Fragmented Hyaluronic Acid)<br \/>\nC\u00f4ng ngh\u1ec7 l\u00e0m nh\u1ecf k\u00edch th\u01b0\u1edbc gel li\u00ean k\u1ebft ch\u00e9o xu\u1ed1ng ch\u1ec9 v\u00e0i milimet, gi\u00fap:<br \/>\n\u2022 C\u1ea3i thi\u1ec7n kh\u1ea3 n\u0103ng c\u1ea5p \u1ea9m<br \/>\n\u2022 T\u0103ng \u0111\u1ed9 s\u01b0ng mong mu\u1ed1n<br \/>\n\u2022 C\u00e2n b\u1eb1ng ho\u00e0n h\u1ea3o gi\u1eefa \u0111\u1ed9 \u0111\u00e0n h\u1ed3i v\u00e0 nh\u1edbt trong ph\u1ea1m vi \u1ee9ng su\u1ea5t l\u1edbn<\/p>\n<p><strong>HI\u1ec6U QU\u1ea2 TH\u1ea8M M\u1ef8<\/strong><br \/>\n\u2022 T\u0103ng \u0111\u1ed9 r\u1ea1ng r\u1ee1 cho l\u00e0n da<br \/>\n\u2022 L\u00e0m m\u1ecbn b\u1ec1 m\u1eb7t da<br \/>\n\u2022 B\u1ea3o v\u1ec7 v\u00e0 ph\u1ee5c h\u1ed3i t\u1ed5n th\u01b0\u01a1ng do tia UV<br \/>\n\u2022 C\u1ea5p \u1ea9m s\u00e2u v\u00e0 l\u00e2u d\u00e0i<\/p>\n<p>&nbsp;<\/p>\n","protected":false},"excerpt":{"rendered":"<ul>\n<li>\u00a0Da \u0111\u01b0\u1ee3c n\u00e2ng \u0111\u1ee1 t\u1ef1 nhi\u00ean, g\u01b0\u01a1ng m\u1eb7t thon g\u1ecdn tinh t\u1ebf<\/li>\n<li>\u00a0K\u1ebft c\u1ea5u da v\u1eefng ch\u1eafc, \u0111\u00e0n h\u1ed3i, tr\u00e0n \u0111\u1ea7y s\u1ee9c s\u1ed1ng<\/li>\n<li>\u00a0L\u00e0n da m\u1ecbn m\u01b0\u1ee3t, r\u1ea1ng r\u1ee1, l\u1ed7 ch\u00e2n l\u00f4ng thu nh\u1ecf<\/li>\n<li>\u00a0C\u00e1c n\u1ebfp nh\u0103n li ti v\u00e0 r\u00e3nh nh\u0103n s\u00e2u d\u1ea7n m\u1edd h\u1eb3n<\/li>\n<\/ul>\n","protected":false},"featured_media":22861,"comment_status":"open","ping_status":"closed","template":"","meta":[],"product_cat":[55],"product_tag":[],"class_list":{"0":"post-22858","1":"product","2":"type-product","3":"status-publish","4":"has-post-thumbnail","6":"product_cat-meso-cang-bong","8":"first","9":"instock","10":"shipping-taxable","11":"purchasable","12":"product-type-simple"},"_links":{"self":[{"href":"https:\/\/phukienthammy.com.vn\/index.php?rest_route=\/wp\/v2\/product\/22858","targetHints":{"allow":["GET"]}}],"collection":[{"href":"https:\/\/phukienthammy.com.vn\/index.php?rest_route=\/wp\/v2\/product"}],"about":[{"href":"https:\/\/phukienthammy.com.vn\/index.php?rest_route=\/wp\/v2\/types\/product"}],"replies":[{"embeddable":true,"href":"https:\/\/phukienthammy.com.vn\/index.php?rest_route=%2Fwp%2Fv2%2Fcomments&post=22858"}],"version-history":[{"count":2,"href":"https:\/\/phukienthammy.com.vn\/index.php?rest_route=\/wp\/v2\/product\/22858\/revisions"}],"predecessor-version":[{"id":22866,"href":"https:\/\/phukienthammy.com.vn\/index.php?rest_route=\/wp\/v2\/product\/22858\/revisions\/22866"}],"wp:featuredmedia":[{"embeddable":true,"href":"https:\/\/phukienthammy.com.vn\/index.php?rest_route=\/wp\/v2\/media\/22861"}],"wp:attachment":[{"href":"https:\/\/phukienthammy.com.vn\/index.php?rest_route=%2Fwp%2Fv2%2Fmedia&parent=22858"}],"wp:term":[{"taxonomy":"product_cat","embeddable":true,"href":"https:\/\/phukienthammy.com.vn\/index.php?rest_route=%2Fwp%2Fv2%2Fproduct_cat&post=22858"},{"taxonomy":"product_tag","embeddable":true,"href":"https:\/\/phukienthammy.com.vn\/index.php?rest_route=%2Fwp%2Fv2%2Fproduct_tag&post=22858"}],"curies":[{"name":"wp","href":"https:\/\/api.w.org\/{rel}","templated":true}]}}