{"id":22803,"date":"2025-02-07T14:22:46","date_gmt":"2025-02-07T07:22:46","guid":{"rendered":"https:\/\/phukienthammy.com.vn\/?post_type=product&#038;p=22803"},"modified":"2025-06-19T09:56:03","modified_gmt":"2025-06-19T02:56:03","slug":"truyen-trang-gluthione-bione-1200mg","status":"publish","type":"product","link":"https:\/\/phukienthammy.com.vn\/?product=truyen-trang-gluthione-bione-1200mg","title":{"rendered":"Truy\u1ec1n Tr\u1eafng Gluthione Bione 1200mg"},"content":{"rendered":"<h3 data-start=\"323\" data-end=\"404\"><strong data-start=\"327\" data-end=\"404\">S\u1ea3n ph\u1ea9m ch\u0103m s\u00f3c da Bione \u2013 H\u1ed7 tr\u1ee3 nu\u00f4i d\u01b0\u1ee1ng v\u00e0 b\u1ea3o v\u1ec7 l\u00e0n da kh\u1ecfe m\u1ea1nh<\/strong><\/h3>\n<p data-start=\"406\" data-end=\"471\"><strong data-start=\"406\" data-end=\"418\">Xu\u1ea5t x\u1ee9:<\/strong> H\u00e0n Qu\u1ed1c<br data-start=\"427\" data-end=\"430\" \/><strong data-start=\"430\" data-end=\"443\">Quy c\u00e1ch:<\/strong> 10 l\u1ecd x 1200 mg Glutathione<\/p>\n<p data-start=\"473\" data-end=\"496\"><strong data-start=\"473\" data-end=\"494\">Th\u00e0nh ph\u1ea7n ch\u00ednh:<\/strong><\/p>\n<ul data-start=\"497\" data-end=\"723\">\n<li data-start=\"497\" data-end=\"723\">\n<p data-start=\"499\" data-end=\"723\"><strong data-start=\"499\" data-end=\"514\">Glutathione<\/strong> \u2013 M\u1ed9t ch\u1ea5t ch\u1ed1ng oxy h\u00f3a n\u1ed9i sinh quan tr\u1ecdng, k\u1ebft h\u1ee3p t\u1eeb glycine, axit glutamic v\u00e0 cysteine, c\u00f3 vai tr\u00f2 h\u1ed7 tr\u1ee3 b\u1ea3o v\u1ec7 t\u1ebf b\u00e0o kh\u1ecfi t\u00e1c \u0111\u1ed9ng c\u1ee7a c\u00e1c g\u1ed1c t\u1ef1 do, kim lo\u1ea1i n\u1eb7ng v\u00e0 c\u00e1c y\u1ebfu t\u1ed1 g\u00e2y h\u1ea1i t\u1eeb m\u00f4i tr\u01b0\u1eddng.<\/p>\n<\/li>\n<\/ul>\n<p data-start=\"725\" data-end=\"748\"><strong data-start=\"725\" data-end=\"746\">C\u00f4ng d\u1ee5ng h\u1ed7 tr\u1ee3:<\/strong><\/p>\n<ul data-start=\"749\" data-end=\"1032\">\n<li data-start=\"749\" data-end=\"815\">\n<p data-start=\"751\" data-end=\"815\">H\u1ed7 tr\u1ee3 l\u00e0m \u0111\u1ec1u m\u00e0u da, gi\u00fap da tr\u00f4ng r\u1ea1ng r\u1ee1 v\u00e0 t\u01b0\u01a1i s\u00e1ng h\u01a1n.<\/p>\n<\/li>\n<li data-start=\"816\" data-end=\"864\">\n<p data-start=\"818\" data-end=\"864\">H\u1ed7 tr\u1ee3 gi\u1ea3m s\u1ef1 h\u00ecnh th\u00e0nh s\u1eafc t\u1ed1 g\u00e2y s\u1ea1m da.<\/p>\n<\/li>\n<li data-start=\"865\" data-end=\"931\">\n<p data-start=\"867\" data-end=\"931\">B\u1ed5 sung ch\u1ea5t ch\u1ed1ng oxy h\u00f3a gi\u00fap l\u00e0m ch\u1eadm qu\u00e1 tr\u00ecnh l\u00e3o h\u00f3a da.<\/p>\n<\/li>\n<li data-start=\"932\" data-end=\"1032\">\n<p data-start=\"934\" data-end=\"1032\">Th\u00edch h\u1ee3p k\u1ebft h\u1ee3p trong c\u00e1c li\u1ec7u tr\u00ecnh ch\u0103m s\u00f3c da t\u1ea1i spa, th\u1ea9m m\u1ef9 vi\u1ec7n ho\u1eb7c trung t\u00e2m l\u00e0m \u0111\u1eb9p.<\/p>\n<\/li>\n<\/ul>\n<p data-start=\"1034\" data-end=\"1058\"><strong data-start=\"1034\" data-end=\"1056\">H\u01b0\u1edbng d\u1eabn s\u1eed d\u1ee5ng:<\/strong><\/p>\n<ul data-start=\"1059\" data-end=\"1239\">\n<li data-start=\"1059\" data-end=\"1183\">\n<p data-start=\"1061\" data-end=\"1183\">C\u00f3 th\u1ec3 k\u1ebft h\u1ee3p c\u00f9ng c\u00e1c s\u1ea3n ph\u1ea9m ch\u0103m s\u00f3c da chuy\u00ean s\u00e2u nh\u01b0 serum ho\u1eb7c t\u1ebf b\u00e0o g\u1ed1c t\u00f9y theo ph\u00e1c \u0111\u1ed3 t\u1ea1i c\u01a1 s\u1edf chuy\u00ean m\u00f4n.<\/p>\n<\/li>\n<li data-start=\"1184\" data-end=\"1239\">\n<p data-start=\"1186\" data-end=\"1239\">Li\u00ean h\u1ec7 \u0111\u1ec3 \u0111\u01b0\u1ee3c t\u01b0 v\u1ea5n chi ti\u1ebft theo nhu c\u1ea7u c\u00e1 nh\u00e2n.<\/p>\n<\/li>\n<\/ul>\n","protected":false},"excerpt":{"rendered":"<p data-start=\"406\" data-end=\"471\"><strong data-start=\"406\" data-end=\"418\">Xu\u1ea5t x\u1ee9:<\/strong> H\u00e0n Qu\u1ed1c<br data-start=\"427\" data-end=\"430\" \/><strong data-start=\"430\" data-end=\"443\">Quy c\u00e1ch:<\/strong> 10 l\u1ecd x 1200 mg Glutathione<\/p>\n<p data-start=\"473\" data-end=\"496\"><strong data-start=\"473\" data-end=\"494\">Th\u00e0nh ph\u1ea7n ch\u00ednh:<\/strong><\/p>\n<ul data-start=\"497\" data-end=\"723\">\n<li data-start=\"497\" data-end=\"723\">\n<p data-start=\"499\" data-end=\"723\"><strong data-start=\"499\" data-end=\"514\">Glutathione<\/strong> \u2013 M\u1ed9t ch\u1ea5t ch\u1ed1ng oxy h\u00f3a n\u1ed9i sinh quan tr\u1ecdng, k\u1ebft h\u1ee3p t\u1eeb glycine, axit glutamic v\u00e0 cysteine, c\u00f3 vai tr\u00f2 h\u1ed7 tr\u1ee3 b\u1ea3o v\u1ec7 t\u1ebf b\u00e0o kh\u1ecfi t\u00e1c \u0111\u1ed9ng c\u1ee7a c\u00e1c g\u1ed1c t\u1ef1 do, kim lo\u1ea1i n\u1eb7ng v\u00e0 c\u00e1c y\u1ebfu t\u1ed1 g\u00e2y h\u1ea1i t\u1eeb m\u00f4i tr\u01b0\u1eddng.<\/p>\n<\/li>\n<\/ul>\n","protected":false},"featured_media":22804,"comment_status":"open","ping_status":"closed","template":"","meta":[],"product_cat":[53],"product_tag":[],"class_list":{"0":"post-22803","1":"product","2":"type-product","3":"status-publish","4":"has-post-thumbnail","6":"product_cat-truyen-trang","8":"first","9":"instock","10":"shipping-taxable","11":"purchasable","12":"product-type-simple"},"_links":{"self":[{"href":"https:\/\/phukienthammy.com.vn\/index.php?rest_route=\/wp\/v2\/product\/22803","targetHints":{"allow":["GET"]}}],"collection":[{"href":"https:\/\/phukienthammy.com.vn\/index.php?rest_route=\/wp\/v2\/product"}],"about":[{"href":"https:\/\/phukienthammy.com.vn\/index.php?rest_route=\/wp\/v2\/types\/product"}],"replies":[{"embeddable":true,"href":"https:\/\/phukienthammy.com.vn\/index.php?rest_route=%2Fwp%2Fv2%2Fcomments&post=22803"}],"version-history":[{"count":4,"href":"https:\/\/phukienthammy.com.vn\/index.php?rest_route=\/wp\/v2\/product\/22803\/revisions"}],"predecessor-version":[{"id":22830,"href":"https:\/\/phukienthammy.com.vn\/index.php?rest_route=\/wp\/v2\/product\/22803\/revisions\/22830"}],"wp:featuredmedia":[{"embeddable":true,"href":"https:\/\/phukienthammy.com.vn\/index.php?rest_route=\/wp\/v2\/media\/22804"}],"wp:attachment":[{"href":"https:\/\/phukienthammy.com.vn\/index.php?rest_route=%2Fwp%2Fv2%2Fmedia&parent=22803"}],"wp:term":[{"taxonomy":"product_cat","embeddable":true,"href":"https:\/\/phukienthammy.com.vn\/index.php?rest_route=%2Fwp%2Fv2%2Fproduct_cat&post=22803"},{"taxonomy":"product_tag","embeddable":true,"href":"https:\/\/phukienthammy.com.vn\/index.php?rest_route=%2Fwp%2Fv2%2Fproduct_tag&post=22803"}],"curies":[{"name":"wp","href":"https:\/\/api.w.org\/{rel}","templated":true}]}}