{"id":22799,"date":"2025-02-07T14:14:48","date_gmt":"2025-02-07T07:14:48","guid":{"rendered":"https:\/\/phukienthammy.com.vn\/?post_type=product&#038;p=22799"},"modified":"2025-02-07T15:33:54","modified_gmt":"2025-02-07T08:33:54","slug":"bo-san-pham-truyen-trang-glutax-22000000-gs","status":"publish","type":"product","link":"https:\/\/phukienthammy.com.vn\/?product=bo-san-pham-truyen-trang-glutax-22000000-gs","title":{"rendered":"B\u1ed9 S\u1ea3n Ph\u1ea9m Truy\u1ec1n Tr\u1eafng Glutax 22000000 GS"},"content":{"rendered":"<p>Truy\u1ec1n tr\u1eafng da l\u00e0 ph\u01b0\u01a1ng ph\u00e1p truy\u1ec1n d\u1eabn tr\u1ef1c ti\u1ebfp v\u00e0o t\u0129nh m\u1ea1ch c\u00e1c d\u01b0\u1ee1ng ch\u1ea5t c\u00f3 t\u00e1c d\u1ee5ng ph\u00e2n gi\u1ea3i s\u1eafc t\u1ed1 Melanin, gi\u00fap mang l\u1ea1i l\u00e0n da tr\u1eafng s\u00e1ng.<\/p>\n<p>Ph\u01b0\u01a1ng ph\u00e1p ti\u00eam truy\u1ec1n tr\u1eafng hi\u1ec7n nay r\u1ea5t ph\u1ed5 bi\u1ebfn v\u00e0 c\u00f3 r\u1ea5t nhi\u1ec1u c\u01a1 s\u1edf l\u00e0m \u0111\u1eb9p cung c\u1ea5p d\u1ecbch v\u1ee5 n\u00e0y. Ch\u00fang t\u00f4i gi\u1edbi thi\u1ec7u \u0111\u1ebfn b\u1ea1n b\u1ed9 ti\u00eam truy\u1ec1n tr\u1eafng da Glutax 22000000GX SPF 100 UV Protection.<\/p>\n<p>V\u1edbi l\u01b0\u1ee3ng Glutathione l\u00ean t\u1edbi 22.000.000 gram l\u00e0 Glutathione t\u1ed1t nh\u1ea5t v\u00e0 t\u1eadp trung nh\u1ea5t trong gia \u0111\u00ecnh Glutax, l\u00e0m cho l\u00e0n da s\u00e1ng tr\u1eafng. Ngo\u00e0i ra, n\u00f3 c\u00f2n c\u00f3 ch\u1ee9c n\u0103ng gi\u1eef \u1ea9m nh\u1edd v\u00e0o h\u1ed7n h\u1ee3p Q10, Vitamin t\u1ed5ng h\u1ee3p, Collagen, Placenta, T\u1ebf b\u00e0o g\u1ed1c t\u1eeb nho v\u00e0 t\u00e1o. V\u00ec v\u1eady b\u1ea1n c\u00f3 th\u1ec3 t\u1ef1 tin r\u1eb1ng l\u00e0n da c\u1ee7a b\u1ea1n s\u1ebd tr\u1eafng s\u00e1ng.<\/p>\n<p><strong><u>C\u00d4NG D\u1ee4NG S\u1ea2N PH\u1ea8M<\/u><\/strong><\/p>\n<p>&#8211; L\u00e0m cho l\u00e0n da c\u1ee7a b\u1ea1n tr\u1eafng s\u00e1ng, m\u1ecbn m\u00e0ng v\u00e0 r\u1ea1ng r\u1ee1.<\/p>\n<p>&#8211; Lo\u1ea1i b\u1ecf c\u00e1c g\u1ed1c t\u1ef1 do.<\/p>\n<p>&#8211; T\u0103ng \u0111\u1ed9 \u0111\u00e0n h\u1ed3i v\u00e0 d\u01b0\u1ee1ng \u1ea9m c\u1ee7a da,<\/p>\n<p>&#8211; Se kh\u00edt l\u1ed7 ch\u00e2n l\u00f4ng tr\u00ean da c\u00f3 xu h\u01b0\u1edbng to ra, ch\u1ed1ng l\u00e3o h\u00f3a<\/p>\n<p>&#8211; Lo\u1ea1i b\u1ecf v\u00e0 l\u00e0m bi\u1ebfn m\u1ea5t c\u00e1c v\u1ebft s\u1eb9o<\/p>\n<p>&#8211; Gi\u1ea3m s\u1eafc t\u1ed1 do \u00e1nh n\u1eafng m\u1eb7t tr\u1eddi<\/p>\n<p>&#8211; Gi\u1ea3m n\u1ebfp nh\u0103n quanh v\u00f9ng da m\u1eb7t<\/p>\n<p>&#8211; Ng\u0103n ch\u1eb7n s\u1ef1 h\u00ecnh th\u00e0nh c\u00e1c \u0111\u1ed1m \u0111\u1ecf v\u00e0 ho\u1eb7c v\u1ebft th\u00e2m, m\u1ee5n tr\u1ee9ng c\u00e1, m\u1ee5n b\u1ecdc, m\u1ee5n nh\u1ecdt.<\/p>\n<p><strong><u>TH\u00c0NH PH\u1ea6N:<\/u><\/strong><\/p>\n<p>&#8211; Nano Glutathione 22000000 mg<\/p>\n<p>&#8211; Grape Seed Extract 100000mg<\/p>\n<p>&#8211; Sakura Extrack Stemcell 100000 mg<\/p>\n<p>&#8211; RNA T\u1ebf b\u00e0o tr\u1eafng 50000 mg<\/p>\n<p>&#8211; Acido Alfa Lipoico 200000 mg<\/p>\n<p>&#8211; Pro Coenzyne q 10 10000 mg<\/p>\n<p>&#8211; Acido Codico 50000mg<\/p>\n<p>-Y\u1ebfu t\u1ed1 t\u0103ng tr\u01b0\u1edfng 100000mg<\/p>\n<p>&#8211; Collagene Naturale 50000mg<\/p>\n<p>&#8211; Multivitaminico 100000mg<\/p>\n<p>&#8211; Selinio 50000mg<\/p>\n<p><strong><u>H\u01af\u1edaNG D\u1eaaN S\u1eec D\u1ee4NG<\/u><\/strong><\/p>\n<p>Pha v\u1edbi n\u01b0\u1edbc mu\u1ed1i truy\u1ec1n 250ml truy\u1ec1n t\u0129nh m\u1ea1ch.<\/p>\n<p>Li\u1ec7u tr\u00ecnh 1 tu\u1ea7n 1 l\u1ea7n.<\/p>\n<p>Th\u1ef1c hi\u1ec7n ti\u00eam \u0111\u1ec1u \u0111\u1eb7n \u0111\u1ec3 t\u0103ng t\u1ed1c \u0111\u1ed9 t\u1ea9y tr\u1eafng \u0111\u1ec3 c\u00f3 k\u1ebft qu\u1ea3 tr\u1eafng s\u00e1ng \u0111\u1ea1t k\u1ebft qu\u1ea3 t\u1ed1t.<\/p>\n","protected":false},"excerpt":{"rendered":"<p>Truy\u1ec1n tr\u1eafng da l\u00e0 ph\u01b0\u01a1ng ph\u00e1p truy\u1ec1n d\u1eabn tr\u1ef1c ti\u1ebfp v\u00e0o t\u0129nh m\u1ea1ch c\u00e1c d\u01b0\u1ee1ng ch\u1ea5t c\u00f3 t\u00e1c d\u1ee5ng ph\u00e2n gi\u1ea3i s\u1eafc t\u1ed1 Melanin, gi\u00fap mang l\u1ea1i l\u00e0n da tr\u1eafng s\u00e1ng.<\/p>\n<p>Ph\u01b0\u01a1ng ph\u00e1p ti\u00eam truy\u1ec1n tr\u1eafng hi\u1ec7n nay r\u1ea5t ph\u1ed5 bi\u1ebfn v\u00e0 c\u00f3 r\u1ea5t nhi\u1ec1u c\u01a1 s\u1edf l\u00e0m \u0111\u1eb9p cung c\u1ea5p d\u1ecbch v\u1ee5 n\u00e0y. Ch\u00fang t\u00f4i gi\u1edbi thi\u1ec7u \u0111\u1ebfn b\u1ea1n b\u1ed9 ti\u00eam truy\u1ec1n tr\u1eafng da Glutax 22000000GX SPF 100 UV Protection.<\/p>\n<p>V\u1edbi l\u01b0\u1ee3ng Glutathione l\u00ean t\u1edbi 22.000.000 gram l\u00e0 Glutathione t\u1ed1t nh\u1ea5t v\u00e0 t\u1eadp trung nh\u1ea5t trong gia \u0111\u00ecnh Glutax, l\u00e0m cho l\u00e0n da s\u00e1ng tr\u1eafng. Ngo\u00e0i ra, n\u00f3 c\u00f2n c\u00f3 ch\u1ee9c n\u0103ng gi\u1eef \u1ea9m nh\u1edd v\u00e0o h\u1ed7n h\u1ee3p Q10, Vitamin t\u1ed5ng h\u1ee3p, Collagen, Placenta, T\u1ebf b\u00e0o g\u1ed1c t\u1eeb nho v\u00e0 t\u00e1o. V\u00ec v\u1eady b\u1ea1n c\u00f3 th\u1ec3 t\u1ef1 tin r\u1eb1ng l\u00e0n da c\u1ee7a b\u1ea1n s\u1ebd tr\u1eafng s\u00e1ng.<\/p>\n<p>&nbsp;<\/p>\n","protected":false},"featured_media":22800,"comment_status":"open","ping_status":"closed","template":"","meta":[],"product_cat":[53],"product_tag":[],"class_list":{"0":"post-22799","1":"product","2":"type-product","3":"status-publish","4":"has-post-thumbnail","6":"product_cat-truyen-trang","8":"first","9":"instock","10":"shipping-taxable","11":"purchasable","12":"product-type-simple"},"_links":{"self":[{"href":"https:\/\/phukienthammy.com.vn\/index.php?rest_route=\/wp\/v2\/product\/22799","targetHints":{"allow":["GET"]}}],"collection":[{"href":"https:\/\/phukienthammy.com.vn\/index.php?rest_route=\/wp\/v2\/product"}],"about":[{"href":"https:\/\/phukienthammy.com.vn\/index.php?rest_route=\/wp\/v2\/types\/product"}],"replies":[{"embeddable":true,"href":"https:\/\/phukienthammy.com.vn\/index.php?rest_route=%2Fwp%2Fv2%2Fcomments&post=22799"}],"version-history":[{"count":2,"href":"https:\/\/phukienthammy.com.vn\/index.php?rest_route=\/wp\/v2\/product\/22799\/revisions"}],"predecessor-version":[{"id":22809,"href":"https:\/\/phukienthammy.com.vn\/index.php?rest_route=\/wp\/v2\/product\/22799\/revisions\/22809"}],"wp:featuredmedia":[{"embeddable":true,"href":"https:\/\/phukienthammy.com.vn\/index.php?rest_route=\/wp\/v2\/media\/22800"}],"wp:attachment":[{"href":"https:\/\/phukienthammy.com.vn\/index.php?rest_route=%2Fwp%2Fv2%2Fmedia&parent=22799"}],"wp:term":[{"taxonomy":"product_cat","embeddable":true,"href":"https:\/\/phukienthammy.com.vn\/index.php?rest_route=%2Fwp%2Fv2%2Fproduct_cat&post=22799"},{"taxonomy":"product_tag","embeddable":true,"href":"https:\/\/phukienthammy.com.vn\/index.php?rest_route=%2Fwp%2Fv2%2Fproduct_tag&post=22799"}],"curies":[{"name":"wp","href":"https:\/\/api.w.org\/{rel}","templated":true}]}}