{"id":22794,"date":"2025-02-07T14:08:13","date_gmt":"2025-02-07T07:08:13","guid":{"rendered":"https:\/\/phukienthammy.com.vn\/?post_type=product&#038;p=22794"},"modified":"2025-02-07T14:08:13","modified_gmt":"2025-02-07T07:08:13","slug":"truyen-trang-glutathione-glutax-35000000-gs","status":"publish","type":"product","link":"https:\/\/phukienthammy.com.vn\/?product=truyen-trang-glutathione-glutax-35000000-gs","title":{"rendered":"Truy\u1ec1n Tr\u1eafng Glutathione Glutax 35000000 GS"},"content":{"rendered":"<p><strong>TH\u00d4NG TIN S\u1ea2N PH\u1ea8M Truy\u1ec1n tr\u1eafng Glutax 35000000 GS\u00a0<\/strong><br \/>\n&#8211; Xu\u1ea5t x\u1ee9: Italy<br \/>\n&#8211; Quy c\u00e1ch: 30 l\u1ecd\/ 1 h\u1ed9p d\u00f9ng cho 10 bu\u1ed5i truy\u1ec1n<br \/>\n&#8211; H\u00e3ng s\u1ea3n xu\u1ea5t: Dermedical<\/p>\n<p>Truy\u1ec1n Tr\u1eafng Glutax 3500000 GS Italy (H\u1ed9p 30 l\u1ecd cho 10 bu\u1ed5i truy\u1ec1n).<br \/>\nTruy\u1ec1n tr\u1eafng Glutax 3500000 Gs b\u1ea3n m\u1edbi nh\u1ea5t. Glutax 35000000 GS ch\u1ee9a m\u1ed9t s\u1ed1 vitamin gi\u00fap s\u1eeda ch\u1eefa t\u1ebf b\u00e0o da v\u00e0 c\u1ea3i thi\u1ec7n dinh d\u01b0\u1ee1ng da to\u00e0n th\u00e2n. \u0110\u00e1nh bay m\u1ee5n Tr\u1ebb ho\u00e1 v\u00e0 l\u00e0m s\u00e1ng da t\u1eeb b\u00ean trong. Glutathione Glutax 350000 GS ti\u00eam tr\u1eafng da Sakura cao nh\u1ea5t l\u00e0m thay \u0111\u1ed5i r\u00f5 r\u1ec7t l\u00e0n da c\u1ee7a b\u1ea1n ch\u1ec9 trong 2 tu\u1ea7n. Da tr\u1eafng s\u00e1ng b\u1eadt tone tr\u1ebb ho\u00e1.<\/p>\n<p><strong>Th\u00e0nh ph\u1ea7n trong TRUY\u1ec0N TR\u1eaeNG GLUTAX 35000000 GS C\u1ee6A ITALY<\/strong>\u00a0\u2013 Glutax 35000000GX SPF 100 UV Protection:<br \/>\nM\u1ed9t h\u1ed9p 30 l\u1ecd, d\u00f9ng v\u1eeba \u0111\u1ee7 cho 10 l\u1ea7n truy\u1ec1n. G\u1ed3m 3 lo\u1ea1i m\u1ed7i lo\u1ea1i 10 l\u1ecd.<\/p>\n<p>\u2013\u00a0<strong>Th\u00e0nh ph\u1ea7n trong m\u1ed7i l\u1ecd &#8211; 10 L\u1ecd 5ml<\/strong><\/p>\n<p>Sakura extract stemcell: 100000mg<br \/>\nMultivitaminico: 150000mg<br \/>\nRNA HA: 15000mg<br \/>\nSelenio: 80000mg<br \/>\n<strong>\u2013 Th\u00e0nh ph\u1ea7n trong m\u1ed7i l\u1ecd &#8211; 10 L\u1ecd 10ml<\/strong><\/p>\n<p>&#8211; Acido Alfa Lipoico: 250000mg<br \/>\n&#8211; Pro Coenzyne q 10: 15000mg<br \/>\n&#8211; Acido Codico: 50000mg<br \/>\n&#8211; Growth Factor: 150000mg<br \/>\n\u2013\u00a0<strong>Th\u00e0nh ph\u1ea7n trong m\u1ed7i l\u1ecd &#8211; 10 L\u1ecd d\u1ea1ng b\u1ed9t \u0111\u00f4ng kh\u00f4<\/strong><\/p>\n<p>&#8211; Nano Glutathione: 35000000mg<br \/>\n&#8211; Grape Seed Extract: 150000mg<br \/>\n&#8211; Collagen Natural: 50000mg<br \/>\n&#8211; RNA White Cells: 100000mg<\/p>\n<p><strong>C\u00f4ng d\u1ee5ng c\u1ee7a truy\u1ec1n tr\u1eafng Glutax 35000000 GS:<\/strong><br \/>\n&#8211; Sau m\u1ed7i bu\u1ed5i da m\u1eb7t v\u00e0 to\u00e0n th\u00e2n b\u1eadt tone tr\u00f4ng th\u1ea5y, tr\u1eafng kh\u1ecfe, c\u0103ng h\u1ed3ng, c\u00e0ng truy\u1ec1n c\u00e0ng th\u00edch c\u00e0ng m\u00ea.<br \/>\nPh\u01b0\u01a1ng ph\u00e1p truy\u1ec1n t\u0103ng sinh t\u1ebf b\u00e0o tr\u1eafng da \u0111\u01b0\u1ee3c cho l\u00e0 m\u1edbi nh\u1ea5t t\u1ea1i ITALY hi\u1ec7n nay. Truy\u1ec1n tr\u1eafng \u0111i\u1ec1u h\u00f2a n\u1ed9i ti\u1ebft, \u0111\u1ea3o ng\u01b0\u1ee3c l\u00e3o h\u00f3a t\u1eeb b\u00ean trong gi\u00fap m\u00ecnh \u201c\u0103n gian\u201d c\u1ea3 ch\u1ee5c tu\u1ed5i\u2026<br \/>\n&#8211; Kh\u00e1ch h\u00e0ng s\u1ebd l\u00ean t\u00f4ng da ngay sau l\u1ea7n truy\u1ec1n \u0111\u1ea7u ti\u00ean, th\u1ea5y ngay sau khi truy\u1ec1n 1-2 ng\u00e0y. Tr\u1eafng b\u1eadt t\u00f4ng 3-4 t\u00f4ng sau 1 li\u1ec7u tr\u00ecnh ch\u1ec9 5 bu\u1ed5i.<br \/>\n&#8211; Tr\u1eafng b\u1eadt tone c\u1ea3 da m\u1eb7t v\u00e0 to\u00e0n th\u00e2n, b\u1ea5t ch\u1ea5p da \u0111en l\u00ec, kh\u00f3 tr\u1eafng.<br \/>\n&#8211; \u0110i\u1ec1u h\u00f2a n\u1ed9i ti\u1ebft, ng\u0103n ng\u1eeba l\u00e3o h\u00f3a t\u1eeb b\u00ean trong.<br \/>\n&#8211; B\u1ea3o v\u1ec7 da kh\u1ecfi t\u00e1c h\u1ea1i t\u1eeb UVA v\u00e0 UVB, h\u1ea1n ch\u1ebf t\u1ed1i \u0111a h\u1ed3i tone, b\u1eaft n\u1eafng.<br \/>\n&#8211; Ph\u01b0\u01a1ng ph\u00e1p truy\u1ec1n an to\u00e0n v\u00e0 \u0111\u1ea3m b\u1ea3o s\u1ee9c kho\u1ebb cho kh\u00e1ch h\u00e0ng \u2013 cam k\u1ebft l\u00e0m \u0111\u00fang theo quy tr\u00ecnh c\u1ee7a b\u1ed9 Y t\u1ebf.<\/p>\n<p><strong>H\u01b0\u1edbng d\u1eabn s\u1eed d\u1ee5ng truy\u1ec1n tr\u1eafng Glutax 35000000 GS:<\/strong><br \/>\n\u2022 Pha m\u1ed7i lo\u1ea1i m\u1ed9t l\u1ecd ho\u1eb7c tu\u00fdt v\u00e0o l\u1ecd n\u01b0\u1edbc mu\u1ed1i truy\u1ec1n 250ml, l\u1eafc \u0111\u1ec1u cho h\u00f2a tan<\/p>\n<p>\u2022 Truy\u1ec1n ch\u1eadm t\u1eeb 60 ph\u00fat tr\u1edf l\u00ean.<\/p>\n<p>\u2022 M\u1ed7i tu\u1ea7n truy\u1ec1n 1 l\u1ea7n.<\/p>\n<p><strong>Ch\u1ed1ng ch\u1ec9 \u0111\u1ecbnh:<\/strong><br \/>\n&#8211; Ch\u00fang t\u00f4i kh\u00f4ng ch\u1ecbu tr\u00e1ch nhi\u1ec7m v\u1ec1 b\u1ea5t k\u1ef3 t\u00e1c \u0111\u1ed9ng ti\u00eau c\u1ef1c n\u00e0o m\u00e0 b\u1ea1n c\u00f3 th\u1ec3 g\u1eb7p ph\u1ea3i sau khi t\u1ef1 m\u00ecnh s\u1eed d\u1ee5ng s\u1ea3n ph\u1ea9m. B\u1ea1n n\u00ean tham kh\u1ea3o \u00fd ki\u1ebfn c\u1ee7a b\u00e1c s\u0129 ho\u1eb7c chuy\u00ean gia y t\u1ebf cho b\u1ea5t k\u1ef3 th\u1ee7 t\u1ee5c n\u00e0o.<\/p>\n","protected":false},"excerpt":{"rendered":"<p><strong>TH\u00d4NG TIN S\u1ea2N PH\u1ea8M Truy\u1ec1n tr\u1eafng Glutax 35000000 GS\u00a0<\/strong><br \/>\n&#8211; Xu\u1ea5t x\u1ee9: Italy<br \/>\n&#8211; Quy c\u00e1ch: 30 l\u1ecd\/ 1 h\u1ed9p d\u00f9ng cho 10 bu\u1ed5i truy\u1ec1n<br \/>\n&#8211; H\u00e3ng s\u1ea3n xu\u1ea5t: Dermedical<\/p>\n<p>Truy\u1ec1n Tr\u1eafng Glutax 3500000 GS Italy (H\u1ed9p 30 l\u1ecd cho 10 bu\u1ed5i truy\u1ec1n).<br \/>\nTruy\u1ec1n tr\u1eafng Glutax 3500000 Gs b\u1ea3n m\u1edbi nh\u1ea5t. Glutax 35000000 GS ch\u1ee9a m\u1ed9t s\u1ed1 vitamin gi\u00fap s\u1eeda ch\u1eefa t\u1ebf b\u00e0o da v\u00e0 c\u1ea3i thi\u1ec7n dinh d\u01b0\u1ee1ng da to\u00e0n th\u00e2n. \u0110\u00e1nh bay m\u1ee5n Tr\u1ebb ho\u00e1 v\u00e0 l\u00e0m s\u00e1ng da t\u1eeb b\u00ean trong. Glutathione Glutax 350000 GS ti\u00eam tr\u1eafng da Sakura cao nh\u1ea5t l\u00e0m thay \u0111\u1ed5i r\u00f5 r\u1ec7t l\u00e0n da c\u1ee7a b\u1ea1n ch\u1ec9 trong 2 tu\u1ea7n. Da tr\u1eafng s\u00e1ng b\u1eadt tone tr\u1ebb ho\u00e1.<\/p>\n","protected":false},"featured_media":22795,"comment_status":"open","ping_status":"closed","template":"","meta":[],"product_cat":[53],"product_tag":[],"class_list":{"0":"post-22794","1":"product","2":"type-product","3":"status-publish","4":"has-post-thumbnail","6":"product_cat-truyen-trang","8":"first","9":"instock","10":"shipping-taxable","11":"purchasable","12":"product-type-simple"},"_links":{"self":[{"href":"https:\/\/phukienthammy.com.vn\/index.php?rest_route=\/wp\/v2\/product\/22794","targetHints":{"allow":["GET"]}}],"collection":[{"href":"https:\/\/phukienthammy.com.vn\/index.php?rest_route=\/wp\/v2\/product"}],"about":[{"href":"https:\/\/phukienthammy.com.vn\/index.php?rest_route=\/wp\/v2\/types\/product"}],"replies":[{"embeddable":true,"href":"https:\/\/phukienthammy.com.vn\/index.php?rest_route=%2Fwp%2Fv2%2Fcomments&post=22794"}],"version-history":[{"count":1,"href":"https:\/\/phukienthammy.com.vn\/index.php?rest_route=\/wp\/v2\/product\/22794\/revisions"}],"predecessor-version":[{"id":22798,"href":"https:\/\/phukienthammy.com.vn\/index.php?rest_route=\/wp\/v2\/product\/22794\/revisions\/22798"}],"wp:featuredmedia":[{"embeddable":true,"href":"https:\/\/phukienthammy.com.vn\/index.php?rest_route=\/wp\/v2\/media\/22795"}],"wp:attachment":[{"href":"https:\/\/phukienthammy.com.vn\/index.php?rest_route=%2Fwp%2Fv2%2Fmedia&parent=22794"}],"wp:term":[{"taxonomy":"product_cat","embeddable":true,"href":"https:\/\/phukienthammy.com.vn\/index.php?rest_route=%2Fwp%2Fv2%2Fproduct_cat&post=22794"},{"taxonomy":"product_tag","embeddable":true,"href":"https:\/\/phukienthammy.com.vn\/index.php?rest_route=%2Fwp%2Fv2%2Fproduct_tag&post=22794"}],"curies":[{"name":"wp","href":"https:\/\/api.w.org\/{rel}","templated":true}]}}