{"id":22787,"date":"2025-02-07T14:03:38","date_gmt":"2025-02-07T07:03:38","guid":{"rendered":"https:\/\/phukienthammy.com.vn\/?post_type=product&#038;p=22787"},"modified":"2025-02-07T15:34:14","modified_gmt":"2025-02-07T08:34:14","slug":"truyen-trang-glutax-10000000-gx","status":"publish","type":"product","link":"https:\/\/phukienthammy.com.vn\/?product=truyen-trang-glutax-10000000-gx","title":{"rendered":"Truy\u1ec1n Tr\u1eafng Glutax 10000000 GX"},"content":{"rendered":"<p>Truy\u1ec1n tr\u1eafng da l\u00e0 ph\u01b0\u01a1ng ph\u00e1p truy\u1ec1n d\u1eabn tr\u1ef1c ti\u1ebfp v\u00e0o t\u0129nh m\u1ea1ch c\u00e1c d\u01b0\u1ee1ng ch\u1ea5t c\u00f3 t\u00e1c d\u1ee5ng ph\u00e2n gi\u1ea3i s\u1eafc t\u1ed1 Melanin, gi\u00fap mang l\u1ea1i l\u00e0n da tr\u1eafng s\u00e1ng. Ph\u01b0\u01a1ng ph\u00e1p ti\u00eam truy\u1ec1n tr\u1eafng hi\u1ec7n nay r\u1ea5t ph\u1ed5 bi\u1ebfn v\u00e0 c\u00f3 r\u1ea5t nhi\u1ec1u c\u01a1 s\u1edf l\u00e0m \u0111\u1eb9p cung c\u1ea5p d\u1ecbch v\u1ee5 n\u00e0y. Ch\u00fang t\u00f4i gi\u1edbi thi\u1ec7u \u0111\u1ebfn b\u1ea1n b\u1ed9 ti\u00eam truy\u1ec1n tr\u1eafng da Glutax 10000000GX SPF 100 UV Protection. V\u1edbi l\u01b0\u1ee3ng Glutathione l\u00ean t\u1edbi 10.000.000 gram l\u00e0 Glutathione t\u1ed1t nh\u1ea5t v\u00e0 t\u1eadp trung nh\u1ea5t trong gia \u0111\u00ecnh Glutax, l\u00e0m cho l\u00e0n da s\u00e1ng tr\u1eafng. Ngo\u00e0i ra, n\u00f3 c\u00f2n c\u00f3 ch\u1ee9c n\u0103ng gi\u1eef \u1ea9m nh\u1edd v\u00e0o h\u1ed7n h\u1ee3p Q10, Vitamin t\u1ed5ng h\u1ee3p, Collagen, Placenta, T\u1ebf b\u00e0o g\u1ed1c t\u1eeb nho v\u00e0 t\u00e1o. V\u00ec v\u1eady b\u1ea1n c\u00f3 th\u1ec3 t\u1ef1 tin r\u1eb1ng l\u00e0n da c\u1ee7a b\u1ea1n s\u1ebd tr\u1eafng s\u00e1ng.<\/p>\n<p><strong>TH\u00c0NH PH\u1ea6N<\/strong><\/p>\n<p>Th\u00e0nh ph\u1ea7n trong Glutax 10000000GX SPF 100 UV Protection<\/p>\n<ul>\n<li>DNA &amp; RNA Multivitaminico 500000mg<\/li>\n<li>DNA &amp; RNA Collagene Naturale 24000mg<\/li>\n<li>DNA &amp; RNA Selenio 10000mg<\/li>\n<li>T\u1ebf b\u00e0o g\u1ed1c t\u00e1i t\u1ed5 h\u1ee3p cao c\u1ea5p DNA &amp; RNA 2ml 60000mg<\/li>\n<li>T\u1ebf b\u00e0o g\u1ed1c nho cao c\u1ea5p, t\u1ebf b\u00e0o g\u1ed1c t\u00e1o cao c\u1ea5p, t\u1ebf b\u00e0o g\u1ed1c tr\u00e1i Argan cao c\u1ea5p, t\u1ebf b\u00e0o g\u1ed1c hoa h\u1ed3ng cao c\u1ea5p.<\/li>\n<li>DNA &amp; RNA Glutathione 10000000g<\/li>\n<li>C\u00e1c y\u1ebfu t\u1ed1 si\u00eau tr\u1eafng DNA &amp; RNA 12000mg<\/li>\n<li>Y\u1ebfu t\u1ed1 t\u0103ng tr\u01b0\u1edfng bi\u1ec3u b\u00ec DNA &amp; RNA 16000mg<\/li>\n<li>DNA &amp; RNA Pro Enzyme Q10 7400mg<\/li>\n<li>DNA &amp; RNA PDRN Hyal 9600mg<\/li>\n<li>DNA &amp; RNA chi\u1ebft xu\u1ea5t h\u1ea1t nho 100000mg<\/li>\n<li>DNA &amp; RNA Glutathione 10000000mg<\/li>\n<li>DNA &amp; RNA Ultra White Element 12000mg<\/li>\n<\/ul>\n<p><strong>C\u00d4NG D\u1ee4NG<\/strong><\/p>\n<p>C\u00f4ng d\u1ee5ng c\u1ee7a b\u1ed9 ti\u00eam tr\u1eafng da Glutax 10000000GX SPF 100 UV Protection &#8211; Gi\u1ea3m c\u00e1c \u0111\u1ed1m n\u00e2u, \u0111\u1ed1m \u0111en, \u0111\u1ed3i m\u1ed3i, t\u00e0n nhang c\u1ea3i thi\u1ec7n m\u00e0u da to\u00e0n th\u00e2n &#8211; H\u1ea1n ch\u1ebf qu\u00e1 tr\u00ecnh l\u00e3o h\u00f3a, ch\u1ed1ng oxy h\u00f3a, ng\u0103n ch\u1eb7n h\u00ecnh th\u00e0nh n\u00e1m &#8211; Gi\u00fap c\u1ea3i thi\u1ec7n n\u1ebfp nh\u0103n v\u00e0 m\u1ee5n tr\u1ee9ng c\u00e1 &#8211; K\u00edch th\u00edch t\u00e1i t\u1ea1o t\u1ebf b\u00e0o, ph\u1ee5c h\u1ed3i v\u00f9ng da h\u01b0 t\u1ed5n &#8211; \u0110\u1ec1u m\u00e0u da k\u1ec3 c\u1ea3 v\u00f9ng khu\u1ef7u tay, \u0111\u1ea7u g\u1ed1i, b\u1eb9n, n\u00e1ch &#8211; K\u00edch th\u00edch s\u1ea3n sinh collagen v\u00e0 elastin gi\u00fap da c\u0103ng b\u00f3ng v\u00e0 tr\u1ebb ho\u00e1 &#8211; Ch\u1ed1ng l\u00e3o ho\u00e1 v\u00e0 nu\u00f4i d\u01b0\u1ee1ng l\u00e0n da body m\u1ec1m m\u1ecbn, h\u1ed3ng h\u00e0o &#8211; Th\u1ea3i \u0111\u1ed9c lo\u1ea1i b\u1ecf \u0111\u1ed9c t\u1ed1 t\u0103ng c\u01b0\u1eddng s\u1ee9c kh\u1ecfe &#8211; T\u0103ng c\u01b0\u1eddng h\u1ec7 mi\u1ec5n d\u1ecbch<\/p>\n<p><strong>L\u01afU \u00dd KHI S\u1eec D\u1ee4NG<\/strong><\/p>\n<p>&#8211; T\u00e1c d\u1ee5ng s\u1ea3n ph\u1ea9m t\u00f9y thu\u1ed9c v\u00e0o c\u01a1 \u0111\u1ecba c\u1ee7a m\u1ed7i ng\u01b0\u1eddi d\u00f9ng<\/p>\n<p>&#8211; Tham v\u1ea5n \u00fd ki\u1ebfn c\u1ee7a b\u00e1c s\u0129 v\u00e0 chuy\u00ean vi\u00ean tr\u01b0\u1edbc khi th\u1ef1c hi\u1ec7n li\u1ec7u tr\u00ecnh &#8211; B\u1ea3o v\u1ec7 n\u01a1i kh\u00f4 r\u00e1o, tho\u00e1ng m\u00e1t tr\u00e1nh ti\u1ebfp x\u00fac v\u1edbi \u00e1nh n\u1eafng<\/p>\n<p>&#8211; Tr\u00e1nh ti\u1ebfp x\u00fac v\u1edbi m\u1eaft &#8211; Tr\u00e1nh xa t\u1ea7m tay c\u1ee7a tr\u1ebb em<\/p>\n<p>&#8211; B\u1ea3o qu\u1ea3n \u1edf nhi\u1ec7t \u0111\u1ed9 th\u00edch h\u1ee3p, kh\u00f4ng gian v\u00f4 tr\u00f9ng<\/p>\n<p><strong>TH\u00d4NG TIN S\u1ea2N PH\u1ea8M<\/strong><\/p>\n<p>&#8211; T\u00ean s\u1ea3n ph\u1ea9m: Glutax 10000000GX SPF 100 UV Protection<\/p>\n<p>&#8211; Xu\u1ea5t x\u1ee9: Italy<\/p>\n<p>&#8211; H\u1ea1n s\u1eed d\u1ee5ng: Xem tr\u00ean bao b\u00ec<\/p>\n","protected":false},"excerpt":{"rendered":"<p>Truy\u1ec1n tr\u1eafng da l\u00e0 ph\u01b0\u01a1ng ph\u00e1p truy\u1ec1n d\u1eabn tr\u1ef1c ti\u1ebfp v\u00e0o t\u0129nh m\u1ea1ch c\u00e1c d\u01b0\u1ee1ng ch\u1ea5t c\u00f3 t\u00e1c d\u1ee5ng ph\u00e2n gi\u1ea3i s\u1eafc t\u1ed1 Melanin, gi\u00fap mang l\u1ea1i l\u00e0n da tr\u1eafng s\u00e1ng. Ph\u01b0\u01a1ng ph\u00e1p ti\u00eam truy\u1ec1n tr\u1eafng hi\u1ec7n nay r\u1ea5t ph\u1ed5 bi\u1ebfn v\u00e0 c\u00f3 r\u1ea5t nhi\u1ec1u c\u01a1 s\u1edf l\u00e0m \u0111\u1eb9p cung c\u1ea5p d\u1ecbch v\u1ee5 n\u00e0y. Ch\u00fang t\u00f4i gi\u1edbi thi\u1ec7u \u0111\u1ebfn b\u1ea1n b\u1ed9 ti\u00eam truy\u1ec1n tr\u1eafng da Glutax 10000000GX SPF 100 UV Protection. V\u1edbi l\u01b0\u1ee3ng Glutathione l\u00ean t\u1edbi 10.000.000 gram l\u00e0 Glutathione t\u1ed1t nh\u1ea5t v\u00e0 t\u1eadp trung nh\u1ea5t trong gia \u0111\u00ecnh Glutax, l\u00e0m cho l\u00e0n da s\u00e1ng tr\u1eafng. Ngo\u00e0i ra, n\u00f3 c\u00f2n c\u00f3 ch\u1ee9c n\u0103ng gi\u1eef \u1ea9m nh\u1edd v\u00e0o h\u1ed7n h\u1ee3p Q10, Vitamin t\u1ed5ng h\u1ee3p, Collagen, Placenta, T\u1ebf b\u00e0o g\u1ed1c t\u1eeb nho v\u00e0 t\u00e1o. V\u00ec v\u1eady b\u1ea1n c\u00f3 th\u1ec3 t\u1ef1 tin r\u1eb1ng l\u00e0n da c\u1ee7a b\u1ea1n s\u1ebd tr\u1eafng s\u00e1ng.<\/p>\n","protected":false},"featured_media":22792,"comment_status":"open","ping_status":"closed","template":"","meta":[],"product_cat":[53],"product_tag":[],"class_list":{"0":"post-22787","1":"product","2":"type-product","3":"status-publish","4":"has-post-thumbnail","6":"product_cat-truyen-trang","8":"first","9":"instock","10":"shipping-taxable","11":"purchasable","12":"product-type-simple"},"_links":{"self":[{"href":"https:\/\/phukienthammy.com.vn\/index.php?rest_route=\/wp\/v2\/product\/22787","targetHints":{"allow":["GET"]}}],"collection":[{"href":"https:\/\/phukienthammy.com.vn\/index.php?rest_route=\/wp\/v2\/product"}],"about":[{"href":"https:\/\/phukienthammy.com.vn\/index.php?rest_route=\/wp\/v2\/types\/product"}],"replies":[{"embeddable":true,"href":"https:\/\/phukienthammy.com.vn\/index.php?rest_route=%2Fwp%2Fv2%2Fcomments&post=22787"}],"version-history":[{"count":2,"href":"https:\/\/phukienthammy.com.vn\/index.php?rest_route=\/wp\/v2\/product\/22787\/revisions"}],"predecessor-version":[{"id":22810,"href":"https:\/\/phukienthammy.com.vn\/index.php?rest_route=\/wp\/v2\/product\/22787\/revisions\/22810"}],"wp:featuredmedia":[{"embeddable":true,"href":"https:\/\/phukienthammy.com.vn\/index.php?rest_route=\/wp\/v2\/media\/22792"}],"wp:attachment":[{"href":"https:\/\/phukienthammy.com.vn\/index.php?rest_route=%2Fwp%2Fv2%2Fmedia&parent=22787"}],"wp:term":[{"taxonomy":"product_cat","embeddable":true,"href":"https:\/\/phukienthammy.com.vn\/index.php?rest_route=%2Fwp%2Fv2%2Fproduct_cat&post=22787"},{"taxonomy":"product_tag","embeddable":true,"href":"https:\/\/phukienthammy.com.vn\/index.php?rest_route=%2Fwp%2Fv2%2Fproduct_tag&post=22787"}],"curies":[{"name":"wp","href":"https:\/\/api.w.org\/{rel}","templated":true}]}}