{"id":22784,"date":"2025-02-07T13:52:46","date_gmt":"2025-02-07T06:52:46","guid":{"rendered":"https:\/\/phukienthammy.com.vn\/?post_type=product&#038;p=22784"},"modified":"2025-06-19T10:30:49","modified_gmt":"2025-06-19T03:30:49","slug":"te-bao-goc-nhau-thai-placenta-enhanced-placenta-complex","status":"publish","type":"product","link":"https:\/\/phukienthammy.com.vn\/?product=te-bao-goc-nhau-thai-placenta-enhanced-placenta-complex","title":{"rendered":"T\u1ebf B\u00e0o G\u1ed1c Nhau Thai Placenta Enhanced-Placenta Complex"},"content":{"rendered":"<h3 data-start=\"308\" data-end=\"389\"><strong data-start=\"312\" data-end=\"387\">Placenta Extracts \u2013 H\u1ed7 Tr\u1ee3 Ch\u0103m S\u00f3c Da v\u00e0 B\u1ed5 Sung D\u01b0\u1ee1ng Ch\u1ea5t T\u1eeb Th\u1ee5y S\u0129<\/strong><\/h3>\n<p data-start=\"390\" data-end=\"504\"><strong data-start=\"390\" data-end=\"402\">Xu\u1ea5t x\u1ee9:<\/strong> Th\u1ee5y S\u0129<br data-start=\"410\" data-end=\"413\" \/><strong data-start=\"413\" data-end=\"434\">Th\u00e0nh ph\u1ea7n ch\u00ednh:<\/strong> Chi\u1ebft xu\u1ea5t nhau thai, peptide th\u1ee7y ph\u00e2n, axit amin, vitamin thi\u1ebft y\u1ebfu<\/p>\n<p data-start=\"506\" data-end=\"793\"><strong data-start=\"506\" data-end=\"530\">Gi\u1edbi thi\u1ec7u s\u1ea3n ph\u1ea9m:<\/strong><br data-start=\"530\" data-end=\"533\" \/>Placenta Extracts l\u00e0 s\u1ea3n ph\u1ea9m cao c\u1ea5p \u0111\u01b0\u1ee3c chi\u1ebft xu\u1ea5t t\u1eeb nhau thai b\u1eb1ng c\u00f4ng ngh\u1ec7 th\u1ee7y ph\u00e2n hi\u1ec7n \u0111\u1ea1i, gi\u00fap t\u1ea1o ra c\u00e1c peptide v\u00e0 axit amin c\u00f3 k\u00edch th\u01b0\u1edbc si\u00eau nh\u1ecf, d\u1ec5 d\u00e0ng h\u1ea5p th\u1ee5. S\u1ea3n ph\u1ea9m gi\u00fap b\u1ed5 sung d\u01b0\u1ee1ng ch\u1ea5t c\u1ea7n thi\u1ebft, h\u1ed7 tr\u1ee3 l\u00e0n da kh\u1ecfe m\u1ea1nh v\u00e0 t\u01b0\u01a1i t\u1eafn.<\/p>\n<p data-start=\"795\" data-end=\"818\"><strong data-start=\"795\" data-end=\"816\">C\u00f4ng d\u1ee5ng h\u1ed7 tr\u1ee3:<\/strong><\/p>\n<ul data-start=\"819\" data-end=\"1061\">\n<li data-start=\"819\" data-end=\"875\">\n<p data-start=\"821\" data-end=\"875\">Cung c\u1ea5p \u0111\u1ed9 \u1ea9m v\u00e0 h\u1ed7 tr\u1ee3 c\u1ea3i thi\u1ec7n \u0111\u1ed9 \u0111\u00e0n h\u1ed3i c\u1ee7a da<\/p>\n<\/li>\n<li data-start=\"876\" data-end=\"933\">\n<p data-start=\"878\" data-end=\"933\">B\u1ed5 sung c\u00e1c axit amin v\u00e0 vitamin c\u1ea7n thi\u1ebft cho c\u01a1 th\u1ec3<\/p>\n<\/li>\n<li data-start=\"934\" data-end=\"978\">\n<p data-start=\"936\" data-end=\"978\">H\u1ed7 tr\u1ee3 da tr\u1edf n\u00ean \u0111\u1ec1u m\u00e0u v\u00e0 m\u1ec1m m\u1ea1i h\u01a1n<\/p>\n<\/li>\n<li data-start=\"979\" data-end=\"1061\">\n<p data-start=\"981\" data-end=\"1061\">C\u00f3 th\u1ec3 k\u1ebft h\u1ee3p trong c\u00e1c li\u1ec7u tr\u00ecnh ch\u0103m s\u00f3c da t\u1ea1i spa ho\u1eb7c trung t\u00e2m th\u1ea9m m\u1ef9<\/p>\n<\/li>\n<\/ul>\n<p data-start=\"1063\" data-end=\"1085\"><strong data-start=\"1063\" data-end=\"1083\">\u01afu \u0111i\u1ec3m n\u1ed5i b\u1eadt:<\/strong><\/p>\n<ul data-start=\"1086\" data-end=\"1259\">\n<li data-start=\"1086\" data-end=\"1140\">\n<p data-start=\"1088\" data-end=\"1140\">Th\u00e0nh ph\u1ea7n \u0111\u01b0\u1ee3c ki\u1ec3m nghi\u1ec7m v\u00e0 ch\u1ee9ng minh l\u00e2m s\u00e0ng<\/p>\n<\/li>\n<li data-start=\"1141\" data-end=\"1200\">\n<p data-start=\"1143\" data-end=\"1200\">Kh\u00f4ng ch\u1ee9a ch\u1ea5t g\u00e2y k\u00edch \u1ee9ng, ph\u00f9 h\u1ee3p v\u1edbi nhi\u1ec1u lo\u1ea1i da<\/p>\n<\/li>\n<li data-start=\"1201\" data-end=\"1259\">\n<p data-start=\"1203\" data-end=\"1259\">Quy tr\u00ecnh s\u1ea3n xu\u1ea5t hi\u1ec7n \u0111\u1ea1i \u0111\u1ea1t chu\u1ea9n ch\u1ea5t l\u01b0\u1ee3ng Th\u1ee5y S\u0129<\/p>\n<\/li>\n<\/ul>\n<p data-start=\"1261\" data-end=\"1273\"><strong data-start=\"1261\" data-end=\"1271\">L\u01b0u \u00fd:<\/strong><\/p>\n<ul data-start=\"1274\" data-end=\"1455\">\n<li data-start=\"1274\" data-end=\"1363\">\n<p data-start=\"1276\" data-end=\"1363\">S\u1ea3n ph\u1ea9m n\u00ean \u0111\u01b0\u1ee3c s\u1eed d\u1ee5ng t\u1ea1i c\u01a1 s\u1edf c\u00f3 chuy\u00ean m\u00f4n ho\u1eb7c theo h\u01b0\u1edbng d\u1eabn t\u1eeb chuy\u00ean vi\u00ean.<\/p>\n<\/li>\n<li data-start=\"1364\" data-end=\"1455\">\n<p data-start=\"1366\" data-end=\"1455\">Kh\u00f4ng s\u1eed d\u1ee5ng cho ph\u1ee5 n\u1eef mang thai, \u0111ang cho con b\u00fa ho\u1eb7c ng\u01b0\u1eddi d\u1ecb \u1ee9ng v\u1edbi c\u00e1c th\u00e0nh ph\u1ea7n.<\/p>\n<\/li>\n<\/ul>\n","protected":false},"excerpt":{"rendered":"<p data-start=\"390\" data-end=\"504\"><strong data-start=\"390\" data-end=\"402\">Xu\u1ea5t x\u1ee9:<\/strong> Th\u1ee5y S\u0129<br data-start=\"410\" data-end=\"413\" \/><strong data-start=\"413\" data-end=\"434\">Th\u00e0nh ph\u1ea7n ch\u00ednh:<\/strong> Chi\u1ebft xu\u1ea5t nhau thai, peptide th\u1ee7y ph\u00e2n, axit amin, vitamin thi\u1ebft y\u1ebfu<\/p>\n<p data-start=\"506\" data-end=\"793\"><strong data-start=\"506\" data-end=\"530\">Gi\u1edbi thi\u1ec7u s\u1ea3n ph\u1ea9m:<\/strong><br data-start=\"530\" data-end=\"533\" \/>Placenta Extracts l\u00e0 s\u1ea3n ph\u1ea9m cao c\u1ea5p \u0111\u01b0\u1ee3c chi\u1ebft xu\u1ea5t t\u1eeb nhau thai b\u1eb1ng c\u00f4ng ngh\u1ec7 th\u1ee7y ph\u00e2n hi\u1ec7n \u0111\u1ea1i, gi\u00fap t\u1ea1o ra c\u00e1c peptide v\u00e0 axit amin c\u00f3 k\u00edch th\u01b0\u1edbc si\u00eau nh\u1ecf, d\u1ec5 d\u00e0ng h\u1ea5p th\u1ee5. S\u1ea3n ph\u1ea9m gi\u00fap b\u1ed5 sung d\u01b0\u1ee1ng ch\u1ea5t c\u1ea7n thi\u1ebft, h\u1ed7 tr\u1ee3 l\u00e0n da kh\u1ecfe m\u1ea1nh v\u00e0 t\u01b0\u01a1i t\u1eafn.<\/p>\n","protected":false},"featured_media":22785,"comment_status":"open","ping_status":"closed","template":"","meta":[],"product_cat":[53],"product_tag":[],"class_list":{"0":"post-22784","1":"product","2":"type-product","3":"status-publish","4":"has-post-thumbnail","6":"product_cat-truyen-trang","8":"first","9":"instock","10":"shipping-taxable","11":"purchasable","12":"product-type-simple"},"_links":{"self":[{"href":"https:\/\/phukienthammy.com.vn\/index.php?rest_route=\/wp\/v2\/product\/22784","targetHints":{"allow":["GET"]}}],"collection":[{"href":"https:\/\/phukienthammy.com.vn\/index.php?rest_route=\/wp\/v2\/product"}],"about":[{"href":"https:\/\/phukienthammy.com.vn\/index.php?rest_route=\/wp\/v2\/types\/product"}],"replies":[{"embeddable":true,"href":"https:\/\/phukienthammy.com.vn\/index.php?rest_route=%2Fwp%2Fv2%2Fcomments&post=22784"}],"version-history":[{"count":3,"href":"https:\/\/phukienthammy.com.vn\/index.php?rest_route=\/wp\/v2\/product\/22784\/revisions"}],"predecessor-version":[{"id":22837,"href":"https:\/\/phukienthammy.com.vn\/index.php?rest_route=\/wp\/v2\/product\/22784\/revisions\/22837"}],"wp:featuredmedia":[{"embeddable":true,"href":"https:\/\/phukienthammy.com.vn\/index.php?rest_route=\/wp\/v2\/media\/22785"}],"wp:attachment":[{"href":"https:\/\/phukienthammy.com.vn\/index.php?rest_route=%2Fwp%2Fv2%2Fmedia&parent=22784"}],"wp:term":[{"taxonomy":"product_cat","embeddable":true,"href":"https:\/\/phukienthammy.com.vn\/index.php?rest_route=%2Fwp%2Fv2%2Fproduct_cat&post=22784"},{"taxonomy":"product_tag","embeddable":true,"href":"https:\/\/phukienthammy.com.vn\/index.php?rest_route=%2Fwp%2Fv2%2Fproduct_tag&post=22784"}],"curies":[{"name":"wp","href":"https:\/\/api.w.org\/{rel}","templated":true}]}}