{"id":22774,"date":"2025-02-07T11:17:34","date_gmt":"2025-02-07T04:17:34","guid":{"rendered":"https:\/\/phukienthammy.com.vn\/?post_type=product&#038;p=22774"},"modified":"2025-06-19T10:35:21","modified_gmt":"2025-06-19T03:35:21","slug":"truyen-trang-luchini","status":"publish","type":"product","link":"https:\/\/phukienthammy.com.vn\/?product=truyen-trang-luchini","title":{"rendered":"Truy\u1ec1n Tr\u1eafng Luchini"},"content":{"rendered":"<h3 data-start=\"318\" data-end=\"371\"><strong data-start=\"322\" data-end=\"369\">B\u1ed9 H\u1ed7 Tr\u1ee3 D\u01b0\u1ee1ng Ch\u1ea5t \u2013 C\u00f4ng Ngh\u1ec7 T\u1eeb Th\u1ee5y S\u0129<\/strong><\/h3>\n<p data-start=\"372\" data-end=\"419\"><strong data-start=\"372\" data-end=\"385\">\u0110\u00f3ng g\u00f3i:<\/strong> H\u1ed9p 10 set<br data-start=\"396\" data-end=\"399\" \/><strong data-start=\"399\" data-end=\"411\">Xu\u1ea5t x\u1ee9:<\/strong> Th\u1ee5y S\u0129<\/p>\n<p data-start=\"421\" data-end=\"692\"><strong data-start=\"421\" data-end=\"445\">Gi\u1edbi thi\u1ec7u s\u1ea3n ph\u1ea9m:<\/strong><br data-start=\"445\" data-end=\"448\" \/>S\u1ea3n ph\u1ea9m \u1ee9ng d\u1ee5ng c\u00f4ng ngh\u1ec7 d\u01b0\u1ee1ng da chuy\u00ean s\u00e2u t\u1eeb Th\u1ee5y S\u0129, k\u1ebft h\u1ee3p gi\u1eefa glutathione h\u00e0m l\u01b0\u1ee3ng cao c\u00f9ng multivitamin, collagen, ascorbic acid v\u00e0 selenium. Th\u00e0nh ph\u1ea7n \u0111\u01b0\u1ee3c ch\u1ecdn l\u1ecdc nh\u1eb1m h\u1ed7 tr\u1ee3 l\u00e0n da kh\u1ecfe m\u1ea1nh, t\u0103ng c\u01b0\u1eddng \u0111\u1ed9 \u1ea9m v\u00e0 \u0111\u1ed9 \u0111\u00e0n h\u1ed3i da.<\/p>\n<p data-start=\"694\" data-end=\"717\"><strong data-start=\"694\" data-end=\"715\">Th\u00e0nh ph\u1ea7n ch\u00ednh:<\/strong><\/p>\n<ul data-start=\"718\" data-end=\"813\">\n<li data-start=\"718\" data-end=\"751\">\n<p data-start=\"720\" data-end=\"751\"><strong data-start=\"720\" data-end=\"749\">Glutathione (n\u1ed3ng \u0111\u1ed9 cao)<\/strong><\/p>\n<\/li>\n<li data-start=\"752\" data-end=\"783\">\n<p data-start=\"754\" data-end=\"783\"><strong data-start=\"754\" data-end=\"781\">Multivitamin &amp; Collagen<\/strong><\/p>\n<\/li>\n<li data-start=\"784\" data-end=\"813\">\n<p data-start=\"786\" data-end=\"813\"><strong data-start=\"786\" data-end=\"813\">Ascorbic Acid, Selenium<\/strong><\/p>\n<\/li>\n<\/ul>\n<p data-start=\"815\" data-end=\"838\"><strong data-start=\"815\" data-end=\"836\">C\u00f4ng d\u1ee5ng h\u1ed7 tr\u1ee3:<\/strong><\/p>\n<ul data-start=\"839\" data-end=\"968\">\n<li data-start=\"839\" data-end=\"872\">\n<p data-start=\"841\" data-end=\"872\">B\u1ed5 sung d\u01b0\u1ee1ng ch\u1ea5t cho c\u01a1 th\u1ec3<\/p>\n<\/li>\n<li data-start=\"873\" data-end=\"914\">\n<p data-start=\"875\" data-end=\"914\">H\u1ed7 tr\u1ee3 ch\u0103m s\u00f3c l\u00e0n da thi\u1ebfu s\u1ee9c s\u1ed1ng<\/p>\n<\/li>\n<li data-start=\"915\" data-end=\"968\">\n<p data-start=\"917\" data-end=\"968\">Gi\u00fap da m\u1ec1m m\u1ea1i, \u0111\u1ec1u m\u00e0u v\u00e0 duy tr\u00ec \u0111\u1ed9 \u1ea9m t\u1ed1t h\u01a1n<\/p>\n<\/li>\n<\/ul>\n<p data-start=\"970\" data-end=\"988\"><strong data-start=\"970\" data-end=\"986\">Khuy\u1ebfn ngh\u1ecb:<\/strong><\/p>\n<ul data-start=\"989\" data-end=\"1178\">\n<li data-start=\"989\" data-end=\"1081\">\n<p data-start=\"991\" data-end=\"1081\">S\u1ea3n ph\u1ea9m \u0111\u01b0\u1ee3c s\u1eed d\u1ee5ng t\u1ea1i c\u00e1c c\u01a1 s\u1edf chuy\u00ean m\u00f4n d\u01b0\u1edbi s\u1ef1 h\u01b0\u1edbng d\u1eabn c\u1ee7a ng\u01b0\u1eddi c\u00f3 chuy\u00ean m\u00f4n<\/p>\n<\/li>\n<li data-start=\"1082\" data-end=\"1178\">\n<p data-start=\"1084\" data-end=\"1178\">Kh\u00f4ng d\u00f9ng cho ph\u1ee5 n\u1eef mang thai, \u0111ang cho con b\u00fa ho\u1eb7c ng\u01b0\u1eddi d\u1ecb \u1ee9ng v\u1edbi b\u1ea5t k\u1ef3 th\u00e0nh ph\u1ea7n n\u00e0o<\/p>\n<\/li>\n<\/ul>\n","protected":false},"excerpt":{"rendered":"<p data-start=\"372\" data-end=\"419\"><strong data-start=\"372\" data-end=\"385\">\u0110\u00f3ng g\u00f3i:<\/strong> H\u1ed9p 10 set<br data-start=\"396\" data-end=\"399\" \/><strong data-start=\"399\" data-end=\"411\">Xu\u1ea5t x\u1ee9:<\/strong> Th\u1ee5y S\u0129<\/p>\n<p data-start=\"421\" data-end=\"692\"><strong data-start=\"421\" data-end=\"445\">Gi\u1edbi thi\u1ec7u s\u1ea3n ph\u1ea9m:<\/strong><br data-start=\"445\" data-end=\"448\" \/>S\u1ea3n ph\u1ea9m \u1ee9ng d\u1ee5ng c\u00f4ng ngh\u1ec7 d\u01b0\u1ee1ng da chuy\u00ean s\u00e2u t\u1eeb Th\u1ee5y S\u0129, k\u1ebft h\u1ee3p gi\u1eefa glutathione h\u00e0m l\u01b0\u1ee3ng cao c\u00f9ng multivitamin, collagen, ascorbic acid v\u00e0 selenium. Th\u00e0nh ph\u1ea7n \u0111\u01b0\u1ee3c ch\u1ecdn l\u1ecdc nh\u1eb1m h\u1ed7 tr\u1ee3 l\u00e0n da kh\u1ecfe m\u1ea1nh, t\u0103ng c\u01b0\u1eddng \u0111\u1ed9 \u1ea9m v\u00e0 \u0111\u1ed9 \u0111\u00e0n h\u1ed3i da.<\/p>\n","protected":false},"featured_media":22778,"comment_status":"open","ping_status":"closed","template":"","meta":[],"product_cat":[53],"product_tag":[],"class_list":{"0":"post-22774","1":"product","2":"type-product","3":"status-publish","4":"has-post-thumbnail","6":"product_cat-truyen-trang","8":"first","9":"instock","10":"shipping-taxable","11":"purchasable","12":"product-type-simple"},"_links":{"self":[{"href":"https:\/\/phukienthammy.com.vn\/index.php?rest_route=\/wp\/v2\/product\/22774","targetHints":{"allow":["GET"]}}],"collection":[{"href":"https:\/\/phukienthammy.com.vn\/index.php?rest_route=\/wp\/v2\/product"}],"about":[{"href":"https:\/\/phukienthammy.com.vn\/index.php?rest_route=\/wp\/v2\/types\/product"}],"replies":[{"embeddable":true,"href":"https:\/\/phukienthammy.com.vn\/index.php?rest_route=%2Fwp%2Fv2%2Fcomments&post=22774"}],"version-history":[{"count":2,"href":"https:\/\/phukienthammy.com.vn\/index.php?rest_route=\/wp\/v2\/product\/22774\/revisions"}],"predecessor-version":[{"id":22840,"href":"https:\/\/phukienthammy.com.vn\/index.php?rest_route=\/wp\/v2\/product\/22774\/revisions\/22840"}],"wp:featuredmedia":[{"embeddable":true,"href":"https:\/\/phukienthammy.com.vn\/index.php?rest_route=\/wp\/v2\/media\/22778"}],"wp:attachment":[{"href":"https:\/\/phukienthammy.com.vn\/index.php?rest_route=%2Fwp%2Fv2%2Fmedia&parent=22774"}],"wp:term":[{"taxonomy":"product_cat","embeddable":true,"href":"https:\/\/phukienthammy.com.vn\/index.php?rest_route=%2Fwp%2Fv2%2Fproduct_cat&post=22774"},{"taxonomy":"product_tag","embeddable":true,"href":"https:\/\/phukienthammy.com.vn\/index.php?rest_route=%2Fwp%2Fv2%2Fproduct_tag&post=22774"}],"curies":[{"name":"wp","href":"https:\/\/api.w.org\/{rel}","templated":true}]}}