{"id":22750,"date":"2025-02-07T10:26:53","date_gmt":"2025-02-07T03:26:53","guid":{"rendered":"https:\/\/phukienthammy.com.vn\/?post_type=product&#038;p=22750"},"modified":"2025-02-07T10:26:53","modified_gmt":"2025-02-07T03:26:53","slug":"curenex-tinh-chat-meso-cang-bong-trang-da","status":"publish","type":"product","link":"https:\/\/phukienthammy.com.vn\/?product=curenex-tinh-chat-meso-cang-bong-trang-da","title":{"rendered":"Curenex Tinh Ch\u1ea5t Meso C\u0103ng B\u00f3ng Tr\u1eafng Da"},"content":{"rendered":"<div class=\"xdj266r x11i5rnm xat24cr x1mh8g0r x1vvkbs x126k92a\">\n<h2 dir=\"auto\">CURENEX Meso c\u0103ng b\u00f3ng tr\u1eafng da<\/h2>\n<div dir=\"auto\">\n<p><span class=\"x3nfvp2 x1j61x8r x1fcty0u xdj266r xhhsvwb xat24cr xgzva0m xxymvpz xlup9mm x1kky2od\">\u00a0<\/span>Curenex l\u00e0 s\u1ea3n ph\u1ea9m n\u1ed5i ti\u1ebfng trong s\u1ef1 h\u1ed3i sinh sinh sinh h\u1ecdc c\u1ee7a H\u00e0n Qu\u1ed1c. S\u1ea3n ph\u1ea9m nhanh ch\u00f3ng lo\u1ea1i b\u1ecf t\u1ea5t c\u1ea3 c\u00e1c v\u1ea5n \u0111\u1ec1 li\u00ean quan \u0111\u1ebfn tu\u1ed5i t\u00e1c tr\u00ean khu\u00f4n m\u1eb7t: Nu\u00f4i d\u01b0\u1ee1ng, gi\u1eef \u1ea9m, k\u00edch th\u00edch h\u1ee3p ch\u1ea5t collagen v\u00e0 elastin c\u0169ng nh\u01b0 c\u00e1c y\u1ebfu t\u1ed1 kh\u00e1c c\u1ee7a ma tr\u1eadn ngo\u00e0i t\u1ebf b\u00e0o. M\u1eabu ch\u1ee9a ADN c\u1ee7a c\u00e1 h\u1ed3i gi\u00fap t\u0103ng c\u01b0\u1eddng qu\u00e1 tr\u00ecnh t\u00e1i t\u1ea1o v\u00e0 tr\u1ecb th\u01b0\u01a1ng.<\/p>\n<p>CURENEX l\u00e0 m\u1ed9t trong nh\u1eefng li\u1ec7u ph\u00e1p ph\u1ee5c h\u1ed3i v\u00e0 tr\u1ebb h\u00f3a l\u00e0n da h\u00e0ng \u0111\u1ea7u \u0111\u01b0\u1ee3c c\u00e1c chuy\u00ean gia th\u1ea9m m\u1ef9 v\u00e0 ng\u01b0\u1eddi n\u1ed5i ti\u1ebfng tr\u00ean th\u1ebf gi\u1edbi \u01b0a th\u00edch. B\u1ea1n s\u1ebd th\u1ea5y ngay s\u1ef1 kh\u00e1c bi\u1ec7t tr\u00ean l\u00e0n da c\u1ee7a m\u00ecnh sau khi s\u1eed d\u1ee5ng<\/p>\n<ul>\n<li>Xu\u1ea5t S\u1ee9: H\u00e0n Qu\u1ed1c<\/li>\n<li>Quy c\u00e1ch: 5 x 5ml<\/li>\n<li>\u0110\u1ea1t chu\u1ea9n: \u0110\u01b0\u1ee3c ch\u1ee9ng th\u1ef1c l\u01b0u h\u00e0nh<\/li>\n<\/ul>\n<div class=\"x11i5rnm xat24cr x1mh8g0r x1vvkbs xtlvy1s x126k92a\">\n<h3 dir=\"auto\">Th\u00e0nh ph\u1ea7n 3 in 1: si\u00eau tr\u1eafng \u2013 si\u00eau c\u0103ng \u2013 si\u00eau \u1ea9m:<\/h3>\n<\/div>\n<div class=\"x11i5rnm xat24cr x1mh8g0r x1vvkbs xtlvy1s x126k92a\">\n<ul>\n<li dir=\"auto\">PDRN: chi\u1ebft xu\u1ea5t t\u1eeb b\u00e0o thai c\u00e1 h\u1ed3i, t\u0103ng \u0111\u1ed9 \u0111\u00e0n h\u1ed3i, t\u0103ng \u0111\u1ed9 \u1ea9m v\u00e0 t\u00e1i t\u1ea1o c\u1ea5u tr\u00fac da.<\/li>\n<li dir=\"auto\">HA: c\u1ea5p \u1ea9m v\u00e0 duy tr\u00ec \u0111\u1ed9 \u1ea9m l\u00e0n da, h\u1ea1n ch\u1ebf h\u00ecnh th\u00e0nh n\u1ebfp nh\u0103n nh\u1ecf.<\/li>\n<li dir=\"auto\">Glutathione: ch\u1ea5t ch\u1ed1ng oxy h\u00f3a v\u00e0 l\u00e0m tr\u1eafng da m\u1ea1nh m\u1ebd, th\u00fac \u0111\u1ea9y t\u0103ng sinh collagen.<\/li>\n<li dir=\"auto\">Kh\u00e1c v\u1edbi nhi\u1ec1u d\u00f2ng ti\u00eam meso kh\u00e1c, Curenex s\u1eed d\u1ee5ng c\u00f4ng ngh\u1ec7 ti\u00ean ti\u1ebfn nh\u1ea5t c\u1ee7a CHA, v\u1edbi li\u00ean k\u1ebft ch\u00e9o thay v\u00ec ph\u1ea3i mix c\u00e1c s\u1ea3n ph\u1ea9m v\u1edbi nhau.<\/li>\n<\/ul>\n<\/div>\n<\/div>\n<\/div>\n<div class=\"x11i5rnm xat24cr x1mh8g0r x1vvkbs xtlvy1s x126k92a\">\n<h3 dir=\"auto\">C\u00f4ng d\u1ee5ng c\u1ee7a meso Curenex:<\/h3>\n<div dir=\"auto\"><span class=\"x3nfvp2 x1j61x8r x1fcty0u xdj266r xhhsvwb xat24cr xgzva0m xxymvpz xlup9mm x1kky2od\"><img decoding=\"async\" class=\"xz74otr\" src=\"https:\/\/static.xx.fbcdn.net\/images\/emoji.php\/v9\/tc7\/1\/16\/2198.png\" alt=\"\u2198\ufe0f\" width=\"16\" height=\"16\" \/><\/span>\u00a0Ph\u1ee5c h\u1ed3i ch\u1ee9c n\u0103ng da, l\u1ea5y l\u1ea1i \u0111\u1ed9 \u0111\u00e0n h\u1ed3i v\u1ed1n c\u00f3 cho d.a m\u1eb7t m\u1ecbn m\u00e0ng, c\u0103ng b\u00f3ng v\u00e0 x\u00f3a m\u1edd v\u1ebft nh\u0103n nheo.<\/div>\n<div dir=\"auto\"><span class=\"x3nfvp2 x1j61x8r x1fcty0u xdj266r xhhsvwb xat24cr xgzva0m xxymvpz xlup9mm x1kky2od\"><img decoding=\"async\" class=\"xz74otr\" src=\"https:\/\/static.xx.fbcdn.net\/images\/emoji.php\/v9\/tc7\/1\/16\/2198.png\" alt=\"\u2198\ufe0f\" width=\"16\" height=\"16\" \/><\/span>\u00a0X\u00f3a th\u00e2m n\u00e1m, s\u1eb9o do m\u1ee5n<\/div>\n<div dir=\"auto\"><span class=\"x3nfvp2 x1j61x8r x1fcty0u xdj266r xhhsvwb xat24cr xgzva0m xxymvpz xlup9mm x1kky2od\"><img decoding=\"async\" class=\"xz74otr\" src=\"https:\/\/static.xx.fbcdn.net\/images\/emoji.php\/v9\/tc7\/1\/16\/2198.png\" alt=\"\u2198\ufe0f\" width=\"16\" height=\"16\" \/><\/span>\u00a0C\u00e2n b\u1eb1ng \u0111\u1ed9 \u1ea9m v\u00e0 c\u1ea3i thi\u1ec7n t\u00f4ng m\u00e0u da, gi\u00fap da s\u00e1ng tr\u1eafng t\u1ef1 nhi\u00ean.<\/div>\n<div dir=\"auto\"><span class=\"x3nfvp2 x1j61x8r x1fcty0u xdj266r xhhsvwb xat24cr xgzva0m xxymvpz xlup9mm x1kky2od\"><img decoding=\"async\" class=\"xz74otr\" src=\"https:\/\/static.xx.fbcdn.net\/images\/emoji.php\/v9\/tc7\/1\/16\/2198.png\" alt=\"\u2198\ufe0f\" width=\"16\" height=\"16\" \/><\/span>\u00a0Duy tr\u00ec l\u00e0n da kh\u1ecfe m\u1ea1nh, tr\u1eafng h\u1ed3ng r\u1ea1ng r\u1ee1.<\/div>\n<div dir=\"auto\"><span class=\"x3nfvp2 x1j61x8r x1fcty0u xdj266r xhhsvwb xat24cr xgzva0m xxymvpz xlup9mm x1kky2od\"><img decoding=\"async\" class=\"xz74otr\" src=\"https:\/\/static.xx.fbcdn.net\/images\/emoji.php\/v9\/tc7\/1\/16\/2198.png\" alt=\"\u2198\ufe0f\" width=\"16\" height=\"16\" \/><\/span>\u00a0V\u00f4 c\u00f9ng an to\u00e0n v\u00e0 kh\u00f4ng g\u00e2y b\u1ea5t k\u00ec k\u00edch \u1ee9ng n\u00e0o cho da, k\u1ec3 c\u1ea3 l\u00e0n da nh\u1ea1y c\u1ea3m.<\/div>\n<h3 dir=\"auto\"><b>Nguy\u00ean li\u1ec7u ho\u1ea1t \u0111\u1ed9ng c\u1ee7a Meso Curenex:<\/b><\/h3>\n<div dir=\"auto\">\n<ul>\n<li>Axit hyaluronic kh\u00f4ng li\u00ean k\u1ebft ch\u00e9o mi\u1ec5n ph\u00ed (0.025 mg\/ml)<\/li>\n<li>12 vitamin (A, B, C &amp; E) \u0111\u1ec3 k\u00edch th\u00edch c\u00e1c ch\u1ee9c n\u0103ng c\u1ee7a t\u1ebf b\u00e0o s\u1ed1ng<\/li>\n<li>24 axit amin quan tr\u1ecdng cho c\u1ea5u t\u1ea1o protein (elastin, collagen, v.v.)<\/li>\n<li>6 coenzymes \u0111\u1ec3 x\u00fac t\u00e1c c\u00e1c ph\u1ea3n \u1ee9ng sinh h\u00f3a trong c\u00e1c m\u00f4<\/li>\n<li>Acid nucleic \u0111\u1ec3 k\u00edch ho\u1ea1t giao ti\u1ebfp di \u0111\u1ed9ng<\/li>\n<li>6 kho\u00e1ng ch\u1ea5t \u0111\u1ec3 thay th\u1ebf khi\u1ebfm khuy\u1ebft v\u1ec1 da<\/li>\n<li>6 kh\u00e1c (Gluthatione, Polysorbate 80, axit glucuronic, lactone axit glucuronic, Glucosamine, Dextrose anhydrose)<\/li>\n<\/ul>\n<h3><b>Khu v\u1ef1c \u1ee9ng d\u1ee5ng:<\/b><\/h3>\n<p>x\u01b0\u01a1ng s\u00e2u, tr\u00ean x\u01b0\u01a1ng c\u1ea5p, ho\u1eb7c d\u01b0\u1edbi da \u0111\u1ec3 \u0111i\u1ec1u tr\u1ecb c\u00e1c n\u1ebfp g\u1ea5p n\u1ebfp nh\u0103n tr\u00ean m\u1eb7t, m\u00e1, c\u1eb1m, t\u0103ng l\u00ean v\u00e0 \u0111\u1ecbnh h\u00ecnh khu\u00f4n m\u1eb7t.<\/p>\n<\/div>\n<h3 dir=\"auto\">\u0110\u1ed1i t\u01b0\u1ee3ng n\u00ean ti\u00eam Meso Curenex:<\/h3>\n<ul>\n<li dir=\"auto\">Da kh\u00f4ng \u0111\u1ec1u m\u00e0u<\/li>\n<li dir=\"auto\">Da kh\u00f4, m\u1ea5t n\u01b0\u1edbc<\/li>\n<li dir=\"auto\">Da n\u1ebfp nh\u0103n<\/li>\n<li dir=\"auto\">L\u00e0m tr\u1ebb h\u00f3a da<\/li>\n<li dir=\"auto\">Da bong tr\u00f3c, kh\u00f4ng c\u00f3 \u0111\u1ed9 \u0111\u00e0n h\u1ed3i<\/li>\n<li dir=\"auto\">S\u1eb9o m\u1ee5n tr\u1ee9ng c\u00e1<\/li>\n<\/ul>\n<\/div>\n","protected":false},"excerpt":{"rendered":"<h2 dir=\"auto\">CURENEX Meso c\u0103ng b\u00f3ng tr\u1eafng da<\/h2>\n<div dir=\"auto\">\n<p><span class=\"x3nfvp2 x1j61x8r x1fcty0u xdj266r xhhsvwb xat24cr xgzva0m xxymvpz xlup9mm x1kky2od\">\u00a0<\/span>Curenex l\u00e0 s\u1ea3n ph\u1ea9m n\u1ed5i ti\u1ebfng trong s\u1ef1 h\u1ed3i sinh sinh sinh h\u1ecdc c\u1ee7a H\u00e0n Qu\u1ed1c. S\u1ea3n ph\u1ea9m nhanh ch\u00f3ng lo\u1ea1i b\u1ecf t\u1ea5t c\u1ea3 c\u00e1c v\u1ea5n \u0111\u1ec1 li\u00ean quan \u0111\u1ebfn tu\u1ed5i t\u00e1c tr\u00ean khu\u00f4n m\u1eb7t: Nu\u00f4i d\u01b0\u1ee1ng, gi\u1eef \u1ea9m, k\u00edch th\u00edch h\u1ee3p ch\u1ea5t collagen v\u00e0 elastin c\u0169ng nh\u01b0 c\u00e1c y\u1ebfu t\u1ed1 kh\u00e1c c\u1ee7a ma tr\u1eadn ngo\u00e0i t\u1ebf b\u00e0o. M\u1eabu ch\u1ee9a ADN c\u1ee7a c\u00e1 h\u1ed3i gi\u00fap t\u0103ng c\u01b0\u1eddng qu\u00e1 tr\u00ecnh t\u00e1i t\u1ea1o v\u00e0 tr\u1ecb th\u01b0\u01a1ng.<\/p>\n<p>CURENEX l\u00e0 m\u1ed9t trong nh\u1eefng li\u1ec7u ph\u00e1p ph\u1ee5c h\u1ed3i v\u00e0 tr\u1ebb h\u00f3a l\u00e0n da h\u00e0ng \u0111\u1ea7u \u0111\u01b0\u1ee3c c\u00e1c chuy\u00ean gia th\u1ea9m m\u1ef9 v\u00e0 ng\u01b0\u1eddi n\u1ed5i ti\u1ebfng tr\u00ean th\u1ebf gi\u1edbi \u01b0a th\u00edch. B\u1ea1n s\u1ebd th\u1ea5y ngay s\u1ef1 kh\u00e1c bi\u1ec7t tr\u00ean l\u00e0n da c\u1ee7a m\u00ecnh sau khi s\u1eed d\u1ee5ng<\/p>\n<ul>\n<li>Xu\u1ea5t S\u1ee9: H\u00e0n Qu\u1ed1c<\/li>\n<li>Quy c\u00e1ch: 5 x 5ml<\/li>\n<li>\u0110\u1ea1t chu\u1ea9n: \u0110\u01b0\u1ee3c ch\u1ee9ng th\u1ef1c l\u01b0u h\u00e0nh<\/li>\n<\/ul>\n<\/div>\n","protected":false},"featured_media":22754,"comment_status":"open","ping_status":"closed","template":"","meta":[],"product_cat":[55],"product_tag":[],"class_list":{"0":"post-22750","1":"product","2":"type-product","3":"status-publish","4":"has-post-thumbnail","6":"product_cat-meso-cang-bong","8":"first","9":"instock","10":"shipping-taxable","11":"purchasable","12":"product-type-simple"},"_links":{"self":[{"href":"https:\/\/phukienthammy.com.vn\/index.php?rest_route=\/wp\/v2\/product\/22750","targetHints":{"allow":["GET"]}}],"collection":[{"href":"https:\/\/phukienthammy.com.vn\/index.php?rest_route=\/wp\/v2\/product"}],"about":[{"href":"https:\/\/phukienthammy.com.vn\/index.php?rest_route=\/wp\/v2\/types\/product"}],"replies":[{"embeddable":true,"href":"https:\/\/phukienthammy.com.vn\/index.php?rest_route=%2Fwp%2Fv2%2Fcomments&post=22750"}],"version-history":[{"count":1,"href":"https:\/\/phukienthammy.com.vn\/index.php?rest_route=\/wp\/v2\/product\/22750\/revisions"}],"predecessor-version":[{"id":22755,"href":"https:\/\/phukienthammy.com.vn\/index.php?rest_route=\/wp\/v2\/product\/22750\/revisions\/22755"}],"wp:featuredmedia":[{"embeddable":true,"href":"https:\/\/phukienthammy.com.vn\/index.php?rest_route=\/wp\/v2\/media\/22754"}],"wp:attachment":[{"href":"https:\/\/phukienthammy.com.vn\/index.php?rest_route=%2Fwp%2Fv2%2Fmedia&parent=22750"}],"wp:term":[{"taxonomy":"product_cat","embeddable":true,"href":"https:\/\/phukienthammy.com.vn\/index.php?rest_route=%2Fwp%2Fv2%2Fproduct_cat&post=22750"},{"taxonomy":"product_tag","embeddable":true,"href":"https:\/\/phukienthammy.com.vn\/index.php?rest_route=%2Fwp%2Fv2%2Fproduct_tag&post=22750"}],"curies":[{"name":"wp","href":"https:\/\/api.w.org\/{rel}","templated":true}]}}