{"id":22745,"date":"2025-02-07T10:22:52","date_gmt":"2025-02-07T03:22:52","guid":{"rendered":"https:\/\/phukienthammy.com.vn\/?post_type=product&#038;p=22745"},"modified":"2025-02-07T10:22:52","modified_gmt":"2025-02-07T03:22:52","slug":"tinh-chat-tre-hoa-cang-bong-da-aqua-aribell-pn","status":"publish","type":"product","link":"https:\/\/phukienthammy.com.vn\/?product=tinh-chat-tre-hoa-cang-bong-da-aqua-aribell-pn","title":{"rendered":"Tinh Ch\u1ea5t Tr\u1ebb H\u00f3a C\u0103ng B\u00f3ng Da Aqua Aribell PN"},"content":{"rendered":"<p><strong>Th\u00f4ng tin s\u1ea3n ph\u1ea9m AQUA ARIBELL PN:<\/strong><\/p>\n<p>&#8211; Made in Korea &#8211; Nh\u00e0 s\u1ea3n xu\u1ea5t: Reanzen Co., Ltd.<\/p>\n<p>&#8211; Dung t\u00edch: 10 l\u1ecd x 4ml Aqua Aribell PN l\u00e0 s\u1ea3n ph\u1ea9m s\u1eed d\u1ee5ng ph\u01b0\u01a1ng ph\u00e1p t\u00e1i sinh t\u1ebf b\u00e0o gi\u00fap tr\u1ebb h\u00f3a l\u00e0n da b\u1ecb t\u1ed5n th\u01b0\u01a1ng, \u0111\u1ed3ng th\u1eddi gi\u00fap k\u00edch qu\u00e1 tr\u00ecnh t\u0103ng t\u01b0\u1edfng t\u00e1i t\u1ea1o da. S\u1ef1 k\u1ebft h\u1ee3p c\u1ee7a Hyaluronate Acid (HA) v\u00e0 Polynucleotide (PN) c\u00f3 trong Aqua Aribell PN \u0111\u01b0\u1ee3c t\u1ea1o th\u00e0nh t\u1eeb c\u00e1c th\u00e0nh ph\u1ea7n v\u1edbi ch\u1ea5t l\u01b0\u1ee3ng cao. H\u1ed7n h\u1ee3p bao g\u1ed3m PN gi\u00fap t\u1ed1i \u01b0u h\u00f3a hi\u1ec7u qu\u1ea3 k\u1ebft h\u1ee3p v\u1edbi Hyaluronic Acid mang l\u1ea1i gi\u1ea3i ph\u00e1p xu\u1ea5t s\u1eafc cho tr\u1ebb\u00a0h\u00f3a l\u00e0n da.<\/p>\n<p><strong>Th\u00e0nh ph\u1ea7n ch\u00ednh AQUA ARIBELL PN:<\/strong><\/p>\n<p>&#8211; Hyaluronic Acid (HA) l\u00e0 m\u1ed9t th\u00e0nh ph\u1ea7n thi\u1ebft y\u1ebfu c\u1ee7a c\u01a1 th\u1ec3 con ng\u01b0\u1eddi \u0111i\u1ec1u ch\u1ec9nh s\u1ef1 c\u00e2n b\u1eb1ng n\u01b0\u1edbc. HA gi\u00fap duy tr\u00ec m\u1ed9t l\u00e0n da kh\u00f4ng n\u1ebfp nh\u0103n, d\u01b0\u1ee1ng \u1ea9m v\u00e0 gi\u00fap da c\u0103ng m\u1ecdng. Ngo\u00e0i ra HA c\u00f3 vai tr\u00f2 gi\u1eef c\u00e1c s\u1ee3i collagen v\u00e0 elastin, cung c\u1ea5p \u0111\u1ed9 \u1ea9m cho c\u00e1c s\u1ee3i n\u00e0y \u0111\u1ec3 t\u0103ng t\u00ednh \u0111\u00e0n h\u1ed3i c\u1ee7a da v\u00e0 mang l\u1ea1i m\u1ed9t l\u00e0n da s\u0103n ch\u1eafc<\/p>\n<p>&#8211; Polynucleotide (PN) gi\u00fap c\u1ea3i thi\u1ec7n ph\u1ea7n h\u1ea1 b\u00ec c\u1ee7a l\u00e0n da, duy tr\u00ec s\u1ef1 \u1ed5n \u0111\u1ecbnh c\u1ee7a c\u1ea5u tr\u00fac da, v\u00e0 qu\u00e1 tr\u00ecnh h\u1ed3i ph\u1ee5c c\u1ee7a da. K\u00edch th\u00edch qu\u00e1 tr\u00ecnh t\u1ed5ng h\u1ee3p c\u00e1c lo\u1ea1i protein c\u1ea7n thi\u1ebft cho l\u00e0n da. PN \u0111\u01b0\u1ee3c chi\u1ebft xu\u1ea5t t\u1eeb DNA c\u1ee7a c\u00e1 h\u1ed3i v\u1edbi k\u00edch th\u01b0\u1edbc l\u1edbn h\u01a1n c\u00e1c th\u00e0nh ph\u1ea7n kh\u00e1c v\u00ec th\u1ebf hi\u1ec7u qu\u1ea3 PN mang l\u1ea1i c\u0169ng d\u00e0i h\u01a1n.<\/p>\n<p><strong>Hi\u1ec7u qu\u1ea3 c\u1ee7a AQUA ARIBELL PN:<\/strong><\/p>\n<p>1. Ph\u1ee5c h\u1ed3i c\u1ea5u tr\u00fac da Khi \u0111\u01b0a tinh ch\u1ea5t DNA c\u00e1 H\u1ed3i v\u00e0o trong l\u1edbp trung b\u00ec c\u1ee7a da, PN c\u00f3 kh\u1ea3 n\u0103ng t\u0103ng c\u01b0\u1eddng s\u1ea3n sinh collagen, elastin, duy tr\u00ec \u0111\u1ed9 \u0111\u00e0n h\u1ed3i v\u00e0 s\u0103n ch\u1eafc c\u1ee7a da. B\u00ean c\u1ea1nh \u0111\u00f3 n\u00f3 c\u00f2n gi\u00fap da c\u0103ng b\u00f3ng m\u1ecbn m\u00e0ng. N\u1ebfp nh\u0103n v\u00e0 v\u1ebft ch\u00e2n chim tr\u00ean da c\u0169ng s\u1ebd bi\u1ebfn m\u1ea5t.<\/p>\n<p>2. T\u00e1i t\u1ea1o t\u1ebf b\u00e0o da PN c\u00f3 trong Aqua Aribell PN th\u00fac \u0111\u1ea9y qu\u00e1 tr\u00ecnh t\u00e1i t\u1ea1o t\u1ef1 nhi\u00ean c\u1ee7a da. \u0110\u1ed3ng th\u1eddi n\u00f3 r\u00fat ng\u1eafn th\u1eddi gian lo\u1ea1i b\u1ecf l\u1edbp s\u1eebng h\u00f3a, khi\u1ebfn c\u00e1c v\u1ebft th\u00e2m m\u1ee5n, n\u00e1m v\u00e0 s\u1eb9o m\u1edd nhanh h\u01a1n. \u0110\u1eb7c bi\u1ec7t, tinh ch\u1ea5t DNA c\u00e1 H\u1ed3i c\u00f2n h\u1ed7 tr\u1ee3 ph\u1ee5c h\u1ed3i c\u00e1c t\u1ed5n th\u01b0\u01a1ng s\u00e2u trong da, t\u00e1i t\u1ea1o n\u1ec1n da m\u1edbi kh\u1ecfe m\u1ea1nh, gi\u00fap tr\u1ebb h\u00f3a da.<\/p>\n<p>3. N\u00e2ng tone m\u00e0u da Tinh ch\u1ea5t DNA c\u00e1 h\u1ed3i s\u1ebd th\u00fac \u0111\u1ea9y hi\u1ec7u qu\u1ea3 c\u1ee7a qu\u00e1 tr\u00ecnh tu\u1ea7n ho\u00e0n m\u00e1u d\u01b0\u1edbi da, gi\u00fap n\u00e2ng tone da. B\u1ea1n s\u1ebd s\u1edf h\u1eefu m\u1ed9t l\u00e0n da s\u00e1ng tr\u1eafng, h\u1ed3ng h\u00e0o, h\u1ebft \u0111en s\u1ea1m, \u0111\u1ed1m n\u00e2u v\u00e0 x\u1ec9n m\u00e0u sau th\u1eddi gian \u00e1p d\u1ee5ng ph\u01b0\u01a1ng ph\u00e1p n\u00e0y.<\/p>\n<p><strong>H\u01b0\u1edbng d\u1eabn s\u1eed d\u1ee5ng AQUA ARIBELL PN:<\/strong><\/p>\n<p>&#8211; Li\u1ec7u tr\u00ecnh s\u1eed d\u1ee5ng Aqua Aribell ch\u1ec9 t\u1eeb 4-5 l\u1ea7n<\/p>\n<p>&#8211; Giai \u0111o\u1ea1n \u0111\u1ea7u, Aqua Aribell \u0111\u01b0\u1ee3c s\u1eed d\u1ee5ng 3 l\u1ea7n, c\u00e1ch 10-15 ng\u00e0y\/l\u1ea7n.<\/p>\n<p>&#8211; Giai \u0111o\u1ea1n ph\u1ee5c h\u1ed3i, tinh ch\u1ea5t s\u1ebd \u0111\u01b0\u1ee3c \u0111\u01b0a v\u00e0o da c\u00e1ch 1 th\u00e1ng 1 l\u1ea7n.<\/p>\n<p>&#8211; \u1ede giai \u0111o\u1ea1n duy tr\u00ec, l\u00fac n\u00e0y da \u0111\u00e3 \u0111\u1ea1t \u0111\u01b0\u1ee3c \u0111\u1ed9 c\u0103ng m\u1ecbn v\u00e0 s\u00e1ng l\u00ean r\u00f5 r\u1ec7t, ch\u00fang ta c\u00f3 th\u1ec3 s\u1eed d\u1ee5ng tinh ch\u1ea5t \u0111\u1ec3 duy tr\u00ec sau kho\u1ea3ng th\u1eddi gian t\u1eeb 2-6 th\u00e1ng.<\/p>\n","protected":false},"excerpt":{"rendered":"<p><strong>Th\u00f4ng tin s\u1ea3n ph\u1ea9m AQUA ARIBELL PN:<\/strong><\/p>\n<p>&#8211; Made in Korea &#8211; Nh\u00e0 s\u1ea3n xu\u1ea5t: Reanzen Co., Ltd.<\/p>\n<p>&#8211; Dung t\u00edch: 10 l\u1ecd x 4ml Aqua Aribell PN l\u00e0 s\u1ea3n ph\u1ea9m s\u1eed d\u1ee5ng ph\u01b0\u01a1ng ph\u00e1p t\u00e1i sinh t\u1ebf b\u00e0o gi\u00fap tr\u1ebb h\u00f3a l\u00e0n da b\u1ecb t\u1ed5n th\u01b0\u01a1ng, \u0111\u1ed3ng th\u1eddi gi\u00fap k\u00edch qu\u00e1 tr\u00ecnh t\u0103ng t\u01b0\u1edfng t\u00e1i t\u1ea1o da. S\u1ef1 k\u1ebft h\u1ee3p c\u1ee7a Hyaluronate Acid (HA) v\u00e0 Polynucleotide (PN) c\u00f3 trong Aqua Aribell PN \u0111\u01b0\u1ee3c t\u1ea1o th\u00e0nh t\u1eeb c\u00e1c th\u00e0nh ph\u1ea7n v\u1edbi ch\u1ea5t l\u01b0\u1ee3ng cao. H\u1ed7n h\u1ee3p bao g\u1ed3m PN gi\u00fap t\u1ed1i \u01b0u h\u00f3a hi\u1ec7u qu\u1ea3 k\u1ebft h\u1ee3p v\u1edbi Hyaluronic Acid mang l\u1ea1i gi\u1ea3i ph\u00e1p xu\u1ea5t s\u1eafc cho tr\u1ebb\u00a0h\u00f3a l\u00e0n da.<\/p>\n<p>&nbsp;<\/p>\n","protected":false},"featured_media":22747,"comment_status":"open","ping_status":"closed","template":"","meta":[],"product_cat":[55],"product_tag":[],"class_list":{"0":"post-22745","1":"product","2":"type-product","3":"status-publish","4":"has-post-thumbnail","6":"product_cat-meso-cang-bong","8":"first","9":"instock","10":"shipping-taxable","11":"purchasable","12":"product-type-simple"},"_links":{"self":[{"href":"https:\/\/phukienthammy.com.vn\/index.php?rest_route=\/wp\/v2\/product\/22745","targetHints":{"allow":["GET"]}}],"collection":[{"href":"https:\/\/phukienthammy.com.vn\/index.php?rest_route=\/wp\/v2\/product"}],"about":[{"href":"https:\/\/phukienthammy.com.vn\/index.php?rest_route=\/wp\/v2\/types\/product"}],"replies":[{"embeddable":true,"href":"https:\/\/phukienthammy.com.vn\/index.php?rest_route=%2Fwp%2Fv2%2Fcomments&post=22745"}],"version-history":[{"count":1,"href":"https:\/\/phukienthammy.com.vn\/index.php?rest_route=\/wp\/v2\/product\/22745\/revisions"}],"predecessor-version":[{"id":22749,"href":"https:\/\/phukienthammy.com.vn\/index.php?rest_route=\/wp\/v2\/product\/22745\/revisions\/22749"}],"wp:featuredmedia":[{"embeddable":true,"href":"https:\/\/phukienthammy.com.vn\/index.php?rest_route=\/wp\/v2\/media\/22747"}],"wp:attachment":[{"href":"https:\/\/phukienthammy.com.vn\/index.php?rest_route=%2Fwp%2Fv2%2Fmedia&parent=22745"}],"wp:term":[{"taxonomy":"product_cat","embeddable":true,"href":"https:\/\/phukienthammy.com.vn\/index.php?rest_route=%2Fwp%2Fv2%2Fproduct_cat&post=22745"},{"taxonomy":"product_tag","embeddable":true,"href":"https:\/\/phukienthammy.com.vn\/index.php?rest_route=%2Fwp%2Fv2%2Fproduct_tag&post=22745"}],"curies":[{"name":"wp","href":"https:\/\/api.w.org\/{rel}","templated":true}]}}