{"id":22703,"date":"2024-08-17T14:10:33","date_gmt":"2024-08-17T07:10:33","guid":{"rendered":"https:\/\/phukienthammy.com.vn\/?post_type=product&#038;p=22703"},"modified":"2024-08-17T14:10:33","modified_gmt":"2024-08-17T07:10:33","slug":"filler-dr-fill","status":"publish","type":"product","link":"https:\/\/phukienthammy.com.vn\/?product=filler-dr-fill","title":{"rendered":"Filler Dr Fill"},"content":{"rendered":"<div class=\"xdj266r x11i5rnm xat24cr x1mh8g0r x1vvkbs x126k92a\">\n<div dir=\"auto\">Filler Dr Fill<\/div>\n<div dir=\"auto\">Xu\u1ea5t x\u1ee9: H\u00e0n Qu\u1ed1c.<\/div>\n<\/div>\n<div class=\"x11i5rnm xat24cr x1mh8g0r x1vvkbs xtlvy1s x126k92a\">\n<div dir=\"auto\"><span class=\"html-span xexx8yu x4uap5 x18d9i69 xkhd6sd x1hl2dhg x16tdsg8 x1vvkbs x3nfvp2 x1j61x8r x1fcty0u xdj266r xat24cr xgzva0m xhhsvwb xxymvpz xlup9mm x1kky2od\">* <\/span>Quy c\u00e1ch: 1 h\u1ed9p 1cc.<\/div>\n<\/div>\n<div class=\"x11i5rnm xat24cr x1mh8g0r x1vvkbs xtlvy1s x126k92a\">\n<div dir=\"auto\"><span class=\"html-span xexx8yu x4uap5 x18d9i69 xkhd6sd x1hl2dhg x16tdsg8 x1vvkbs x3nfvp2 x1j61x8r x1fcty0u xdj266r xat24cr xgzva0m xhhsvwb xxymvpz xlup9mm x1kky2od\">* <\/span>Ph\u00e2n lo\u1ea1i &amp; c\u00f4ng d\u1ee5ng:<\/div>\n<\/div>\n<div class=\"x11i5rnm xat24cr x1mh8g0r x1vvkbs xtlvy1s x126k92a\">\n<div dir=\"auto\"><span class=\"html-span xexx8yu x4uap5 x18d9i69 xkhd6sd x1hl2dhg x16tdsg8 x1vvkbs x3nfvp2 x1j61x8r x1fcty0u xdj266r xat24cr xgzva0m xhhsvwb xxymvpz xlup9mm x1kky2od\">&#8211; <\/span>Filler Dr.fill Ultra (C\u1ee9ng): Chuy\u00ean d\u00f9ng t\u1ea1o h\u00ecnh cho m\u0169i c\u1ea7n from cao v\u00e0 c\u1ee9ng\u2026<\/div>\n<div dir=\"auto\"><span class=\"html-span xexx8yu x4uap5 x18d9i69 xkhd6sd x1hl2dhg x16tdsg8 x1vvkbs x3nfvp2 x1j61x8r x1fcty0u xdj266r xat24cr xgzva0m xhhsvwb xxymvpz xlup9mm x1kky2od\">&#8211;<\/span> Filler Dr.fill Deep (Trung): Chuy\u00ean d\u00f9ng t\u1ea1o h\u00ecnh m\u00f4i, l\u00e0m \u0111\u1ea7y r\u00e3nh s\u00e2u, m\u00e1 baby ,tr\u00e1n\u2026<\/div>\n<div dir=\"auto\"><span class=\"html-span xexx8yu x4uap5 x18d9i69 xkhd6sd x1hl2dhg x16tdsg8 x1vvkbs x3nfvp2 x1j61x8r x1fcty0u xdj266r xat24cr xgzva0m xhhsvwb xxymvpz xlup9mm x1kky2od\">&#8211;<\/span> Filler Dr.fill Fine (M\u1ec1m): Chuy\u00ean d\u00f9ng t\u1ea1o h\u00ecnh m\u00f4i, l\u00e0m \u0111\u1ea7y r\u00e3nh n\u00f4ng, m\u00e1 baby, th\u00e1i d\u01b0\u01a1ng, h\u1ed1c m\u1eaft\u2026<\/div>\n<\/div>\n","protected":false},"excerpt":{"rendered":"<div class=\"xdj266r x11i5rnm xat24cr x1mh8g0r x1vvkbs x126k92a\">\n<div dir=\"auto\">Filler Dr Fill<\/div>\n<div dir=\"auto\">Xu\u1ea5t x\u1ee9: H\u00e0n Qu\u1ed1c.<\/div>\n<\/div>\n<div class=\"x11i5rnm xat24cr x1mh8g0r x1vvkbs xtlvy1s x126k92a\">\n<div dir=\"auto\"><span class=\"html-span xexx8yu x4uap5 x18d9i69 xkhd6sd x1hl2dhg x16tdsg8 x1vvkbs x3nfvp2 x1j61x8r x1fcty0u xdj266r xat24cr xgzva0m xhhsvwb xxymvpz xlup9mm x1kky2od\">* <\/span>Quy c\u00e1ch: 1 h\u1ed9p 1cc.<\/div>\n<\/div>\n<div class=\"x11i5rnm xat24cr x1mh8g0r x1vvkbs xtlvy1s x126k92a\">\n<div dir=\"auto\"><span class=\"html-span xexx8yu x4uap5 x18d9i69 xkhd6sd x1hl2dhg x16tdsg8 x1vvkbs x3nfvp2 x1j61x8r x1fcty0u xdj266r xat24cr xgzva0m xhhsvwb xxymvpz xlup9mm x1kky2od\">* <\/span>Ph\u00e2n lo\u1ea1i &amp; c\u00f4ng d\u1ee5ng:<\/div>\n<\/div>\n<div class=\"x11i5rnm xat24cr x1mh8g0r x1vvkbs xtlvy1s x126k92a\">\n<div dir=\"auto\"><span class=\"html-span xexx8yu x4uap5 x18d9i69 xkhd6sd x1hl2dhg x16tdsg8 x1vvkbs x3nfvp2 x1j61x8r x1fcty0u xdj266r xat24cr xgzva0m xhhsvwb xxymvpz xlup9mm x1kky2od\">&#8211; <\/span>Filler Dr.fill Ultra (C\u1ee9ng): Chuy\u00ean d\u00f9ng t\u1ea1o h\u00ecnh cho m\u0169i c\u1ea7n from cao v\u00e0 c\u1ee9ng\u2026<\/div>\n<div dir=\"auto\"><span class=\"html-span xexx8yu x4uap5 x18d9i69 xkhd6sd x1hl2dhg x16tdsg8 x1vvkbs x3nfvp2 x1j61x8r x1fcty0u xdj266r xat24cr xgzva0m xhhsvwb xxymvpz xlup9mm x1kky2od\">&#8211;<\/span> Filler Dr.fill Deep (Trung): Chuy\u00ean d\u00f9ng t\u1ea1o h\u00ecnh m\u00f4i, l\u00e0m \u0111\u1ea7y r\u00e3nh s\u00e2u, m\u00e1 baby ,tr\u00e1n\u2026<\/div>\n<div dir=\"auto\"><span class=\"html-span xexx8yu x4uap5 x18d9i69 xkhd6sd x1hl2dhg x16tdsg8 x1vvkbs x3nfvp2 x1j61x8r x1fcty0u xdj266r xat24cr xgzva0m xhhsvwb xxymvpz xlup9mm x1kky2od\">&#8211;<\/span> Filler Dr.fill Fine (M\u1ec1m): Chuy\u00ean d\u00f9ng t\u1ea1o h\u00ecnh m\u00f4i, l\u00e0m \u0111\u1ea7y r\u00e3nh n\u00f4ng, m\u00e1 baby, th\u00e1i d\u01b0\u01a1ng, h\u1ed1c m\u1eaft\u2026<\/div>\n<\/div>\n","protected":false},"featured_media":22705,"comment_status":"open","ping_status":"closed","template":"","meta":[],"product_cat":[51],"product_tag":[],"class_list":{"0":"post-22703","1":"product","2":"type-product","3":"status-publish","4":"has-post-thumbnail","6":"product_cat-filler","8":"first","9":"instock","10":"shipping-taxable","11":"purchasable","12":"product-type-simple"},"_links":{"self":[{"href":"https:\/\/phukienthammy.com.vn\/index.php?rest_route=\/wp\/v2\/product\/22703","targetHints":{"allow":["GET"]}}],"collection":[{"href":"https:\/\/phukienthammy.com.vn\/index.php?rest_route=\/wp\/v2\/product"}],"about":[{"href":"https:\/\/phukienthammy.com.vn\/index.php?rest_route=\/wp\/v2\/types\/product"}],"replies":[{"embeddable":true,"href":"https:\/\/phukienthammy.com.vn\/index.php?rest_route=%2Fwp%2Fv2%2Fcomments&post=22703"}],"version-history":[{"count":0,"href":"https:\/\/phukienthammy.com.vn\/index.php?rest_route=\/wp\/v2\/product\/22703\/revisions"}],"wp:featuredmedia":[{"embeddable":true,"href":"https:\/\/phukienthammy.com.vn\/index.php?rest_route=\/wp\/v2\/media\/22705"}],"wp:attachment":[{"href":"https:\/\/phukienthammy.com.vn\/index.php?rest_route=%2Fwp%2Fv2%2Fmedia&parent=22703"}],"wp:term":[{"taxonomy":"product_cat","embeddable":true,"href":"https:\/\/phukienthammy.com.vn\/index.php?rest_route=%2Fwp%2Fv2%2Fproduct_cat&post=22703"},{"taxonomy":"product_tag","embeddable":true,"href":"https:\/\/phukienthammy.com.vn\/index.php?rest_route=%2Fwp%2Fv2%2Fproduct_tag&post=22703"}],"curies":[{"name":"wp","href":"https:\/\/api.w.org\/{rel}","templated":true}]}}