{"id":22691,"date":"2024-08-17T11:54:58","date_gmt":"2024-08-17T04:54:58","guid":{"rendered":"https:\/\/phukienthammy.com.vn\/?post_type=product&#038;p=22691"},"modified":"2024-08-17T11:54:58","modified_gmt":"2024-08-17T04:54:58","slug":"filler-carat-fill","status":"publish","type":"product","link":"https:\/\/phukienthammy.com.vn\/?product=filler-carat-fill","title":{"rendered":"Filler Carat Fill"},"content":{"rendered":"<div class=\"xdj266r x11i5rnm xat24cr x1mh8g0r x1vvkbs x126k92a\">\n<div dir=\"auto\">Filler Carat Fill &#8211; Gi\u00e1 c\u1ef1c m\u1ec1m<\/div>\n<\/div>\n<div class=\"x11i5rnm xat24cr x1mh8g0r x1vvkbs xtlvy1s x126k92a\">\n<div dir=\"auto\">&#8211; Xu\u1ea5t x\u1ee9: H\u00e0n Qu\u1ed1c<\/div>\n<div dir=\"auto\">&#8211; Quy c\u00e1ch: H\u1ed9p 1 \u1ed1ng x 1.1ml<\/div>\n<div dir=\"auto\"><span class=\"html-span xexx8yu x4uap5 x18d9i69 xkhd6sd x1hl2dhg x16tdsg8 x1vvkbs x3nfvp2 x1j61x8r x1fcty0u xdj266r xat24cr xgzva0m xhhsvwb xxymvpz xlup9mm x1kky2od\">&#8211; <\/span>C\u00f4ng ty chuy\u00ean s\u1ea3n xu\u1ea5t v\u00e0 ph\u00e2n ph\u1ed1i d\u01b0\u1ee3c, m\u1ef9 ph\u1ea9m H\u00e0n Qu\u1ed1c b\u1eb1ng c\u00f4ng ngh\u1ec7 sinh h\u1ecdc hi\u1ec7n \u0111\u1ea1i<\/div>\n<div dir=\"auto\"><span class=\"html-span xexx8yu x4uap5 x18d9i69 xkhd6sd x1hl2dhg x16tdsg8 x1vvkbs x3nfvp2 x1j61x8r x1fcty0u xdj266r xat24cr xgzva0m xhhsvwb xxymvpz xlup9mm x1kky2od\">&#8211; <\/span>Gi\u1ea5y ph\u00e9p: S\u1ea3n ph\u1ea9m c\u00f3 gi\u1ea5y ph\u00e9p t\u1ea1i H\u00e0n Qu\u1ed1c, \u0111\u01b0\u1ee3c c\u00f4ng nh\u1eadn v\u1ec1 ch\u1ea5t l\u01b0\u1ee3ng v\u00e0 \u0111\u1ed9 an to\u00e0n cao<\/div>\n<div dir=\"auto\">* C\u00f4ng d\u1ee5ng:<\/div>\n<div dir=\"auto\"><span class=\"html-span xexx8yu x4uap5 x18d9i69 xkhd6sd x1hl2dhg x16tdsg8 x1vvkbs x3nfvp2 x1j61x8r x1fcty0u xdj266r xat24cr xgzva0m xhhsvwb xxymvpz xlup9mm x1kky2od\">&#8211; <\/span>\u0110i\u1ec1u tr\u1ecb n\u1ebfp nh\u0103n v\u1eeba v\u00e0 s\u00e2u.<\/div>\n<div dir=\"auto\"><span class=\"html-span xexx8yu x4uap5 x18d9i69 xkhd6sd x1hl2dhg x16tdsg8 x1vvkbs x3nfvp2 x1j61x8r x1fcty0u xdj266r xat24cr xgzva0m xhhsvwb xxymvpz xlup9mm x1kky2od\">&#8211; <\/span>Th\u00edch h\u1ee3p s\u1eed d\u1ee5ng cho v\u00f9ng d\u00e1i tai, ti\u00eam m\u00f4i, m\u00e1, ti\u00eam r\u00e3nh c\u01b0\u1eddi, m\u00e1 baby,..<\/div>\n<div dir=\"auto\">&#8211; \u01afU \u0110I\u1ec2M: \ud835\udc05\ud835\udc22\ud835\udc25\ud835\udc25\ud835\udc1e\ud835\udc2b \ud835\udc2d\ud835\udc22\u00ea\ud835\udc26 \u00ea\ud835\udc26, \ud835\udc24\ud835\udc21\u00f4\ud835\udc27\ud835\udc20 \ud835\udc1b\u1ecb \ud835\udc2d\ud835\udc2b\u00e0\ud835\udc27, \ud835\udc24\ud835\udc21\u00f4\ud835\udc27\ud835\udc20 s\u01b0ng<\/div>\n<div dir=\"auto\">&#8211; Carat fill d\u00f2ng filler cao c\u1ea5p 3-0:<\/div>\n<div dir=\"auto\">* \ud835\udc24\ud835\udc21\u00f4\ud835\udc27\ud835\udc20 \ud835\udc20\u00e2\ud835\udc32 \ud835\udc2f\u00f3\ud835\udc27 \ud835\udc1c\u1ee5\ud835\udc1c<\/div>\n<div dir=\"auto\">* \ud835\udc24\ud835\udc21\u00f4\ud835\udc27\ud835\udc20 \u0111\ud835\udc1a\ud835\udc2e &#8211; \ud835\udc1b\ud835\udc2e\u1ed1\ud835\udc2d &#8211; \ud835\udc2c\u01b0\ud835\udc27\ud835\udc20 \ud835\udc2d\u1ea5\ud835\udc32<\/div>\n<div dir=\"auto\">* \u0110\u1eb7\ud835\udc1c \ud835\udc1b\ud835\udc22\u1ec7\ud835\udc2d \ud835\udc24\ud835\udc21\u00f4\ud835\udc27\ud835\udc20 \ud835\udc1c\u00f3 \ud835\udc2d\u1ea1\ud835\udc29 \ud835\udc1c\ud835\udc21\u1ea5\ud835\udc2d \ud835\udc2d\ud835\udc2b\ud835\udc28\ud835\udc27\ud835\udc20 \ud835\udc1f\ud835\udc22\ud835\udc25\ud835\udc25\ud835\udc1e\ud835\udc2b<\/div>\n<div dir=\"auto\">S\u1eb5n \u0111\u1ea7u cannula ti\u1ebft ki\u1ec7m v\u00e0 r\u1ea5t thu\u1eadn l\u1ee3i cho vi\u1ec7c ti\u00eam c\u1ee7a qu\u00fd kh\u00e1ch !!!<\/div>\n<\/div>\n","protected":false},"excerpt":{"rendered":"<div class=\"xdj266r x11i5rnm xat24cr x1mh8g0r x1vvkbs x126k92a\">\n<div dir=\"auto\">Filler Carat Fill &#8211; Gi\u00e1 c\u1ef1c m\u1ec1m<\/div>\n<\/div>\n<div class=\"x11i5rnm xat24cr x1mh8g0r x1vvkbs xtlvy1s x126k92a\">\n<div dir=\"auto\">&#8211; Xu\u1ea5t x\u1ee9: H\u00e0n Qu\u1ed1c<\/div>\n<div dir=\"auto\">&#8211; Quy c\u00e1ch: H\u1ed9p 1 \u1ed1ng x 1.1ml<\/div>\n<div dir=\"auto\"><span class=\"html-span xexx8yu x4uap5 x18d9i69 xkhd6sd x1hl2dhg x16tdsg8 x1vvkbs x3nfvp2 x1j61x8r x1fcty0u xdj266r xat24cr xgzva0m xhhsvwb xxymvpz xlup9mm x1kky2od\">&#8211; <\/span>C\u00f4ng ty chuy\u00ean s\u1ea3n xu\u1ea5t v\u00e0 ph\u00e2n ph\u1ed1i d\u01b0\u1ee3c, m\u1ef9 ph\u1ea9m H\u00e0n Qu\u1ed1c b\u1eb1ng c\u00f4ng ngh\u1ec7 sinh h\u1ecdc hi\u1ec7n \u0111\u1ea1i<\/div>\n<div dir=\"auto\"><span class=\"html-span xexx8yu x4uap5 x18d9i69 xkhd6sd x1hl2dhg x16tdsg8 x1vvkbs x3nfvp2 x1j61x8r x1fcty0u xdj266r xat24cr xgzva0m xhhsvwb xxymvpz xlup9mm x1kky2od\">&#8211; <\/span>Gi\u1ea5y ph\u00e9p: S\u1ea3n ph\u1ea9m c\u00f3 gi\u1ea5y ph\u00e9p t\u1ea1i H\u00e0n Qu\u1ed1c, \u0111\u01b0\u1ee3c c\u00f4ng nh\u1eadn v\u1ec1 ch\u1ea5t l\u01b0\u1ee3ng v\u00e0 \u0111\u1ed9 an to\u00e0n cao<\/div>\n<div dir=\"auto\">* C\u00f4ng d\u1ee5ng:<\/div>\n<div dir=\"auto\"><span class=\"html-span xexx8yu x4uap5 x18d9i69 xkhd6sd x1hl2dhg x16tdsg8 x1vvkbs x3nfvp2 x1j61x8r x1fcty0u xdj266r xat24cr xgzva0m xhhsvwb xxymvpz xlup9mm x1kky2od\">&#8211; <\/span>\u0110i\u1ec1u tr\u1ecb n\u1ebfp nh\u0103n v\u1eeba v\u00e0 s\u00e2u.<\/div>\n<div dir=\"auto\"><span class=\"html-span xexx8yu x4uap5 x18d9i69 xkhd6sd x1hl2dhg x16tdsg8 x1vvkbs x3nfvp2 x1j61x8r x1fcty0u xdj266r xat24cr xgzva0m xhhsvwb xxymvpz xlup9mm x1kky2od\">&#8211; <\/span>Th\u00edch h\u1ee3p s\u1eed d\u1ee5ng cho v\u00f9ng d\u00e1i tai, ti\u00eam m\u00f4i, m\u00e1, ti\u00eam r\u00e3nh c\u01b0\u1eddi, m\u00e1 baby,..<\/div>\n<div dir=\"auto\">&#8211; \u01afU \u0110I\u1ec2M: \ud835\udc05\ud835\udc22\ud835\udc25\ud835\udc25\ud835\udc1e\ud835\udc2b \ud835\udc2d\ud835\udc22\u00ea\ud835\udc26 \u00ea\ud835\udc26, \ud835\udc24\ud835\udc21\u00f4\ud835\udc27\ud835\udc20 \ud835\udc1b\u1ecb \ud835\udc2d\ud835\udc2b\u00e0\ud835\udc27, \ud835\udc24\ud835\udc21\u00f4\ud835\udc27\ud835\udc20 s\u01b0ng<\/div>\n<div dir=\"auto\">&#8211; Carat fill d\u00f2ng filler cao c\u1ea5p 3-0:<\/div>\n<div dir=\"auto\">* \ud835\udc24\ud835\udc21\u00f4\ud835\udc27\ud835\udc20 \ud835\udc20\u00e2\ud835\udc32 \ud835\udc2f\u00f3\ud835\udc27 \ud835\udc1c\u1ee5\ud835\udc1c<\/div>\n<div dir=\"auto\">* \ud835\udc24\ud835\udc21\u00f4\ud835\udc27\ud835\udc20 \u0111\ud835\udc1a\ud835\udc2e &#8211; \ud835\udc1b\ud835\udc2e\u1ed1\ud835\udc2d &#8211; \ud835\udc2c\u01b0\ud835\udc27\ud835\udc20 \ud835\udc2d\u1ea5\ud835\udc32<\/div>\n<div dir=\"auto\">* \u0110\u1eb7\ud835\udc1c \ud835\udc1b\ud835\udc22\u1ec7\ud835\udc2d \ud835\udc24\ud835\udc21\u00f4\ud835\udc27\ud835\udc20 \ud835\udc1c\u00f3 \ud835\udc2d\u1ea1\ud835\udc29 \ud835\udc1c\ud835\udc21\u1ea5\ud835\udc2d \ud835\udc2d\ud835\udc2b\ud835\udc28\ud835\udc27\ud835\udc20 \ud835\udc1f\ud835\udc22\ud835\udc25\ud835\udc25\ud835\udc1e\ud835\udc2b<\/div>\n<div dir=\"auto\">S\u1eb5n \u0111\u1ea7u cannula ti\u1ebft ki\u1ec7m v\u00e0 r\u1ea5t thu\u1eadn l\u1ee3i cho vi\u1ec7c ti\u00eam c\u1ee7a qu\u00fd kh\u00e1ch !!!<\/div>\n<\/div>\n","protected":false},"featured_media":22692,"comment_status":"open","ping_status":"closed","template":"","meta":[],"product_cat":[51],"product_tag":[],"class_list":{"0":"post-22691","1":"product","2":"type-product","3":"status-publish","4":"has-post-thumbnail","6":"product_cat-filler","8":"first","9":"instock","10":"shipping-taxable","11":"purchasable","12":"product-type-simple"},"_links":{"self":[{"href":"https:\/\/phukienthammy.com.vn\/index.php?rest_route=\/wp\/v2\/product\/22691","targetHints":{"allow":["GET"]}}],"collection":[{"href":"https:\/\/phukienthammy.com.vn\/index.php?rest_route=\/wp\/v2\/product"}],"about":[{"href":"https:\/\/phukienthammy.com.vn\/index.php?rest_route=\/wp\/v2\/types\/product"}],"replies":[{"embeddable":true,"href":"https:\/\/phukienthammy.com.vn\/index.php?rest_route=%2Fwp%2Fv2%2Fcomments&post=22691"}],"version-history":[{"count":0,"href":"https:\/\/phukienthammy.com.vn\/index.php?rest_route=\/wp\/v2\/product\/22691\/revisions"}],"wp:featuredmedia":[{"embeddable":true,"href":"https:\/\/phukienthammy.com.vn\/index.php?rest_route=\/wp\/v2\/media\/22692"}],"wp:attachment":[{"href":"https:\/\/phukienthammy.com.vn\/index.php?rest_route=%2Fwp%2Fv2%2Fmedia&parent=22691"}],"wp:term":[{"taxonomy":"product_cat","embeddable":true,"href":"https:\/\/phukienthammy.com.vn\/index.php?rest_route=%2Fwp%2Fv2%2Fproduct_cat&post=22691"},{"taxonomy":"product_tag","embeddable":true,"href":"https:\/\/phukienthammy.com.vn\/index.php?rest_route=%2Fwp%2Fv2%2Fproduct_tag&post=22691"}],"curies":[{"name":"wp","href":"https:\/\/api.w.org\/{rel}","templated":true}]}}