{"id":22685,"date":"2024-08-17T10:58:54","date_gmt":"2024-08-17T03:58:54","guid":{"rendered":"https:\/\/phukienthammy.com.vn\/?post_type=product&#038;p=22685"},"modified":"2024-08-17T11:49:30","modified_gmt":"2024-08-17T04:49:30","slug":"filler-aline","status":"publish","type":"product","link":"https:\/\/phukienthammy.com.vn\/?product=filler-aline","title":{"rendered":"Filler Aline"},"content":{"rendered":"<div dir=\"auto\">Filler Aline VIP s\u1ea3n ph\u1ea9m \u0111\u01b0\u1ee3c \u01b0a chu\u1ed9ng d\u00f9ng t\u1ea1i r\u1ea5t nhi\u1ec1u b\u1ec7nh Vi\u1ec7n Th\u1ea9m M\u1ef9 H\u00e0n Qu\u1ed1c l\u1edbn, si\u00eau m\u1ecbn nh\u01b0 d\u00f2ng Ch\u00e2u \u00c2u.<\/div>\n<div dir=\"auto\">&#8211; Aline Implant :Si\u00eau c\u1ee9ng c\u00e1c v\u00f9ng cho m\u0169i, c\u1eb1m.<\/div>\n<div dir=\"auto\"><span class=\"html-span xexx8yu x4uap5 x18d9i69 xkhd6sd x1hl2dhg x16tdsg8 x1vvkbs x3nfvp2 x1j61x8r x1fcty0u xdj266r xat24cr xgzva0m xhhsvwb xxymvpz xlup9mm x1kky2od\">&#8211; <\/span>Aline Deep: \u0110\u1ed9 c\u1ee9ng trung b\u00ecnh, cho d\u00e1ng c\u1eb1m t\u1ef1 nhi\u00ean, m\u00e1, c\u1eb1m, r\u00e3nh c\u01b0\u1eddi, m\u00f4i l\u1eb7n m\u1ea5u v\u1edbi \u0111\u1ed9 b\u1ec1n r\u1ea5t cao.<\/div>\n<div dir=\"auto\"><span class=\"html-span xexx8yu x4uap5 x18d9i69 xkhd6sd x1hl2dhg x16tdsg8 x1vvkbs x3nfvp2 x1j61x8r x1fcty0u xdj266r xat24cr xgzva0m xhhsvwb xxymvpz xlup9mm x1kky2od\">&#8211; <\/span> Aline Fine: M\u1ec1m, ti\u00ea.m m\u00f4i, m\u00e1, r\u00e3nh c\u01b0\u1eddi, h\u1ed1c m\u1eaft, th\u00e1i d\u01b0\u01a1ng, tr\u00e1n, l\u00e0m \u0111\u1ea7y tay, ch\u00e2n, xo\u00e1 nh\u0103n \u0111u\u00f4i ch\u00e2n chim m\u1eaft \u2026<\/div>\n<div dir=\"auto\"><span class=\"html-span xexx8yu x4uap5 x18d9i69 xkhd6sd x1hl2dhg x16tdsg8 x1vvkbs x3nfvp2 x1j61x8r x1fcty0u xdj266r xat24cr xgzva0m xhhsvwb xxymvpz xlup9mm x1kky2od\">*<\/span> Cam k\u1ebft: An to\u00e0n, kh\u00f4ng s\u01b0ng \u0111au ,l\u00e0nh t\u00ednh.<\/div>\n<div dir=\"auto\">\u2022 H\u00e0m l\u01b0\u1ee3ng HA cao.<\/div>\n<div dir=\"auto\">\u2022 \u0110\u1ed9 tinh khi\u1ebft cao.<\/div>\n","protected":false},"excerpt":{"rendered":"<div dir=\"auto\">Filler Aline VIP s\u1ea3n ph\u1ea9m \u0111\u01b0\u1ee3c \u01b0a chu\u1ed9ng d\u00f9ng t\u1ea1i r\u1ea5t nhi\u1ec1u b\u1ec7nh Vi\u1ec7n Th\u1ea9m M\u1ef9 H\u00e0n Qu\u1ed1c l\u1edbn, si\u00eau m\u1ecbn nh\u01b0 d\u00f2ng Ch\u00e2u \u00c2u.<\/div>\n<div dir=\"auto\">&#8211; Aline Implant :Si\u00eau c\u1ee9ng c\u00e1c v\u00f9ng cho m\u0169i, c\u1eb1m.<\/div>\n<div dir=\"auto\"><span class=\"html-span xexx8yu x4uap5 x18d9i69 xkhd6sd x1hl2dhg x16tdsg8 x1vvkbs x3nfvp2 x1j61x8r x1fcty0u xdj266r xat24cr xgzva0m xhhsvwb xxymvpz xlup9mm x1kky2od\">&#8211; <\/span>Aline Deep: \u0110\u1ed9 c\u1ee9ng trung b\u00ecnh, cho d\u00e1ng c\u1eb1m t\u1ef1 nhi\u00ean, m\u00e1, c\u1eb1m, r\u00e3nh c\u01b0\u1eddi, m\u00f4i l\u1eb7n m\u1ea5u v\u1edbi \u0111\u1ed9 b\u1ec1n r\u1ea5t cao.<\/div>\n<div dir=\"auto\"><span class=\"html-span xexx8yu x4uap5 x18d9i69 xkhd6sd x1hl2dhg x16tdsg8 x1vvkbs x3nfvp2 x1j61x8r x1fcty0u xdj266r xat24cr xgzva0m xhhsvwb xxymvpz xlup9mm x1kky2od\">&#8211; <\/span> Aline Fine: M\u1ec1m, ti\u00ea.m m\u00f4i, m\u00e1, r\u00e3nh c\u01b0\u1eddi, h\u1ed1c m\u1eaft, th\u00e1i d\u01b0\u01a1ng, tr\u00e1n, l\u00e0m \u0111\u1ea7y tay, ch\u00e2n, xo\u00e1 nh\u0103n \u0111u\u00f4i ch\u00e2n chim m\u1eaft \u2026<\/div>\n<div dir=\"auto\"><span class=\"html-span xexx8yu x4uap5 x18d9i69 xkhd6sd x1hl2dhg x16tdsg8 x1vvkbs x3nfvp2 x1j61x8r x1fcty0u xdj266r xat24cr xgzva0m xhhsvwb xxymvpz xlup9mm x1kky2od\">*<\/span> Cam k\u1ebft: An to\u00e0n, kh\u00f4ng s\u01b0ng \u0111au ,l\u00e0nh t\u00ednh.<\/div>\n<div dir=\"auto\">\u2022 H\u00e0m l\u01b0\u1ee3ng HA cao.<\/div>\n<div dir=\"auto\">\u2022 \u0110\u1ed9 tinh khi\u1ebft cao.<\/div>\n","protected":false},"featured_media":22689,"comment_status":"open","ping_status":"closed","template":"","meta":[],"product_cat":[51],"product_tag":[],"class_list":{"0":"post-22685","1":"product","2":"type-product","3":"status-publish","4":"has-post-thumbnail","6":"product_cat-filler","8":"first","9":"instock","10":"shipping-taxable","11":"purchasable","12":"product-type-simple"},"_links":{"self":[{"href":"https:\/\/phukienthammy.com.vn\/index.php?rest_route=\/wp\/v2\/product\/22685","targetHints":{"allow":["GET"]}}],"collection":[{"href":"https:\/\/phukienthammy.com.vn\/index.php?rest_route=\/wp\/v2\/product"}],"about":[{"href":"https:\/\/phukienthammy.com.vn\/index.php?rest_route=\/wp\/v2\/types\/product"}],"replies":[{"embeddable":true,"href":"https:\/\/phukienthammy.com.vn\/index.php?rest_route=%2Fwp%2Fv2%2Fcomments&post=22685"}],"version-history":[{"count":0,"href":"https:\/\/phukienthammy.com.vn\/index.php?rest_route=\/wp\/v2\/product\/22685\/revisions"}],"wp:featuredmedia":[{"embeddable":true,"href":"https:\/\/phukienthammy.com.vn\/index.php?rest_route=\/wp\/v2\/media\/22689"}],"wp:attachment":[{"href":"https:\/\/phukienthammy.com.vn\/index.php?rest_route=%2Fwp%2Fv2%2Fmedia&parent=22685"}],"wp:term":[{"taxonomy":"product_cat","embeddable":true,"href":"https:\/\/phukienthammy.com.vn\/index.php?rest_route=%2Fwp%2Fv2%2Fproduct_cat&post=22685"},{"taxonomy":"product_tag","embeddable":true,"href":"https:\/\/phukienthammy.com.vn\/index.php?rest_route=%2Fwp%2Fv2%2Fproduct_tag&post=22685"}],"curies":[{"name":"wp","href":"https:\/\/api.w.org\/{rel}","templated":true}]}}