{"id":22335,"date":"2024-03-20T23:36:38","date_gmt":"2024-03-20T16:36:38","guid":{"rendered":"https:\/\/phukienthammy.com.vn\/?post_type=product&#038;p=22335"},"modified":"2024-03-20T23:39:02","modified_gmt":"2024-03-20T16:39:02","slug":"tan-filler-liporase","status":"publish","type":"product","link":"https:\/\/phukienthammy.com.vn\/?product=tan-filler-liporase","title":{"rendered":"Tan Filler Liporase"},"content":{"rendered":"<div class=\"xdj266r x11i5rnm xat24cr x1mh8g0r x1vvkbs x126k92a\">\n<div dir=\"auto\">Tan Filler Liporase<\/div>\n<\/div>\n<div class=\"x11i5rnm xat24cr x1mh8g0r x1vvkbs xtlvy1s x126k92a\">\n<div dir=\"auto\">Liporase l\u00e0 s\u1ea3n ph\u1ea9m ho\u00e0 tan filler \u0111\u01b0\u1ee3c s\u1eed d\u1ee5ng nhi\u1ec1u nh\u1ea5t tr\u00ean th\u1ebf gi\u1edbi<\/div>\n<\/div>\n<div class=\"x11i5rnm xat24cr x1mh8g0r x1vvkbs xtlvy1s x126k92a\">\n<div dir=\"auto\"><span class=\"x3nfvp2 x1j61x8r x1fcty0u xdj266r xhhsvwb xat24cr xgzva0m xxymvpz xlup9mm x1kky2od\"><img decoding=\"async\" class=\"xz74otr\" src=\"https:\/\/static.xx.fbcdn.net\/images\/emoji.php\/v9\/td\/2\/16\/1f534.png\" alt=\"&#x1f534;\" width=\"16\" height=\"16\" \/><\/span>Nh\u00e0 s\u1ea3n xu\u1ea5t<\/div>\n<div dir=\"auto\">Korea New Farm, nh\u00e0 s\u1ea3n xu\u1ea5t Liporase, l\u00e0 m\u1ed9t c\u00f4ng ty d\u01b0\u1ee3c ph\u1ea9m c\u1ee1 v\u1eeba \u1edf H\u00e0n Qu\u1ed1c chuy\u00ean s\u1ea3n xu\u1ea5t v\u00e0 xu\u1ea5t kh\u1ea9u d\u01b0\u1ee3c ph\u1ea9m sang nhi\u1ec1u n\u01b0\u1edbc tr\u00ean th\u1ebf gi\u1edbi v\u1edbi h\u1ec7 th\u1ed1ng s\u1ea3n xu\u1ea5t c\u00f3 \u0111\u1ed9 tin c\u1eady cao.<\/div>\n<\/div>\n<div class=\"x11i5rnm xat24cr x1mh8g0r x1vvkbs xtlvy1s x126k92a\">\n<div dir=\"auto\"><span class=\"x3nfvp2 x1j61x8r x1fcty0u xdj266r xhhsvwb xat24cr xgzva0m xxymvpz xlup9mm x1kky2od\"><img decoding=\"async\" class=\"xz74otr\" src=\"https:\/\/static.xx.fbcdn.net\/images\/emoji.php\/v9\/td\/2\/16\/1f534.png\" alt=\"&#x1f534;\" width=\"16\" height=\"16\" \/><\/span>T\u00ednh n\u0103ng<\/div>\n<div dir=\"auto\">&#8211; S\u1ea3n ph\u1ea9m \u1edf d\u1ea1ng b\u1ed9t tr\u1eafng \u0111\u00f4ng kh\u00f4 ch\u1ee9a trong l\u1ecd thu\u1ef7 tinh kh\u00f4ng m\u00e0u trong su\u1ed1t.<\/div>\n<div dir=\"auto\">&#8211; 1 l\u1ecd ch\u1ee9a 1500 I.U ch\u1ea5t ho\u00e0 tan filler Hyaluronidase(EP) v\u00e0 13,3 mg Excipient lactose.<\/div>\n<div dir=\"auto\">&#8211; Liporase c\u00f3 th\u1ec3 ho\u00e0 tan h\u1ea7u h\u1ebft c\u00e1c lo\u1ea1i filler nh\u01b0: Yvoire, The Chaeum, Ellavie, Jubiderm, Restylane\u2026<\/div>\n<\/div>\n<div class=\"x11i5rnm xat24cr x1mh8g0r x1vvkbs xtlvy1s x126k92a\">\n<div dir=\"auto\"><span class=\"x3nfvp2 x1j61x8r x1fcty0u xdj266r xhhsvwb xat24cr xgzva0m xxymvpz xlup9mm x1kky2od\"><img decoding=\"async\" class=\"xz74otr\" src=\"https:\/\/static.xx.fbcdn.net\/images\/emoji.php\/v9\/td\/2\/16\/1f534.png\" alt=\"&#x1f534;\" width=\"16\" height=\"16\" \/><\/span>C\u00e1ch d\u00f9ng<\/div>\n<div dir=\"auto\">&#8211; Tr\u01b0\u1edbc khi s\u1eed d\u1ee5ng, pha lo\u00e3ng Hyaluronidase \u1edf d\u1ea1ng b\u1ed9t v\u1edbi n\u01b0\u1edbc mu\u1ed1i truy\u1ec1n v\u00e0 s\u1eed d\u1ee5ng dung d\u1ecbch n\u00e0y \u0111\u1ec3 ti\u00eam.<\/div>\n<div dir=\"auto\">&#8211; L\u1ea5y dung d\u1ecbch ra \u1ed1ng ti\u00eam 1cc v\u00e0 ti\u00eam v\u00e0o v\u00f9ng mong mu\u1ed1n<\/div>\n<\/div>\n","protected":false},"excerpt":{"rendered":"<div class=\"xdj266r x11i5rnm xat24cr x1mh8g0r x1vvkbs x126k92a\">\n<div dir=\"auto\">Tan Filler Liporase<\/div>\n<\/div>\n<div class=\"x11i5rnm xat24cr x1mh8g0r x1vvkbs xtlvy1s x126k92a\">\n<div dir=\"auto\">Liporase l\u00e0 s\u1ea3n ph\u1ea9m ho\u00e0 tan filler \u0111\u01b0\u1ee3c s\u1eed d\u1ee5ng nhi\u1ec1u nh\u1ea5t tr\u00ean th\u1ebf gi\u1edbi<\/div>\n<\/div>\n<div class=\"x11i5rnm xat24cr x1mh8g0r x1vvkbs xtlvy1s x126k92a\">\n<div dir=\"auto\"><span class=\"x3nfvp2 x1j61x8r x1fcty0u xdj266r xhhsvwb xat24cr xgzva0m xxymvpz xlup9mm x1kky2od\"><img decoding=\"async\" class=\"xz74otr\" src=\"https:\/\/static.xx.fbcdn.net\/images\/emoji.php\/v9\/td\/2\/16\/1f534.png\" alt=\"&#x1f534;\" width=\"16\" height=\"16\" \/><\/span>Nh\u00e0 s\u1ea3n xu\u1ea5t<\/div>\n<div dir=\"auto\">Korea New Farm, nh\u00e0 s\u1ea3n xu\u1ea5t Liporase, l\u00e0 m\u1ed9t c\u00f4ng ty d\u01b0\u1ee3c ph\u1ea9m c\u1ee1 v\u1eeba \u1edf H\u00e0n Qu\u1ed1c chuy\u00ean s\u1ea3n xu\u1ea5t v\u00e0 xu\u1ea5t kh\u1ea9u d\u01b0\u1ee3c ph\u1ea9m sang nhi\u1ec1u n\u01b0\u1edbc tr\u00ean th\u1ebf gi\u1edbi v\u1edbi h\u1ec7 th\u1ed1ng s\u1ea3n xu\u1ea5t c\u00f3 \u0111\u1ed9 tin c\u1eady cao.<\/div>\n<\/div>\n<div class=\"x11i5rnm xat24cr x1mh8g0r x1vvkbs xtlvy1s x126k92a\">\n<div dir=\"auto\"><span class=\"x3nfvp2 x1j61x8r x1fcty0u xdj266r xhhsvwb xat24cr xgzva0m xxymvpz xlup9mm x1kky2od\"><img decoding=\"async\" class=\"xz74otr\" src=\"https:\/\/static.xx.fbcdn.net\/images\/emoji.php\/v9\/td\/2\/16\/1f534.png\" alt=\"&#x1f534;\" width=\"16\" height=\"16\" \/><\/span>T\u00ednh n\u0103ng<\/div>\n<div dir=\"auto\">&#8211; S\u1ea3n ph\u1ea9m \u1edf d\u1ea1ng b\u1ed9t tr\u1eafng \u0111\u00f4ng kh\u00f4 ch\u1ee9a trong l\u1ecd thu\u1ef7 tinh kh\u00f4ng m\u00e0u trong su\u1ed1t.<\/div>\n<div dir=\"auto\">&#8211; 1 l\u1ecd ch\u1ee9a 1500 I.U ch\u1ea5t ho\u00e0 tan filler Hyaluronidase(EP) v\u00e0 13,3 mg Excipient lactose.<\/div>\n<div dir=\"auto\">&#8211; Liporase c\u00f3 th\u1ec3 ho\u00e0 tan h\u1ea7u h\u1ebft c\u00e1c lo\u1ea1i filler nh\u01b0: Yvoire, The Chaeum, Ellavie, Jubiderm, Restylane\u2026<\/div>\n<\/div>\n<div class=\"x11i5rnm xat24cr x1mh8g0r x1vvkbs xtlvy1s x126k92a\">\n<div dir=\"auto\"><span class=\"x3nfvp2 x1j61x8r x1fcty0u xdj266r xhhsvwb xat24cr xgzva0m xxymvpz xlup9mm x1kky2od\"><img decoding=\"async\" class=\"xz74otr\" src=\"https:\/\/static.xx.fbcdn.net\/images\/emoji.php\/v9\/td\/2\/16\/1f534.png\" alt=\"&#x1f534;\" width=\"16\" height=\"16\" \/><\/span>C\u00e1ch d\u00f9ng<\/div>\n<div dir=\"auto\">&#8211; Tr\u01b0\u1edbc khi s\u1eed d\u1ee5ng, pha lo\u00e3ng Hyaluronidase \u1edf d\u1ea1ng b\u1ed9t v\u1edbi n\u01b0\u1edbc mu\u1ed1i truy\u1ec1n v\u00e0 s\u1eed d\u1ee5ng dung d\u1ecbch n\u00e0y \u0111\u1ec3 ti\u00eam.<\/div>\n<div dir=\"auto\">&#8211; L\u1ea5y dung d\u1ecbch ra \u1ed1ng ti\u00eam 1cc v\u00e0 ti\u00eam v\u00e0o v\u00f9ng mong mu\u1ed1n<\/div>\n<\/div>\n","protected":false},"featured_media":22464,"comment_status":"open","ping_status":"closed","template":"","meta":[],"product_cat":[56],"product_tag":[],"class_list":{"0":"post-22335","1":"product","2":"type-product","3":"status-publish","4":"has-post-thumbnail","6":"product_cat-tan-filler","8":"first","9":"instock","10":"shipping-taxable","11":"purchasable","12":"product-type-simple"},"_links":{"self":[{"href":"https:\/\/phukienthammy.com.vn\/index.php?rest_route=\/wp\/v2\/product\/22335","targetHints":{"allow":["GET"]}}],"collection":[{"href":"https:\/\/phukienthammy.com.vn\/index.php?rest_route=\/wp\/v2\/product"}],"about":[{"href":"https:\/\/phukienthammy.com.vn\/index.php?rest_route=\/wp\/v2\/types\/product"}],"replies":[{"embeddable":true,"href":"https:\/\/phukienthammy.com.vn\/index.php?rest_route=%2Fwp%2Fv2%2Fcomments&post=22335"}],"version-history":[{"count":0,"href":"https:\/\/phukienthammy.com.vn\/index.php?rest_route=\/wp\/v2\/product\/22335\/revisions"}],"wp:featuredmedia":[{"embeddable":true,"href":"https:\/\/phukienthammy.com.vn\/index.php?rest_route=\/wp\/v2\/media\/22464"}],"wp:attachment":[{"href":"https:\/\/phukienthammy.com.vn\/index.php?rest_route=%2Fwp%2Fv2%2Fmedia&parent=22335"}],"wp:term":[{"taxonomy":"product_cat","embeddable":true,"href":"https:\/\/phukienthammy.com.vn\/index.php?rest_route=%2Fwp%2Fv2%2Fproduct_cat&post=22335"},{"taxonomy":"product_tag","embeddable":true,"href":"https:\/\/phukienthammy.com.vn\/index.php?rest_route=%2Fwp%2Fv2%2Fproduct_tag&post=22335"}],"curies":[{"name":"wp","href":"https:\/\/api.w.org\/{rel}","templated":true}]}}