{"id":22314,"date":"2024-03-20T23:36:14","date_gmt":"2024-03-20T16:36:14","guid":{"rendered":"https:\/\/phukienthammy.com.vn\/?post_type=product&#038;p=22314"},"modified":"2024-03-20T23:38:58","modified_gmt":"2024-03-20T16:38:58","slug":"tan-filler-malinda","status":"publish","type":"product","link":"https:\/\/phukienthammy.com.vn\/?product=tan-filler-malinda","title":{"rendered":"Tan Filler Malinda"},"content":{"rendered":"<div class=\"xdj266r x11i5rnm xat24cr x1mh8g0r x1vvkbs x126k92a\">\n<div dir=\"auto\">Tan Filler Malinda &#8211; x\u1eed l\u00fd tan filler hi\u1ec7u qu\u1ea3<\/div>\n<\/div>\n<div class=\"x11i5rnm xat24cr x1mh8g0r x1vvkbs xtlvy1s x126k92a\">\n<div dir=\"auto\"><span class=\"x3nfvp2 x1j61x8r x1fcty0u xdj266r xhhsvwb xat24cr xgzva0m xxymvpz xlup9mm x1kky2od\"><img decoding=\"async\" class=\"xz74otr\" src=\"https:\/\/static.xx.fbcdn.net\/images\/emoji.php\/v9\/t92\/2\/16\/1f539.png\" alt=\"&#x1f539;\" width=\"16\" height=\"16\" \/>Xu\u1ea5t x\u1ee9<\/span>: H\u00e0n Qu\u1ed1c.<\/div>\n<div dir=\"auto\"><span class=\"x3nfvp2 x1j61x8r x1fcty0u xdj266r xhhsvwb xat24cr xgzva0m xxymvpz xlup9mm x1kky2od\"><img decoding=\"async\" class=\"xz74otr\" src=\"https:\/\/static.xx.fbcdn.net\/images\/emoji.php\/v9\/t92\/2\/16\/1f539.png\" alt=\"&#x1f539;\" width=\"16\" height=\"16\" \/><\/span>Th\u00e0nh ph\u1ea7n: 1.500 I.U\/ hyaluronidase.<\/div>\n<div dir=\"auto\"><span class=\"x3nfvp2 x1j61x8r x1fcty0u xdj266r xhhsvwb xat24cr xgzva0m xxymvpz xlup9mm x1kky2od\"><img decoding=\"async\" class=\"xz74otr\" src=\"https:\/\/static.xx.fbcdn.net\/images\/emoji.php\/v9\/t92\/2\/16\/1f539.png\" alt=\"&#x1f539;\" width=\"16\" height=\"16\" \/><\/span>Quy c\u00e1ch : 1 h\u1ed9p\/10 l\u1ecd &#8211; 1 l\u1ecd\/5mL . B\u1ea3o qu\u1ea3n nhi\u1ec7t \u0111\u1ed9 ph\u00f2ng.<\/div>\n<\/div>\n<div class=\"x11i5rnm xat24cr x1mh8g0r x1vvkbs xtlvy1s x126k92a\">\n<div dir=\"auto\"><span class=\"x3nfvp2 x1j61x8r x1fcty0u xdj266r xhhsvwb xat24cr xgzva0m xxymvpz xlup9mm x1kky2od\"><img decoding=\"async\" class=\"xz74otr\" src=\"https:\/\/static.xx.fbcdn.net\/images\/emoji.php\/v9\/t92\/2\/16\/1f539.png\" alt=\"&#x1f539;\" width=\"16\" height=\"16\" \/>C\u00f4ng d\u1ee5ng<\/span>:<\/div>\n<div dir=\"auto\">\u2013 L\u00e0m tan ch\u1ea5t l\u00e0m \u0111\u1ea7y (Hyaluronic Acid)<\/div>\n<div dir=\"auto\">\u2013 T\u0103ng t\u00ednh th\u1ea5m c\u1ee7a d\u1ecbch truy\u1ec1n d\u01b0\u1edbi da.<\/div>\n<div dir=\"auto\">\u2013 Th\u00fac \u0111\u1ea9y ti\u00eau d\u1ecbch th\u1eeba trong tr\u01b0\u1eddng h\u1ee3p ti\u00eam qu\u00e1 li\u1ec1u, gi\u00fap c\u00e2n b\u1eb1ng qu\u00e1 tr\u00ecnh chuy\u1ec3n h\u00f3a c\u1ee7a c\u00e1c ch\u1ea5t.<\/div>\n<div dir=\"auto\">\u2013 H\u1ed7 tr\u1ee3 khu\u1ebfch t\u00e1n dung d\u1ecbch \u0111\u1ebfn c\u00e1c v\u00f9ng \u0111i\u1ec1u tr\u1ecb, n\u00e2ng cao hi\u1ec7u qu\u1ea3 s\u1eed d\u1ee5ng.<\/div>\n<div dir=\"auto\">\u2013 Lo\u1ea1i b\u1ecf ch\u1ee9ng ph\u00f9 n\u1ec1 do tr\u1eef n\u01b0\u1edbc trong da.<\/div>\n<div dir=\"auto\">\u2013 Kh\u00f4ng g\u00e2y ra bi\u1ebfn ch\u1ee9ng nh\u01b0 s\u01b0ng t\u1ea5y, th\u00e2m.<\/div>\n<\/div>\n","protected":false},"excerpt":{"rendered":"<div class=\"xdj266r x11i5rnm xat24cr x1mh8g0r x1vvkbs x126k92a\">\n<div dir=\"auto\">Tan Filler Malinda &#8211; x\u1eed l\u00fd tan filler hi\u1ec7u qu\u1ea3<\/div>\n<\/div>\n<div class=\"x11i5rnm xat24cr x1mh8g0r x1vvkbs xtlvy1s x126k92a\">\n<div dir=\"auto\"><span class=\"x3nfvp2 x1j61x8r x1fcty0u xdj266r xhhsvwb xat24cr xgzva0m xxymvpz xlup9mm x1kky2od\"><img decoding=\"async\" class=\"xz74otr\" src=\"https:\/\/static.xx.fbcdn.net\/images\/emoji.php\/v9\/t92\/2\/16\/1f539.png\" alt=\"&#x1f539;\" width=\"16\" height=\"16\" \/>Xu\u1ea5t x\u1ee9<\/span>: H\u00e0n Qu\u1ed1c.<\/div>\n<div dir=\"auto\"><span class=\"x3nfvp2 x1j61x8r x1fcty0u xdj266r xhhsvwb xat24cr xgzva0m xxymvpz xlup9mm x1kky2od\"><img decoding=\"async\" class=\"xz74otr\" src=\"https:\/\/static.xx.fbcdn.net\/images\/emoji.php\/v9\/t92\/2\/16\/1f539.png\" alt=\"&#x1f539;\" width=\"16\" height=\"16\" \/><\/span>Th\u00e0nh ph\u1ea7n: 1.500 I.U\/ hyaluronidase.<\/div>\n<div dir=\"auto\"><span class=\"x3nfvp2 x1j61x8r x1fcty0u xdj266r xhhsvwb xat24cr xgzva0m xxymvpz xlup9mm x1kky2od\"><img decoding=\"async\" class=\"xz74otr\" src=\"https:\/\/static.xx.fbcdn.net\/images\/emoji.php\/v9\/t92\/2\/16\/1f539.png\" alt=\"&#x1f539;\" width=\"16\" height=\"16\" \/><\/span>Quy c\u00e1ch : 1 h\u1ed9p\/10 l\u1ecd &#8211; 1 l\u1ecd\/5mL . B\u1ea3o qu\u1ea3n nhi\u1ec7t \u0111\u1ed9 ph\u00f2ng.<\/div>\n<\/div>\n<div class=\"x11i5rnm xat24cr x1mh8g0r x1vvkbs xtlvy1s x126k92a\">\n<div dir=\"auto\"><span class=\"x3nfvp2 x1j61x8r x1fcty0u xdj266r xhhsvwb xat24cr xgzva0m xxymvpz xlup9mm x1kky2od\"><img decoding=\"async\" class=\"xz74otr\" src=\"https:\/\/static.xx.fbcdn.net\/images\/emoji.php\/v9\/t92\/2\/16\/1f539.png\" alt=\"&#x1f539;\" width=\"16\" height=\"16\" \/>C\u00f4ng d\u1ee5ng<\/span>:<\/div>\n<div dir=\"auto\">\u2013 L\u00e0m tan ch\u1ea5t l\u00e0m \u0111\u1ea7y (Hyaluronic Acid)<\/div>\n<div dir=\"auto\">\u2013 T\u0103ng t\u00ednh th\u1ea5m c\u1ee7a d\u1ecbch truy\u1ec1n d\u01b0\u1edbi da.<\/div>\n<div dir=\"auto\">\u2013 Th\u00fac \u0111\u1ea9y ti\u00eau d\u1ecbch th\u1eeba trong tr\u01b0\u1eddng h\u1ee3p ti\u00eam qu\u00e1 li\u1ec1u, gi\u00fap c\u00e2n b\u1eb1ng qu\u00e1 tr\u00ecnh chuy\u1ec3n h\u00f3a c\u1ee7a c\u00e1c ch\u1ea5t.<\/div>\n<div dir=\"auto\">\u2013 H\u1ed7 tr\u1ee3 khu\u1ebfch t\u00e1n dung d\u1ecbch \u0111\u1ebfn c\u00e1c v\u00f9ng \u0111i\u1ec1u tr\u1ecb, n\u00e2ng cao hi\u1ec7u qu\u1ea3 s\u1eed d\u1ee5ng.<\/div>\n<div dir=\"auto\">\u2013 Lo\u1ea1i b\u1ecf ch\u1ee9ng ph\u00f9 n\u1ec1 do tr\u1eef n\u01b0\u1edbc trong da.<\/div>\n<div dir=\"auto\">\u2013 Kh\u00f4ng g\u00e2y ra bi\u1ebfn ch\u1ee9ng nh\u01b0 s\u01b0ng t\u1ea5y, th\u00e2m.<\/div>\n<\/div>\n","protected":false},"featured_media":22459,"comment_status":"open","ping_status":"closed","template":"","meta":[],"product_cat":[56],"product_tag":[],"class_list":{"0":"post-22314","1":"product","2":"type-product","3":"status-publish","4":"has-post-thumbnail","6":"product_cat-tan-filler","8":"first","9":"instock","10":"shipping-taxable","11":"purchasable","12":"product-type-simple"},"_links":{"self":[{"href":"https:\/\/phukienthammy.com.vn\/index.php?rest_route=\/wp\/v2\/product\/22314","targetHints":{"allow":["GET"]}}],"collection":[{"href":"https:\/\/phukienthammy.com.vn\/index.php?rest_route=\/wp\/v2\/product"}],"about":[{"href":"https:\/\/phukienthammy.com.vn\/index.php?rest_route=\/wp\/v2\/types\/product"}],"replies":[{"embeddable":true,"href":"https:\/\/phukienthammy.com.vn\/index.php?rest_route=%2Fwp%2Fv2%2Fcomments&post=22314"}],"version-history":[{"count":0,"href":"https:\/\/phukienthammy.com.vn\/index.php?rest_route=\/wp\/v2\/product\/22314\/revisions"}],"wp:featuredmedia":[{"embeddable":true,"href":"https:\/\/phukienthammy.com.vn\/index.php?rest_route=\/wp\/v2\/media\/22459"}],"wp:attachment":[{"href":"https:\/\/phukienthammy.com.vn\/index.php?rest_route=%2Fwp%2Fv2%2Fmedia&parent=22314"}],"wp:term":[{"taxonomy":"product_cat","embeddable":true,"href":"https:\/\/phukienthammy.com.vn\/index.php?rest_route=%2Fwp%2Fv2%2Fproduct_cat&post=22314"},{"taxonomy":"product_tag","embeddable":true,"href":"https:\/\/phukienthammy.com.vn\/index.php?rest_route=%2Fwp%2Fv2%2Fproduct_tag&post=22314"}],"curies":[{"name":"wp","href":"https:\/\/api.w.org\/{rel}","templated":true}]}}