{"id":22313,"date":"2024-03-20T23:36:14","date_gmt":"2024-03-20T16:36:14","guid":{"rendered":"https:\/\/phukienthammy.com.vn\/?post_type=product&#038;p=22313"},"modified":"2025-06-19T10:26:34","modified_gmt":"2025-06-19T03:26:34","slug":"asce-plus","status":"publish","type":"product","link":"https:\/\/phukienthammy.com.vn\/?product=asce-plus","title":{"rendered":"Asce Plus"},"content":{"rendered":"<div class=\"xdj266r x11i5rnm xat24cr x1mh8g0r x1vvkbs x126k92a\">\n<div dir=\"auto\">\n<h3 data-start=\"315\" data-end=\"393\"><strong data-start=\"319\" data-end=\"391\">ASCE+ Exosome \u2013 H\u1ed7 Tr\u1ee3 Ch\u0103m S\u00f3c Da Chuy\u00ean S\u00e2u T\u1eeb ExoCoBio (H\u00e0n Qu\u1ed1c)<\/strong><\/h3>\n<p data-start=\"394\" data-end=\"505\"><strong data-start=\"394\" data-end=\"406\">Xu\u1ea5t x\u1ee9:<\/strong> H\u00e0n Qu\u1ed1c<br data-start=\"415\" data-end=\"418\" \/><strong data-start=\"418\" data-end=\"435\">Nh\u00e0 s\u1ea3n xu\u1ea5t:<\/strong> ExoCoBio Inc.<br data-start=\"449\" data-end=\"452\" \/><strong data-start=\"452\" data-end=\"465\">Quy c\u00e1ch:<\/strong> 1 h\u1ed9p g\u1ed3m 2 l\u1ecd (L\u1ecd 1: 20mg + L\u1ecd 2: 5ml)<\/p>\n<p data-start=\"507\" data-end=\"800\"><strong data-start=\"507\" data-end=\"531\">Gi\u1edbi thi\u1ec7u s\u1ea3n ph\u1ea9m:<\/strong><br data-start=\"531\" data-end=\"534\" \/>ASCE+ l\u00e0 d\u00f2ng s\u1ea3n ph\u1ea9m ch\u0103m s\u00f3c da chuy\u00ean s\u00e2u \u1ee9ng d\u1ee5ng c\u00f4ng ngh\u1ec7 Exosome, \u0111\u01b0\u1ee3c s\u1ea3n xu\u1ea5t b\u1edfi ExoCoBio \u2013 \u0111\u01a1n v\u1ecb ti\u00ean phong trong nghi\u00ean c\u1ee9u v\u00e0 \u1ee9ng d\u1ee5ng sinh h\u1ecdc t\u1ea1i H\u00e0n Qu\u1ed1c. S\u1ea3n ph\u1ea9m h\u1ed7 tr\u1ee3 ph\u1ee5c h\u1ed3i l\u00e0n da y\u1ebfu, mang l\u1ea1i l\u00e0n da \u0111\u1ec1u m\u00e0u v\u00e0 kh\u1ecfe m\u1ea1nh h\u01a1n theo th\u1eddi gian.<\/p>\n<p data-start=\"802\" data-end=\"827\"><strong data-start=\"802\" data-end=\"825\">Th\u00e0nh ph\u1ea7n n\u1ed5i b\u1eadt:<\/strong><\/p>\n<ul data-start=\"828\" data-end=\"938\">\n<li data-start=\"828\" data-end=\"848\">\n<p data-start=\"830\" data-end=\"848\">Exosome tinh l\u1ecdc<\/p>\n<\/li>\n<li data-start=\"849\" data-end=\"887\">\n<p data-start=\"851\" data-end=\"887\">Protein, y\u1ebfu t\u1ed1 sinh tr\u01b0\u1edfng, miRNA<\/p>\n<\/li>\n<li data-start=\"888\" data-end=\"938\">\n<p data-start=\"890\" data-end=\"938\">Kh\u00f4ng ch\u1ee9a ch\u1ea5t t\u1ea1o m\u00e0u hay ph\u1ee5 gia g\u00e2y k\u00edch \u1ee9ng<\/p>\n<\/li>\n<\/ul>\n<p data-start=\"940\" data-end=\"975\"><strong data-start=\"940\" data-end=\"973\">L\u1ee3i \u00edch khi s\u1eed d\u1ee5ng (h\u1ed7 tr\u1ee3):<\/strong><\/p>\n<ul data-start=\"976\" data-end=\"1241\">\n<li data-start=\"976\" data-end=\"1025\">\n<p data-start=\"978\" data-end=\"1025\">H\u1ed7 tr\u1ee3 ch\u0103m s\u00f3c l\u00e0n da y\u1ebfu, da thi\u1ebfu s\u1ee9c s\u1ed1ng<\/p>\n<\/li>\n<li data-start=\"1026\" data-end=\"1078\">\n<p data-start=\"1028\" data-end=\"1078\">H\u1ed7 tr\u1ee3 c\u1ea3i thi\u1ec7n \u0111\u1ed9 \u1ea9m, \u0111\u1ed9 \u0111\u00e0n h\u1ed3i v\u00e0 k\u1ebft c\u1ea5u da<\/p>\n<\/li>\n<li data-start=\"1079\" data-end=\"1156\">\n<p data-start=\"1081\" data-end=\"1156\">Gi\u00fap l\u00e0m d\u1ecbu da v\u00e0 h\u1ed7 tr\u1ee3 gi\u1ea3m t\u00ecnh tr\u1ea1ng k\u00edch \u1ee9ng do t\u00e1c \u0111\u1ed9ng m\u00f4i tr\u01b0\u1eddng<\/p>\n<\/li>\n<li data-start=\"1157\" data-end=\"1241\">\n<p data-start=\"1159\" data-end=\"1241\">Ph\u00f9 h\u1ee3p s\u1eed d\u1ee5ng trong c\u00e1c quy tr\u00ecnh ch\u0103m s\u00f3c da t\u1ea1i spa v\u00e0 th\u1ea9m m\u1ef9 vi\u1ec7n chuy\u00ean m\u00f4n<\/p>\n<\/li>\n<\/ul>\n<p data-start=\"1243\" data-end=\"1263\"><strong data-start=\"1243\" data-end=\"1261\">L\u01b0u \u00fd s\u1eed d\u1ee5ng:<\/strong><\/p>\n<ul data-start=\"1264\" data-end=\"1458\">\n<li data-start=\"1264\" data-end=\"1349\">\n<p data-start=\"1266\" data-end=\"1349\">S\u1ea3n ph\u1ea9m n\u00ean \u0111\u01b0\u1ee3c d\u00f9ng t\u1ea1i c\u00e1c c\u01a1 s\u1edf c\u00f3 chuy\u00ean m\u00f4n v\u00e0 kh\u00f4ng t\u1ef1 \u00fd s\u1eed d\u1ee5ng t\u1ea1i nh\u00e0.<\/p>\n<\/li>\n<li data-start=\"1350\" data-end=\"1458\">\n<p data-start=\"1352\" data-end=\"1458\">Kh\u00f4ng d\u00f9ng cho ph\u1ee5 n\u1eef mang thai, \u0111ang cho con b\u00fa ho\u1eb7c ng\u01b0\u1eddi d\u1ecb \u1ee9ng v\u1edbi b\u1ea5t k\u1ef3 th\u00e0nh ph\u1ea7n n\u00e0o c\u1ee7a s\u1ea3n ph\u1ea9m.<\/p>\n<\/li>\n<\/ul>\n<\/div>\n<\/div>\n","protected":false},"excerpt":{"rendered":"<p data-start=\"394\" data-end=\"505\"><strong data-start=\"394\" data-end=\"406\">Xu\u1ea5t x\u1ee9:<\/strong> H\u00e0n Qu\u1ed1c<br data-start=\"415\" data-end=\"418\" \/><strong data-start=\"418\" data-end=\"435\">Nh\u00e0 s\u1ea3n xu\u1ea5t:<\/strong> ExoCoBio Inc.<br data-start=\"449\" data-end=\"452\" \/><strong data-start=\"452\" data-end=\"465\">Quy c\u00e1ch:<\/strong> 1 h\u1ed9p g\u1ed3m 2 l\u1ecd (L\u1ecd 1: 20mg + L\u1ecd 2: 5ml)<\/p>\n<p data-start=\"507\" data-end=\"800\"><strong data-start=\"507\" data-end=\"531\">Gi\u1edbi thi\u1ec7u s\u1ea3n ph\u1ea9m:<\/strong><br data-start=\"531\" data-end=\"534\" \/>ASCE+ l\u00e0 d\u00f2ng s\u1ea3n ph\u1ea9m ch\u0103m s\u00f3c da chuy\u00ean s\u00e2u \u1ee9ng d\u1ee5ng c\u00f4ng ngh\u1ec7 Exosome, \u0111\u01b0\u1ee3c s\u1ea3n xu\u1ea5t b\u1edfi ExoCoBio \u2013 \u0111\u01a1n v\u1ecb ti\u00ean phong trong nghi\u00ean c\u1ee9u v\u00e0 \u1ee9ng d\u1ee5ng sinh h\u1ecdc t\u1ea1i H\u00e0n Qu\u1ed1c. S\u1ea3n ph\u1ea9m h\u1ed7 tr\u1ee3 ph\u1ee5c h\u1ed3i l\u00e0n da y\u1ebfu, mang l\u1ea1i l\u00e0n da \u0111\u1ec1u m\u00e0u v\u00e0 kh\u1ecfe m\u1ea1nh h\u01a1n theo th\u1eddi gian.<\/p>\n","protected":false},"featured_media":22454,"comment_status":"open","ping_status":"closed","template":"","meta":[],"product_cat":[55],"product_tag":[],"class_list":{"0":"post-22313","1":"product","2":"type-product","3":"status-publish","4":"has-post-thumbnail","6":"product_cat-meso-cang-bong","8":"first","9":"instock","10":"shipping-taxable","11":"purchasable","12":"product-type-simple"},"_links":{"self":[{"href":"https:\/\/phukienthammy.com.vn\/index.php?rest_route=\/wp\/v2\/product\/22313","targetHints":{"allow":["GET"]}}],"collection":[{"href":"https:\/\/phukienthammy.com.vn\/index.php?rest_route=\/wp\/v2\/product"}],"about":[{"href":"https:\/\/phukienthammy.com.vn\/index.php?rest_route=\/wp\/v2\/types\/product"}],"replies":[{"embeddable":true,"href":"https:\/\/phukienthammy.com.vn\/index.php?rest_route=%2Fwp%2Fv2%2Fcomments&post=22313"}],"version-history":[{"count":1,"href":"https:\/\/phukienthammy.com.vn\/index.php?rest_route=\/wp\/v2\/product\/22313\/revisions"}],"predecessor-version":[{"id":22834,"href":"https:\/\/phukienthammy.com.vn\/index.php?rest_route=\/wp\/v2\/product\/22313\/revisions\/22834"}],"wp:featuredmedia":[{"embeddable":true,"href":"https:\/\/phukienthammy.com.vn\/index.php?rest_route=\/wp\/v2\/media\/22454"}],"wp:attachment":[{"href":"https:\/\/phukienthammy.com.vn\/index.php?rest_route=%2Fwp%2Fv2%2Fmedia&parent=22313"}],"wp:term":[{"taxonomy":"product_cat","embeddable":true,"href":"https:\/\/phukienthammy.com.vn\/index.php?rest_route=%2Fwp%2Fv2%2Fproduct_cat&post=22313"},{"taxonomy":"product_tag","embeddable":true,"href":"https:\/\/phukienthammy.com.vn\/index.php?rest_route=%2Fwp%2Fv2%2Fproduct_tag&post=22313"}],"curies":[{"name":"wp","href":"https:\/\/api.w.org\/{rel}","templated":true}]}}