{"id":22312,"date":"2024-03-20T23:36:13","date_gmt":"2024-03-20T16:36:13","guid":{"rendered":"https:\/\/phukienthammy.com.vn\/?post_type=product&#038;p=22312"},"modified":"2024-03-20T23:38:47","modified_gmt":"2024-03-20T16:38:47","slug":"gtm-8","status":"publish","type":"product","link":"https:\/\/phukienthammy.com.vn\/?product=gtm-8","title":{"rendered":"GTM 8%"},"content":{"rendered":"<div dir=\"auto\">GTM Gold Cell 8% <span class=\"x3nfvp2 x1j61x8r x1fcty0u xdj266r xhhsvwb xat24cr xgzva0m xxymvpz xlup9mm x1kky2od\"><img decoding=\"async\" class=\"xz74otr\" src=\"https:\/\/static.xx.fbcdn.net\/images\/emoji.php\/v9\/t33\/2\/16\/1f947.png\" alt=\"&#x1f947;\" width=\"16\" height=\"16\" \/><\/span><\/div>\n<div dir=\"auto\"><span class=\"x3nfvp2 x1j61x8r x1fcty0u xdj266r xhhsvwb xat24cr xgzva0m xxymvpz xlup9mm x1kky2od\"><img decoding=\"async\" class=\"xz74otr\" src=\"https:\/\/static.xx.fbcdn.net\/images\/emoji.php\/v9\/tdc\/2\/16\/1f42c.png\" alt=\"&#x1f42c;\" width=\"16\" height=\"16\" \/><\/span> Si\u00eau ph\u1ea9m DNA &#8211; PB cao c\u1ea5p nh\u1ea5t , s\u1ecbn xoang ch\u1ea3nh nh\u1ea5t cho Face &#8211; DNA GTM 8%<\/div>\n<div dir=\"auto\"><span class=\"x3nfvp2 x1j61x8r x1fcty0u xdj266r xhhsvwb xat24cr xgzva0m xxymvpz xlup9mm x1kky2od\"><img decoding=\"async\" class=\"xz74otr\" src=\"https:\/\/static.xx.fbcdn.net\/images\/emoji.php\/v9\/tb4\/2\/16\/2705.png\" alt=\"&#x2705;\" width=\"16\" height=\"16\" \/><\/span>Th\u00e0nh ph\u1ea7n DNA c\u00e1 h\u1ed3i c\u1ef1c cao l\u00ean t\u1edbi 8%.<\/div>\n<div dir=\"auto\">GTM 8% Goldcell tr\u1eafng da c\u0103ng b\u00f3ng.<\/div>\n<div dir=\"auto\"><span class=\"x3nfvp2 x1j61x8r x1fcty0u xdj266r xhhsvwb xat24cr xgzva0m xxymvpz xlup9mm x1kky2od\"><img loading=\"lazy\" decoding=\"async\" class=\"xz74otr\" src=\"https:\/\/static.xx.fbcdn.net\/images\/emoji.php\/v9\/tce\/2\/16\/1f9ec.png\" alt=\"&#x1f9ec;\" width=\"16\" height=\"16\" \/><\/span> Cao G\u1ea4P 3 l\u1ea7n c\u00e1c d\u00f2ng DNA c\u00e1 h\u1ed3i hi\u1ec7n c\u00f3 tr\u00ean th\u1ecb tr\u01b0\u1eddng.<\/div>\n<div dir=\"auto\"><span class=\"x3nfvp2 x1j61x8r x1fcty0u xdj266r xhhsvwb xat24cr xgzva0m xxymvpz xlup9mm x1kky2od\"><img loading=\"lazy\" decoding=\"async\" class=\"xz74otr\" src=\"https:\/\/static.xx.fbcdn.net\/images\/emoji.php\/v9\/tce\/2\/16\/1f9ec.png\" alt=\"&#x1f9ec;\" width=\"16\" height=\"16\" \/><\/span> H\u00e0m l\u01b0\u1ee3ng HA l\u00ean \u0111\u1ebfn 8mg\/1cc cho da c\u0103ng b\u00f3ng v\u01b0\u1ee3t tr\u1ed9i.<\/div>\n<div dir=\"auto\"><span class=\"x3nfvp2 x1j61x8r x1fcty0u xdj266r xhhsvwb xat24cr xgzva0m xxymvpz xlup9mm x1kky2od\"><img loading=\"lazy\" decoding=\"async\" class=\"xz74otr\" src=\"https:\/\/static.xx.fbcdn.net\/images\/emoji.php\/v9\/tce\/2\/16\/1f9ec.png\" alt=\"&#x1f9ec;\" width=\"16\" height=\"16\" \/><\/span> Glutatiione chu\u1ea9n 2mg\/1cc cho da tr\u1eafng s\u00e1ng m\u1edd n\u00e1m, t\u00e0n nhang v\u00e0 \u0111\u1ed3i m\u1ed3i.GTM 8% Goldcell tr\u1eafng da c\u0103ng b\u00f3ng.<\/div>\n","protected":false},"excerpt":{"rendered":"<div dir=\"auto\">GTM Gold Cell 8% <span class=\"x3nfvp2 x1j61x8r x1fcty0u xdj266r xhhsvwb xat24cr xgzva0m xxymvpz xlup9mm x1kky2od\"><img decoding=\"async\" class=\"xz74otr\" src=\"https:\/\/static.xx.fbcdn.net\/images\/emoji.php\/v9\/t33\/2\/16\/1f947.png\" alt=\"&#x1f947;\" width=\"16\" height=\"16\" \/><\/span><\/div>\n<div dir=\"auto\"><span class=\"x3nfvp2 x1j61x8r x1fcty0u xdj266r xhhsvwb xat24cr xgzva0m xxymvpz xlup9mm x1kky2od\"><img decoding=\"async\" class=\"xz74otr\" src=\"https:\/\/static.xx.fbcdn.net\/images\/emoji.php\/v9\/tdc\/2\/16\/1f42c.png\" alt=\"&#x1f42c;\" width=\"16\" height=\"16\" \/><\/span> Si\u00eau ph\u1ea9m DNA &#8211; PB cao c\u1ea5p nh\u1ea5t , s\u1ecbn xoang ch\u1ea3nh nh\u1ea5t cho Face &#8211; DNA GTM 8%<\/div>\n<div dir=\"auto\"><span class=\"x3nfvp2 x1j61x8r x1fcty0u xdj266r xhhsvwb xat24cr xgzva0m xxymvpz xlup9mm x1kky2od\"><img decoding=\"async\" class=\"xz74otr\" src=\"https:\/\/static.xx.fbcdn.net\/images\/emoji.php\/v9\/tb4\/2\/16\/2705.png\" alt=\"&#x2705;\" width=\"16\" height=\"16\" \/><\/span>Th\u00e0nh ph\u1ea7n DNA c\u00e1 h\u1ed3i c\u1ef1c cao l\u00ean t\u1edbi 8%.<\/div>\n<div dir=\"auto\">GTM 8% Goldcell tr\u1eafng da c\u0103ng b\u00f3ng.<\/div>\n<div dir=\"auto\"><span class=\"x3nfvp2 x1j61x8r x1fcty0u xdj266r xhhsvwb xat24cr xgzva0m xxymvpz xlup9mm x1kky2od\"><img loading=\"lazy\" decoding=\"async\" class=\"xz74otr\" src=\"https:\/\/static.xx.fbcdn.net\/images\/emoji.php\/v9\/tce\/2\/16\/1f9ec.png\" alt=\"&#x1f9ec;\" width=\"16\" height=\"16\" \/><\/span> Cao G\u1ea4P 3 l\u1ea7n c\u00e1c d\u00f2ng DNA c\u00e1 h\u1ed3i hi\u1ec7n c\u00f3 tr\u00ean th\u1ecb tr\u01b0\u1eddng.<\/div>\n<div dir=\"auto\"><span class=\"x3nfvp2 x1j61x8r x1fcty0u xdj266r xhhsvwb xat24cr xgzva0m xxymvpz xlup9mm x1kky2od\"><img loading=\"lazy\" decoding=\"async\" class=\"xz74otr\" src=\"https:\/\/static.xx.fbcdn.net\/images\/emoji.php\/v9\/tce\/2\/16\/1f9ec.png\" alt=\"&#x1f9ec;\" width=\"16\" height=\"16\" \/><\/span> H\u00e0m l\u01b0\u1ee3ng HA l\u00ean \u0111\u1ebfn 8mg\/1cc cho da c\u0103ng b\u00f3ng v\u01b0\u1ee3t tr\u1ed9i.<\/div>\n<div dir=\"auto\"><span class=\"x3nfvp2 x1j61x8r x1fcty0u xdj266r xhhsvwb xat24cr xgzva0m xxymvpz xlup9mm x1kky2od\"><img loading=\"lazy\" decoding=\"async\" class=\"xz74otr\" src=\"https:\/\/static.xx.fbcdn.net\/images\/emoji.php\/v9\/tce\/2\/16\/1f9ec.png\" alt=\"&#x1f9ec;\" width=\"16\" height=\"16\" \/><\/span> Glutatiione chu\u1ea9n 2mg\/1cc cho da tr\u1eafng s\u00e1ng m\u1edd n\u00e1m, t\u00e0n nhang v\u00e0 \u0111\u1ed3i m\u1ed3i.GTM 8% Goldcell tr\u1eafng da c\u0103ng b\u00f3ng.<\/div>\n","protected":false},"featured_media":22450,"comment_status":"open","ping_status":"closed","template":"","meta":[],"product_cat":[55],"product_tag":[],"class_list":{"0":"post-22312","1":"product","2":"type-product","3":"status-publish","4":"has-post-thumbnail","6":"product_cat-meso-cang-bong","8":"first","9":"instock","10":"shipping-taxable","11":"purchasable","12":"product-type-simple"},"_links":{"self":[{"href":"https:\/\/phukienthammy.com.vn\/index.php?rest_route=\/wp\/v2\/product\/22312","targetHints":{"allow":["GET"]}}],"collection":[{"href":"https:\/\/phukienthammy.com.vn\/index.php?rest_route=\/wp\/v2\/product"}],"about":[{"href":"https:\/\/phukienthammy.com.vn\/index.php?rest_route=\/wp\/v2\/types\/product"}],"replies":[{"embeddable":true,"href":"https:\/\/phukienthammy.com.vn\/index.php?rest_route=%2Fwp%2Fv2%2Fcomments&post=22312"}],"version-history":[{"count":0,"href":"https:\/\/phukienthammy.com.vn\/index.php?rest_route=\/wp\/v2\/product\/22312\/revisions"}],"wp:featuredmedia":[{"embeddable":true,"href":"https:\/\/phukienthammy.com.vn\/index.php?rest_route=\/wp\/v2\/media\/22450"}],"wp:attachment":[{"href":"https:\/\/phukienthammy.com.vn\/index.php?rest_route=%2Fwp%2Fv2%2Fmedia&parent=22312"}],"wp:term":[{"taxonomy":"product_cat","embeddable":true,"href":"https:\/\/phukienthammy.com.vn\/index.php?rest_route=%2Fwp%2Fv2%2Fproduct_cat&post=22312"},{"taxonomy":"product_tag","embeddable":true,"href":"https:\/\/phukienthammy.com.vn\/index.php?rest_route=%2Fwp%2Fv2%2Fproduct_tag&post=22312"}],"curies":[{"name":"wp","href":"https:\/\/api.w.org\/{rel}","templated":true}]}}