{"id":22311,"date":"2024-03-20T23:36:13","date_gmt":"2024-03-20T16:36:13","guid":{"rendered":"https:\/\/phukienthammy.com.vn\/?post_type=product&#038;p=22311"},"modified":"2024-03-20T23:38:42","modified_gmt":"2024-03-20T16:38:42","slug":"exohilo","status":"publish","type":"product","link":"https:\/\/phukienthammy.com.vn\/?product=exohilo","title":{"rendered":"Exohilo"},"content":{"rendered":"<div class=\"x11i5rnm xat24cr x1mh8g0r x1vvkbs xtlvy1s x126k92a\">\n<div dir=\"auto\">Exohilo<\/div>\n<div dir=\"auto\"><span class=\"x3nfvp2 x1j61x8r x1fcty0u xdj266r xhhsvwb xat24cr xgzva0m xxymvpz xlup9mm x1kky2od\"><img decoding=\"async\" class=\"xz74otr\" src=\"https:\/\/static.xx.fbcdn.net\/images\/emoji.php\/v9\/tec\/2\/16\/25fe.png\" alt=\"&#x25fe;\" width=\"16\" height=\"16\" \/><\/span>Ch\u1ee9a 90% exosome<\/div>\n<div dir=\"auto\"><span class=\"x3nfvp2 x1j61x8r x1fcty0u xdj266r xhhsvwb xat24cr xgzva0m xxymvpz xlup9mm x1kky2od\"><img decoding=\"async\" class=\"xz74otr\" src=\"https:\/\/static.xx.fbcdn.net\/images\/emoji.php\/v9\/tec\/2\/16\/25fe.png\" alt=\"&#x25fe;\" width=\"16\" height=\"16\" \/><\/span>Ch\u1ee9a axit hyaluronic (natri hyaluronate)<\/div>\n<\/div>\n<div class=\"x11i5rnm xat24cr x1mh8g0r x1vvkbs xtlvy1s x126k92a\">\n<div dir=\"auto\">1. Exosomes \u0111\u01b0\u1ee3c s\u1ea3n xu\u1ea5t theo c\u00f4ng ngh\u1ec7 g\u1ed1c Entr\u00ae c\u00f3 ngu\u1ed3n g\u1ed1c t\u1eeb nguy\u00ean b\u00e0o s\u1ee3i, l\u00e0 nh\u1eefng t\u1ebf b\u00e0o t\u1ed5ng h\u1ee3p elastin v\u00e0 collagen.<\/div>\n<div dir=\"auto\">2. 980 Protein Exonia Exposome c\u00f3 nhi\u1ec1u lo\u1ea1i v\u00e0 h\u00e0m l\u01b0\u1ee3ng protein kh\u00e1c nhau.<\/div>\n<div dir=\"auto\">3. Gi\u00fap h\u1ea5p th\u1ee5 qua da nh\u1edd k\u00edch th\u01b0\u1edbc si\u00eau nh\u1ecf, nh\u1ecf h\u01a1n l\u1ed7 ch\u00e2n l\u00f4ng N\u00f3 b\u1eb1ng kho\u1ea3ng 1\/210 \u0111\u01b0\u1eddng k\u00ednh l\u1ed7 ch\u00e2n l\u00f4ng trung b\u00ecnh v\u00e0 gi\u00fap da h\u1ea5p th\u1ee5 c\u1ee9c t\u1ed1t.<\/div>\n<div dir=\"auto\"><span class=\"x3nfvp2 x1j61x8r x1fcty0u xdj266r xhhsvwb xat24cr xgzva0m xxymvpz xlup9mm x1kky2od\"><img decoding=\"async\" class=\"xz74otr\" src=\"https:\/\/static.xx.fbcdn.net\/images\/emoji.php\/v9\/tcd\/2\/16\/25aa.png\" alt=\"&#x25aa;\" width=\"16\" height=\"16\" \/><\/span>Gi\u00fap t\u0103ng s\u1ea3n xu\u1ea5t collagen 150% trong t\u1ebf b\u00e0o d\u1ef1a tr\u00ean n\u1ed3ng \u0111\u1ed9 0,05% s\u1ea3n xu\u1ea5t collagen<\/div>\n<div dir=\"auto\"><span class=\"x3nfvp2 x1j61x8r x1fcty0u xdj266r xhhsvwb xat24cr xgzva0m xxymvpz xlup9mm x1kky2od\"><img decoding=\"async\" class=\"xz74otr\" src=\"https:\/\/static.xx.fbcdn.net\/images\/emoji.php\/v9\/tcd\/2\/16\/25aa.png\" alt=\"&#x25aa;\" width=\"16\" height=\"16\" \/><\/span>Gi\u00fap t\u0103ng s\u1ea3n xu\u1ea5t HA n\u1ed9i b\u00e0o l\u00ean 116% d\u1ef1a tr\u00ean n\u1ed3ng \u0111\u1ed9 0,05% s\u1ea3n xu\u1ea5t HA<\/div>\n<div dir=\"auto\"><span class=\"x3nfvp2 x1j61x8r x1fcty0u xdj266r xhhsvwb xat24cr xgzva0m xxymvpz xlup9mm x1kky2od\"><img decoding=\"async\" class=\"xz74otr\" src=\"https:\/\/static.xx.fbcdn.net\/images\/emoji.php\/v9\/tcd\/2\/16\/25aa.png\" alt=\"&#x25aa;\" width=\"16\" height=\"16\" \/><\/span>Gi\u00fap c\u1ea3i thi\u1ec7n \u0111\u1ed9 \u0111\u00e0n h\u1ed3i c\u1ee7a da \/ Gi\u00fap ch\u1ecdn l\u1ea1i m\u1eadt \u0111\u1ed9 da<\/div>\n<div dir=\"auto\"><span class=\"x3nfvp2 x1j61x8r x1fcty0u xdj266r xhhsvwb xat24cr xgzva0m xxymvpz xlup9mm x1kky2od\"><img decoding=\"async\" class=\"xz74otr\" src=\"https:\/\/static.xx.fbcdn.net\/images\/emoji.php\/v9\/tcd\/2\/16\/25aa.png\" alt=\"&#x25aa;\" width=\"16\" height=\"16\" \/><\/span>Gi\u00fap c\u1ea3i thi\u1ec7n n\u1ebfp nh\u0103n quanh m\u1eaft<\/div>\n<div dir=\"auto\"><span class=\"x3nfvp2 x1j61x8r x1fcty0u xdj266r xhhsvwb xat24cr xgzva0m xxymvpz xlup9mm x1kky2od\"><img decoding=\"async\" class=\"xz74otr\" src=\"https:\/\/static.xx.fbcdn.net\/images\/emoji.php\/v9\/tcd\/2\/16\/25aa.png\" alt=\"&#x25aa;\" width=\"16\" height=\"16\" \/><\/span>Gi\u00fap c\u1ea3i thi\u1ec7n \u0111\u1ed9 \u1ea9m cho da<\/div>\n<div dir=\"auto\"><span class=\"x3nfvp2 x1j61x8r x1fcty0u xdj266r xhhsvwb xat24cr xgzva0m xxymvpz xlup9mm x1kky2od\"><img decoding=\"async\" class=\"xz74otr\" src=\"https:\/\/static.xx.fbcdn.net\/images\/emoji.php\/v9\/tcd\/2\/16\/25aa.png\" alt=\"&#x25aa;\" width=\"16\" height=\"16\" \/><\/span>Gi\u00fap n\u00e2ng da Gi\u00fap l\u00e0m d\u1ecbu c\u00e1c khu v\u1ef1c r\u1eafc r\u1ed1i<\/div>\n<div dir=\"auto\"><span class=\"x3nfvp2 x1j61x8r x1fcty0u xdj266r xhhsvwb xat24cr xgzva0m xxymvpz xlup9mm x1kky2od\"><img decoding=\"async\" class=\"xz74otr\" src=\"https:\/\/static.xx.fbcdn.net\/images\/emoji.php\/v9\/tcd\/2\/16\/25aa.png\" alt=\"&#x25aa;\" width=\"16\" height=\"16\" \/><\/span>Gi\u00fap c\u1ea3i thi\u1ec7n kh\u1ea3 n\u0103ng t\u1ef1 l\u1ef1c (m\u1ea5t n\u01b0\u1edbc)<\/div>\n<\/div>\n","protected":false},"excerpt":{"rendered":"<div class=\"x11i5rnm xat24cr x1mh8g0r x1vvkbs xtlvy1s x126k92a\">\n<div dir=\"auto\">Exohilo<\/div>\n<div dir=\"auto\"><span class=\"x3nfvp2 x1j61x8r x1fcty0u xdj266r xhhsvwb xat24cr xgzva0m xxymvpz xlup9mm x1kky2od\"><img decoding=\"async\" class=\"xz74otr\" src=\"https:\/\/static.xx.fbcdn.net\/images\/emoji.php\/v9\/tec\/2\/16\/25fe.png\" alt=\"&#x25fe;\" width=\"16\" height=\"16\" \/><\/span>Ch\u1ee9a 90% exosome<\/div>\n<div dir=\"auto\"><span class=\"x3nfvp2 x1j61x8r x1fcty0u xdj266r xhhsvwb xat24cr xgzva0m xxymvpz xlup9mm x1kky2od\"><img decoding=\"async\" class=\"xz74otr\" src=\"https:\/\/static.xx.fbcdn.net\/images\/emoji.php\/v9\/tec\/2\/16\/25fe.png\" alt=\"&#x25fe;\" width=\"16\" height=\"16\" \/><\/span>Ch\u1ee9a axit hyaluronic (natri hyaluronate)<\/div>\n<\/div>\n<div class=\"x11i5rnm xat24cr x1mh8g0r x1vvkbs xtlvy1s x126k92a\">\n<div dir=\"auto\">1. Exosomes \u0111\u01b0\u1ee3c s\u1ea3n xu\u1ea5t theo c\u00f4ng ngh\u1ec7 g\u1ed1c Entr\u00ae c\u00f3 ngu\u1ed3n g\u1ed1c t\u1eeb nguy\u00ean b\u00e0o s\u1ee3i, l\u00e0 nh\u1eefng t\u1ebf b\u00e0o t\u1ed5ng h\u1ee3p elastin v\u00e0 collagen.<\/div>\n<div dir=\"auto\">2. 980 Protein Exonia Exposome c\u00f3 nhi\u1ec1u lo\u1ea1i v\u00e0 h\u00e0m l\u01b0\u1ee3ng protein kh\u00e1c nhau.<\/div>\n<div dir=\"auto\">3. Gi\u00fap h\u1ea5p th\u1ee5 qua da nh\u1edd k\u00edch th\u01b0\u1edbc si\u00eau nh\u1ecf, nh\u1ecf h\u01a1n l\u1ed7 ch\u00e2n l\u00f4ng N\u00f3 b\u1eb1ng kho\u1ea3ng 1\/210 \u0111\u01b0\u1eddng k\u00ednh l\u1ed7 ch\u00e2n l\u00f4ng trung b\u00ecnh v\u00e0 gi\u00fap da h\u1ea5p th\u1ee5 c\u1ee9c t\u1ed1t.<\/div>\n<div dir=\"auto\"><span class=\"x3nfvp2 x1j61x8r x1fcty0u xdj266r xhhsvwb xat24cr xgzva0m xxymvpz xlup9mm x1kky2od\"><img decoding=\"async\" class=\"xz74otr\" src=\"https:\/\/static.xx.fbcdn.net\/images\/emoji.php\/v9\/tcd\/2\/16\/25aa.png\" alt=\"&#x25aa;\" width=\"16\" height=\"16\" \/><\/span>Gi\u00fap t\u0103ng s\u1ea3n xu\u1ea5t collagen 150% trong t\u1ebf b\u00e0o d\u1ef1a tr\u00ean n\u1ed3ng \u0111\u1ed9 0,05% s\u1ea3n xu\u1ea5t collagen<\/div>\n<div dir=\"auto\"><span class=\"x3nfvp2 x1j61x8r x1fcty0u xdj266r xhhsvwb xat24cr xgzva0m xxymvpz xlup9mm x1kky2od\"><img decoding=\"async\" class=\"xz74otr\" src=\"https:\/\/static.xx.fbcdn.net\/images\/emoji.php\/v9\/tcd\/2\/16\/25aa.png\" alt=\"&#x25aa;\" width=\"16\" height=\"16\" \/><\/span>Gi\u00fap t\u0103ng s\u1ea3n xu\u1ea5t HA n\u1ed9i b\u00e0o l\u00ean 116% d\u1ef1a tr\u00ean n\u1ed3ng \u0111\u1ed9 0,05% s\u1ea3n xu\u1ea5t HA<\/div>\n<div dir=\"auto\"><span class=\"x3nfvp2 x1j61x8r x1fcty0u xdj266r xhhsvwb xat24cr xgzva0m xxymvpz xlup9mm x1kky2od\"><img decoding=\"async\" class=\"xz74otr\" src=\"https:\/\/static.xx.fbcdn.net\/images\/emoji.php\/v9\/tcd\/2\/16\/25aa.png\" alt=\"&#x25aa;\" width=\"16\" height=\"16\" \/><\/span>Gi\u00fap c\u1ea3i thi\u1ec7n \u0111\u1ed9 \u0111\u00e0n h\u1ed3i c\u1ee7a da \/ Gi\u00fap ch\u1ecdn l\u1ea1i m\u1eadt \u0111\u1ed9 da<\/div>\n<div dir=\"auto\"><span class=\"x3nfvp2 x1j61x8r x1fcty0u xdj266r xhhsvwb xat24cr xgzva0m xxymvpz xlup9mm x1kky2od\"><img decoding=\"async\" class=\"xz74otr\" src=\"https:\/\/static.xx.fbcdn.net\/images\/emoji.php\/v9\/tcd\/2\/16\/25aa.png\" alt=\"&#x25aa;\" width=\"16\" height=\"16\" \/><\/span>Gi\u00fap c\u1ea3i thi\u1ec7n n\u1ebfp nh\u0103n quanh m\u1eaft<\/div>\n<div dir=\"auto\"><span class=\"x3nfvp2 x1j61x8r x1fcty0u xdj266r xhhsvwb xat24cr xgzva0m xxymvpz xlup9mm x1kky2od\"><img decoding=\"async\" class=\"xz74otr\" src=\"https:\/\/static.xx.fbcdn.net\/images\/emoji.php\/v9\/tcd\/2\/16\/25aa.png\" alt=\"&#x25aa;\" width=\"16\" height=\"16\" \/><\/span>Gi\u00fap c\u1ea3i thi\u1ec7n \u0111\u1ed9 \u1ea9m cho da<\/div>\n<div dir=\"auto\"><span class=\"x3nfvp2 x1j61x8r x1fcty0u xdj266r xhhsvwb xat24cr xgzva0m xxymvpz xlup9mm x1kky2od\"><img decoding=\"async\" class=\"xz74otr\" src=\"https:\/\/static.xx.fbcdn.net\/images\/emoji.php\/v9\/tcd\/2\/16\/25aa.png\" alt=\"&#x25aa;\" width=\"16\" height=\"16\" \/><\/span>Gi\u00fap n\u00e2ng da Gi\u00fap l\u00e0m d\u1ecbu c\u00e1c khu v\u1ef1c r\u1eafc r\u1ed1i<\/div>\n<div dir=\"auto\"><span class=\"x3nfvp2 x1j61x8r x1fcty0u xdj266r xhhsvwb xat24cr xgzva0m xxymvpz xlup9mm x1kky2od\"><img decoding=\"async\" class=\"xz74otr\" src=\"https:\/\/static.xx.fbcdn.net\/images\/emoji.php\/v9\/tcd\/2\/16\/25aa.png\" alt=\"&#x25aa;\" width=\"16\" height=\"16\" \/><\/span>Gi\u00fap c\u1ea3i thi\u1ec7n kh\u1ea3 n\u0103ng t\u1ef1 l\u1ef1c (m\u1ea5t n\u01b0\u1edbc)<\/div>\n<\/div>\n","protected":false},"featured_media":22445,"comment_status":"open","ping_status":"closed","template":"","meta":[],"product_cat":[55],"product_tag":[],"class_list":{"0":"post-22311","1":"product","2":"type-product","3":"status-publish","4":"has-post-thumbnail","6":"product_cat-meso-cang-bong","8":"first","9":"instock","10":"shipping-taxable","11":"purchasable","12":"product-type-simple"},"_links":{"self":[{"href":"https:\/\/phukienthammy.com.vn\/index.php?rest_route=\/wp\/v2\/product\/22311","targetHints":{"allow":["GET"]}}],"collection":[{"href":"https:\/\/phukienthammy.com.vn\/index.php?rest_route=\/wp\/v2\/product"}],"about":[{"href":"https:\/\/phukienthammy.com.vn\/index.php?rest_route=\/wp\/v2\/types\/product"}],"replies":[{"embeddable":true,"href":"https:\/\/phukienthammy.com.vn\/index.php?rest_route=%2Fwp%2Fv2%2Fcomments&post=22311"}],"version-history":[{"count":0,"href":"https:\/\/phukienthammy.com.vn\/index.php?rest_route=\/wp\/v2\/product\/22311\/revisions"}],"wp:featuredmedia":[{"embeddable":true,"href":"https:\/\/phukienthammy.com.vn\/index.php?rest_route=\/wp\/v2\/media\/22445"}],"wp:attachment":[{"href":"https:\/\/phukienthammy.com.vn\/index.php?rest_route=%2Fwp%2Fv2%2Fmedia&parent=22311"}],"wp:term":[{"taxonomy":"product_cat","embeddable":true,"href":"https:\/\/phukienthammy.com.vn\/index.php?rest_route=%2Fwp%2Fv2%2Fproduct_cat&post=22311"},{"taxonomy":"product_tag","embeddable":true,"href":"https:\/\/phukienthammy.com.vn\/index.php?rest_route=%2Fwp%2Fv2%2Fproduct_tag&post=22311"}],"curies":[{"name":"wp","href":"https:\/\/api.w.org\/{rel}","templated":true}]}}