{"id":22310,"date":"2024-03-20T23:36:13","date_gmt":"2024-03-20T16:36:13","guid":{"rendered":"https:\/\/phukienthammy.com.vn\/?post_type=product&#038;p=22310"},"modified":"2025-06-19T10:37:34","modified_gmt":"2025-06-19T03:37:34","slug":"gouri","status":"publish","type":"product","link":"https:\/\/phukienthammy.com.vn\/?product=gouri","title":{"rendered":"Gouri"},"content":{"rendered":"<div class=\"x1e56ztr\">\n<h3 data-start=\"369\" data-end=\"454\"><strong data-start=\"373\" data-end=\"452\">Gouri \u2013 H\u1ed7 Tr\u1ee3 C\u1ea3i Thi\u1ec7n \u0110\u1ed9 \u0110\u00e0n H\u1ed3i Da V\u1edbi C\u00f4ng Ngh\u1ec7 Polycaprolactone (PCL)<\/strong><\/h3>\n<p data-start=\"455\" data-end=\"599\"><strong data-start=\"455\" data-end=\"469\">Ph\u00e2n lo\u1ea1i:<\/strong> S\u1ea3n ph\u1ea9m h\u1ed7 tr\u1ee3 ch\u0103m s\u00f3c da chuy\u00ean s\u00e2u<br data-start=\"508\" data-end=\"511\" \/><strong data-start=\"511\" data-end=\"525\">H\u00ecnh th\u1ee9c:<\/strong> D\u1ea1ng dung d\u1ecbch c\u00f3 th\u1ec3 s\u1eed d\u1ee5ng trong quy tr\u00ecnh t\u1ea1i spa v\u00e0 c\u01a1 s\u1edf chuy\u00ean m\u00f4n<\/p>\n<hr data-start=\"601\" data-end=\"604\" \/>\n<p data-start=\"606\" data-end=\"938\"><strong data-start=\"606\" data-end=\"630\">Gi\u1edbi thi\u1ec7u s\u1ea3n ph\u1ea9m:<\/strong><br data-start=\"630\" data-end=\"633\" \/>Gouri l\u00e0 s\u1ea3n ph\u1ea9m \u1ee9ng d\u1ee5ng c\u00f4ng ngh\u1ec7 ph\u00e2n t\u1eed PCL \u0111\u1ed9c quy\u1ec1n, h\u1ed7 tr\u1ee3 c\u1ea3i thi\u1ec7n v\u1ebb ngo\u00e0i c\u1ee7a l\u00e0n da thi\u1ebfu s\u1ee9c s\u1ed1ng, \u0111\u01b0\u1ee3c nghi\u00ean c\u1ee9u v\u00e0 ph\u00e1t tri\u1ec3n b\u1edfi c\u00e1c chuy\u00ean gia t\u1ea1i H\u00e0n Qu\u1ed1c. \u0110\u00e2y l\u00e0 s\u1ea3n ph\u1ea9m \u0111\u01b0\u1ee3c s\u1eed d\u1ee5ng r\u1ed9ng r\u00e3i trong c\u00e1c quy tr\u00ecnh l\u00e0m \u0111\u1eb9p t\u1ea1i spa, clinic v\u1edbi m\u1ee5c ti\u00eau h\u1ed7 tr\u1ee3 n\u00e2ng cao ch\u1ea5t l\u01b0\u1ee3ng l\u00e0n da.<\/p>\n<hr data-start=\"940\" data-end=\"943\" \/>\n<p data-start=\"945\" data-end=\"966\"><strong data-start=\"945\" data-end=\"964\">L\u1ee3i \u00edch h\u1ed7 tr\u1ee3:<\/strong><\/p>\n<ul data-start=\"967\" data-end=\"1295\">\n<li data-start=\"967\" data-end=\"1033\">\n<p data-start=\"969\" data-end=\"1033\">Cung c\u1ea5p \u0111\u1ed9 \u1ea9m v\u00e0 d\u01b0\u1ee1ng ch\u1ea5t gi\u00fap da tr\u00f4ng \u0111\u1ec1u m\u00e0u v\u00e0 kh\u1ecfe h\u01a1n<\/p>\n<\/li>\n<li data-start=\"1034\" data-end=\"1118\">\n<p data-start=\"1036\" data-end=\"1118\">Ph\u00f9 h\u1ee3p v\u1edbi l\u00e0n da m\u1ecfng, thi\u1ebfu \u0111\u00e0n h\u1ed3i ho\u1eb7c c\u00f3 d\u1ea5u hi\u1ec7u kh\u00f4ng \u0111\u1ed3ng \u0111\u1ec1u v\u1ec1 s\u1eafc t\u1ed1<\/p>\n<\/li>\n<li data-start=\"1119\" data-end=\"1210\">\n<p data-start=\"1121\" data-end=\"1210\">H\u1ed7 tr\u1ee3 ch\u0103m s\u00f3c da chuy\u00ean s\u00e2u t\u1ea1i nh\u1eefng v\u00f9ng nh\u01b0 v\u00f9ng m\u00e1, tr\u00e1n, r\u00e3nh m\u0169i m\u00e1, th\u00e1i d\u01b0\u01a1ng<\/p>\n<\/li>\n<li data-start=\"1211\" data-end=\"1295\">\n<p data-start=\"1213\" data-end=\"1295\">\u0110\u01b0\u1ee3c nhi\u1ec1u c\u01a1 s\u1edf l\u00e0m \u0111\u1eb9p s\u1eed d\u1ee5ng nh\u01b0 m\u1ed9t ph\u1ea7n trong li\u1ec7u tr\u00ecnh ch\u0103m s\u00f3c da cao c\u1ea5p<\/p>\n<\/li>\n<\/ul>\n<hr data-start=\"1297\" data-end=\"1300\" \/>\n<p data-start=\"1302\" data-end=\"1322\"><strong data-start=\"1302\" data-end=\"1320\">L\u01b0u \u00fd s\u1eed d\u1ee5ng:<\/strong><\/p>\n<ul data-start=\"1323\" data-end=\"1540\">\n<li data-start=\"1323\" data-end=\"1402\">\n<p data-start=\"1325\" data-end=\"1402\">Ch\u1ec9 n\u00ean s\u1eed d\u1ee5ng b\u1edfi ng\u01b0\u1eddi c\u00f3 chuy\u00ean m\u00f4n t\u1ea1i c\u00e1c c\u01a1 s\u1edf th\u1ea9m m\u1ef9 \u0111\u01b0\u1ee3c c\u1ea5p ph\u00e9p<\/p>\n<\/li>\n<li data-start=\"1403\" data-end=\"1465\">\n<p data-start=\"1405\" data-end=\"1465\">Kh\u00f4ng s\u1eed d\u1ee5ng cho ng\u01b0\u1eddi d\u1ecb \u1ee9ng v\u1edbi th\u00e0nh ph\u1ea7n c\u1ee7a s\u1ea3n ph\u1ea9m<\/p>\n<\/li>\n<li data-start=\"1466\" data-end=\"1540\">\n<p data-start=\"1468\" data-end=\"1540\">Kh\u00f4ng d\u00f9ng cho ph\u1ee5 n\u1eef mang thai, \u0111ang cho con b\u00fa ho\u1eb7c ng\u01b0\u1eddi d\u01b0\u1edbi 18 tu\u1ed5i<\/p>\n<\/li>\n<\/ul>\n<\/div>\n","protected":false},"excerpt":{"rendered":"<div class=\"x1e56ztr\">\n<p data-start=\"455\" data-end=\"599\"><strong data-start=\"455\" data-end=\"469\">Ph\u00e2n lo\u1ea1i:<\/strong> S\u1ea3n ph\u1ea9m h\u1ed7 tr\u1ee3 ch\u0103m s\u00f3c da chuy\u00ean s\u00e2u<br data-start=\"508\" data-end=\"511\" \/><strong data-start=\"511\" data-end=\"525\">H\u00ecnh th\u1ee9c:<\/strong> D\u1ea1ng dung d\u1ecbch c\u00f3 th\u1ec3 s\u1eed d\u1ee5ng trong quy tr\u00ecnh t\u1ea1i spa v\u00e0 c\u01a1 s\u1edf chuy\u00ean m\u00f4n<\/p>\n<hr data-start=\"601\" data-end=\"604\" \/>\n<p data-start=\"606\" data-end=\"938\"><strong data-start=\"606\" data-end=\"630\">Gi\u1edbi thi\u1ec7u s\u1ea3n ph\u1ea9m:<\/strong><br data-start=\"630\" data-end=\"633\" \/>Gouri l\u00e0 s\u1ea3n ph\u1ea9m \u1ee9ng d\u1ee5ng c\u00f4ng ngh\u1ec7 ph\u00e2n t\u1eed PCL \u0111\u1ed9c quy\u1ec1n, h\u1ed7 tr\u1ee3 c\u1ea3i thi\u1ec7n v\u1ebb ngo\u00e0i c\u1ee7a l\u00e0n da thi\u1ebfu s\u1ee9c s\u1ed1ng, \u0111\u01b0\u1ee3c nghi\u00ean c\u1ee9u v\u00e0 ph\u00e1t tri\u1ec3n b\u1edfi c\u00e1c chuy\u00ean gia t\u1ea1i H\u00e0n Qu\u1ed1c. \u0110\u00e2y l\u00e0 s\u1ea3n ph\u1ea9m \u0111\u01b0\u1ee3c s\u1eed d\u1ee5ng r\u1ed9ng r\u00e3i trong c\u00e1c quy tr\u00ecnh l\u00e0m \u0111\u1eb9p t\u1ea1i spa, clinic v\u1edbi m\u1ee5c ti\u00eau h\u1ed7 tr\u1ee3 n\u00e2ng cao ch\u1ea5t l\u01b0\u1ee3ng l\u00e0n da.<\/p>\n<\/div>\n","protected":false},"featured_media":22440,"comment_status":"open","ping_status":"closed","template":"","meta":[],"product_cat":[55],"product_tag":[],"class_list":{"0":"post-22310","1":"product","2":"type-product","3":"status-publish","4":"has-post-thumbnail","6":"product_cat-meso-cang-bong","8":"first","9":"instock","10":"shipping-taxable","11":"purchasable","12":"product-type-simple"},"_links":{"self":[{"href":"https:\/\/phukienthammy.com.vn\/index.php?rest_route=\/wp\/v2\/product\/22310","targetHints":{"allow":["GET"]}}],"collection":[{"href":"https:\/\/phukienthammy.com.vn\/index.php?rest_route=\/wp\/v2\/product"}],"about":[{"href":"https:\/\/phukienthammy.com.vn\/index.php?rest_route=\/wp\/v2\/types\/product"}],"replies":[{"embeddable":true,"href":"https:\/\/phukienthammy.com.vn\/index.php?rest_route=%2Fwp%2Fv2%2Fcomments&post=22310"}],"version-history":[{"count":1,"href":"https:\/\/phukienthammy.com.vn\/index.php?rest_route=\/wp\/v2\/product\/22310\/revisions"}],"predecessor-version":[{"id":22841,"href":"https:\/\/phukienthammy.com.vn\/index.php?rest_route=\/wp\/v2\/product\/22310\/revisions\/22841"}],"wp:featuredmedia":[{"embeddable":true,"href":"https:\/\/phukienthammy.com.vn\/index.php?rest_route=\/wp\/v2\/media\/22440"}],"wp:attachment":[{"href":"https:\/\/phukienthammy.com.vn\/index.php?rest_route=%2Fwp%2Fv2%2Fmedia&parent=22310"}],"wp:term":[{"taxonomy":"product_cat","embeddable":true,"href":"https:\/\/phukienthammy.com.vn\/index.php?rest_route=%2Fwp%2Fv2%2Fproduct_cat&post=22310"},{"taxonomy":"product_tag","embeddable":true,"href":"https:\/\/phukienthammy.com.vn\/index.php?rest_route=%2Fwp%2Fv2%2Fproduct_tag&post=22310"}],"curies":[{"name":"wp","href":"https:\/\/api.w.org\/{rel}","templated":true}]}}