{"id":22285,"date":"2024-03-20T23:35:47","date_gmt":"2024-03-20T16:35:47","guid":{"rendered":"https:\/\/phukienthammy.com.vn\/?post_type=product&#038;p=22285"},"modified":"2024-03-20T23:38:24","modified_gmt":"2024-03-20T16:38:24","slug":"jalupro","status":"publish","type":"product","link":"https:\/\/phukienthammy.com.vn\/?product=jalupro","title":{"rendered":"Jalupro"},"content":{"rendered":"<p>&#x2b50;&#x2b50; Jalupro SuperHydro &#x2b50;&#x2b50;<br \/>\nH\u1ed9p 1 Tu\u00fdp 2.5ml<br \/>\nXu\u1ea5t x\u1ee9: Italy<br \/>\n\u2013 Jalupro l\u00e0 d\u00f2ng tr\u1ebb h\u00f3a cao c\u1ea5p c\u1ee7a Italy. Thu\u1ed9c th\u1ebf h\u1ec7 c\u00f4ng th\u1ee9c m\u1edbi nh\u1ea5t hi\u1ec7n nay.<br \/>\n\u2013 Jalupro l\u00e0 s\u1ea3n ph\u1ea9m \u0111a ch\u1ee9c n\u0103ng, gi\u00fap c\u0103ng b\u00f3ng, tr\u1ebb h\u00f3a da m\u1eb7t, t\u00e1i c\u1ea5u tr\u00fac da, x\u00f3a nh\u0103n hi\u1ec7u qu\u1ea3.<br \/>\n\u2013 Jalupro c\u00f2n \u0111\u01b0\u1ee3c s\u1eed d\u1ee5ng ti\u00eam Th\u00e2m qu\u1ea7ng m\u1eaft, l\u00e0m tr\u1ebb h\u00f3a \u0111\u00f4i m\u1eaft, x\u00f3a nh\u0103n v\u1ebft ch\u00e2n chim.<br \/>\n\u2013 Jalupro mang l\u1ea1i hi\u1ec7u qu\u1ea3 cao l\u00ean \u0111\u1ebfn h\u01a1n 90%.<br \/>\n\u2013 Jalupro duy tr\u00ec hi\u1ec7u qu\u1ea3 l\u00e2u d\u00e0i tr\u00ean 1 n\u0103m.<br \/>\n&#x2728; Th\u00e0nh ph\u1ea7n:<br \/>\n\u2022 HA (Hyaluronic acid) 32mg\/ml<br \/>\n\u2022 7 Amino acid<br \/>\n\u2022 3 Peptide<\/p>\n<p>&#x27a1; S\u1eed d\u1ee5ng cho m\u1eaft Th\u00e2m qu\u1ea7ng, nh\u0103n, v\u1ebft ch\u00e2n chim. D\u00f9ng 0.5-0.8ml cho 2 b\u00ean m\u1eaft.<br \/>\n&#x27a1; S\u1eed d\u1ee5ng cho da kh\u00f4, l\u1ed7 ch\u00e2n l\u00f4ng to, nhi\u1ec1u n\u1ebfp nh\u0103n, da l\u00e3o h\u00f3a, thi\u1ebfu s\u1ee9c s\u1ed1ng. D\u00f9ng 1 tu\u00fdp 2.5ml cho khu\u00f4n m\u1eb7t<br \/>\n&#x27a1; S\u1ea3n ph\u1ea9m ch\u1ea5t l\u01b0\u1ee3ng Ch\u00e2u \u00c2u<\/p>\n","protected":false},"excerpt":{"rendered":"<p>&#x2b50;&#x2b50; Jalupro SuperHydro &#x2b50;&#x2b50;<br \/>\nH\u1ed9p 1 Tu\u00fdp 2.5ml<br \/>\nXu\u1ea5t x\u1ee9: Italy<br \/>\n\u2013 Jalupro l\u00e0 d\u00f2ng tr\u1ebb h\u00f3a cao c\u1ea5p c\u1ee7a Italy. Thu\u1ed9c th\u1ebf h\u1ec7 c\u00f4ng th\u1ee9c m\u1edbi nh\u1ea5t hi\u1ec7n nay.<br \/>\n\u2013 Jalupro l\u00e0 s\u1ea3n ph\u1ea9m \u0111a ch\u1ee9c n\u0103ng, gi\u00fap c\u0103ng b\u00f3ng, tr\u1ebb h\u00f3a da m\u1eb7t, t\u00e1i c\u1ea5u tr\u00fac da, x\u00f3a nh\u0103n hi\u1ec7u qu\u1ea3.<br \/>\n\u2013 Jalupro c\u00f2n \u0111\u01b0\u1ee3c s\u1eed d\u1ee5ng ti\u00eam Th\u00e2m qu\u1ea7ng m\u1eaft, l\u00e0m tr\u1ebb h\u00f3a \u0111\u00f4i m\u1eaft, x\u00f3a nh\u0103n v\u1ebft ch\u00e2n chim.<br \/>\n\u2013 Jalupro mang l\u1ea1i hi\u1ec7u qu\u1ea3 cao l\u00ean \u0111\u1ebfn h\u01a1n 90%.<br \/>\n\u2013 Jalupro duy tr\u00ec hi\u1ec7u qu\u1ea3 l\u00e2u d\u00e0i tr\u00ean 1 n\u0103m.<br \/>\n&#x2728; Th\u00e0nh ph\u1ea7n:<br \/>\n\u2022 HA (Hyaluronic acid) 32mg\/ml<br \/>\n\u2022 7 Amino acid<br \/>\n\u2022 3 Peptide<\/p>\n<p>&#x27a1; S\u1eed d\u1ee5ng cho m\u1eaft Th\u00e2m qu\u1ea7ng, nh\u0103n, v\u1ebft ch\u00e2n chim. D\u00f9ng 0.5-0.8ml cho 2 b\u00ean m\u1eaft.<br \/>\n&#x27a1; S\u1eed d\u1ee5ng cho da kh\u00f4, l\u1ed7 ch\u00e2n l\u00f4ng to, nhi\u1ec1u n\u1ebfp nh\u0103n, da l\u00e3o h\u00f3a, thi\u1ebfu s\u1ee9c s\u1ed1ng. D\u00f9ng 1 tu\u00fdp 2.5ml cho khu\u00f4n m\u1eb7t<br \/>\n&#x27a1; S\u1ea3n ph\u1ea9m ch\u1ea5t l\u01b0\u1ee3ng Ch\u00e2u \u00c2u<\/p>\n","protected":false},"featured_media":22430,"comment_status":"open","ping_status":"closed","template":"","meta":[],"product_cat":[55],"product_tag":[],"class_list":{"0":"post-22285","1":"product","2":"type-product","3":"status-publish","4":"has-post-thumbnail","6":"product_cat-meso-cang-bong","8":"first","9":"instock","10":"shipping-taxable","11":"purchasable","12":"product-type-simple"},"_links":{"self":[{"href":"https:\/\/phukienthammy.com.vn\/index.php?rest_route=\/wp\/v2\/product\/22285","targetHints":{"allow":["GET"]}}],"collection":[{"href":"https:\/\/phukienthammy.com.vn\/index.php?rest_route=\/wp\/v2\/product"}],"about":[{"href":"https:\/\/phukienthammy.com.vn\/index.php?rest_route=\/wp\/v2\/types\/product"}],"replies":[{"embeddable":true,"href":"https:\/\/phukienthammy.com.vn\/index.php?rest_route=%2Fwp%2Fv2%2Fcomments&post=22285"}],"version-history":[{"count":0,"href":"https:\/\/phukienthammy.com.vn\/index.php?rest_route=\/wp\/v2\/product\/22285\/revisions"}],"wp:featuredmedia":[{"embeddable":true,"href":"https:\/\/phukienthammy.com.vn\/index.php?rest_route=\/wp\/v2\/media\/22430"}],"wp:attachment":[{"href":"https:\/\/phukienthammy.com.vn\/index.php?rest_route=%2Fwp%2Fv2%2Fmedia&parent=22285"}],"wp:term":[{"taxonomy":"product_cat","embeddable":true,"href":"https:\/\/phukienthammy.com.vn\/index.php?rest_route=%2Fwp%2Fv2%2Fproduct_cat&post=22285"},{"taxonomy":"product_tag","embeddable":true,"href":"https:\/\/phukienthammy.com.vn\/index.php?rest_route=%2Fwp%2Fv2%2Fproduct_tag&post=22285"}],"curies":[{"name":"wp","href":"https:\/\/api.w.org\/{rel}","templated":true}]}}