{"id":22283,"date":"2024-03-20T23:35:47","date_gmt":"2024-03-20T16:35:47","guid":{"rendered":"https:\/\/phukienthammy.com.vn\/?post_type=product&#038;p=22283"},"modified":"2026-01-05T12:28:19","modified_gmt":"2026-01-05T05:28:19","slug":"oxyx","status":"publish","type":"product","link":"https:\/\/phukienthammy.com.vn\/?product=oxyx","title":{"rendered":"Oxyx"},"content":{"rendered":"<h1>Fragmyx Oxyx \u2013 Huy\u1ebft thanh l\u00e0m s\u00e1ng, t\u00e1i t\u1ea1o da v\u00e0 ng\u0103n l\u00e3o h\u00f3a<\/h1>\n<p>Huy\u1ebft thanh t\u00e1i t\u1ea1o v\u00e0 ph\u1ee5c h\u1ed3i c\u1ea5u tr\u00fac da h\u01b0 t\u1ed5n, ng\u0103n ch\u1eb7n qu\u00e1 tr\u00ecnh l\u00e3o h\u00f3a. \u0110\u1ed3ng th\u1eddi ch\u1ed1ng oxy h\u00f3a m\u1ea1nh v\u00e0 l\u00e0m s\u00e1ng da, \u0111\u1ec1u m\u00e0u, m\u1edd n\u00e1m.<br \/>\n<strong>\u0110\u00f3ng g\u00f3i:<\/strong>\u00a05 l\u1ecd x 5ml<br \/>\n<strong>Ch\u1ec9 \u0111\u1ecbnh<\/strong>: Mesotherapy<\/p>\n<hr \/>\n<p>Nguy\u00ean nh\u00e2n l\u00e3o h\u00f3a li\u00ean quan \u0111\u1ebfn nh\u1eefng thay \u0111\u1ed5i trong c\u1ea5u tr\u00fac ph\u00e2n t\u1eed c\u1ee7a DNA, Protein v\u00e0 Lipid. Vi\u1ec7c s\u1eed d\u1ee5ng c\u00e1c ho\u1ea1t ch\u1ea5t ph\u1ee5c h\u1ed3i sinh h\u1ecdc t\u1eeb Acid Hyaluronic, Acid Amin v\u00e0 Vitamin gi\u00fap\u00a0k\u00edch th\u00edch c\u00e1c axit amin n\u1ed9i sinh t\u0103ng sinh ho\u1ea1t \u0111\u1ed9ng, \u0111\u1ea9y nhanh t\u1ed5ng h\u1ee3p Collagen nhi\u1ec1u h\u01a1n, axit amin l\u00e0 ch\u1ea5t gi\u1eef \u1ea9m t\u1ef1 nhi\u00ean gi\u00fap c\u00e1c ch\u1ea5t gi\u1eef \u1ea9m kh\u00e1c ho\u1ea1t \u0111\u1ed9ng t\u1ed1t h\u01a1n tr\u00ean da s\u1ebd duy tr\u00ec \u0111\u1ed9 c\u0103ng m\u01b0\u1edbt, b\u00f3ng kh\u1ecfe tr\u00ean da.<\/p>\n<p>Kh\u00f4ng nh\u1eefng v\u1eady \u0111i k\u00e8m v\u1edbi l\u00e3o h\u00f3a da ch\u00ednh l\u00e0 s\u1ef1 t\u1ed1i d\u1ea7n \u0111i c\u1ee7a m\u00e0u da, hay n\u00f3i c\u00e1ch kh\u00e1c ch\u00ednh l\u00e0 s\u1ea1m da, n\u00e1m da. Huy\u1ebft thanh\u00a0<strong>FRAMYX OXYX\u00a0<\/strong>v\u1edbi s\u1ef1 ph\u1ed1i h\u1ee3p c\u00e1c th\u00e0nh ho\u1ea1t ch\u1ea5t tuy\u1ec7t v\u1eddi, \u0111\u1eb7c bi\u1ec7t cung c\u1ea5p m\u1ed9t l\u01b0\u1ee3ng l\u1edbn acid amin gi\u00fap da tr\u1edf n\u00ean m\u1ec1m m\u1ea1i, \u0111\u1ea9y l\u00f9i c\u00e1c v\u1ebft s\u1ea1m da mang t\u1edbi s\u1ef1 t\u01b0\u01a1i m\u1edbi, c\u0103ng s\u00e1ng cho l\u00e0n da. S\u1ea3n ph\u1ea9m cung c\u1ea5p nh\u1eefng ho\u1ea1t ch\u1ea5t d\u01b0\u1ee1ng \u1ea9m, ph\u1ee5c h\u1ed3i s\u1ef1 t\u1ed5n th\u01b0\u01a1ng da, gi\u00fap da\u00a0 \u0111\u1ea9y l\u00f9i c\u00e1c d\u1ea5u hi\u1ec7u l\u00e3o h\u00f3a.<\/p>\n<h3><strong>C\u00f4ng d\u1ee5ng ch\u00ednh FRAMYX OXYX<\/strong><\/h3>\n<p>\u2013 \u1ee8c ch\u1ebf melanin l\u00e0m s\u00e1ng da, l\u00e0m s\u00e1ng v\u00e0 \u0111\u1ec1u m\u00e0u ph\u00f9 h\u1ee3p cho m\u1ecdi lo\u1ea1i da.<\/p>\n<p>\u2013 C\u1ea3i thi\u1ec7n n\u1ebfp nh\u0103n c\u0169, ng\u0103n ng\u1eeba h\u00ecnh th\u00e0nh n\u1ebfp nh\u0103n m\u1edbi v\u00e0 c\u1ea3i thi\u1ec7n c\u00e1c d\u1ea5u hi\u1ec7u l\u00e3o h\u00f3a s\u1edbm.<\/p>\n<p>\u2013 T\u00e1i t\u1ea1o da m\u1edbi.<\/p>\n<p>\u2013 D\u01b0\u1ee1ng \u1ea9m, c\u1ea5p n\u01b0\u1edbc, t\u0103ng \u0111\u00e0n h\u1ed3i v\u00e0 s\u0103n ch\u1eafc da.<\/p>\n<p>\u2013\u00a0Ph\u1ee5c h\u1ed3i h\u00e0ng r\u00e0o b\u1ea3o v\u1ec7 da, ng\u0103n m\u1ea5t n\u01b0\u1edbc xuy\u00ean b\u00ec.<\/p>\n","protected":false},"excerpt":{"rendered":"<h5>Fragmyx Oxyx \u2013 Huy\u1ebft thanh l\u00e0m s\u00e1ng, t\u00e1i t\u1ea1o da v\u00e0 ng\u0103n l\u00e3o h\u00f3a<\/h5>\n<p>Huy\u1ebft thanh t\u00e1i t\u1ea1o v\u00e0 ph\u1ee5c h\u1ed3i c\u1ea5u tr\u00fac da h\u01b0 t\u1ed5n, ng\u0103n ch\u1eb7n qu\u00e1 tr\u00ecnh l\u00e3o h\u00f3a. \u0110\u1ed3ng th\u1eddi ch\u1ed1ng oxy h\u00f3a m\u1ea1nh v\u00e0 l\u00e0m s\u00e1ng da, \u0111\u1ec1u m\u00e0u, m\u1edd n\u00e1m.<br \/>\n<strong>\u0110\u00f3ng g\u00f3i:<\/strong>\u00a05 l\u1ecd x 5ml<br \/>\n<strong>Ch\u1ec9 \u0111\u1ecbnh<\/strong>: Mesotherapy<\/p>\n<hr \/>\n<p>&nbsp;<\/p>\n","protected":false},"featured_media":22420,"comment_status":"open","ping_status":"closed","template":"","meta":[],"product_cat":[55],"product_tag":[],"class_list":{"0":"post-22283","1":"product","2":"type-product","3":"status-publish","4":"has-post-thumbnail","6":"product_cat-meso-cang-bong","8":"first","9":"instock","10":"shipping-taxable","11":"purchasable","12":"product-type-simple"},"_links":{"self":[{"href":"https:\/\/phukienthammy.com.vn\/index.php?rest_route=\/wp\/v2\/product\/22283","targetHints":{"allow":["GET"]}}],"collection":[{"href":"https:\/\/phukienthammy.com.vn\/index.php?rest_route=\/wp\/v2\/product"}],"about":[{"href":"https:\/\/phukienthammy.com.vn\/index.php?rest_route=\/wp\/v2\/types\/product"}],"replies":[{"embeddable":true,"href":"https:\/\/phukienthammy.com.vn\/index.php?rest_route=%2Fwp%2Fv2%2Fcomments&post=22283"}],"version-history":[{"count":1,"href":"https:\/\/phukienthammy.com.vn\/index.php?rest_route=\/wp\/v2\/product\/22283\/revisions"}],"predecessor-version":[{"id":22807,"href":"https:\/\/phukienthammy.com.vn\/index.php?rest_route=\/wp\/v2\/product\/22283\/revisions\/22807"}],"wp:featuredmedia":[{"embeddable":true,"href":"https:\/\/phukienthammy.com.vn\/index.php?rest_route=\/wp\/v2\/media\/22420"}],"wp:attachment":[{"href":"https:\/\/phukienthammy.com.vn\/index.php?rest_route=%2Fwp%2Fv2%2Fmedia&parent=22283"}],"wp:term":[{"taxonomy":"product_cat","embeddable":true,"href":"https:\/\/phukienthammy.com.vn\/index.php?rest_route=%2Fwp%2Fv2%2Fproduct_cat&post=22283"},{"taxonomy":"product_tag","embeddable":true,"href":"https:\/\/phukienthammy.com.vn\/index.php?rest_route=%2Fwp%2Fv2%2Fproduct_tag&post=22283"}],"curies":[{"name":"wp","href":"https:\/\/api.w.org\/{rel}","templated":true}]}}