{"id":22256,"date":"2024-03-20T23:35:24","date_gmt":"2024-03-20T16:35:24","guid":{"rendered":"https:\/\/phukienthammy.com.vn\/?post_type=product&#038;p=22256"},"modified":"2024-03-20T23:37:58","modified_gmt":"2024-03-20T16:37:58","slug":"kich-tan-mo-muscle","status":"publish","type":"product","link":"https:\/\/phukienthammy.com.vn\/?product=kich-tan-mo-muscle","title":{"rendered":"K\u00edch Tan M\u1ee1 Muscle\u00a0"},"content":{"rendered":"<div dir=\"auto\">K\u00edch Tan M\u1ee1 Muscle<\/div>\n<div dir=\"auto\"><span class=\"x3nfvp2 x1j61x8r x1fcty0u xdj266r xhhsvwb xat24cr xgzva0m xxymvpz xlup9mm x1kky2od\"><img decoding=\"async\" class=\"xz74otr\" src=\"https:\/\/static.xx.fbcdn.net\/images\/emoji.php\/v9\/t15\/2\/16\/1f48b.png\" alt=\"&#x1f48b;\" width=\"16\" height=\"16\" \/><\/span>Mix v\u1edbi c\u00e1c thu\u1ed1c tan m\u1ee1 Stella,Slim, Gana Vline&#8230; s\u1ebd n\u00e2ng cao hi\u1ec7u qu\u1ea3 ti\u00eam tan m\u1ee1 b\u1ee5ng .<\/div>\n<div dir=\"auto\"><span class=\"x3nfvp2 x1j61x8r x1fcty0u xdj266r xhhsvwb xat24cr xgzva0m xxymvpz xlup9mm x1kky2od\"><img decoding=\"async\" class=\"xz74otr\" src=\"https:\/\/static.xx.fbcdn.net\/images\/emoji.php\/v9\/t15\/2\/16\/1f48b.png\" alt=\"&#x1f48b;\" width=\"16\" height=\"16\" \/><\/span>T\u00e1c d\u1ee5ng gi\u1ea3m m\u1ee1 tr\u00ean nhi\u1ec1u v\u00f9ng c\u1ee7a c\u01a1 th\u1ec3 nh\u01b0: b\u1ee5ng, h\u00f4ng, \u0111\u00f9i, b\u1eafp tay,<\/div>\n<div dir=\"auto\"><span class=\"x3nfvp2 x1j61x8r x1fcty0u xdj266r xhhsvwb xat24cr xgzva0m xxymvpz xlup9mm x1kky2od\"><img decoding=\"async\" class=\"xz74otr\" src=\"https:\/\/static.xx.fbcdn.net\/images\/emoji.php\/v9\/t5e\/2\/16\/274c.png\" alt=\"&#x274c;\" width=\"16\" height=\"16\" \/><\/span>Hi\u1ec7u qu\u1ea3 tr\u1ecb li\u1ec7u nhanh ch\u00f3ng.<\/div>\n<div dir=\"auto\"><span class=\"x3nfvp2 x1j61x8r x1fcty0u xdj266r xhhsvwb xat24cr xgzva0m xxymvpz xlup9mm x1kky2od\"><img decoding=\"async\" class=\"xz74otr\" src=\"https:\/\/static.xx.fbcdn.net\/images\/emoji.php\/v9\/t5e\/2\/16\/274c.png\" alt=\"&#x274c;\" width=\"16\" height=\"16\" \/><\/span>T\u00e1c \u0111\u1ed9ng nh\u1eb9 nh\u00e0ng m\u00e0 kh\u00f4ng c\u1ea7n \u0111\u1ebfn ph\u1eabu thu\u1eadt can thi\u1ec7p.<\/div>\n<div dir=\"auto\"><span class=\"x3nfvp2 x1j61x8r x1fcty0u xdj266r xhhsvwb xat24cr xgzva0m xxymvpz xlup9mm x1kky2od\"><img decoding=\"async\" class=\"xz74otr\" src=\"https:\/\/static.xx.fbcdn.net\/images\/emoji.php\/v9\/t5e\/2\/16\/274c.png\" alt=\"&#x274c;\" width=\"16\" height=\"16\" \/><\/span>Ti\u1ebft ki\u1ec7m th\u1eddi gian so v\u1edbi c\u00e1c ph\u01b0\u01a1ng ph\u00e1p gi\u1ea3m c\u00e2n \u0111\u00f2i h\u1ecfi v\u1eadn \u0111\u1ed9ng v\u00e0 ch\u1ebf \u0111\u1ed9 ki\u00eang khem. Kh\u00f4ng t\u1ed1n th\u1eddi gian ngh\u1ec9 d\u01b0\u1ee1ng sau \u0111i\u1ec1u tr\u1ecb.<\/div>\n<div dir=\"auto\"><span class=\"x3nfvp2 x1j61x8r x1fcty0u xdj266r xhhsvwb xat24cr xgzva0m xxymvpz xlup9mm x1kky2od\"><img decoding=\"async\" class=\"xz74otr\" src=\"https:\/\/static.xx.fbcdn.net\/images\/emoji.php\/v9\/t5e\/2\/16\/274c.png\" alt=\"&#x274c;\" width=\"16\" height=\"16\" \/><\/span>K\u00edch th\u00edch tu\u1ea7n ho\u00e0n m\u00e1u l\u00e0m tan m\u1ee1 c\u1ee5c b\u1ed9, l\u1ea5y \u0111i c\u00e1c m\u00f4 li\u00ean k\u1ebft b\u1ecb x\u01a1 c\u1ee9ng.<\/div>\n","protected":false},"excerpt":{"rendered":"<div dir=\"auto\">K\u00edch Tan M\u1ee1 Muscle<\/div>\n<div dir=\"auto\"><span class=\"x3nfvp2 x1j61x8r x1fcty0u xdj266r xhhsvwb xat24cr xgzva0m xxymvpz xlup9mm x1kky2od\"><img decoding=\"async\" class=\"xz74otr\" src=\"https:\/\/static.xx.fbcdn.net\/images\/emoji.php\/v9\/t15\/2\/16\/1f48b.png\" alt=\"&#x1f48b;\" width=\"16\" height=\"16\" \/><\/span>Mix v\u1edbi c\u00e1c thu\u1ed1c tan m\u1ee1 Stella,Slim, Gana Vline&#8230; s\u1ebd n\u00e2ng cao hi\u1ec7u qu\u1ea3 ti\u00eam tan m\u1ee1 b\u1ee5ng .<\/div>\n<div dir=\"auto\"><span class=\"x3nfvp2 x1j61x8r x1fcty0u xdj266r xhhsvwb xat24cr xgzva0m xxymvpz xlup9mm x1kky2od\"><img decoding=\"async\" class=\"xz74otr\" src=\"https:\/\/static.xx.fbcdn.net\/images\/emoji.php\/v9\/t15\/2\/16\/1f48b.png\" alt=\"&#x1f48b;\" width=\"16\" height=\"16\" \/><\/span>T\u00e1c d\u1ee5ng gi\u1ea3m m\u1ee1 tr\u00ean nhi\u1ec1u v\u00f9ng c\u1ee7a c\u01a1 th\u1ec3 nh\u01b0: b\u1ee5ng, h\u00f4ng, \u0111\u00f9i, b\u1eafp tay,<\/div>\n<div dir=\"auto\"><span class=\"x3nfvp2 x1j61x8r x1fcty0u xdj266r xhhsvwb xat24cr xgzva0m xxymvpz xlup9mm x1kky2od\"><img decoding=\"async\" class=\"xz74otr\" src=\"https:\/\/static.xx.fbcdn.net\/images\/emoji.php\/v9\/t5e\/2\/16\/274c.png\" alt=\"&#x274c;\" width=\"16\" height=\"16\" \/><\/span>Hi\u1ec7u qu\u1ea3 tr\u1ecb li\u1ec7u nhanh ch\u00f3ng.<\/div>\n<div dir=\"auto\"><span class=\"x3nfvp2 x1j61x8r x1fcty0u xdj266r xhhsvwb xat24cr xgzva0m xxymvpz xlup9mm x1kky2od\"><img decoding=\"async\" class=\"xz74otr\" src=\"https:\/\/static.xx.fbcdn.net\/images\/emoji.php\/v9\/t5e\/2\/16\/274c.png\" alt=\"&#x274c;\" width=\"16\" height=\"16\" \/><\/span>T\u00e1c \u0111\u1ed9ng nh\u1eb9 nh\u00e0ng m\u00e0 kh\u00f4ng c\u1ea7n \u0111\u1ebfn ph\u1eabu thu\u1eadt can thi\u1ec7p.<\/div>\n<div dir=\"auto\"><span class=\"x3nfvp2 x1j61x8r x1fcty0u xdj266r xhhsvwb xat24cr xgzva0m xxymvpz xlup9mm x1kky2od\"><img decoding=\"async\" class=\"xz74otr\" src=\"https:\/\/static.xx.fbcdn.net\/images\/emoji.php\/v9\/t5e\/2\/16\/274c.png\" alt=\"&#x274c;\" width=\"16\" height=\"16\" \/><\/span>Ti\u1ebft ki\u1ec7m th\u1eddi gian so v\u1edbi c\u00e1c ph\u01b0\u01a1ng ph\u00e1p gi\u1ea3m c\u00e2n \u0111\u00f2i h\u1ecfi v\u1eadn \u0111\u1ed9ng v\u00e0 ch\u1ebf \u0111\u1ed9 ki\u00eang khem. Kh\u00f4ng t\u1ed1n th\u1eddi gian ngh\u1ec9 d\u01b0\u1ee1ng sau \u0111i\u1ec1u tr\u1ecb.<\/div>\n<div dir=\"auto\"><span class=\"x3nfvp2 x1j61x8r x1fcty0u xdj266r xhhsvwb xat24cr xgzva0m xxymvpz xlup9mm x1kky2od\"><img decoding=\"async\" class=\"xz74otr\" src=\"https:\/\/static.xx.fbcdn.net\/images\/emoji.php\/v9\/t5e\/2\/16\/274c.png\" alt=\"&#x274c;\" width=\"16\" height=\"16\" \/><\/span>K\u00edch th\u00edch tu\u1ea7n ho\u00e0n m\u00e1u l\u00e0m tan m\u1ee1 c\u1ee5c b\u1ed9, l\u1ea5y \u0111i c\u00e1c m\u00f4 li\u00ean k\u1ebft b\u1ecb x\u01a1 c\u1ee9ng.<\/div>\n","protected":false},"featured_media":22410,"comment_status":"open","ping_status":"closed","template":"","meta":[],"product_cat":[54],"product_tag":[],"class_list":{"0":"post-22256","1":"product","2":"type-product","3":"status-publish","4":"has-post-thumbnail","6":"product_cat-tan-mo","8":"first","9":"instock","10":"shipping-taxable","11":"purchasable","12":"product-type-simple"},"_links":{"self":[{"href":"https:\/\/phukienthammy.com.vn\/index.php?rest_route=\/wp\/v2\/product\/22256","targetHints":{"allow":["GET"]}}],"collection":[{"href":"https:\/\/phukienthammy.com.vn\/index.php?rest_route=\/wp\/v2\/product"}],"about":[{"href":"https:\/\/phukienthammy.com.vn\/index.php?rest_route=\/wp\/v2\/types\/product"}],"replies":[{"embeddable":true,"href":"https:\/\/phukienthammy.com.vn\/index.php?rest_route=%2Fwp%2Fv2%2Fcomments&post=22256"}],"version-history":[{"count":0,"href":"https:\/\/phukienthammy.com.vn\/index.php?rest_route=\/wp\/v2\/product\/22256\/revisions"}],"wp:featuredmedia":[{"embeddable":true,"href":"https:\/\/phukienthammy.com.vn\/index.php?rest_route=\/wp\/v2\/media\/22410"}],"wp:attachment":[{"href":"https:\/\/phukienthammy.com.vn\/index.php?rest_route=%2Fwp%2Fv2%2Fmedia&parent=22256"}],"wp:term":[{"taxonomy":"product_cat","embeddable":true,"href":"https:\/\/phukienthammy.com.vn\/index.php?rest_route=%2Fwp%2Fv2%2Fproduct_cat&post=22256"},{"taxonomy":"product_tag","embeddable":true,"href":"https:\/\/phukienthammy.com.vn\/index.php?rest_route=%2Fwp%2Fv2%2Fproduct_tag&post=22256"}],"curies":[{"name":"wp","href":"https:\/\/api.w.org\/{rel}","templated":true}]}}