{"id":22255,"date":"2024-03-20T23:35:24","date_gmt":"2024-03-20T16:35:24","guid":{"rendered":"https:\/\/phukienthammy.com.vn\/?post_type=product&#038;p=22255"},"modified":"2024-03-20T23:37:55","modified_gmt":"2024-03-20T16:37:55","slug":"tan-mo-pillox","status":"publish","type":"product","link":"https:\/\/phukienthammy.com.vn\/?product=tan-mo-pillox","title":{"rendered":"Tan M\u1ee1 Pillox"},"content":{"rendered":"<div dir=\"auto\">Tan M\u1ee1 Pillox<\/div>\n<div dir=\"auto\"><span class=\"x3nfvp2 x1j61x8r x1fcty0u xdj266r xhhsvwb xat24cr xgzva0m xxymvpz xlup9mm x1kky2od\"><img decoding=\"async\" class=\"xz74otr\" src=\"https:\/\/static.xx.fbcdn.net\/images\/emoji.php\/v9\/t60\/2\/16\/1f4a6.png\" alt=\"&#x1f4a6;\" width=\"16\" height=\"16\" \/><\/span> H\u00e3ng s\u1ea3n xu\u1ea5t: Humedix<\/div>\n<div dir=\"auto\"><span class=\"x3nfvp2 x1j61x8r x1fcty0u xdj266r xhhsvwb xat24cr xgzva0m xxymvpz xlup9mm x1kky2od\"><img decoding=\"async\" class=\"xz74otr\" src=\"https:\/\/static.xx.fbcdn.net\/images\/emoji.php\/v9\/t60\/2\/16\/1f4a6.png\" alt=\"&#x1f4a6;\" width=\"16\" height=\"16\" \/><\/span> Xu\u1ea5t x\u1ee9: H\u00e0n Qu\u1ed1c<\/div>\n<div dir=\"auto\"><span class=\"x3nfvp2 x1j61x8r x1fcty0u xdj266r xhhsvwb xat24cr xgzva0m xxymvpz xlup9mm x1kky2od\"><img decoding=\"async\" class=\"xz74otr\" src=\"https:\/\/static.xx.fbcdn.net\/images\/emoji.php\/v9\/t60\/2\/16\/1f4a6.png\" alt=\"&#x1f4a6;\" width=\"16\" height=\"16\" \/><\/span> Quy c\u00e1ch: H\u1ed9p 5 l\u1ecd, 1 l\u1ecd x 10ml.<\/div>\n<div dir=\"auto\">Ti\u00eam tan m\u1ee1 Pillox l\u00e0 c\u00f4ng th\u1ee9c \u0111\u1ed9c \u0111\u00e1o gi\u00fap gi\u1ea3m b\u00e9o t\u1eebng ph\u1ea7n, \u0111\u00e1nh d\u1ea5u b\u01b0\u1edbc ti\u1ebfn m\u1ea1nh m\u1ebd trong c\u00f4ng ngh\u1ec7 gi\u1ea3m b\u00e9o hi\u1ec7n \u0111\u1ea1i, ph\u00e1 v\u1ee1 k\u1ebft c\u1ea5u ch\u1eb7t ch\u1ebd c\u1ee7a m\u00f4 m\u1ee1 l\u00e2u n\u0103m d\u01b0\u1edbi da, khi\u1ebfn ch\u00fang m\u1ec1m ra, b\u1ecb \u0111\u1ed1t ch\u00e1y \u0111\u1ed3ng th\u1eddi l\u00e0m ph\u00e2n h\u1ee7y m\u1ed9t c\u00e1ch d\u1ec5 d\u00e0ng.<\/div>\n<div dir=\"auto\">C\u00e1c v\u00f9ng c\u00f3 th\u1ec3 \u0111i\u1ec1u tr\u1ecb:<\/div>\n<div dir=\"auto\">Ti\u00eam tan m\u1ee1 v\u00e0 s\u0103n ch\u1eafc v\u00f9ng m\u00e1, quai h\u00e0m, n\u1ecdng c\u1ed5.<\/div>\n<div dir=\"auto\">Ti\u00eam tan m\u1ee1 v\u00e0 s\u0103n ch\u1eafc v\u00f9ng vai, ng\u1ef1c, h\u00f4ng, eo, b\u1ee5ng.<\/div>\n<div dir=\"auto\">Ti\u00eam tan m\u1ee1 v\u00e0 s\u0103n ch\u1eafc v\u00f9ng b\u1eafp tay, b\u1eafp ch\u00e2n, \u0111\u00f9i, m\u00f4ng,&#8230;<\/div>\n<div dir=\"auto\">H\u01b0\u1edbng d\u1eabn s\u1eed d\u1ee5ng:<\/div>\n<div dir=\"auto\">X\u00e1c \u0111\u1ecbnh v\u00f9ng c\u1ea7n tr\u1ecb li\u1ec7u tr\u00ean c\u01a1 th\u1ec3.<\/div>\n<div dir=\"auto\">Thoa t\u00ea nh\u1eb9 l\u00ean v\u00f9ng da c\u1ea7n ti\u00eam.<\/div>\n<div dir=\"auto\">Ti\u00eam d\u01b0\u1edbi da hay c\u00f2n g\u1ecdi l\u00e0 th\u1ee7 thu\u1eadt Mesotherapy .<\/div>\n<div dir=\"auto\">M\u1ed7i l\u1ea7n ti\u00eam t\u00f9y theo th\u1ec3 tr\u1ea1ng b\u00e9o nhi\u1ec1u, b\u00e9o \u00edt, m\u1ee1 d\u00e0y hay m\u1ee1 m\u1ecfng m\u00e0 c\u00f3 l\u01b0\u1ee3ng ti\u00eam ph\u00f9 h\u1ee3p:<\/div>\n<div dir=\"auto\"><span class=\"x3nfvp2 x1j61x8r x1fcty0u xdj266r xhhsvwb xat24cr xgzva0m xxymvpz xlup9mm x1kky2od\"><img decoding=\"async\" class=\"xz74otr\" src=\"https:\/\/static.xx.fbcdn.net\/images\/emoji.php\/v9\/td2\/2\/16\/2714.png\" alt=\"&#x2714;&#xfe0f;\" width=\"16\" height=\"16\" \/><\/span> Kh\u00f4ng c\u1ea7n ph\u1ea3i ngh\u1ec9 d\u01b0\u1ee1ng hay c\u1ea7n th\u1eddi gian h\u1ed3i ph\u1ee5c.<\/div>\n<div dir=\"auto\"><span class=\"x3nfvp2 x1j61x8r x1fcty0u xdj266r xhhsvwb xat24cr xgzva0m xxymvpz xlup9mm x1kky2od\"><img decoding=\"async\" class=\"xz74otr\" src=\"https:\/\/static.xx.fbcdn.net\/images\/emoji.php\/v9\/td2\/2\/16\/2714.png\" alt=\"&#x2714;&#xfe0f;\" width=\"16\" height=\"16\" \/><\/span> Kh\u00f4ng b\u00e9o l\u1ea1i nh\u1edd c\u00f4ng ngh\u1ec7 ch\u1ed1ng t\u00edch m\u1ee1.<\/div>\n<div dir=\"auto\"><span class=\"x3nfvp2 x1j61x8r x1fcty0u xdj266r xhhsvwb xat24cr xgzva0m xxymvpz xlup9mm x1kky2od\"><img decoding=\"async\" class=\"xz74otr\" src=\"https:\/\/static.xx.fbcdn.net\/images\/emoji.php\/v9\/td2\/2\/16\/2714.png\" alt=\"&#x2714;&#xfe0f;\" width=\"16\" height=\"16\" \/><\/span> Ph\u00f9 h\u1ee3p m\u1ecdi \u0111\u1ed1i t\u01b0\u1ee3ng nam n\u1eef, gi\u00e0, tr\u1ebb.<\/div>\n","protected":false},"excerpt":{"rendered":"<div dir=\"auto\">Tan M\u1ee1 Pillox<\/div>\n<div dir=\"auto\"><span class=\"x3nfvp2 x1j61x8r x1fcty0u xdj266r xhhsvwb xat24cr xgzva0m xxymvpz xlup9mm x1kky2od\"><img decoding=\"async\" class=\"xz74otr\" src=\"https:\/\/static.xx.fbcdn.net\/images\/emoji.php\/v9\/t60\/2\/16\/1f4a6.png\" alt=\"&#x1f4a6;\" width=\"16\" height=\"16\" \/><\/span> H\u00e3ng s\u1ea3n xu\u1ea5t: Humedix<\/div>\n<div dir=\"auto\"><span class=\"x3nfvp2 x1j61x8r x1fcty0u xdj266r xhhsvwb xat24cr xgzva0m xxymvpz xlup9mm x1kky2od\"><img decoding=\"async\" class=\"xz74otr\" src=\"https:\/\/static.xx.fbcdn.net\/images\/emoji.php\/v9\/t60\/2\/16\/1f4a6.png\" alt=\"&#x1f4a6;\" width=\"16\" height=\"16\" \/><\/span> Xu\u1ea5t x\u1ee9: H\u00e0n Qu\u1ed1c<\/div>\n<div dir=\"auto\"><span class=\"x3nfvp2 x1j61x8r x1fcty0u xdj266r xhhsvwb xat24cr xgzva0m xxymvpz xlup9mm x1kky2od\"><img decoding=\"async\" class=\"xz74otr\" src=\"https:\/\/static.xx.fbcdn.net\/images\/emoji.php\/v9\/t60\/2\/16\/1f4a6.png\" alt=\"&#x1f4a6;\" width=\"16\" height=\"16\" \/><\/span> Quy c\u00e1ch: H\u1ed9p 5 l\u1ecd, 1 l\u1ecd x 10ml.<\/div>\n<div dir=\"auto\">Ti\u00eam tan m\u1ee1 Pillox l\u00e0 c\u00f4ng th\u1ee9c \u0111\u1ed9c \u0111\u00e1o gi\u00fap gi\u1ea3m b\u00e9o t\u1eebng ph\u1ea7n, \u0111\u00e1nh d\u1ea5u b\u01b0\u1edbc ti\u1ebfn m\u1ea1nh m\u1ebd trong c\u00f4ng ngh\u1ec7 gi\u1ea3m b\u00e9o hi\u1ec7n \u0111\u1ea1i, ph\u00e1 v\u1ee1 k\u1ebft c\u1ea5u ch\u1eb7t ch\u1ebd c\u1ee7a m\u00f4 m\u1ee1 l\u00e2u n\u0103m d\u01b0\u1edbi da, khi\u1ebfn ch\u00fang m\u1ec1m ra, b\u1ecb \u0111\u1ed1t ch\u00e1y \u0111\u1ed3ng th\u1eddi l\u00e0m ph\u00e2n h\u1ee7y m\u1ed9t c\u00e1ch d\u1ec5 d\u00e0ng.<\/div>\n<div dir=\"auto\">C\u00e1c v\u00f9ng c\u00f3 th\u1ec3 \u0111i\u1ec1u tr\u1ecb:<\/div>\n<div dir=\"auto\">Ti\u00eam tan m\u1ee1 v\u00e0 s\u0103n ch\u1eafc v\u00f9ng m\u00e1, quai h\u00e0m, n\u1ecdng c\u1ed5.<\/div>\n<div dir=\"auto\">Ti\u00eam tan m\u1ee1 v\u00e0 s\u0103n ch\u1eafc v\u00f9ng vai, ng\u1ef1c, h\u00f4ng, eo, b\u1ee5ng.<\/div>\n<div dir=\"auto\">Ti\u00eam tan m\u1ee1 v\u00e0 s\u0103n ch\u1eafc v\u00f9ng b\u1eafp tay, b\u1eafp ch\u00e2n, \u0111\u00f9i, m\u00f4ng,&#8230;<\/div>\n<div dir=\"auto\">H\u01b0\u1edbng d\u1eabn s\u1eed d\u1ee5ng:<\/div>\n<div dir=\"auto\">X\u00e1c \u0111\u1ecbnh v\u00f9ng c\u1ea7n tr\u1ecb li\u1ec7u tr\u00ean c\u01a1 th\u1ec3.<\/div>\n<div dir=\"auto\">Thoa t\u00ea nh\u1eb9 l\u00ean v\u00f9ng da c\u1ea7n ti\u00eam.<\/div>\n<div dir=\"auto\">Ti\u00eam d\u01b0\u1edbi da hay c\u00f2n g\u1ecdi l\u00e0 th\u1ee7 thu\u1eadt Mesotherapy .<\/div>\n<div dir=\"auto\">M\u1ed7i l\u1ea7n ti\u00eam t\u00f9y theo th\u1ec3 tr\u1ea1ng b\u00e9o nhi\u1ec1u, b\u00e9o \u00edt, m\u1ee1 d\u00e0y hay m\u1ee1 m\u1ecfng m\u00e0 c\u00f3 l\u01b0\u1ee3ng ti\u00eam ph\u00f9 h\u1ee3p:<\/div>\n<div dir=\"auto\"><span class=\"x3nfvp2 x1j61x8r x1fcty0u xdj266r xhhsvwb xat24cr xgzva0m xxymvpz xlup9mm x1kky2od\"><img decoding=\"async\" class=\"xz74otr\" src=\"https:\/\/static.xx.fbcdn.net\/images\/emoji.php\/v9\/td2\/2\/16\/2714.png\" alt=\"&#x2714;&#xfe0f;\" width=\"16\" height=\"16\" \/><\/span> Kh\u00f4ng c\u1ea7n ph\u1ea3i ngh\u1ec9 d\u01b0\u1ee1ng hay c\u1ea7n th\u1eddi gian h\u1ed3i ph\u1ee5c.<\/div>\n<div dir=\"auto\"><span class=\"x3nfvp2 x1j61x8r x1fcty0u xdj266r xhhsvwb xat24cr xgzva0m xxymvpz xlup9mm x1kky2od\"><img decoding=\"async\" class=\"xz74otr\" src=\"https:\/\/static.xx.fbcdn.net\/images\/emoji.php\/v9\/td2\/2\/16\/2714.png\" alt=\"&#x2714;&#xfe0f;\" width=\"16\" height=\"16\" \/><\/span> Kh\u00f4ng b\u00e9o l\u1ea1i nh\u1edd c\u00f4ng ngh\u1ec7 ch\u1ed1ng t\u00edch m\u1ee1.<\/div>\n<div dir=\"auto\"><span class=\"x3nfvp2 x1j61x8r x1fcty0u xdj266r xhhsvwb xat24cr xgzva0m xxymvpz xlup9mm x1kky2od\"><img decoding=\"async\" class=\"xz74otr\" src=\"https:\/\/static.xx.fbcdn.net\/images\/emoji.php\/v9\/td2\/2\/16\/2714.png\" alt=\"&#x2714;&#xfe0f;\" width=\"16\" height=\"16\" \/><\/span> Ph\u00f9 h\u1ee3p m\u1ecdi \u0111\u1ed1i t\u01b0\u1ee3ng nam n\u1eef, gi\u00e0, tr\u1ebb.<\/div>\n","protected":false},"featured_media":22405,"comment_status":"open","ping_status":"closed","template":"","meta":[],"product_cat":[54],"product_tag":[],"class_list":{"0":"post-22255","1":"product","2":"type-product","3":"status-publish","4":"has-post-thumbnail","6":"product_cat-tan-mo","8":"first","9":"instock","10":"shipping-taxable","11":"purchasable","12":"product-type-simple"},"_links":{"self":[{"href":"https:\/\/phukienthammy.com.vn\/index.php?rest_route=\/wp\/v2\/product\/22255","targetHints":{"allow":["GET"]}}],"collection":[{"href":"https:\/\/phukienthammy.com.vn\/index.php?rest_route=\/wp\/v2\/product"}],"about":[{"href":"https:\/\/phukienthammy.com.vn\/index.php?rest_route=\/wp\/v2\/types\/product"}],"replies":[{"embeddable":true,"href":"https:\/\/phukienthammy.com.vn\/index.php?rest_route=%2Fwp%2Fv2%2Fcomments&post=22255"}],"version-history":[{"count":0,"href":"https:\/\/phukienthammy.com.vn\/index.php?rest_route=\/wp\/v2\/product\/22255\/revisions"}],"wp:featuredmedia":[{"embeddable":true,"href":"https:\/\/phukienthammy.com.vn\/index.php?rest_route=\/wp\/v2\/media\/22405"}],"wp:attachment":[{"href":"https:\/\/phukienthammy.com.vn\/index.php?rest_route=%2Fwp%2Fv2%2Fmedia&parent=22255"}],"wp:term":[{"taxonomy":"product_cat","embeddable":true,"href":"https:\/\/phukienthammy.com.vn\/index.php?rest_route=%2Fwp%2Fv2%2Fproduct_cat&post=22255"},{"taxonomy":"product_tag","embeddable":true,"href":"https:\/\/phukienthammy.com.vn\/index.php?rest_route=%2Fwp%2Fv2%2Fproduct_tag&post=22255"}],"curies":[{"name":"wp","href":"https:\/\/api.w.org\/{rel}","templated":true}]}}