{"id":22254,"date":"2024-03-20T23:35:24","date_gmt":"2024-03-20T16:35:24","guid":{"rendered":"https:\/\/phukienthammy.com.vn\/?post_type=product&#038;p=22254"},"modified":"2024-03-20T23:37:53","modified_gmt":"2024-03-20T16:37:53","slug":"tan-mo-kairax-365-lab","status":"publish","type":"product","link":"https:\/\/phukienthammy.com.vn\/?product=tan-mo-kairax-365-lab","title":{"rendered":"Tan M\u1ee1 Kairax 365 Lab"},"content":{"rendered":"<div class=\"xdj266r x11i5rnm xat24cr x1mh8g0r x1vvkbs x126k92a\">\n<div dir=\"auto\"><span class=\"x3nfvp2 x1j61x8r x1fcty0u xdj266r xhhsvwb xat24cr xgzva0m xxymvpz xlup9mm x1kky2od\"><img decoding=\"async\" class=\"xz74otr\" src=\"https:\/\/static.xx.fbcdn.net\/images\/emoji.php\/v9\/t5e\/2\/16\/274c.png\" alt=\"&#x274c;\" width=\"16\" height=\"16\" \/><\/span><span class=\"x3nfvp2 x1j61x8r x1fcty0u xdj266r xhhsvwb xat24cr xgzva0m xxymvpz xlup9mm x1kky2od\"><img decoding=\"async\" class=\"xz74otr\" src=\"https:\/\/static.xx.fbcdn.net\/images\/emoji.php\/v9\/t5e\/2\/16\/274c.png\" alt=\"&#x274c;\" width=\"16\" height=\"16\" \/><\/span><span class=\"x3nfvp2 x1j61x8r x1fcty0u xdj266r xhhsvwb xat24cr xgzva0m xxymvpz xlup9mm x1kky2od\"><img decoding=\"async\" class=\"xz74otr\" src=\"https:\/\/static.xx.fbcdn.net\/images\/emoji.php\/v9\/t5e\/2\/16\/274c.png\" alt=\"&#x274c;\" width=\"16\" height=\"16\" \/>Tan M\u1ee1 Kairax 365 Lab<\/span>: S\u1ef0 L\u1ef0A CH\u1eccN TUY\u1ec6T V\u1edcI CHO GI\u1ea2M M\u1ee0 <span class=\"x3nfvp2 x1j61x8r x1fcty0u xdj266r xhhsvwb xat24cr xgzva0m xxymvpz xlup9mm x1kky2od\"><img decoding=\"async\" class=\"xz74otr\" src=\"https:\/\/static.xx.fbcdn.net\/images\/emoji.php\/v9\/t5e\/2\/16\/274c.png\" alt=\"&#x274c;\" width=\"16\" height=\"16\" \/><\/span><span class=\"x3nfvp2 x1j61x8r x1fcty0u xdj266r xhhsvwb xat24cr xgzva0m xxymvpz xlup9mm x1kky2od\"><img decoding=\"async\" class=\"xz74otr\" src=\"https:\/\/static.xx.fbcdn.net\/images\/emoji.php\/v9\/t5e\/2\/16\/274c.png\" alt=\"&#x274c;\" width=\"16\" height=\"16\" \/><\/span><span class=\"x3nfvp2 x1j61x8r x1fcty0u xdj266r xhhsvwb xat24cr xgzva0m xxymvpz xlup9mm x1kky2od\"><img decoding=\"async\" class=\"xz74otr\" src=\"https:\/\/static.xx.fbcdn.net\/images\/emoji.php\/v9\/t5e\/2\/16\/274c.png\" alt=\"&#x274c;\" width=\"16\" height=\"16\" \/><\/span><\/div>\n<\/div>\n<div class=\"x11i5rnm xat24cr x1mh8g0r x1vvkbs xtlvy1s x126k92a\">\n<div dir=\"auto\"><span class=\"x3nfvp2 x1j61x8r x1fcty0u xdj266r xhhsvwb xat24cr xgzva0m xxymvpz xlup9mm x1kky2od\"><img decoding=\"async\" class=\"xz74otr\" src=\"https:\/\/static.xx.fbcdn.net\/images\/emoji.php\/v9\/td\/2\/16\/1f534.png\" alt=\"&#x1f534;\" width=\"16\" height=\"16\" \/><\/span> M\u1ee0 B\u00c1M L\u00c2U N\u0102M V\u1eaaN TAN 15 K\u00cd V\u00d2NG B\u1ee4NG \u0111\u00f3 nh\u00e9 c\u00e1c T\u00ccNH Y\u00caU<\/div>\n<div dir=\"auto\">V\u1edbi C\u00f4ng Ngh\u1ec7 #SI\u00caU_H\u1ee6Y_M\u1ee0 KAIRAX 365 LAB<\/div>\n<div dir=\"auto\">Gi\u1ea3m m\u1ee1 l\u00e0 th\u1eed th\u00e1ch kh\u00f4ng h\u1ec1 d\u1ec5. \u0110\u1eb7c bi\u1ec7t l\u00e0 ch\u1ecb em ph\u1ee5 n\u1eef \u1edf \u0111\u1ed9 tu\u1ed5i trung ni\u00ean, ph\u1ee5 n\u1eef m\u1edbi sinh, nh\u1eefng ng\u01b0\u1eddi c\u00f3 c\u01a1 \u0111\u1ecba kh\u00f3 gi\u1ea3m<\/div>\n<div dir=\"auto\"><span class=\"x3nfvp2 x1j61x8r x1fcty0u xdj266r xhhsvwb xat24cr xgzva0m xxymvpz xlup9mm x1kky2od\"><img decoding=\"async\" class=\"xz74otr\" src=\"https:\/\/static.xx.fbcdn.net\/images\/emoji.php\/v9\/td\/2\/16\/1f534.png\" alt=\"&#x1f534;\" width=\"16\" height=\"16\" \/><\/span>\u0110\u00e0o th\u1ea3i m\u1ee1 gi\u1ea3m (b\u1ee5ng,vai, \u0111\u00f9i, b\u1eafp tay, b\u1eafp ch\u00e2n&#8230;)<\/div>\n<div dir=\"auto\"><span class=\"x3nfvp2 x1j61x8r x1fcty0u xdj266r xhhsvwb xat24cr xgzva0m xxymvpz xlup9mm x1kky2od\"><img decoding=\"async\" class=\"xz74otr\" src=\"https:\/\/static.xx.fbcdn.net\/images\/emoji.php\/v9\/td2\/2\/16\/2714.png\" alt=\"&#x2714;\" width=\"16\" height=\"16\" \/><\/span> Gi\u1ea3m m\u1ee1 b\u1ee5ng, h\u00f4ng, m\u00f4ng, \u0111\u00f9i, b\u1eafp tay, c\u1eb1m, t\u00fai m\u1ee1 d\u01b0\u1edbi m\u1eaft hay b\u1ea5t k\u1ef3 n\u01a1i n\u00e0o b\u1ea1n mu\u1ed1n &#8211; M\u00f4 m\u1ee1.<\/div>\n<div dir=\"auto\"><span class=\"x3nfvp2 x1j61x8r x1fcty0u xdj266r xhhsvwb xat24cr xgzva0m xxymvpz xlup9mm x1kky2od\"><img decoding=\"async\" class=\"xz74otr\" src=\"https:\/\/static.xx.fbcdn.net\/images\/emoji.php\/v9\/td2\/2\/16\/2714.png\" alt=\"&#x2714;\" width=\"16\" height=\"16\" \/><\/span> Kh\u00f4ng ph\u1ea3i h\u00fat m\u1ee1 b\u1eb1ng ph\u1eabu thu\u1eadt.<\/div>\n<div dir=\"auto\"><span class=\"x3nfvp2 x1j61x8r x1fcty0u xdj266r xhhsvwb xat24cr xgzva0m xxymvpz xlup9mm x1kky2od\"><img decoding=\"async\" class=\"xz74otr\" src=\"https:\/\/static.xx.fbcdn.net\/images\/emoji.php\/v9\/td2\/2\/16\/2714.png\" alt=\"&#x2714;\" width=\"16\" height=\"16\" \/><\/span> Kh\u00f4ng \u0111au, kh\u00f4ng c\u00f3 t\u00e1c \u0111\u1ed9ng b\u1eb1ng c\u01a1 h\u1ecdc.<\/div>\n<div dir=\"auto\"><span class=\"x3nfvp2 x1j61x8r x1fcty0u xdj266r xhhsvwb xat24cr xgzva0m xxymvpz xlup9mm x1kky2od\"><img decoding=\"async\" class=\"xz74otr\" src=\"https:\/\/static.xx.fbcdn.net\/images\/emoji.php\/v9\/td2\/2\/16\/2714.png\" alt=\"&#x2714;\" width=\"16\" height=\"16\" \/><\/span> Kh\u00f4ng c\u1ea7n ph\u1ea3i ngh\u1ec9 d\u01b0\u1ee1ng hay c\u1ea7n th\u1eddi gian h\u1ed3i ph\u1ee5c.<\/div>\n<div dir=\"auto\"><span class=\"x3nfvp2 x1j61x8r x1fcty0u xdj266r xhhsvwb xat24cr xgzva0m xxymvpz xlup9mm x1kky2od\"><img decoding=\"async\" class=\"xz74otr\" src=\"https:\/\/static.xx.fbcdn.net\/images\/emoji.php\/v9\/td2\/2\/16\/2714.png\" alt=\"&#x2714;\" width=\"16\" height=\"16\" \/><\/span> Kh\u00f4ng b\u00e9o l\u1ea1i nh\u1edd c\u00f4ng ngh\u1ec7 ch\u1ed1ng t\u00edch m\u1ee1.<\/div>\n<div dir=\"auto\"><span class=\"x3nfvp2 x1j61x8r x1fcty0u xdj266r xhhsvwb xat24cr xgzva0m xxymvpz xlup9mm x1kky2od\"><img decoding=\"async\" class=\"xz74otr\" src=\"https:\/\/static.xx.fbcdn.net\/images\/emoji.php\/v9\/td2\/2\/16\/2714.png\" alt=\"&#x2714;\" width=\"16\" height=\"16\" \/><\/span> K\u00edch th\u00edch t\u0103ng tu\u1ea7n ho\u00e0n m\u00e1u l\u00e0m tan m\u1ee1 c\u1ee5c b\u1ed9.<\/div>\n<div dir=\"auto\"><span class=\"x3nfvp2 x1j61x8r x1fcty0u xdj266r xhhsvwb xat24cr xgzva0m xxymvpz xlup9mm x1kky2od\"><img decoding=\"async\" class=\"xz74otr\" src=\"https:\/\/static.xx.fbcdn.net\/images\/emoji.php\/v9\/td2\/2\/16\/2714.png\" alt=\"&#x2714;\" width=\"16\" height=\"16\" \/><\/span> T\u0103ng c\u01b0\u1eddng d\u1eabn l\u01b0u l\u1ea5y \u0111i c\u00e1c m\u00f4 li\u00ean k\u1ebft b\u1ecb x\u01a1 c\u1ee9ng.<\/div>\n<\/div>\n<div class=\"x11i5rnm xat24cr x1mh8g0r x1vvkbs xtlvy1s x126k92a\"><\/div>\n","protected":false},"excerpt":{"rendered":"<div class=\"xdj266r x11i5rnm xat24cr x1mh8g0r x1vvkbs x126k92a\">\n<div dir=\"auto\"><span class=\"x3nfvp2 x1j61x8r x1fcty0u xdj266r xhhsvwb xat24cr xgzva0m xxymvpz xlup9mm x1kky2od\"><img decoding=\"async\" class=\"xz74otr\" src=\"https:\/\/static.xx.fbcdn.net\/images\/emoji.php\/v9\/t5e\/2\/16\/274c.png\" alt=\"&#x274c;\" width=\"16\" height=\"16\" \/><\/span><span class=\"x3nfvp2 x1j61x8r x1fcty0u xdj266r xhhsvwb xat24cr xgzva0m xxymvpz xlup9mm x1kky2od\"><img decoding=\"async\" class=\"xz74otr\" src=\"https:\/\/static.xx.fbcdn.net\/images\/emoji.php\/v9\/t5e\/2\/16\/274c.png\" alt=\"&#x274c;\" width=\"16\" height=\"16\" \/><\/span><span class=\"x3nfvp2 x1j61x8r x1fcty0u xdj266r xhhsvwb xat24cr xgzva0m xxymvpz xlup9mm x1kky2od\"><img decoding=\"async\" class=\"xz74otr\" src=\"https:\/\/static.xx.fbcdn.net\/images\/emoji.php\/v9\/t5e\/2\/16\/274c.png\" alt=\"&#x274c;\" width=\"16\" height=\"16\" \/>Tan M\u1ee1 Kairax 365 Lab<\/span>: S\u1ef0 L\u1ef0A CH\u1eccN TUY\u1ec6T V\u1edcI CHO GI\u1ea2M M\u1ee0 <span class=\"x3nfvp2 x1j61x8r x1fcty0u xdj266r xhhsvwb xat24cr xgzva0m xxymvpz xlup9mm x1kky2od\"><img decoding=\"async\" class=\"xz74otr\" src=\"https:\/\/static.xx.fbcdn.net\/images\/emoji.php\/v9\/t5e\/2\/16\/274c.png\" alt=\"&#x274c;\" width=\"16\" height=\"16\" \/><\/span><span class=\"x3nfvp2 x1j61x8r x1fcty0u xdj266r xhhsvwb xat24cr xgzva0m xxymvpz xlup9mm x1kky2od\"><img decoding=\"async\" class=\"xz74otr\" src=\"https:\/\/static.xx.fbcdn.net\/images\/emoji.php\/v9\/t5e\/2\/16\/274c.png\" alt=\"&#x274c;\" width=\"16\" height=\"16\" \/><\/span><span class=\"x3nfvp2 x1j61x8r x1fcty0u xdj266r xhhsvwb xat24cr xgzva0m xxymvpz xlup9mm x1kky2od\"><img decoding=\"async\" class=\"xz74otr\" src=\"https:\/\/static.xx.fbcdn.net\/images\/emoji.php\/v9\/t5e\/2\/16\/274c.png\" alt=\"&#x274c;\" width=\"16\" height=\"16\" \/><\/span><\/div>\n<\/div>\n<div class=\"x11i5rnm xat24cr x1mh8g0r x1vvkbs xtlvy1s x126k92a\">\n<div dir=\"auto\"><span class=\"x3nfvp2 x1j61x8r x1fcty0u xdj266r xhhsvwb xat24cr xgzva0m xxymvpz xlup9mm x1kky2od\"><img decoding=\"async\" class=\"xz74otr\" src=\"https:\/\/static.xx.fbcdn.net\/images\/emoji.php\/v9\/td\/2\/16\/1f534.png\" alt=\"&#x1f534;\" width=\"16\" height=\"16\" \/><\/span> M\u1ee0 B\u00c1M L\u00c2U N\u0102M V\u1eaaN TAN 15 K\u00cd V\u00d2NG B\u1ee4NG \u0111\u00f3 nh\u00e9 c\u00e1c T\u00ccNH Y\u00caU<\/div>\n<div dir=\"auto\">V\u1edbi C\u00f4ng Ngh\u1ec7 #SI\u00caU_H\u1ee6Y_M\u1ee0 KAIRAX 365 LAB<\/div>\n<div dir=\"auto\">Gi\u1ea3m m\u1ee1 l\u00e0 th\u1eed th\u00e1ch kh\u00f4ng h\u1ec1 d\u1ec5. \u0110\u1eb7c bi\u1ec7t l\u00e0 ch\u1ecb em ph\u1ee5 n\u1eef \u1edf \u0111\u1ed9 tu\u1ed5i trung ni\u00ean, ph\u1ee5 n\u1eef m\u1edbi sinh, nh\u1eefng ng\u01b0\u1eddi c\u00f3 c\u01a1 \u0111\u1ecba kh\u00f3 gi\u1ea3m<\/div>\n<div dir=\"auto\"><span class=\"x3nfvp2 x1j61x8r x1fcty0u xdj266r xhhsvwb xat24cr xgzva0m xxymvpz xlup9mm x1kky2od\"><img decoding=\"async\" class=\"xz74otr\" src=\"https:\/\/static.xx.fbcdn.net\/images\/emoji.php\/v9\/td\/2\/16\/1f534.png\" alt=\"&#x1f534;\" width=\"16\" height=\"16\" \/><\/span>\u0110\u00e0o th\u1ea3i m\u1ee1 gi\u1ea3m (b\u1ee5ng,vai, \u0111\u00f9i, b\u1eafp tay, b\u1eafp ch\u00e2n&#8230;)<\/div>\n<div dir=\"auto\"><span class=\"x3nfvp2 x1j61x8r x1fcty0u xdj266r xhhsvwb xat24cr xgzva0m xxymvpz xlup9mm x1kky2od\"><img decoding=\"async\" class=\"xz74otr\" src=\"https:\/\/static.xx.fbcdn.net\/images\/emoji.php\/v9\/td2\/2\/16\/2714.png\" alt=\"&#x2714;\" width=\"16\" height=\"16\" \/><\/span> Gi\u1ea3m m\u1ee1 b\u1ee5ng, h\u00f4ng, m\u00f4ng, \u0111\u00f9i, b\u1eafp tay, c\u1eb1m, t\u00fai m\u1ee1 d\u01b0\u1edbi m\u1eaft hay b\u1ea5t k\u1ef3 n\u01a1i n\u00e0o b\u1ea1n mu\u1ed1n &#8211; M\u00f4 m\u1ee1.<\/div>\n<div dir=\"auto\"><span class=\"x3nfvp2 x1j61x8r x1fcty0u xdj266r xhhsvwb xat24cr xgzva0m xxymvpz xlup9mm x1kky2od\"><img decoding=\"async\" class=\"xz74otr\" src=\"https:\/\/static.xx.fbcdn.net\/images\/emoji.php\/v9\/td2\/2\/16\/2714.png\" alt=\"&#x2714;\" width=\"16\" height=\"16\" \/><\/span> Kh\u00f4ng ph\u1ea3i h\u00fat m\u1ee1 b\u1eb1ng ph\u1eabu thu\u1eadt.<\/div>\n<div dir=\"auto\"><span class=\"x3nfvp2 x1j61x8r x1fcty0u xdj266r xhhsvwb xat24cr xgzva0m xxymvpz xlup9mm x1kky2od\"><img decoding=\"async\" class=\"xz74otr\" src=\"https:\/\/static.xx.fbcdn.net\/images\/emoji.php\/v9\/td2\/2\/16\/2714.png\" alt=\"&#x2714;\" width=\"16\" height=\"16\" \/><\/span> Kh\u00f4ng \u0111au, kh\u00f4ng c\u00f3 t\u00e1c \u0111\u1ed9ng b\u1eb1ng c\u01a1 h\u1ecdc.<\/div>\n<div dir=\"auto\"><span class=\"x3nfvp2 x1j61x8r x1fcty0u xdj266r xhhsvwb xat24cr xgzva0m xxymvpz xlup9mm x1kky2od\"><img decoding=\"async\" class=\"xz74otr\" src=\"https:\/\/static.xx.fbcdn.net\/images\/emoji.php\/v9\/td2\/2\/16\/2714.png\" alt=\"&#x2714;\" width=\"16\" height=\"16\" \/><\/span> Kh\u00f4ng c\u1ea7n ph\u1ea3i ngh\u1ec9 d\u01b0\u1ee1ng hay c\u1ea7n th\u1eddi gian h\u1ed3i ph\u1ee5c.<\/div>\n<div dir=\"auto\"><span class=\"x3nfvp2 x1j61x8r x1fcty0u xdj266r xhhsvwb xat24cr xgzva0m xxymvpz xlup9mm x1kky2od\"><img decoding=\"async\" class=\"xz74otr\" src=\"https:\/\/static.xx.fbcdn.net\/images\/emoji.php\/v9\/td2\/2\/16\/2714.png\" alt=\"&#x2714;\" width=\"16\" height=\"16\" \/><\/span> Kh\u00f4ng b\u00e9o l\u1ea1i nh\u1edd c\u00f4ng ngh\u1ec7 ch\u1ed1ng t\u00edch m\u1ee1.<\/div>\n<div dir=\"auto\"><span class=\"x3nfvp2 x1j61x8r x1fcty0u xdj266r xhhsvwb xat24cr xgzva0m xxymvpz xlup9mm x1kky2od\"><img decoding=\"async\" class=\"xz74otr\" src=\"https:\/\/static.xx.fbcdn.net\/images\/emoji.php\/v9\/td2\/2\/16\/2714.png\" alt=\"&#x2714;\" width=\"16\" height=\"16\" \/><\/span> K\u00edch th\u00edch t\u0103ng tu\u1ea7n ho\u00e0n m\u00e1u l\u00e0m tan m\u1ee1 c\u1ee5c b\u1ed9.<\/div>\n<div dir=\"auto\"><span class=\"x3nfvp2 x1j61x8r x1fcty0u xdj266r xhhsvwb xat24cr xgzva0m xxymvpz xlup9mm x1kky2od\"><img decoding=\"async\" class=\"xz74otr\" src=\"https:\/\/static.xx.fbcdn.net\/images\/emoji.php\/v9\/td2\/2\/16\/2714.png\" alt=\"&#x2714;\" width=\"16\" height=\"16\" \/><\/span> T\u0103ng c\u01b0\u1eddng d\u1eabn l\u01b0u l\u1ea5y \u0111i c\u00e1c m\u00f4 li\u00ean k\u1ebft b\u1ecb x\u01a1 c\u1ee9ng.<\/div>\n<\/div>\n<div class=\"x11i5rnm xat24cr x1mh8g0r x1vvkbs xtlvy1s x126k92a\"><\/div>\n","protected":false},"featured_media":22400,"comment_status":"open","ping_status":"closed","template":"","meta":[],"product_cat":[54],"product_tag":[],"class_list":{"0":"post-22254","1":"product","2":"type-product","3":"status-publish","4":"has-post-thumbnail","6":"product_cat-tan-mo","8":"first","9":"instock","10":"shipping-taxable","11":"purchasable","12":"product-type-simple"},"_links":{"self":[{"href":"https:\/\/phukienthammy.com.vn\/index.php?rest_route=\/wp\/v2\/product\/22254","targetHints":{"allow":["GET"]}}],"collection":[{"href":"https:\/\/phukienthammy.com.vn\/index.php?rest_route=\/wp\/v2\/product"}],"about":[{"href":"https:\/\/phukienthammy.com.vn\/index.php?rest_route=\/wp\/v2\/types\/product"}],"replies":[{"embeddable":true,"href":"https:\/\/phukienthammy.com.vn\/index.php?rest_route=%2Fwp%2Fv2%2Fcomments&post=22254"}],"version-history":[{"count":0,"href":"https:\/\/phukienthammy.com.vn\/index.php?rest_route=\/wp\/v2\/product\/22254\/revisions"}],"wp:featuredmedia":[{"embeddable":true,"href":"https:\/\/phukienthammy.com.vn\/index.php?rest_route=\/wp\/v2\/media\/22400"}],"wp:attachment":[{"href":"https:\/\/phukienthammy.com.vn\/index.php?rest_route=%2Fwp%2Fv2%2Fmedia&parent=22254"}],"wp:term":[{"taxonomy":"product_cat","embeddable":true,"href":"https:\/\/phukienthammy.com.vn\/index.php?rest_route=%2Fwp%2Fv2%2Fproduct_cat&post=22254"},{"taxonomy":"product_tag","embeddable":true,"href":"https:\/\/phukienthammy.com.vn\/index.php?rest_route=%2Fwp%2Fv2%2Fproduct_tag&post=22254"}],"curies":[{"name":"wp","href":"https:\/\/api.w.org\/{rel}","templated":true}]}}