{"id":22253,"date":"2024-03-20T23:35:24","date_gmt":"2024-03-20T16:35:24","guid":{"rendered":"https:\/\/phukienthammy.com.vn\/?post_type=product&#038;p=22253"},"modified":"2024-03-23T13:47:48","modified_gmt":"2024-03-23T06:47:48","slug":"tan-mo-lipo-white","status":"publish","type":"product","link":"https:\/\/phukienthammy.com.vn\/?product=tan-mo-lipo-white","title":{"rendered":"Tan M\u1ee1 Lipo White"},"content":{"rendered":"<div class=\"xdj266r x11i5rnm xat24cr x1mh8g0r x1vvkbs x126k92a\">\n<div dir=\"auto\">\n<div class=\"xdj266r x11i5rnm xat24cr x1mh8g0r x1vvkbs x126k92a\">\n<div dir=\"auto\"><span class=\"x3nfvp2 x1j61x8r x1fcty0u xdj266r xhhsvwb xat24cr xgzva0m xxymvpz xlup9mm x1kky2od\"><img decoding=\"async\" class=\"xz74otr\" src=\"https:\/\/static.xx.fbcdn.net\/images\/emoji.php\/v9\/t92\/2\/16\/1f539.png\" alt=\"&#x1f539;\" width=\"16\" height=\"16\" \/> Tan M\u1ee1 Lipo White<\/span><\/div>\n<div dir=\"auto\"><span class=\"x3nfvp2 x1j61x8r x1fcty0u xdj266r xhhsvwb xat24cr xgzva0m xxymvpz xlup9mm x1kky2od\"><img decoding=\"async\" class=\"xz74otr\" src=\"https:\/\/static.xx.fbcdn.net\/images\/emoji.php\/v9\/tae\/2\/16\/2666.png\" alt=\"&#x2666;\" width=\"16\" height=\"16\" \/> <\/span>Quy c\u00e1ch :1 h\u1ed9p 10 l\u1ecd, 1 l\u1ecd 10ml<\/div>\n<div dir=\"auto\"><span class=\"x3nfvp2 x1j61x8r x1fcty0u xdj266r xhhsvwb xat24cr xgzva0m xxymvpz xlup9mm x1kky2od\"><img decoding=\"async\" class=\"xz74otr\" src=\"https:\/\/static.xx.fbcdn.net\/images\/emoji.php\/v9\/tae\/2\/16\/2666.png\" alt=\"&#x2666;\" width=\"16\" height=\"16\" \/> <\/span>Xu\u1ea5t x\u1ee9 : H\u00e0n Qu\u1ed1c<\/div>\n<\/div>\n<div class=\"x11i5rnm xat24cr x1mh8g0r x1vvkbs xtlvy1s x126k92a\">\n<div dir=\"auto\"><span class=\"x3nfvp2 x1j61x8r x1fcty0u xdj266r xhhsvwb xat24cr xgzva0m xxymvpz xlup9mm x1kky2od\"><img decoding=\"async\" class=\"xz74otr\" src=\"https:\/\/static.xx.fbcdn.net\/images\/emoji.php\/v9\/t5e\/2\/16\/274c.png\" alt=\"&#x274c;\" width=\"16\" height=\"16\" \/> <\/span>Th\u00f4ng tin s\u1ea3n ph\u1ea9m<\/div>\n<div dir=\"auto\">\u0110\u00e2y l\u00e0 lo\u1ea1i ti\u00eam gi\u1ea3m m\u1ee1 th\u1ebf h\u1ec7 m\u1edbi \u0111\u01b0\u1ee3c mix th\u00eam lipo c v\u1edbi h\u00e0m l\u01b0\u1ee3ng h\u1ee3p l\u00ed.<\/div>\n<div dir=\"auto\">Ti\u00eam gi\u1ea3m m\u1ee1 ch\u1ee9a lipo c gi\u00fap gi\u1ea3m m\u1ee1 hi\u1ec7u qu\u1ea3 v\u00e0 l\u00e0m tr\u1eafng da v\u00f9ng ti\u00eam, kh\u00f4ng g\u00e2y ra s\u1ea1m n\u00e1m da sau khi gi\u1ea3m m\u1ee1.<\/div>\n<div dir=\"auto\"><span class=\"x3nfvp2 x1j61x8r x1fcty0u xdj266r xhhsvwb xat24cr xgzva0m xxymvpz xlup9mm x1kky2od\"><img decoding=\"async\" class=\"xz74otr\" src=\"https:\/\/static.xx.fbcdn.net\/images\/emoji.php\/v9\/t5e\/2\/16\/274c.png\" alt=\"&#x274c;\" width=\"16\" height=\"16\" \/> <\/span>\u0110\u1ec3 c\u00f3 k\u1ebft qu\u1ea3 gi\u1ea3m m\u1ee1 t\u1ed1t nh\u1ea5t n\u00ean k\u1ebft h\u1ee3p v\u1edbi tan Filler theo t\u1ec9 l\u1ec7 1:1 \u0111\u1ec3 ph\u00e1 \u0111\u01b0\u1ee3c nh\u1eefng m\u00f4 m\u1ee1 c\u1ee9ng \u0111\u1ea7u nh\u1ea5t.<\/div>\n<\/div>\n<\/div>\n<\/div>\n","protected":false},"excerpt":{"rendered":"<div class=\"xdj266r x11i5rnm xat24cr x1mh8g0r x1vvkbs x126k92a\">\n<div dir=\"auto\"><span class=\"x3nfvp2 x1j61x8r x1fcty0u xdj266r xhhsvwb xat24cr xgzva0m xxymvpz xlup9mm x1kky2od\"><img decoding=\"async\" class=\"xz74otr\" src=\"https:\/\/static.xx.fbcdn.net\/images\/emoji.php\/v9\/t92\/2\/16\/1f539.png\" alt=\"&#x1f539;\" width=\"16\" height=\"16\" \/> Tan M\u1ee1 Lipo White<\/span><\/div>\n<div dir=\"auto\"><span class=\"x3nfvp2 x1j61x8r x1fcty0u xdj266r xhhsvwb xat24cr xgzva0m xxymvpz xlup9mm x1kky2od\"><img decoding=\"async\" class=\"xz74otr\" src=\"https:\/\/static.xx.fbcdn.net\/images\/emoji.php\/v9\/tae\/2\/16\/2666.png\" alt=\"&#x2666;\" width=\"16\" height=\"16\" \/> <\/span>Quy c\u00e1ch :1 h\u1ed9p 10 l\u1ecd, 1 l\u1ecd 10ml<\/div>\n<div dir=\"auto\"><span class=\"x3nfvp2 x1j61x8r x1fcty0u xdj266r xhhsvwb xat24cr xgzva0m xxymvpz xlup9mm x1kky2od\"><img decoding=\"async\" class=\"xz74otr\" src=\"https:\/\/static.xx.fbcdn.net\/images\/emoji.php\/v9\/tae\/2\/16\/2666.png\" alt=\"&#x2666;\" width=\"16\" height=\"16\" \/> <\/span>Xu\u1ea5t x\u1ee9 : H\u00e0n Qu\u1ed1c<\/div>\n<\/div>\n<div class=\"x11i5rnm xat24cr x1mh8g0r x1vvkbs xtlvy1s x126k92a\">\n<div dir=\"auto\"><span class=\"x3nfvp2 x1j61x8r x1fcty0u xdj266r xhhsvwb xat24cr xgzva0m xxymvpz xlup9mm x1kky2od\"><img decoding=\"async\" class=\"xz74otr\" src=\"https:\/\/static.xx.fbcdn.net\/images\/emoji.php\/v9\/t5e\/2\/16\/274c.png\" alt=\"&#x274c;\" width=\"16\" height=\"16\" \/> <\/span>Th\u00f4ng tin s\u1ea3n ph\u1ea9m<\/div>\n<div dir=\"auto\">\u0110\u00e2y l\u00e0 lo\u1ea1i ti\u00eam gi\u1ea3m m\u1ee1 th\u1ebf h\u1ec7 m\u1edbi \u0111\u01b0\u1ee3c mix th\u00eam lipo c v\u1edbi h\u00e0m l\u01b0\u1ee3ng h\u1ee3p l\u00ed.<\/div>\n<div dir=\"auto\">Ti\u00eam gi\u1ea3m m\u1ee1 ch\u1ee9a lipo c gi\u00fap gi\u1ea3m m\u1ee1 hi\u1ec7u qu\u1ea3 v\u00e0 l\u00e0m tr\u1eafng da v\u00f9ng ti\u00eam, kh\u00f4ng g\u00e2y ra s\u1ea1m n\u00e1m da sau khi gi\u1ea3m m\u1ee1.<\/div>\n<div dir=\"auto\"><span class=\"x3nfvp2 x1j61x8r x1fcty0u xdj266r xhhsvwb xat24cr xgzva0m xxymvpz xlup9mm x1kky2od\"><img decoding=\"async\" class=\"xz74otr\" src=\"https:\/\/static.xx.fbcdn.net\/images\/emoji.php\/v9\/t5e\/2\/16\/274c.png\" alt=\"&#x274c;\" width=\"16\" height=\"16\" \/> <\/span>\u0110\u1ec3 c\u00f3 k\u1ebft qu\u1ea3 gi\u1ea3m m\u1ee1 t\u1ed1t nh\u1ea5t n\u00ean k\u1ebft h\u1ee3p v\u1edbi tan Filler theo t\u1ec9 l\u1ec7 1:1 \u0111\u1ec3 ph\u00e1 \u0111\u01b0\u1ee3c nh\u1eefng m\u00f4 m\u1ee1 c\u1ee9ng \u0111\u1ea7u nh\u1ea5t.<\/div>\n<\/div>\n","protected":false},"featured_media":22395,"comment_status":"open","ping_status":"closed","template":"","meta":[],"product_cat":[54],"product_tag":[],"class_list":{"0":"post-22253","1":"product","2":"type-product","3":"status-publish","4":"has-post-thumbnail","6":"product_cat-tan-mo","8":"first","9":"instock","10":"shipping-taxable","11":"purchasable","12":"product-type-simple"},"_links":{"self":[{"href":"https:\/\/phukienthammy.com.vn\/index.php?rest_route=\/wp\/v2\/product\/22253","targetHints":{"allow":["GET"]}}],"collection":[{"href":"https:\/\/phukienthammy.com.vn\/index.php?rest_route=\/wp\/v2\/product"}],"about":[{"href":"https:\/\/phukienthammy.com.vn\/index.php?rest_route=\/wp\/v2\/types\/product"}],"replies":[{"embeddable":true,"href":"https:\/\/phukienthammy.com.vn\/index.php?rest_route=%2Fwp%2Fv2%2Fcomments&post=22253"}],"version-history":[{"count":0,"href":"https:\/\/phukienthammy.com.vn\/index.php?rest_route=\/wp\/v2\/product\/22253\/revisions"}],"wp:featuredmedia":[{"embeddable":true,"href":"https:\/\/phukienthammy.com.vn\/index.php?rest_route=\/wp\/v2\/media\/22395"}],"wp:attachment":[{"href":"https:\/\/phukienthammy.com.vn\/index.php?rest_route=%2Fwp%2Fv2%2Fmedia&parent=22253"}],"wp:term":[{"taxonomy":"product_cat","embeddable":true,"href":"https:\/\/phukienthammy.com.vn\/index.php?rest_route=%2Fwp%2Fv2%2Fproduct_cat&post=22253"},{"taxonomy":"product_tag","embeddable":true,"href":"https:\/\/phukienthammy.com.vn\/index.php?rest_route=%2Fwp%2Fv2%2Fproduct_tag&post=22253"}],"curies":[{"name":"wp","href":"https:\/\/api.w.org\/{rel}","templated":true}]}}