{"id":22232,"date":"2024-03-20T23:35:03","date_gmt":"2024-03-20T16:35:03","guid":{"rendered":"https:\/\/phukienthammy.com.vn\/?post_type=product&#038;p=22232"},"modified":"2024-03-20T23:37:42","modified_gmt":"2024-03-20T16:37:42","slug":"tan-mo-stella","status":"publish","type":"product","link":"https:\/\/phukienthammy.com.vn\/?product=tan-mo-stella","title":{"rendered":"Tan M\u1ee1 Stella"},"content":{"rendered":"<div dir=\"auto\">Tan M\u1ee1 Stella\u00a0&#8211; Ti\u00eam l\u00e0 gi\u1ea3m<\/div>\n<div dir=\"auto\"><span class=\"x3nfvp2 x1j61x8r x1fcty0u xdj266r xhhsvwb xat24cr xgzva0m xxymvpz xlup9mm x1kky2od\"><img decoding=\"async\" class=\"xz74otr\" src=\"https:\/\/static.xx.fbcdn.net\/images\/emoji.php\/v9\/t80\/2\/16\/1f1f0_1f1f7.png\" alt=\"&#x1f1f0;&#x1f1f7;\" width=\"16\" height=\"16\" \/><\/span> Xu\u1ea5t x\u1ee9: H\u00e0n Qu\u1ed1c<\/div>\n<div dir=\"auto\"><span class=\"x3nfvp2 x1j61x8r x1fcty0u xdj266r xhhsvwb xat24cr xgzva0m xxymvpz xlup9mm x1kky2od\"><img decoding=\"async\" class=\"xz74otr\" src=\"https:\/\/static.xx.fbcdn.net\/images\/emoji.php\/v9\/tb\/2\/16\/1f499.png\" alt=\"&#x1f499;\" width=\"16\" height=\"16\" \/><\/span> M\u1ee1 th\u1eeba lu\u00f4n l\u00e0 n\u1ed7i \u00e1m \u1ea3nh c\u1ee7a ch\u1ecb em ph\u1ee5 n\u1eef, tuy nhi\u00ean vi\u1ec7c \u0103n ki\u00eang luy\u1ec7n t\u1eadp th\u00ec qu\u00e1 v\u1ea5t v\u1ea3 v\u00e0 m\u1ea5t th\u1eddi gian, ph\u1eabu thu\u1eadt h\u00fat m\u1ee1 th\u00ec ng\u1ea1i \u0111au \u0111\u1edbn.<\/div>\n<div dir=\"auto\"><span class=\"x3nfvp2 x1j61x8r x1fcty0u xdj266r xhhsvwb xat24cr xgzva0m xxymvpz xlup9mm x1kky2od\"><img decoding=\"async\" class=\"xz74otr\" src=\"https:\/\/static.xx.fbcdn.net\/images\/emoji.php\/v9\/tb\/2\/16\/1f499.png\" alt=\"&#x1f499;\" width=\"16\" height=\"16\" \/><\/span> V\u00ec v\u1eady ti\u00eam tan m\u1ee1 c\u00f9ng tinh ch\u1ea5t STELLA \u0111ang l\u00e0 gi\u1ea3i ph\u00e1p hi\u1ec7u qu\u1ea3, an to\u00e0n v\u00e0 nhanh ch\u00f3ng nh\u1ea5t.<\/div>\n<div dir=\"auto\"><span class=\"x3nfvp2 x1j61x8r x1fcty0u xdj266r xhhsvwb xat24cr xgzva0m xxymvpz xlup9mm x1kky2od\"><img decoding=\"async\" class=\"xz74otr\" src=\"https:\/\/static.xx.fbcdn.net\/images\/emoji.php\/v9\/tb\/2\/16\/1f499.png\" alt=\"&#x1f499;\" width=\"16\" height=\"16\" \/><\/span> Tinh ch\u1ea5t STELLA sau khi \u0111\u01b0a v\u00e0o c\u01a1 th\u1ec3 s\u1ebd gi\u00fap \u0111\u1ed1t ch\u00e1y Lipid, l\u00e0m t\u0103ng t\u1ec9 l\u1ec7 chuy\u1ec3n h\u00f3a ch\u1ea5t b\u00e9o sau \u0111\u00f3 m\u1ee1 th\u1eeba s\u1ebd \u0111\u01b0\u1ee3c \u0111\u00e0o th\u1ea3i ra ngo\u00e0i c\u01a1 th\u1ec3 th\u00f4ng qua tuy\u1ebfn m\u1ed3 h\u00f4i v\u00e0 h\u1ec7 ti\u00eau h\u00f3a.<\/div>\n<div dir=\"auto\"><span class=\"x3nfvp2 x1j61x8r x1fcty0u xdj266r xhhsvwb xat24cr xgzva0m xxymvpz xlup9mm x1kky2od\"><img decoding=\"async\" class=\"xz74otr\" src=\"https:\/\/static.xx.fbcdn.net\/images\/emoji.php\/v9\/tb\/2\/16\/1f499.png\" alt=\"&#x1f499;\" width=\"16\" height=\"16\" \/><\/span> Ngo\u00e0i vi\u1ec7c gi\u1ea3m m\u1ee1 th\u1eeba v\u00f9ng eo b\u1ee5ng, STELLA c\u00f2n mang \u0111\u1ebfn hi\u1ec7u qu\u1ea3 thon g\u1ecdn tuy\u1ec7t v\u1eddi cho nh\u1eefng v\u00f9ng d\u1ec5 t\u00edch t\u1ee5 m\u1ee1 th\u1eeba nh\u01b0: b\u1eafp tay, b\u1eafp ch\u00e2n, \u0111\u00f9i, l\u01b0ng m\u00f4ng\u2026<\/div>\n","protected":false},"excerpt":{"rendered":"<div dir=\"auto\">Tan M\u1ee1 Stella\u00a0&#8211; Ti\u00eam l\u00e0 gi\u1ea3m<\/div>\n<div dir=\"auto\"><span class=\"x3nfvp2 x1j61x8r x1fcty0u xdj266r xhhsvwb xat24cr xgzva0m xxymvpz xlup9mm x1kky2od\"><img decoding=\"async\" class=\"xz74otr\" src=\"https:\/\/static.xx.fbcdn.net\/images\/emoji.php\/v9\/t80\/2\/16\/1f1f0_1f1f7.png\" alt=\"&#x1f1f0;&#x1f1f7;\" width=\"16\" height=\"16\" \/><\/span> Xu\u1ea5t x\u1ee9: H\u00e0n Qu\u1ed1c<\/div>\n<div dir=\"auto\"><span class=\"x3nfvp2 x1j61x8r x1fcty0u xdj266r xhhsvwb xat24cr xgzva0m xxymvpz xlup9mm x1kky2od\"><img decoding=\"async\" class=\"xz74otr\" src=\"https:\/\/static.xx.fbcdn.net\/images\/emoji.php\/v9\/tb\/2\/16\/1f499.png\" alt=\"&#x1f499;\" width=\"16\" height=\"16\" \/><\/span> M\u1ee1 th\u1eeba lu\u00f4n l\u00e0 n\u1ed7i \u00e1m \u1ea3nh c\u1ee7a ch\u1ecb em ph\u1ee5 n\u1eef, tuy nhi\u00ean vi\u1ec7c \u0103n ki\u00eang luy\u1ec7n t\u1eadp th\u00ec qu\u00e1 v\u1ea5t v\u1ea3 v\u00e0 m\u1ea5t th\u1eddi gian, ph\u1eabu thu\u1eadt h\u00fat m\u1ee1 th\u00ec ng\u1ea1i \u0111au \u0111\u1edbn.<\/div>\n<div dir=\"auto\"><span class=\"x3nfvp2 x1j61x8r x1fcty0u xdj266r xhhsvwb xat24cr xgzva0m xxymvpz xlup9mm x1kky2od\"><img decoding=\"async\" class=\"xz74otr\" src=\"https:\/\/static.xx.fbcdn.net\/images\/emoji.php\/v9\/tb\/2\/16\/1f499.png\" alt=\"&#x1f499;\" width=\"16\" height=\"16\" \/><\/span> V\u00ec v\u1eady ti\u00eam tan m\u1ee1 c\u00f9ng tinh ch\u1ea5t STELLA \u0111ang l\u00e0 gi\u1ea3i ph\u00e1p hi\u1ec7u qu\u1ea3, an to\u00e0n v\u00e0 nhanh ch\u00f3ng nh\u1ea5t.<\/div>\n<div dir=\"auto\"><span class=\"x3nfvp2 x1j61x8r x1fcty0u xdj266r xhhsvwb xat24cr xgzva0m xxymvpz xlup9mm x1kky2od\"><img decoding=\"async\" class=\"xz74otr\" src=\"https:\/\/static.xx.fbcdn.net\/images\/emoji.php\/v9\/tb\/2\/16\/1f499.png\" alt=\"&#x1f499;\" width=\"16\" height=\"16\" \/><\/span> Tinh ch\u1ea5t STELLA sau khi \u0111\u01b0a v\u00e0o c\u01a1 th\u1ec3 s\u1ebd gi\u00fap \u0111\u1ed1t ch\u00e1y Lipid, l\u00e0m t\u0103ng t\u1ec9 l\u1ec7 chuy\u1ec3n h\u00f3a ch\u1ea5t b\u00e9o sau \u0111\u00f3 m\u1ee1 th\u1eeba s\u1ebd \u0111\u01b0\u1ee3c \u0111\u00e0o th\u1ea3i ra ngo\u00e0i c\u01a1 th\u1ec3 th\u00f4ng qua tuy\u1ebfn m\u1ed3 h\u00f4i v\u00e0 h\u1ec7 ti\u00eau h\u00f3a.<\/div>\n<div dir=\"auto\"><span class=\"x3nfvp2 x1j61x8r x1fcty0u xdj266r xhhsvwb xat24cr xgzva0m xxymvpz xlup9mm x1kky2od\"><img decoding=\"async\" class=\"xz74otr\" src=\"https:\/\/static.xx.fbcdn.net\/images\/emoji.php\/v9\/tb\/2\/16\/1f499.png\" alt=\"&#x1f499;\" width=\"16\" height=\"16\" \/><\/span> Ngo\u00e0i vi\u1ec7c gi\u1ea3m m\u1ee1 th\u1eeba v\u00f9ng eo b\u1ee5ng, STELLA c\u00f2n mang \u0111\u1ebfn hi\u1ec7u qu\u1ea3 thon g\u1ecdn tuy\u1ec7t v\u1eddi cho nh\u1eefng v\u00f9ng d\u1ec5 t\u00edch t\u1ee5 m\u1ee1 th\u1eeba nh\u01b0: b\u1eafp tay, b\u1eafp ch\u00e2n, \u0111\u00f9i, l\u01b0ng m\u00f4ng\u2026<\/div>\n","protected":false},"featured_media":22390,"comment_status":"open","ping_status":"closed","template":"","meta":[],"product_cat":[54],"product_tag":[],"class_list":{"0":"post-22232","1":"product","2":"type-product","3":"status-publish","4":"has-post-thumbnail","6":"product_cat-tan-mo","8":"first","9":"instock","10":"shipping-taxable","11":"purchasable","12":"product-type-simple"},"_links":{"self":[{"href":"https:\/\/phukienthammy.com.vn\/index.php?rest_route=\/wp\/v2\/product\/22232","targetHints":{"allow":["GET"]}}],"collection":[{"href":"https:\/\/phukienthammy.com.vn\/index.php?rest_route=\/wp\/v2\/product"}],"about":[{"href":"https:\/\/phukienthammy.com.vn\/index.php?rest_route=\/wp\/v2\/types\/product"}],"replies":[{"embeddable":true,"href":"https:\/\/phukienthammy.com.vn\/index.php?rest_route=%2Fwp%2Fv2%2Fcomments&post=22232"}],"version-history":[{"count":0,"href":"https:\/\/phukienthammy.com.vn\/index.php?rest_route=\/wp\/v2\/product\/22232\/revisions"}],"wp:featuredmedia":[{"embeddable":true,"href":"https:\/\/phukienthammy.com.vn\/index.php?rest_route=\/wp\/v2\/media\/22390"}],"wp:attachment":[{"href":"https:\/\/phukienthammy.com.vn\/index.php?rest_route=%2Fwp%2Fv2%2Fmedia&parent=22232"}],"wp:term":[{"taxonomy":"product_cat","embeddable":true,"href":"https:\/\/phukienthammy.com.vn\/index.php?rest_route=%2Fwp%2Fv2%2Fproduct_cat&post=22232"},{"taxonomy":"product_tag","embeddable":true,"href":"https:\/\/phukienthammy.com.vn\/index.php?rest_route=%2Fwp%2Fv2%2Fproduct_tag&post=22232"}],"curies":[{"name":"wp","href":"https:\/\/api.w.org\/{rel}","templated":true}]}}