{"id":22231,"date":"2024-03-20T23:35:03","date_gmt":"2024-03-20T16:35:03","guid":{"rendered":"https:\/\/phukienthammy.com.vn\/?post_type=product&#038;p=22231"},"modified":"2024-03-20T23:37:37","modified_gmt":"2024-03-20T16:37:37","slug":"tan-mo-ruby-luxury","status":"publish","type":"product","link":"https:\/\/phukienthammy.com.vn\/?product=tan-mo-ruby-luxury","title":{"rendered":"Tan M\u1ee1 Ruby Luxury"},"content":{"rendered":"<div class=\"xdj266r x11i5rnm xat24cr x1mh8g0r x1vvkbs x126k92a\">\n<div dir=\"auto\"><span class=\"x3nfvp2 x1j61x8r x1fcty0u xdj266r xhhsvwb xat24cr xgzva0m xxymvpz xlup9mm x1kky2od\"><img decoding=\"async\" class=\"xz74otr\" src=\"https:\/\/static.xx.fbcdn.net\/images\/emoji.php\/v9\/tdf\/2\/16\/1f4a5.png\" alt=\"&#x1f4a5;\" width=\"16\" height=\"16\" \/><\/span><span class=\"x3nfvp2 x1j61x8r x1fcty0u xdj266r xhhsvwb xat24cr xgzva0m xxymvpz xlup9mm x1kky2od\"><img decoding=\"async\" class=\"xz74otr\" src=\"https:\/\/static.xx.fbcdn.net\/images\/emoji.php\/v9\/tdf\/2\/16\/1f4a5.png\" alt=\"&#x1f4a5;\" width=\"16\" height=\"16\" \/><\/span> Tan M\u1ee1 Ruby Luxury <span class=\"x3nfvp2 x1j61x8r x1fcty0u xdj266r xhhsvwb xat24cr xgzva0m xxymvpz xlup9mm x1kky2od\"><img decoding=\"async\" class=\"xz74otr\" src=\"https:\/\/static.xx.fbcdn.net\/images\/emoji.php\/v9\/tdf\/2\/16\/1f4a5.png\" alt=\"&#x1f4a5;\" width=\"16\" height=\"16\" \/><\/span><span class=\"x3nfvp2 x1j61x8r x1fcty0u xdj266r xhhsvwb xat24cr xgzva0m xxymvpz xlup9mm x1kky2od\"><img decoding=\"async\" class=\"xz74otr\" src=\"https:\/\/static.xx.fbcdn.net\/images\/emoji.php\/v9\/tdf\/2\/16\/1f4a5.png\" alt=\"&#x1f4a5;\" width=\"16\" height=\"16\" \/><\/span><span class=\"x3nfvp2 x1j61x8r x1fcty0u xdj266r xhhsvwb xat24cr xgzva0m xxymvpz xlup9mm x1kky2od\"><img decoding=\"async\" class=\"xz74otr\" src=\"https:\/\/static.xx.fbcdn.net\/images\/emoji.php\/v9\/tdf\/2\/16\/1f4a5.png\" alt=\"&#x1f4a5;\" width=\"16\" height=\"16\" \/><\/span><\/div>\n<\/div>\n<div class=\"x11i5rnm xat24cr x1mh8g0r x1vvkbs xtlvy1s x126k92a\">\n<div dir=\"auto\"><span class=\"x3nfvp2 x1j61x8r x1fcty0u xdj266r xhhsvwb xat24cr xgzva0m xxymvpz xlup9mm x1kky2od\"><img decoding=\"async\" class=\"xz74otr\" src=\"https:\/\/static.xx.fbcdn.net\/images\/emoji.php\/v9\/t10\/2\/16\/1f339.png\" alt=\"&#x1f339;\" width=\"16\" height=\"16\" \/><\/span> C\u00f4ng th\u1ee9c \u0111\u01b0\u1ee3c c\u1ea3i ti\u1ebfn gi\u00fap h\u1ee7y m\u1ee1 nhanh v\u00e0 m\u1ea1nh h\u01a1n g\u1ea5p 2 l\u1ea7n<\/div>\n<div dir=\"auto\"><span class=\"x3nfvp2 x1j61x8r x1fcty0u xdj266r xhhsvwb xat24cr xgzva0m xxymvpz xlup9mm x1kky2od\"><img decoding=\"async\" class=\"xz74otr\" src=\"https:\/\/static.xx.fbcdn.net\/images\/emoji.php\/v9\/t10\/2\/16\/1f339.png\" alt=\"&#x1f339;\" width=\"16\" height=\"16\" \/><\/span> V\u00f9ng ti\u00eam s\u0103n ch\u1eafc kh\u00f4ng b\u1ecb ch\u00f9n nh\u00e3o sau ti\u00eam.<\/div>\n<\/div>\n<div class=\"x11i5rnm xat24cr x1mh8g0r x1vvkbs xtlvy1s x126k92a\">\n<div dir=\"auto\"><span class=\"x3nfvp2 x1j61x8r x1fcty0u xdj266r xhhsvwb xat24cr xgzva0m xxymvpz xlup9mm x1kky2od\"><img decoding=\"async\" class=\"xz74otr\" src=\"https:\/\/static.xx.fbcdn.net\/images\/emoji.php\/v9\/t10\/2\/16\/1f339.png\" alt=\"&#x1f339;\" width=\"16\" height=\"16\" \/><\/span>\u01afU \u0110I\u1ec2M:<\/div>\n<div dir=\"auto\"><span class=\"x3nfvp2 x1j61x8r x1fcty0u xdj266r xhhsvwb xat24cr xgzva0m xxymvpz xlup9mm x1kky2od\"><img decoding=\"async\" class=\"xz74otr\" src=\"https:\/\/static.xx.fbcdn.net\/images\/emoji.php\/v9\/td2\/2\/16\/2714.png\" alt=\"&#x2714;\" width=\"16\" height=\"16\" \/><\/span> Gi\u1ea3m s\u1ed1 \u0111o ngay t\u1eeb nh\u1eefng v\u00f9ng kh\u00f3 t\u00ednh nh\u1ea5t nh\u01b0: b\u1ee5ng, hai v\u00f9ng eo, v\u00f9ng x\u01b0\u01a1ng ch\u1eadu, 2 b\u00ean l\u01b0\u1eddn, b\u1eafp tay, \u0111\u00f9i, v\u00f9ng v-line. T\u00e1c \u0111\u1ed9ng ngay c\u1ea3 nh\u1eefng m\u00f4 m\u1ee1 c\u1ee9ng nh\u1ea5t.<\/div>\n<div dir=\"auto\"><span class=\"x3nfvp2 x1j61x8r x1fcty0u xdj266r xhhsvwb xat24cr xgzva0m xxymvpz xlup9mm x1kky2od\"><img decoding=\"async\" class=\"xz74otr\" src=\"https:\/\/static.xx.fbcdn.net\/images\/emoji.php\/v9\/td2\/2\/16\/2714.png\" alt=\"&#x2714;\" width=\"16\" height=\"16\" \/><\/span> X\u1eed l\u00fd ngay b\u1ecdng m\u1ee1 c\u1eb1m, hai h\u00e0m.<\/div>\n<\/div>\n<div class=\"x11i5rnm xat24cr x1mh8g0r x1vvkbs xtlvy1s x126k92a\">\n<div dir=\"auto\"><span class=\"x3nfvp2 x1j61x8r x1fcty0u xdj266r xhhsvwb xat24cr xgzva0m xxymvpz xlup9mm x1kky2od\"><img decoding=\"async\" class=\"xz74otr\" src=\"https:\/\/static.xx.fbcdn.net\/images\/emoji.php\/v9\/td2\/2\/16\/2714.png\" alt=\"&#x2714;\" width=\"16\" height=\"16\" \/><\/span> S\u1ea3n xu\u1ea5t: H\u00e0n Qu\u1ed1c<\/div>\n<div dir=\"auto\">Quy c\u00e1ch: 5 h\u1ed9p \u00d7 10ml<\/div>\n<\/div>\n","protected":false},"excerpt":{"rendered":"<div class=\"xdj266r x11i5rnm xat24cr x1mh8g0r x1vvkbs x126k92a\">\n<div dir=\"auto\"><span class=\"x3nfvp2 x1j61x8r x1fcty0u xdj266r xhhsvwb xat24cr xgzva0m xxymvpz xlup9mm x1kky2od\"><img decoding=\"async\" class=\"xz74otr\" src=\"https:\/\/static.xx.fbcdn.net\/images\/emoji.php\/v9\/tdf\/2\/16\/1f4a5.png\" alt=\"&#x1f4a5;\" width=\"16\" height=\"16\" \/><\/span><span class=\"x3nfvp2 x1j61x8r x1fcty0u xdj266r xhhsvwb xat24cr xgzva0m xxymvpz xlup9mm x1kky2od\"><img decoding=\"async\" class=\"xz74otr\" src=\"https:\/\/static.xx.fbcdn.net\/images\/emoji.php\/v9\/tdf\/2\/16\/1f4a5.png\" alt=\"&#x1f4a5;\" width=\"16\" height=\"16\" \/><\/span> Tan M\u1ee1 Ruby Luxury <span class=\"x3nfvp2 x1j61x8r x1fcty0u xdj266r xhhsvwb xat24cr xgzva0m xxymvpz xlup9mm x1kky2od\"><img decoding=\"async\" class=\"xz74otr\" src=\"https:\/\/static.xx.fbcdn.net\/images\/emoji.php\/v9\/tdf\/2\/16\/1f4a5.png\" alt=\"&#x1f4a5;\" width=\"16\" height=\"16\" \/><\/span><span class=\"x3nfvp2 x1j61x8r x1fcty0u xdj266r xhhsvwb xat24cr xgzva0m xxymvpz xlup9mm x1kky2od\"><img decoding=\"async\" class=\"xz74otr\" src=\"https:\/\/static.xx.fbcdn.net\/images\/emoji.php\/v9\/tdf\/2\/16\/1f4a5.png\" alt=\"&#x1f4a5;\" width=\"16\" height=\"16\" \/><\/span><span class=\"x3nfvp2 x1j61x8r x1fcty0u xdj266r xhhsvwb xat24cr xgzva0m xxymvpz xlup9mm x1kky2od\"><img decoding=\"async\" class=\"xz74otr\" src=\"https:\/\/static.xx.fbcdn.net\/images\/emoji.php\/v9\/tdf\/2\/16\/1f4a5.png\" alt=\"&#x1f4a5;\" width=\"16\" height=\"16\" \/><\/span><\/div>\n<\/div>\n<div class=\"x11i5rnm xat24cr x1mh8g0r x1vvkbs xtlvy1s x126k92a\">\n<div dir=\"auto\"><span class=\"x3nfvp2 x1j61x8r x1fcty0u xdj266r xhhsvwb xat24cr xgzva0m xxymvpz xlup9mm x1kky2od\"><img decoding=\"async\" class=\"xz74otr\" src=\"https:\/\/static.xx.fbcdn.net\/images\/emoji.php\/v9\/t10\/2\/16\/1f339.png\" alt=\"&#x1f339;\" width=\"16\" height=\"16\" \/><\/span> C\u00f4ng th\u1ee9c \u0111\u01b0\u1ee3c c\u1ea3i ti\u1ebfn gi\u00fap h\u1ee7y m\u1ee1 nhanh v\u00e0 m\u1ea1nh h\u01a1n g\u1ea5p 2 l\u1ea7n<\/div>\n<div dir=\"auto\"><span class=\"x3nfvp2 x1j61x8r x1fcty0u xdj266r xhhsvwb xat24cr xgzva0m xxymvpz xlup9mm x1kky2od\"><img decoding=\"async\" class=\"xz74otr\" src=\"https:\/\/static.xx.fbcdn.net\/images\/emoji.php\/v9\/t10\/2\/16\/1f339.png\" alt=\"&#x1f339;\" width=\"16\" height=\"16\" \/><\/span> V\u00f9ng ti\u00eam s\u0103n ch\u1eafc kh\u00f4ng b\u1ecb ch\u00f9n nh\u00e3o sau ti\u00eam.<\/div>\n<\/div>\n<div class=\"x11i5rnm xat24cr x1mh8g0r x1vvkbs xtlvy1s x126k92a\">\n<div dir=\"auto\"><span class=\"x3nfvp2 x1j61x8r x1fcty0u xdj266r xhhsvwb xat24cr xgzva0m xxymvpz xlup9mm x1kky2od\"><img decoding=\"async\" class=\"xz74otr\" src=\"https:\/\/static.xx.fbcdn.net\/images\/emoji.php\/v9\/t10\/2\/16\/1f339.png\" alt=\"&#x1f339;\" width=\"16\" height=\"16\" \/><\/span>\u01afU \u0110I\u1ec2M:<\/div>\n<div dir=\"auto\"><span class=\"x3nfvp2 x1j61x8r x1fcty0u xdj266r xhhsvwb xat24cr xgzva0m xxymvpz xlup9mm x1kky2od\"><img decoding=\"async\" class=\"xz74otr\" src=\"https:\/\/static.xx.fbcdn.net\/images\/emoji.php\/v9\/td2\/2\/16\/2714.png\" alt=\"&#x2714;\" width=\"16\" height=\"16\" \/><\/span> Gi\u1ea3m s\u1ed1 \u0111o ngay t\u1eeb nh\u1eefng v\u00f9ng kh\u00f3 t\u00ednh nh\u1ea5t nh\u01b0: b\u1ee5ng, hai v\u00f9ng eo, v\u00f9ng x\u01b0\u01a1ng ch\u1eadu, 2 b\u00ean l\u01b0\u1eddn, b\u1eafp tay, \u0111\u00f9i, v\u00f9ng v-line. T\u00e1c \u0111\u1ed9ng ngay c\u1ea3 nh\u1eefng m\u00f4 m\u1ee1 c\u1ee9ng nh\u1ea5t.<\/div>\n<div dir=\"auto\"><span class=\"x3nfvp2 x1j61x8r x1fcty0u xdj266r xhhsvwb xat24cr xgzva0m xxymvpz xlup9mm x1kky2od\"><img decoding=\"async\" class=\"xz74otr\" src=\"https:\/\/static.xx.fbcdn.net\/images\/emoji.php\/v9\/td2\/2\/16\/2714.png\" alt=\"&#x2714;\" width=\"16\" height=\"16\" \/><\/span> X\u1eed l\u00fd ngay b\u1ecdng m\u1ee1 c\u1eb1m, hai h\u00e0m.<\/div>\n<\/div>\n<div class=\"x11i5rnm xat24cr x1mh8g0r x1vvkbs xtlvy1s x126k92a\">\n<div dir=\"auto\"><span class=\"x3nfvp2 x1j61x8r x1fcty0u xdj266r xhhsvwb xat24cr xgzva0m xxymvpz xlup9mm x1kky2od\"><img decoding=\"async\" class=\"xz74otr\" src=\"https:\/\/static.xx.fbcdn.net\/images\/emoji.php\/v9\/td2\/2\/16\/2714.png\" alt=\"&#x2714;\" width=\"16\" height=\"16\" \/><\/span> S\u1ea3n xu\u1ea5t: H\u00e0n Qu\u1ed1c<\/div>\n<div dir=\"auto\">Quy c\u00e1ch: 5 h\u1ed9p \u00d7 10ml<\/div>\n<\/div>\n","protected":false},"featured_media":22385,"comment_status":"open","ping_status":"closed","template":"","meta":[],"product_cat":[54],"product_tag":[],"class_list":{"0":"post-22231","1":"product","2":"type-product","3":"status-publish","4":"has-post-thumbnail","6":"product_cat-tan-mo","8":"first","9":"instock","10":"shipping-taxable","11":"purchasable","12":"product-type-simple"},"_links":{"self":[{"href":"https:\/\/phukienthammy.com.vn\/index.php?rest_route=\/wp\/v2\/product\/22231","targetHints":{"allow":["GET"]}}],"collection":[{"href":"https:\/\/phukienthammy.com.vn\/index.php?rest_route=\/wp\/v2\/product"}],"about":[{"href":"https:\/\/phukienthammy.com.vn\/index.php?rest_route=\/wp\/v2\/types\/product"}],"replies":[{"embeddable":true,"href":"https:\/\/phukienthammy.com.vn\/index.php?rest_route=%2Fwp%2Fv2%2Fcomments&post=22231"}],"version-history":[{"count":0,"href":"https:\/\/phukienthammy.com.vn\/index.php?rest_route=\/wp\/v2\/product\/22231\/revisions"}],"wp:featuredmedia":[{"embeddable":true,"href":"https:\/\/phukienthammy.com.vn\/index.php?rest_route=\/wp\/v2\/media\/22385"}],"wp:attachment":[{"href":"https:\/\/phukienthammy.com.vn\/index.php?rest_route=%2Fwp%2Fv2%2Fmedia&parent=22231"}],"wp:term":[{"taxonomy":"product_cat","embeddable":true,"href":"https:\/\/phukienthammy.com.vn\/index.php?rest_route=%2Fwp%2Fv2%2Fproduct_cat&post=22231"},{"taxonomy":"product_tag","embeddable":true,"href":"https:\/\/phukienthammy.com.vn\/index.php?rest_route=%2Fwp%2Fv2%2Fproduct_tag&post=22231"}],"curies":[{"name":"wp","href":"https:\/\/api.w.org\/{rel}","templated":true}]}}