{"id":22230,"date":"2024-03-20T23:35:02","date_gmt":"2024-03-20T16:35:02","guid":{"rendered":"https:\/\/phukienthammy.com.vn\/?post_type=product&#038;p=22230"},"modified":"2024-03-20T23:37:33","modified_gmt":"2024-03-20T16:37:33","slug":"tan-mo-slim-queen","status":"publish","type":"product","link":"https:\/\/phukienthammy.com.vn\/?product=tan-mo-slim-queen","title":{"rendered":"Tan M\u1ee1 Slim Queen"},"content":{"rendered":"<div dir=\"auto\">Tan M\u1ee1 Slim Queen<\/div>\n<div dir=\"auto\"><span class=\"x3nfvp2 x1j61x8r x1fcty0u xdj266r xhhsvwb xat24cr xgzva0m xxymvpz xlup9mm x1kky2od\"><img decoding=\"async\" class=\"xz74otr\" src=\"https:\/\/static.xx.fbcdn.net\/images\/emoji.php\/v9\/tb2\/2\/16\/1f308.png\" alt=\"&#x1f308;\" width=\"16\" height=\"16\" \/><\/span>Slim_Queen \u0111\u01b0\u1ee3c \u0111\u1ea3m b\u1ea3o \u0111\u1ed9 an to\u00e0n v\u00e0 c\u1ef1c k\u1ef3 l\u00e0nh t\u00ednh gi\u00fap ch\u1ecb em gi\u1ea3m m\u1ee1 \u0111\u01b0\u1ee3c c\u1ea3 v\u00f9ng m\u1eb7t v\u00e0 to\u00e0n b\u1ed9 m\u1ee1 tr\u00ean c\u01a1 th\u1ec3 .<\/div>\n<div dir=\"auto\"><span class=\"x3nfvp2 x1j61x8r x1fcty0u xdj266r xhhsvwb xat24cr xgzva0m xxymvpz xlup9mm x1kky2od\"><img decoding=\"async\" class=\"xz74otr\" src=\"https:\/\/static.xx.fbcdn.net\/images\/emoji.php\/v9\/tb2\/2\/16\/1f308.png\" alt=\"&#x1f308;\" width=\"16\" height=\"16\" \/><\/span> \u0110\u1ea3m B\u1ea3o \u0111\u1ed9 hi\u1ec7u qu\u1ea3 t\u1eeb c\u00e1c B\u00e1c s\u0129 chuy\u00ean gia h\u00e0ng \u0111\u1ea7u th\u1ebf gi\u1edbi , kh\u00f4ng l\u00e0m cho ch\u1ecb em th\u1ea5y kh\u00f3 ch\u1ecbu hay \u0111au nh\u1ee9c,kh\u00f4ng s\u1ed1t nh\u01b0 c\u00e1c d\u00f2ng kh\u00e1c .<\/div>\n<div dir=\"auto\"><span class=\"x3nfvp2 x1j61x8r x1fcty0u xdj266r xhhsvwb xat24cr xgzva0m xxymvpz xlup9mm x1kky2od\"><img decoding=\"async\" class=\"xz74otr\" src=\"https:\/\/static.xx.fbcdn.net\/images\/emoji.php\/v9\/tdf\/2\/16\/1f4a5.png\" alt=\"&#x1f4a5;\" width=\"16\" height=\"16\" \/><\/span>Quy c\u00e1ch : 1 h\u1ed9p bao g\u1ed3m 10 l\u1ecd ( 5 tr\u1eafng + 5 \u0111\u1ecf )<\/div>\n<div dir=\"auto\"><span class=\"x3nfvp2 x1j61x8r x1fcty0u xdj266r xhhsvwb xat24cr xgzva0m xxymvpz xlup9mm x1kky2od\"><img decoding=\"async\" class=\"xz74otr\" src=\"https:\/\/static.xx.fbcdn.net\/images\/emoji.php\/v9\/ted\/2\/16\/2764.png\" alt=\"&#x2764;\" width=\"16\" height=\"16\" \/><\/span> M\u00e0u tr\u1eafng c\u00f3 c\u01a1 ch\u1ebf l\u00e0m s\u0103n c\u01a1 , thon c\u01a1 , thon th\u00e0nh c\u01a1 , thon m\u00e0ng c\u01a1 bao v\u00f9ng m\u1ee1 ( nh\u01b0 th\u00e0nh b\u1ee5ng , tay , ch\u00e2n , \u0111\u00f9i , l\u01b0ng , v\u00e0 c\u01a1 ch\u1ebf \u0111\u00e1nh l\u1ecfng m\u1ee1 ,m\u1ec1m m\u00f4 m\u1ee1 b\u1eaft \u0111\u1ea7u li\u1ec7u tr\u00ecnh ti\u00eam )<\/div>\n<div dir=\"auto\"><span class=\"x3nfvp2 x1j61x8r x1fcty0u xdj266r xhhsvwb xat24cr xgzva0m xxymvpz xlup9mm x1kky2od\"><img decoding=\"async\" class=\"xz74otr\" src=\"https:\/\/static.xx.fbcdn.net\/images\/emoji.php\/v9\/ted\/2\/16\/2764.png\" alt=\"&#x2764;\" width=\"16\" height=\"16\" \/><\/span> M\u00e0u \u0111\u1ecf c\u00f3 c\u01a1 ch\u1ebf ti\u00eau h\u1ee7y tan m\u1ee1 d\u1ea7y , m\u1ee1 l\u1ecfng , m\u1ee1 ch\u1ea3y x\u1ec7 si\u00eau c\u1ea5p \u0111\u1ed9 .<\/div>\n<div dir=\"auto\"><span class=\"x3nfvp2 x1j61x8r x1fcty0u xdj266r xhhsvwb xat24cr xgzva0m xxymvpz xlup9mm x1kky2od\"><img loading=\"lazy\" decoding=\"async\" class=\"xz74otr\" src=\"https:\/\/static.xx.fbcdn.net\/images\/emoji.php\/v9\/t4f\/2\/16\/1f3af.png\" alt=\"&#x1f3af;\" width=\"16\" height=\"16\" \/><\/span>C\u00e1ch s\u1eed d\u1ee5ng : m\u00e0u tr\u1eafng v\u00e0 m\u00e0u \u0111\u1ecf mix c\u00f9ng nhau t\u1ec9 l\u1ec7 1: 1<\/div>\n<div dir=\"auto\"><span class=\"x3nfvp2 x1j61x8r x1fcty0u xdj266r xhhsvwb xat24cr xgzva0m xxymvpz xlup9mm x1kky2od\"><img loading=\"lazy\" decoding=\"async\" class=\"xz74otr\" src=\"https:\/\/static.xx.fbcdn.net\/images\/emoji.php\/v9\/tf0\/2\/16\/1f449.png\" alt=\"&#x1f449;\" width=\"16\" height=\"16\" \/><\/span>Cam k\u1ebft hi\u1ec7u qu\u1ea3 r\u00f5 r\u1ec7t nh\u01b0 \u0111i\u00eau kh\u1eafc body .<\/div>\n<div dir=\"auto\"><span class=\"x3nfvp2 x1j61x8r x1fcty0u xdj266r xhhsvwb xat24cr xgzva0m xxymvpz xlup9mm x1kky2od\"><img loading=\"lazy\" decoding=\"async\" class=\"xz74otr\" src=\"https:\/\/static.xx.fbcdn.net\/images\/emoji.php\/v9\/tf0\/2\/16\/1f449.png\" alt=\"&#x1f449;\" width=\"16\" height=\"16\" \/><\/span>Kh\u00f4ng \u0111au , kh\u00f4ng bu\u1ed1t . C\u1ef1c \u00eam .<\/div>\n","protected":false},"excerpt":{"rendered":"<div dir=\"auto\">Tan M\u1ee1 Slim Queen<\/div>\n<div dir=\"auto\"><span class=\"x3nfvp2 x1j61x8r x1fcty0u xdj266r xhhsvwb xat24cr xgzva0m xxymvpz xlup9mm x1kky2od\"><img decoding=\"async\" class=\"xz74otr\" src=\"https:\/\/static.xx.fbcdn.net\/images\/emoji.php\/v9\/tb2\/2\/16\/1f308.png\" alt=\"&#x1f308;\" width=\"16\" height=\"16\" \/><\/span>Slim_Queen \u0111\u01b0\u1ee3c \u0111\u1ea3m b\u1ea3o \u0111\u1ed9 an to\u00e0n v\u00e0 c\u1ef1c k\u1ef3 l\u00e0nh t\u00ednh gi\u00fap ch\u1ecb em gi\u1ea3m m\u1ee1 \u0111\u01b0\u1ee3c c\u1ea3 v\u00f9ng m\u1eb7t v\u00e0 to\u00e0n b\u1ed9 m\u1ee1 tr\u00ean c\u01a1 th\u1ec3 .<\/div>\n<div dir=\"auto\"><span class=\"x3nfvp2 x1j61x8r x1fcty0u xdj266r xhhsvwb xat24cr xgzva0m xxymvpz xlup9mm x1kky2od\"><img decoding=\"async\" class=\"xz74otr\" src=\"https:\/\/static.xx.fbcdn.net\/images\/emoji.php\/v9\/tb2\/2\/16\/1f308.png\" alt=\"&#x1f308;\" width=\"16\" height=\"16\" \/><\/span> \u0110\u1ea3m B\u1ea3o \u0111\u1ed9 hi\u1ec7u qu\u1ea3 t\u1eeb c\u00e1c B\u00e1c s\u0129 chuy\u00ean gia h\u00e0ng \u0111\u1ea7u th\u1ebf gi\u1edbi , kh\u00f4ng l\u00e0m cho ch\u1ecb em th\u1ea5y kh\u00f3 ch\u1ecbu hay \u0111au nh\u1ee9c,kh\u00f4ng s\u1ed1t nh\u01b0 c\u00e1c d\u00f2ng kh\u00e1c .<\/div>\n<div dir=\"auto\"><span class=\"x3nfvp2 x1j61x8r x1fcty0u xdj266r xhhsvwb xat24cr xgzva0m xxymvpz xlup9mm x1kky2od\"><img decoding=\"async\" class=\"xz74otr\" src=\"https:\/\/static.xx.fbcdn.net\/images\/emoji.php\/v9\/tdf\/2\/16\/1f4a5.png\" alt=\"&#x1f4a5;\" width=\"16\" height=\"16\" \/><\/span>Quy c\u00e1ch : 1 h\u1ed9p bao g\u1ed3m 10 l\u1ecd ( 5 tr\u1eafng + 5 \u0111\u1ecf )<\/div>\n<div dir=\"auto\"><span class=\"x3nfvp2 x1j61x8r x1fcty0u xdj266r xhhsvwb xat24cr xgzva0m xxymvpz xlup9mm x1kky2od\"><img decoding=\"async\" class=\"xz74otr\" src=\"https:\/\/static.xx.fbcdn.net\/images\/emoji.php\/v9\/ted\/2\/16\/2764.png\" alt=\"&#x2764;\" width=\"16\" height=\"16\" \/><\/span> M\u00e0u tr\u1eafng c\u00f3 c\u01a1 ch\u1ebf l\u00e0m s\u0103n c\u01a1 , thon c\u01a1 , thon th\u00e0nh c\u01a1 , thon m\u00e0ng c\u01a1 bao v\u00f9ng m\u1ee1 ( nh\u01b0 th\u00e0nh b\u1ee5ng , tay , ch\u00e2n , \u0111\u00f9i , l\u01b0ng , v\u00e0 c\u01a1 ch\u1ebf \u0111\u00e1nh l\u1ecfng m\u1ee1 ,m\u1ec1m m\u00f4 m\u1ee1 b\u1eaft \u0111\u1ea7u li\u1ec7u tr\u00ecnh ti\u00eam )<\/div>\n<div dir=\"auto\"><span class=\"x3nfvp2 x1j61x8r x1fcty0u xdj266r xhhsvwb xat24cr xgzva0m xxymvpz xlup9mm x1kky2od\"><img decoding=\"async\" class=\"xz74otr\" src=\"https:\/\/static.xx.fbcdn.net\/images\/emoji.php\/v9\/ted\/2\/16\/2764.png\" alt=\"&#x2764;\" width=\"16\" height=\"16\" \/><\/span> M\u00e0u \u0111\u1ecf c\u00f3 c\u01a1 ch\u1ebf ti\u00eau h\u1ee7y tan m\u1ee1 d\u1ea7y , m\u1ee1 l\u1ecfng , m\u1ee1 ch\u1ea3y x\u1ec7 si\u00eau c\u1ea5p \u0111\u1ed9 .<\/div>\n<div dir=\"auto\"><span class=\"x3nfvp2 x1j61x8r x1fcty0u xdj266r xhhsvwb xat24cr xgzva0m xxymvpz xlup9mm x1kky2od\"><img loading=\"lazy\" decoding=\"async\" class=\"xz74otr\" src=\"https:\/\/static.xx.fbcdn.net\/images\/emoji.php\/v9\/t4f\/2\/16\/1f3af.png\" alt=\"&#x1f3af;\" width=\"16\" height=\"16\" \/><\/span>C\u00e1ch s\u1eed d\u1ee5ng : m\u00e0u tr\u1eafng v\u00e0 m\u00e0u \u0111\u1ecf mix c\u00f9ng nhau t\u1ec9 l\u1ec7 1: 1<\/div>\n<div dir=\"auto\"><span class=\"x3nfvp2 x1j61x8r x1fcty0u xdj266r xhhsvwb xat24cr xgzva0m xxymvpz xlup9mm x1kky2od\"><img loading=\"lazy\" decoding=\"async\" class=\"xz74otr\" src=\"https:\/\/static.xx.fbcdn.net\/images\/emoji.php\/v9\/tf0\/2\/16\/1f449.png\" alt=\"&#x1f449;\" width=\"16\" height=\"16\" \/><\/span>Cam k\u1ebft hi\u1ec7u qu\u1ea3 r\u00f5 r\u1ec7t nh\u01b0 \u0111i\u00eau kh\u1eafc body .<\/div>\n<div dir=\"auto\"><span class=\"x3nfvp2 x1j61x8r x1fcty0u xdj266r xhhsvwb xat24cr xgzva0m xxymvpz xlup9mm x1kky2od\"><img loading=\"lazy\" decoding=\"async\" class=\"xz74otr\" src=\"https:\/\/static.xx.fbcdn.net\/images\/emoji.php\/v9\/tf0\/2\/16\/1f449.png\" alt=\"&#x1f449;\" width=\"16\" height=\"16\" \/><\/span>Kh\u00f4ng \u0111au , kh\u00f4ng bu\u1ed1t . C\u1ef1c \u00eam .<\/div>\n","protected":false},"featured_media":22380,"comment_status":"open","ping_status":"closed","template":"","meta":[],"product_cat":[54],"product_tag":[],"class_list":{"0":"post-22230","1":"product","2":"type-product","3":"status-publish","4":"has-post-thumbnail","6":"product_cat-tan-mo","8":"first","9":"instock","10":"shipping-taxable","11":"purchasable","12":"product-type-simple"},"_links":{"self":[{"href":"https:\/\/phukienthammy.com.vn\/index.php?rest_route=\/wp\/v2\/product\/22230","targetHints":{"allow":["GET"]}}],"collection":[{"href":"https:\/\/phukienthammy.com.vn\/index.php?rest_route=\/wp\/v2\/product"}],"about":[{"href":"https:\/\/phukienthammy.com.vn\/index.php?rest_route=\/wp\/v2\/types\/product"}],"replies":[{"embeddable":true,"href":"https:\/\/phukienthammy.com.vn\/index.php?rest_route=%2Fwp%2Fv2%2Fcomments&post=22230"}],"version-history":[{"count":0,"href":"https:\/\/phukienthammy.com.vn\/index.php?rest_route=\/wp\/v2\/product\/22230\/revisions"}],"wp:featuredmedia":[{"embeddable":true,"href":"https:\/\/phukienthammy.com.vn\/index.php?rest_route=\/wp\/v2\/media\/22380"}],"wp:attachment":[{"href":"https:\/\/phukienthammy.com.vn\/index.php?rest_route=%2Fwp%2Fv2%2Fmedia&parent=22230"}],"wp:term":[{"taxonomy":"product_cat","embeddable":true,"href":"https:\/\/phukienthammy.com.vn\/index.php?rest_route=%2Fwp%2Fv2%2Fproduct_cat&post=22230"},{"taxonomy":"product_tag","embeddable":true,"href":"https:\/\/phukienthammy.com.vn\/index.php?rest_route=%2Fwp%2Fv2%2Fproduct_tag&post=22230"}],"curies":[{"name":"wp","href":"https:\/\/api.w.org\/{rel}","templated":true}]}}