{"id":22228,"date":"2024-03-20T23:35:02","date_gmt":"2024-03-20T16:35:02","guid":{"rendered":"https:\/\/phukienthammy.com.vn\/?post_type=product&#038;p=22228"},"modified":"2024-03-20T23:37:22","modified_gmt":"2024-03-20T16:37:22","slug":"truyen-trang-nhat","status":"publish","type":"product","link":"https:\/\/phukienthammy.com.vn\/?product=truyen-trang-nhat","title":{"rendered":"Truy\u1ec1n Tr\u1eafng Nh\u1eadt"},"content":{"rendered":"<div>Truy\u1ec1n Tr\u1eafng Nh\u1eadt<\/div>\n<div><\/div>\n<div>Set truy\u1ec1n tr\u1eafng mix 6 lo\u1ea1i \u0111\u1ec3 \u0111\u1ea1t hi\u1ec7u qu\u1ea3 t\u1ed1t \u0111ang l\u00e0m m\u01b0a l\u00e0m gi\u00f3 t\u1ea1i th\u1ecb tr\u01b0\u1eddng Nh\u1eadt B\u1ea3n v\u00e0 \u0111\u01b0\u1ee3c s\u1eed d\u1ee5ng r\u1ed9ng r\u00e3i trong c\u00e1c Spa uy t\u00edn<\/div>\n<div>Cung c\u1ea5p vitamin gi\u00fap ng\u0103n ng\u1eeba m\u1ee5n, l\u00e0m \u0111\u1eb9p da, gi\u00fap da \u0111c kho\u1ebb m\u1ea1nh, tr\u1eafng da d\u00e0y t\u00f3c !!!!<\/div>\n<div><\/div>\n<div>&#x26a1;&#xfe0f;&#x26a1;&#xfe0f; Tr\u01b0\u1edbc khi c\u00f3 \u00fd \u0111\u1ecbnh truy\u1ec1n tr\u1eafng kh\u00e1ch h\u00e0ng c\u1ea7n l\u01b0u \u00fd nh\u1eefng \u0111i\u1ec1u sau:<\/div>\n<div>&#8211; Sau 1 \u0111\u1ebfn 2 l\u1ea7n truy\u1ec1n da s\u1ebd kh\u00f4ng tr\u1eafng nh\u01b0 t\u1eafm tr\u1eafng.<\/div>\n<div>&#8211; V\u1edbi truy\u1ec1n tr\u1eafng sau 2 \u2013 3 l\u1ea7n da s\u1ebd ch\u1ec9 m\u01b0\u1edbt va b\u1eadt tone nh\u1eb9 ,truy\u1ec1n \u0111\u1ee7 1 li\u1ec7u tr\u00ecnh da tr\u1eafng m\u1ecbn nh\u01b0 ng\u1ecdc trinh lu\u00f4n nha<\/div>\n<div>&#8211; T\u1eafm tr\u1eafng c\u00f3 th\u1ec3 b\u1eaft n\u1eafng, nh\u01b0ng truy\u1ec1n da kho\u1ebb s\u0103n ch\u1eafc h\u01a1n, n\u00ean h\u1ea1n ch\u1ebf t\u1edbi 60% kh\u1ea3 n\u0103ng b\u1eaft n\u1eafng.<\/div>\n<div>&#8211; T\u1eafm tr\u1eafng da ch\u1ec9 tr\u1eafng ph\u1ea7n body, nh\u01b0ng truy\u1ec1n da tr\u1eafng \u0111\u1ed3ng m\u00e0u kh\u1eafp, \u0111\u1ebfn c\u00e1c v\u1ebft n\u00e1m, t\u00e0n nhang c\u0169ng m\u1edd 70 \u2013 80% tu\u1ef3 theo c\u01a1 \u0111\u1ecba.<\/div>\n<div>&#8211; T\u1eafm tr\u1eafng s\u1ee9c kho\u1ebb b\u1ea1n kh\u00f4ng thay \u0111\u1ed5i, nh\u01b0ng truy\u1ec1n tr\u1eafng l\u00e0 truy\u1ec1n d\u01b0\u1ee1ng ch\u1ea5t, ch\u00fang t\u00f4i ch\u1eafc ch\u1eafn 1 \u0111i\u1ec1u b\u1ea1n s\u1ebd r\u1ea1ng r\u1ee1, kho\u1ebb, t\u01b0\u01a1i t\u1eafn v\u00e0 vui v\u1ebb h\u01a1n.<\/div>\n","protected":false},"excerpt":{"rendered":"<div>Truy\u1ec1n Tr\u1eafng Nh\u1eadt<\/div>\n<div><\/div>\n<div>Set truy\u1ec1n tr\u1eafng mix 6 lo\u1ea1i \u0111\u1ec3 \u0111\u1ea1t hi\u1ec7u qu\u1ea3 t\u1ed1t \u0111ang l\u00e0m m\u01b0a l\u00e0m gi\u00f3 t\u1ea1i th\u1ecb tr\u01b0\u1eddng Nh\u1eadt B\u1ea3n v\u00e0 \u0111\u01b0\u1ee3c s\u1eed d\u1ee5ng r\u1ed9ng r\u00e3i trong c\u00e1c Spa uy t\u00edn<\/div>\n<div>Cung c\u1ea5p vitamin gi\u00fap ng\u0103n ng\u1eeba m\u1ee5n, l\u00e0m \u0111\u1eb9p da, gi\u00fap da \u0111c kho\u1ebb m\u1ea1nh, tr\u1eafng da d\u00e0y t\u00f3c !!!!<\/div>\n<div><\/div>\n<div>&#x26a1;&#xfe0f;&#x26a1;&#xfe0f; Tr\u01b0\u1edbc khi c\u00f3 \u00fd \u0111\u1ecbnh truy\u1ec1n tr\u1eafng kh\u00e1ch h\u00e0ng c\u1ea7n l\u01b0u \u00fd nh\u1eefng \u0111i\u1ec1u sau:<\/div>\n<div>&#8211; Sau 1 \u0111\u1ebfn 2 l\u1ea7n truy\u1ec1n da s\u1ebd kh\u00f4ng tr\u1eafng nh\u01b0 t\u1eafm tr\u1eafng.<\/div>\n<div>&#8211; V\u1edbi truy\u1ec1n tr\u1eafng sau 2 \u2013 3 l\u1ea7n da s\u1ebd ch\u1ec9 m\u01b0\u1edbt va b\u1eadt tone nh\u1eb9 ,truy\u1ec1n \u0111\u1ee7 1 li\u1ec7u tr\u00ecnh da tr\u1eafng m\u1ecbn nh\u01b0 ng\u1ecdc trinh lu\u00f4n nha<\/div>\n<div>&#8211; T\u1eafm tr\u1eafng c\u00f3 th\u1ec3 b\u1eaft n\u1eafng, nh\u01b0ng truy\u1ec1n da kho\u1ebb s\u0103n ch\u1eafc h\u01a1n, n\u00ean h\u1ea1n ch\u1ebf t\u1edbi 60% kh\u1ea3 n\u0103ng b\u1eaft n\u1eafng.<\/div>\n<div>&#8211; T\u1eafm tr\u1eafng da ch\u1ec9 tr\u1eafng ph\u1ea7n body, nh\u01b0ng truy\u1ec1n da tr\u1eafng \u0111\u1ed3ng m\u00e0u kh\u1eafp, \u0111\u1ebfn c\u00e1c v\u1ebft n\u00e1m, t\u00e0n nhang c\u0169ng m\u1edd 70 \u2013 80% tu\u1ef3 theo c\u01a1 \u0111\u1ecba.<\/div>\n<div>&#8211; T\u1eafm tr\u1eafng s\u1ee9c kho\u1ebb b\u1ea1n kh\u00f4ng thay \u0111\u1ed5i, nh\u01b0ng truy\u1ec1n tr\u1eafng l\u00e0 truy\u1ec1n d\u01b0\u1ee1ng ch\u1ea5t, ch\u00fang t\u00f4i ch\u1eafc ch\u1eafn 1 \u0111i\u1ec1u b\u1ea1n s\u1ebd r\u1ea1ng r\u1ee1, kho\u1ebb, t\u01b0\u01a1i t\u1eafn v\u00e0 vui v\u1ebb h\u01a1n.<\/div>\n","protected":false},"featured_media":22371,"comment_status":"open","ping_status":"closed","template":"","meta":[],"product_cat":[53],"product_tag":[],"class_list":{"0":"post-22228","1":"product","2":"type-product","3":"status-publish","4":"has-post-thumbnail","6":"product_cat-truyen-trang","8":"first","9":"instock","10":"shipping-taxable","11":"purchasable","12":"product-type-simple"},"_links":{"self":[{"href":"https:\/\/phukienthammy.com.vn\/index.php?rest_route=\/wp\/v2\/product\/22228","targetHints":{"allow":["GET"]}}],"collection":[{"href":"https:\/\/phukienthammy.com.vn\/index.php?rest_route=\/wp\/v2\/product"}],"about":[{"href":"https:\/\/phukienthammy.com.vn\/index.php?rest_route=\/wp\/v2\/types\/product"}],"replies":[{"embeddable":true,"href":"https:\/\/phukienthammy.com.vn\/index.php?rest_route=%2Fwp%2Fv2%2Fcomments&post=22228"}],"version-history":[{"count":0,"href":"https:\/\/phukienthammy.com.vn\/index.php?rest_route=\/wp\/v2\/product\/22228\/revisions"}],"wp:featuredmedia":[{"embeddable":true,"href":"https:\/\/phukienthammy.com.vn\/index.php?rest_route=\/wp\/v2\/media\/22371"}],"wp:attachment":[{"href":"https:\/\/phukienthammy.com.vn\/index.php?rest_route=%2Fwp%2Fv2%2Fmedia&parent=22228"}],"wp:term":[{"taxonomy":"product_cat","embeddable":true,"href":"https:\/\/phukienthammy.com.vn\/index.php?rest_route=%2Fwp%2Fv2%2Fproduct_cat&post=22228"},{"taxonomy":"product_tag","embeddable":true,"href":"https:\/\/phukienthammy.com.vn\/index.php?rest_route=%2Fwp%2Fv2%2Fproduct_tag&post=22228"}],"curies":[{"name":"wp","href":"https:\/\/api.w.org\/{rel}","templated":true}]}}