{"id":22089,"date":"2024-03-20T23:32:56","date_gmt":"2024-03-20T16:32:56","guid":{"rendered":"https:\/\/phukienthammy.com.vn\/?post_type=product&#038;p=22089"},"modified":"2024-04-11T15:51:13","modified_gmt":"2024-04-11T08:51:13","slug":"filler-sedy-fill-body","status":"publish","type":"product","link":"https:\/\/phukienthammy.com.vn\/?product=filler-sedy-fill-body","title":{"rendered":"Filler Sedy Fill Body"},"content":{"rendered":"<div dir=\"auto\"><span class=\"x3nfvp2 x1j61x8r x1fcty0u xdj266r xhhsvwb xat24cr xgzva0m xxymvpz xlup9mm x1kky2od\"><img decoding=\"async\" class=\"xz74otr\" src=\"https:\/\/static.xx.fbcdn.net\/images\/emoji.php\/v9\/t9e\/2\/16\/2764_200d_1f525.png\" alt=\"&#x2764;&#xfe0f;&#x200d;&#x1f525;\" width=\"16\" height=\"16\" \/><\/span> Sedy body filler <span class=\"x3nfvp2 x1j61x8r x1fcty0u xdj266r xhhsvwb xat24cr xgzva0m xxymvpz xlup9mm x1kky2od\"><img decoding=\"async\" class=\"xz74otr\" src=\"https:\/\/static.xx.fbcdn.net\/images\/emoji.php\/v9\/t9e\/2\/16\/2764_200d_1f525.png\" alt=\"&#x2764;&#xfe0f;&#x200d;&#x1f525;\" width=\"16\" height=\"16\" \/><\/span><\/div>\n<div dir=\"auto\">Si\u00eau ph\u1ea9m d\u00e0nh cho m\u00f4ng ng\u1ef1c SEDY FILL body<\/div>\n<div dir=\"auto\">Ti\u00eam bao \u00eam bao \u0111\u1eb9p bao m\u01b0\u1edbt \u0111\u1ed9 b\u1ec1n kh\u00f4ng ph\u1ea3i b\u00e0n lu\u00f4n \u1ea1<\/div>\n<div dir=\"auto\">Filler Sedy Fill Body &#8211; l\u00e0m \u0111\u1ea7y c\u00e1c v\u00f9ng b\u1ecb thi\u1ebfu s\u00f3t tr\u00ean c\u01a1 th\u1ec3 1 c\u00e1ch t\u1ef1 nhi\u00ean &#8211; an to\u00e0n &#8211; nhanh ch\u00f3ng &#8211; kh\u00f4ng m\u1ea5t th\u1eddi gian &#8211; kh\u00f4ng ngh\u1ec9 d\u01b0\u1ee1ng<\/div>\n<div dir=\"auto\"><span class=\"x3nfvp2 x1j61x8r x1fcty0u xdj266r xhhsvwb xat24cr xgzva0m xxymvpz xlup9mm x1kky2od\"><img decoding=\"async\" class=\"xz74otr\" src=\"https:\/\/static.xx.fbcdn.net\/images\/emoji.php\/v9\/t6b\/2\/16\/1f449_1f3fb.png\" alt=\"&#x1f449;&#x1f3fb;\" width=\"16\" height=\"16\" \/><\/span> Kh\u1eafc ph\u1ee5c m\u00f4ng h\u00f5m, l\u00e9p, x\u1ec7<\/div>\n<div dir=\"auto\"><span class=\"x3nfvp2 x1j61x8r x1fcty0u xdj266r xhhsvwb xat24cr xgzva0m xxymvpz xlup9mm x1kky2od\"><img decoding=\"async\" class=\"xz74otr\" src=\"https:\/\/static.xx.fbcdn.net\/images\/emoji.php\/v9\/t6b\/2\/16\/1f449_1f3fb.png\" alt=\"&#x1f449;&#x1f3fb;\" width=\"16\" height=\"16\" \/><\/span> T\u1ea1o h\u00ecnh m\u00f4ng tr\u00f2n gi\u00fap c\u01a1 th\u1ec3 c\u00f3 \u0111\u01b0\u1eddng cong quy\u1ebfn r\u0169, di\u1ec7n m\u1ecdi lo\u1ea1i trang ph\u1ee5c kh\u00f4ng c\u00f2n khuy\u1ebft \u0111i\u1ec3m<\/div>\n<div dir=\"auto\"><span class=\"x3nfvp2 x1j61x8r x1fcty0u xdj266r xhhsvwb xat24cr xgzva0m xxymvpz xlup9mm x1kky2od\"><img decoding=\"async\" class=\"xz74otr\" src=\"https:\/\/static.xx.fbcdn.net\/images\/emoji.php\/v9\/tf0\/2\/16\/1f449.png\" alt=\"&#x1f449;\" width=\"16\" height=\"16\" \/><\/span> 1 h\u1ed9p dung t\u00edch 60cc<\/div>\n","protected":false},"excerpt":{"rendered":"<div dir=\"auto\">\n<div dir=\"auto\"><span class=\"x3nfvp2 x1j61x8r x1fcty0u xdj266r xhhsvwb xat24cr xgzva0m xxymvpz xlup9mm x1kky2od\"><img decoding=\"async\" class=\"xz74otr\" src=\"https:\/\/static.xx.fbcdn.net\/images\/emoji.php\/v9\/t9e\/2\/16\/2764_200d_1f525.png\" alt=\"&#x2764;&#xfe0f;&#x200d;&#x1f525;\" width=\"16\" height=\"16\" \/><\/span> Sedy body filler <span class=\"x3nfvp2 x1j61x8r x1fcty0u xdj266r xhhsvwb xat24cr xgzva0m xxymvpz xlup9mm x1kky2od\"><img decoding=\"async\" class=\"xz74otr\" src=\"https:\/\/static.xx.fbcdn.net\/images\/emoji.php\/v9\/t9e\/2\/16\/2764_200d_1f525.png\" alt=\"&#x2764;&#xfe0f;&#x200d;&#x1f525;\" width=\"16\" height=\"16\" \/><\/span><\/div>\n<div dir=\"auto\">Si\u00eau ph\u1ea9m d\u00e0nh cho m\u00f4ng ng\u1ef1c SEDY FILL body<\/div>\n<div dir=\"auto\">Ti\u00eam bao \u00eam bao \u0111\u1eb9p bao m\u01b0\u1edbt \u0111\u1ed9 b\u1ec1n kh\u00f4ng ph\u1ea3i b\u00e0n lu\u00f4n \u1ea1<\/div>\n<div dir=\"auto\">Filler Sedy Fill Body &#8211; l\u00e0m \u0111\u1ea7y c\u00e1c v\u00f9ng b\u1ecb thi\u1ebfu s\u00f3t tr\u00ean c\u01a1 th\u1ec3 1 c\u00e1ch t\u1ef1 nhi\u00ean &#8211; an to\u00e0n &#8211; nhanh ch\u00f3ng &#8211; kh\u00f4ng m\u1ea5t th\u1eddi gian &#8211; kh\u00f4ng ngh\u1ec9 d\u01b0\u1ee1ng<\/div>\n<div dir=\"auto\"><span class=\"x3nfvp2 x1j61x8r x1fcty0u xdj266r xhhsvwb xat24cr xgzva0m xxymvpz xlup9mm x1kky2od\"><img decoding=\"async\" class=\"xz74otr\" src=\"https:\/\/static.xx.fbcdn.net\/images\/emoji.php\/v9\/t6b\/2\/16\/1f449_1f3fb.png\" alt=\"&#x1f449;&#x1f3fb;\" width=\"16\" height=\"16\" \/><\/span> Kh\u1eafc ph\u1ee5c m\u00f4ng h\u00f5m, l\u00e9p, x\u1ec7<\/div>\n<div dir=\"auto\"><span class=\"x3nfvp2 x1j61x8r x1fcty0u xdj266r xhhsvwb xat24cr xgzva0m xxymvpz xlup9mm x1kky2od\"><img decoding=\"async\" class=\"xz74otr\" src=\"https:\/\/static.xx.fbcdn.net\/images\/emoji.php\/v9\/t6b\/2\/16\/1f449_1f3fb.png\" alt=\"&#x1f449;&#x1f3fb;\" width=\"16\" height=\"16\" \/><\/span> T\u1ea1o h\u00ecnh m\u00f4ng tr\u00f2n gi\u00fap c\u01a1 th\u1ec3 c\u00f3 \u0111\u01b0\u1eddng cong quy\u1ebfn r\u0169, di\u1ec7n m\u1ecdi lo\u1ea1i trang ph\u1ee5c kh\u00f4ng c\u00f2n khuy\u1ebft \u0111i\u1ec3m<\/div>\n<div dir=\"auto\"><span class=\"x3nfvp2 x1j61x8r x1fcty0u xdj266r xhhsvwb xat24cr xgzva0m xxymvpz xlup9mm x1kky2od\"><img decoding=\"async\" class=\"xz74otr\" src=\"https:\/\/static.xx.fbcdn.net\/images\/emoji.php\/v9\/tf0\/2\/16\/1f449.png\" alt=\"&#x1f449;\" width=\"16\" height=\"16\" \/><\/span> 1 h\u1ed9p dung t\u00edch 60cc<\/div>\n<\/div>\n","protected":false},"featured_media":22262,"comment_status":"open","ping_status":"closed","template":"","meta":[],"product_cat":[51],"product_tag":[],"class_list":{"0":"post-22089","1":"product","2":"type-product","3":"status-publish","4":"has-post-thumbnail","6":"product_cat-filler","8":"first","9":"instock","10":"shipping-taxable","11":"purchasable","12":"product-type-simple"},"_links":{"self":[{"href":"https:\/\/phukienthammy.com.vn\/index.php?rest_route=\/wp\/v2\/product\/22089","targetHints":{"allow":["GET"]}}],"collection":[{"href":"https:\/\/phukienthammy.com.vn\/index.php?rest_route=\/wp\/v2\/product"}],"about":[{"href":"https:\/\/phukienthammy.com.vn\/index.php?rest_route=\/wp\/v2\/types\/product"}],"replies":[{"embeddable":true,"href":"https:\/\/phukienthammy.com.vn\/index.php?rest_route=%2Fwp%2Fv2%2Fcomments&post=22089"}],"version-history":[{"count":0,"href":"https:\/\/phukienthammy.com.vn\/index.php?rest_route=\/wp\/v2\/product\/22089\/revisions"}],"wp:featuredmedia":[{"embeddable":true,"href":"https:\/\/phukienthammy.com.vn\/index.php?rest_route=\/wp\/v2\/media\/22262"}],"wp:attachment":[{"href":"https:\/\/phukienthammy.com.vn\/index.php?rest_route=%2Fwp%2Fv2%2Fmedia&parent=22089"}],"wp:term":[{"taxonomy":"product_cat","embeddable":true,"href":"https:\/\/phukienthammy.com.vn\/index.php?rest_route=%2Fwp%2Fv2%2Fproduct_cat&post=22089"},{"taxonomy":"product_tag","embeddable":true,"href":"https:\/\/phukienthammy.com.vn\/index.php?rest_route=%2Fwp%2Fv2%2Fproduct_tag&post=22089"}],"curies":[{"name":"wp","href":"https:\/\/api.w.org\/{rel}","templated":true}]}}