{"id":22088,"date":"2024-03-20T23:32:56","date_gmt":"2024-03-20T16:32:56","guid":{"rendered":"https:\/\/phukienthammy.com.vn\/?post_type=product&#038;p=22088"},"modified":"2024-03-20T23:35:28","modified_gmt":"2024-03-20T16:35:28","slug":"filler-alisa-body","status":"publish","type":"product","link":"https:\/\/phukienthammy.com.vn\/?product=filler-alisa-body","title":{"rendered":"Filler Alisa Body"},"content":{"rendered":"<div class=\"xdj266r x11i5rnm xat24cr x1mh8g0r x1vvkbs x126k92a\">\n<div dir=\"auto\"><span class=\"x3nfvp2 x1j61x8r x1fcty0u xdj266r xhhsvwb xat24cr xgzva0m xxymvpz xlup9mm x1kky2od\"><img decoding=\"async\" class=\"xz74otr\" src=\"https:\/\/static.xx.fbcdn.net\/images\/emoji.php\/v9\/t5e\/2\/16\/274c.png\" alt=\"&#x274c;\" width=\"16\" height=\"16\" \/><\/span> Filler Alisa Body <span class=\"x3nfvp2 x1j61x8r x1fcty0u xdj266r xhhsvwb xat24cr xgzva0m xxymvpz xlup9mm x1kky2od\"><img decoding=\"async\" class=\"xz74otr\" src=\"https:\/\/static.xx.fbcdn.net\/images\/emoji.php\/v9\/t5e\/2\/16\/274c.png\" alt=\"&#x274c;\" width=\"16\" height=\"16\" \/><\/span><\/div>\n<\/div>\n<div class=\"x11i5rnm xat24cr x1mh8g0r x1vvkbs xtlvy1s x126k92a\">\n<div dir=\"auto\">( HAY \u0110\u01af\u1ee2C G\u1eccI B\u1edeI T\u00caN THAY TH\u1ebe : FILLER L\u00c0NH T\u00cdNH NH\u1ea4T TH\u1ebe GI\u1edaI )<\/div>\n<div dir=\"auto\">Kh\u00f4ng nh\u01b0 nh\u1eefng sp kh\u00e1c . Alisa filler body \u0111\u01b0\u1ee3c c\u00f4ng nh\u1eadn tr\u00ean to\u00e0n th\u1ebf gi\u1edbi v\u1ec1 ch\u1ea5t l\u01b0\u1ee3ng v\u01b0\u1ee3t tr\u1ed9i. S\u1ea3n ph\u1ea9m \u0111\u00e3 \u0111\u01b0\u1ee3c s\u1eed d\u1ee5ng tr\u1ea3i nghi\u1ec7m l\u00e2m s\u00e0ng trong t\u1ea5t c\u1ea3 c\u00e1c b\u1ec7nh vi\u1ec7n c\u1ee7a h\u00e0n qu\u1ed1c v\u00e0 c\u00e1c b\u1ec7nh vi\u1ec7n c\u1ee7a ch\u00e2u \u00e2u .<\/div>\n<div dir=\"auto\">\u0110\u01b0\u1ee3c \u0111\u00e1nh gi\u00e1 cao v\u1ec1 \u0111\u1ed9 li\u00ean k\u1ebft HA , t\u00ednh b\u1ec1n v\u1eefng c\u1ee7a c\u00f4ng ngh\u1ec7 li\u00ean k\u1ebft ch\u00e9o , gi\u00fap cho ch\u00fang ta c\u00f3 c\u1eb7p b\u1ed3ng \u0111\u00e0o v\u1eb9n tr\u00f2n , v\u00f2ng 3 c\u0103ng , \u0111\u00e0n h\u1ed3i t\u1ed1t nh\u01b0 m\u00f4 th\u1ecbt th\u1eadt c\u1ee7a ch\u00fang ta khi ng\u1ed3i , khi v\u1eadn \u0111\u1ed9ng .<\/div>\n<div dir=\"auto\"><span class=\"x3nfvp2 x1j61x8r x1fcty0u xdj266r xhhsvwb xat24cr xgzva0m xxymvpz xlup9mm x1kky2od\"><img decoding=\"async\" class=\"xz74otr\" src=\"https:\/\/static.xx.fbcdn.net\/images\/emoji.php\/v9\/tf0\/2\/16\/1f449.png\" alt=\"&#x1f449;\" width=\"16\" height=\"16\" \/><\/span>N\u00f3 mang l\u1ea1i v\u1ebb \u0111\u1eb9p ho\u00e0n h\u1ea3o m\u00e0 kh\u00f4ng c\u1ea7n ch\u1ecbu \u0111au \u0111\u1edbn nh\u01b0 ph\u1eabu thu\u1eadt<\/div>\n<div dir=\"auto\">Quy c\u00e1ch v\u00e0 t\u00ednh ch\u1ea5t c\u1ee7a ALISA body :<\/div>\n<div dir=\"auto\"><span class=\"x3nfvp2 x1j61x8r x1fcty0u xdj266r xhhsvwb xat24cr xgzva0m xxymvpz xlup9mm x1kky2od\"><img decoding=\"async\" class=\"xz74otr\" src=\"https:\/\/static.xx.fbcdn.net\/images\/emoji.php\/v9\/tf0\/2\/16\/1f449.png\" alt=\"&#x1f449;\" width=\"16\" height=\"16\" \/><\/span> ALISA filler body h\u1ed9p 50 cc , \u0111\u01b0\u1ee3c s\u1ea3n xu\u1ea5t b\u1edfi t\u1eadp \u0111o\u00e0n nh\u00e0 sx BIOPLUS l\u1edbn nh\u1ea5t h\u00e0n qu\u1ed1c v\u1edbi m\u1eadt \u0111\u1ed9 di\u1ec7n t\u00edch nh\u00e0 m\u00e1y l\u00ean t\u1edbi 60.000 m2<\/div>\n<div dir=\"auto\"><span class=\"x3nfvp2 x1j61x8r x1fcty0u xdj266r xhhsvwb xat24cr xgzva0m xxymvpz xlup9mm x1kky2od\"><img decoding=\"async\" class=\"xz74otr\" src=\"https:\/\/static.xx.fbcdn.net\/images\/emoji.php\/v9\/tf0\/2\/16\/1f449.png\" alt=\"&#x1f449;\" width=\"16\" height=\"16\" \/><\/span> TI\u00caU CHU\u1ea8N 5.0<\/div>\n<div dir=\"auto\">kh\u00f4ng \u0111au , kh\u00f4ng bu\u1ed1t , kh\u00f4ng s\u01b0ng , kh\u00f4ng t\u00e1c d\u1ee5ng ph\u1ee5 , kh\u00f4ng tr\u00e0n sang c\u00e1c v\u00f9ng l\u00e2n c\u1eadn .<\/div>\n<div dir=\"auto\"><span class=\"x3nfvp2 x1j61x8r x1fcty0u xdj266r xhhsvwb xat24cr xgzva0m xxymvpz xlup9mm x1kky2od\"><img decoding=\"async\" class=\"xz74otr\" src=\"https:\/\/static.xx.fbcdn.net\/images\/emoji.php\/v9\/tf0\/2\/16\/1f449.png\" alt=\"&#x1f449;\" width=\"16\" height=\"16\" \/><\/span> tr\u00e1nh t\u00ecnh tr\u1ea1ng h\u00e0ng nh\u00e1i , qu\u00fd kh\u00e1ch h\u00e0ng xin check m\u00e3 v\u1ea1ch \u0111\u1ec3 bi\u1ebft \u0111\u1ea7y \u0111\u1ee7 th\u00f4ng tin c\u1ee7a nh\u00e0 m\u00e1y v\u00e0 \u0111\u1ecba ch\u1ec9 nh\u00e0 m\u00e1y sx filler ALISA body \u1edf h\u00e0n qu\u1ed1c .<\/div>\n<\/div>\n","protected":false},"excerpt":{"rendered":"<div class=\"xdj266r x11i5rnm xat24cr x1mh8g0r x1vvkbs x126k92a\">\n<div dir=\"auto\"><span class=\"x3nfvp2 x1j61x8r x1fcty0u xdj266r xhhsvwb xat24cr xgzva0m xxymvpz xlup9mm x1kky2od\"><img decoding=\"async\" class=\"xz74otr\" src=\"https:\/\/static.xx.fbcdn.net\/images\/emoji.php\/v9\/t5e\/2\/16\/274c.png\" alt=\"&#x274c;\" width=\"16\" height=\"16\" \/><\/span> Filler body ALISA <span class=\"x3nfvp2 x1j61x8r x1fcty0u xdj266r xhhsvwb xat24cr xgzva0m xxymvpz xlup9mm x1kky2od\"><img decoding=\"async\" class=\"xz74otr\" src=\"https:\/\/static.xx.fbcdn.net\/images\/emoji.php\/v9\/t5e\/2\/16\/274c.png\" alt=\"&#x274c;\" width=\"16\" height=\"16\" \/><\/span><\/div>\n<\/div>\n<div class=\"x11i5rnm xat24cr x1mh8g0r x1vvkbs xtlvy1s x126k92a\">\n<div dir=\"auto\">( HAY \u0110\u01af\u1ee2C G\u1eccI B\u1edeI T\u00caN THAY TH\u1ebe : FILLER L\u00c0NH T\u00cdNH NH\u1ea4T TH\u1ebe GI\u1edaI )<\/div>\n<div dir=\"auto\">Kh\u00f4ng nh\u01b0 nh\u1eefng sp kh\u00e1c . Alisa filler body \u0111\u01b0\u1ee3c c\u00f4ng nh\u1eadn tr\u00ean to\u00e0n th\u1ebf gi\u1edbi v\u1ec1 ch\u1ea5t l\u01b0\u1ee3ng v\u01b0\u1ee3t tr\u1ed9i. S\u1ea3n ph\u1ea9m \u0111\u00e3 \u0111\u01b0\u1ee3c s\u1eed d\u1ee5ng tr\u1ea3i nghi\u1ec7m l\u00e2m s\u00e0ng trong t\u1ea5t c\u1ea3 c\u00e1c b\u1ec7nh vi\u1ec7n c\u1ee7a h\u00e0n qu\u1ed1c v\u00e0 c\u00e1c b\u1ec7nh vi\u1ec7n c\u1ee7a ch\u00e2u \u00e2u .<\/div>\n<div dir=\"auto\">\u0110\u01b0\u1ee3c \u0111\u00e1nh gi\u00e1 cao v\u1ec1 \u0111\u1ed9 li\u00ean k\u1ebft HA , t\u00ednh b\u1ec1n v\u1eefng c\u1ee7a c\u00f4ng ngh\u1ec7 li\u00ean k\u1ebft ch\u00e9o , gi\u00fap cho ch\u00fang ta c\u00f3 c\u1eb7p b\u1ed3ng \u0111\u00e0o v\u1eb9n tr\u00f2n , v\u00f2ng 3 c\u0103ng , \u0111\u00e0n h\u1ed3i t\u1ed1t nh\u01b0 m\u00f4 th\u1ecbt th\u1eadt c\u1ee7a ch\u00fang ta khi ng\u1ed3i , khi v\u1eadn \u0111\u1ed9ng .<\/div>\n<div dir=\"auto\"><span class=\"x3nfvp2 x1j61x8r x1fcty0u xdj266r xhhsvwb xat24cr xgzva0m xxymvpz xlup9mm x1kky2od\"><img decoding=\"async\" class=\"xz74otr\" src=\"https:\/\/static.xx.fbcdn.net\/images\/emoji.php\/v9\/tf0\/2\/16\/1f449.png\" alt=\"&#x1f449;\" width=\"16\" height=\"16\" \/><\/span>N\u00f3 mang l\u1ea1i v\u1ebb \u0111\u1eb9p ho\u00e0n h\u1ea3o m\u00e0 kh\u00f4ng c\u1ea7n ch\u1ecbu \u0111au \u0111\u1edbn nh\u01b0 ph\u1eabu thu\u1eadt<\/div>\n<div dir=\"auto\">Quy c\u00e1ch v\u00e0 t\u00ednh ch\u1ea5t c\u1ee7a ALISA body :<\/div>\n<div dir=\"auto\"><span class=\"x3nfvp2 x1j61x8r x1fcty0u xdj266r xhhsvwb xat24cr xgzva0m xxymvpz xlup9mm x1kky2od\"><img decoding=\"async\" class=\"xz74otr\" src=\"https:\/\/static.xx.fbcdn.net\/images\/emoji.php\/v9\/tf0\/2\/16\/1f449.png\" alt=\"&#x1f449;\" width=\"16\" height=\"16\" \/><\/span> ALISA filler body h\u1ed9p 50 cc , \u0111\u01b0\u1ee3c s\u1ea3n xu\u1ea5t b\u1edfi t\u1eadp \u0111o\u00e0n nh\u00e0 sx BIOPLUS l\u1edbn nh\u1ea5t h\u00e0n qu\u1ed1c v\u1edbi m\u1eadt \u0111\u1ed9 di\u1ec7n t\u00edch nh\u00e0 m\u00e1y l\u00ean t\u1edbi 60.000 m2<\/div>\n<div dir=\"auto\"><span class=\"x3nfvp2 x1j61x8r x1fcty0u xdj266r xhhsvwb xat24cr xgzva0m xxymvpz xlup9mm x1kky2od\"><img decoding=\"async\" class=\"xz74otr\" src=\"https:\/\/static.xx.fbcdn.net\/images\/emoji.php\/v9\/tf0\/2\/16\/1f449.png\" alt=\"&#x1f449;\" width=\"16\" height=\"16\" \/><\/span> TI\u00caU CHU\u1ea8N 5.0<\/div>\n<div dir=\"auto\">kh\u00f4ng \u0111au , kh\u00f4ng bu\u1ed1t , kh\u00f4ng s\u01b0ng , kh\u00f4ng t\u00e1c d\u1ee5ng ph\u1ee5 , kh\u00f4ng tr\u00e0n sang c\u00e1c v\u00f9ng l\u00e2n c\u1eadn .<\/div>\n<div dir=\"auto\"><span class=\"x3nfvp2 x1j61x8r x1fcty0u xdj266r xhhsvwb xat24cr xgzva0m xxymvpz xlup9mm x1kky2od\"><img decoding=\"async\" class=\"xz74otr\" src=\"https:\/\/static.xx.fbcdn.net\/images\/emoji.php\/v9\/tf0\/2\/16\/1f449.png\" alt=\"&#x1f449;\" width=\"16\" height=\"16\" \/><\/span> tr\u00e1nh t\u00ecnh tr\u1ea1ng h\u00e0ng nh\u00e1i , qu\u00fd kh\u00e1ch h\u00e0ng xin check m\u00e3 v\u1ea1ch \u0111\u1ec3 bi\u1ebft \u0111\u1ea7y \u0111\u1ee7 th\u00f4ng tin c\u1ee7a nh\u00e0 m\u00e1y v\u00e0 \u0111\u1ecba ch\u1ec9 nh\u00e0 m\u00e1y sx filler ALISA body \u1edf h\u00e0n qu\u1ed1c .<\/div>\n<\/div>\n","protected":false},"featured_media":22257,"comment_status":"open","ping_status":"closed","template":"","meta":[],"product_cat":[51],"product_tag":[],"class_list":{"0":"post-22088","1":"product","2":"type-product","3":"status-publish","4":"has-post-thumbnail","6":"product_cat-filler","8":"first","9":"instock","10":"shipping-taxable","11":"purchasable","12":"product-type-simple"},"_links":{"self":[{"href":"https:\/\/phukienthammy.com.vn\/index.php?rest_route=\/wp\/v2\/product\/22088","targetHints":{"allow":["GET"]}}],"collection":[{"href":"https:\/\/phukienthammy.com.vn\/index.php?rest_route=\/wp\/v2\/product"}],"about":[{"href":"https:\/\/phukienthammy.com.vn\/index.php?rest_route=\/wp\/v2\/types\/product"}],"replies":[{"embeddable":true,"href":"https:\/\/phukienthammy.com.vn\/index.php?rest_route=%2Fwp%2Fv2%2Fcomments&post=22088"}],"version-history":[{"count":0,"href":"https:\/\/phukienthammy.com.vn\/index.php?rest_route=\/wp\/v2\/product\/22088\/revisions"}],"wp:featuredmedia":[{"embeddable":true,"href":"https:\/\/phukienthammy.com.vn\/index.php?rest_route=\/wp\/v2\/media\/22257"}],"wp:attachment":[{"href":"https:\/\/phukienthammy.com.vn\/index.php?rest_route=%2Fwp%2Fv2%2Fmedia&parent=22088"}],"wp:term":[{"taxonomy":"product_cat","embeddable":true,"href":"https:\/\/phukienthammy.com.vn\/index.php?rest_route=%2Fwp%2Fv2%2Fproduct_cat&post=22088"},{"taxonomy":"product_tag","embeddable":true,"href":"https:\/\/phukienthammy.com.vn\/index.php?rest_route=%2Fwp%2Fv2%2Fproduct_tag&post=22088"}],"curies":[{"name":"wp","href":"https:\/\/api.w.org\/{rel}","templated":true}]}}