{"id":22086,"date":"2024-03-20T23:32:56","date_gmt":"2024-03-20T16:32:56","guid":{"rendered":"https:\/\/phukienthammy.com.vn\/?post_type=product&#038;p=22086"},"modified":"2025-06-19T10:29:30","modified_gmt":"2025-06-19T03:29:30","slug":"filler-doris-body","status":"publish","type":"product","link":"https:\/\/phukienthammy.com.vn\/?product=filler-doris-body","title":{"rendered":"Filler Doris Body"},"content":{"rendered":"<div class=\"xdj266r x11i5rnm xat24cr x1mh8g0r x1vvkbs x126k92a\">\n<div dir=\"auto\">\n<h3 data-start=\"351\" data-end=\"421\"><strong data-start=\"355\" data-end=\"419\">Filler Doris Body \u2013 H\u1ed7 Tr\u1ee3 T\u1ea1o H\u00ecnh C\u01a1 Th\u1ec3 T\u1ef1 Nhi\u00ean, An To\u00e0n<\/strong><\/h3>\n<p data-start=\"422\" data-end=\"506\"><strong data-start=\"422\" data-end=\"436\">Dung t\u00edch:<\/strong> 60cc\/h\u1ed9p<br data-start=\"445\" data-end=\"448\" \/><strong data-start=\"448\" data-end=\"460\">Xu\u1ea5t x\u1ee9:<\/strong> H\u00e0n Qu\u1ed1c<\/p>\n<p data-start=\"508\" data-end=\"811\"><strong data-start=\"508\" data-end=\"532\">Gi\u1edbi thi\u1ec7u s\u1ea3n ph\u1ea9m:<\/strong><br data-start=\"532\" data-end=\"535\" \/>Doris Body l\u00e0 d\u00f2ng ch\u1ea5t l\u00e0m \u0111\u1ea7y chuy\u00ean d\u1ee5ng, th\u01b0\u1eddng \u0111\u01b0\u1ee3c \u1ee9ng d\u1ee5ng trong c\u00e1c li\u1ec7u tr\u00ecnh ch\u0103m s\u00f3c v\u00e0 t\u1ea1o h\u00ecnh v\u00f9ng c\u01a1 th\u1ec3 nh\u01b0 m\u00f4ng, ng\u1ef1c, mu b\u00e0n tay ho\u1eb7c b\u00e0n ch\u00e2n. S\u1ea3n ph\u1ea9m s\u1eed d\u1ee5ng c\u00f4ng ngh\u1ec7 H.A (Hyaluronic Acid) th\u00e2n thi\u1ec7n v\u1edbi da v\u00e0 ph\u00f9 h\u1ee3p v\u1edbi c\u00e1c c\u01a1 s\u1edf l\u00e0m \u0111\u1eb9p c\u00f3 chuy\u00ean m\u00f4n.<\/p>\n<p data-start=\"813\" data-end=\"836\"><strong data-start=\"813\" data-end=\"834\">\u0110\u1eb7c \u0111i\u1ec3m n\u1ed5i b\u1eadt:<\/strong><\/p>\n<ul data-start=\"837\" data-end=\"1094\">\n<li data-start=\"837\" data-end=\"885\">\n<p data-start=\"839\" data-end=\"885\">S\u1eed d\u1ee5ng H.A chuy\u00ean bi\u1ec7t d\u00e0nh cho v\u00f9ng c\u01a1 th\u1ec3<\/p>\n<\/li>\n<li data-start=\"886\" data-end=\"955\">\n<p data-start=\"888\" data-end=\"955\">H\u1ed7 tr\u1ee3 c\u1ea3i thi\u1ec7n \u0111\u01b0\u1eddng n\u00e9t c\u01a1 th\u1ec3 t\u1ea1i c\u00e1c v\u00f9ng c\u1ea7n b\u1ed5 sung m\u00f4 m\u1ec1m<\/p>\n<\/li>\n<li data-start=\"956\" data-end=\"1023\">\n<p data-start=\"958\" data-end=\"1023\">Kh\u00f4ng ch\u1ee9a th\u00e0nh ph\u1ea7n g\u00e2y k\u00edch \u1ee9ng, ph\u00f9 h\u1ee3p v\u1edbi l\u00e0n da nh\u1ea1y c\u1ea3m<\/p>\n<\/li>\n<li data-start=\"1024\" data-end=\"1094\">\n<p data-start=\"1026\" data-end=\"1094\">S\u1ea3n ph\u1ea9m ch\u00ednh h\u00e3ng, \u0111\u01b0\u1ee3c ki\u1ec3m nghi\u1ec7m ch\u1ea5t l\u01b0\u1ee3ng tr\u01b0\u1edbc khi ph\u00e2n ph\u1ed1i<\/p>\n<\/li>\n<\/ul>\n<p data-start=\"1096\" data-end=\"1122\"><strong data-start=\"1096\" data-end=\"1120\">\u01afu \u0111i\u1ec3m khi s\u1eed d\u1ee5ng:<\/strong><\/p>\n<ul data-start=\"1123\" data-end=\"1272\">\n<li data-start=\"1123\" data-end=\"1147\">\n<p data-start=\"1125\" data-end=\"1147\">Kh\u00f4ng c\u1ea7n ph\u1eabu thu\u1eadt<\/p>\n<\/li>\n<li data-start=\"1148\" data-end=\"1196\">\n<p data-start=\"1150\" data-end=\"1196\">Ph\u00f9 h\u1ee3p cho quy tr\u00ecnh ch\u0103m s\u00f3c kh\u00f4ng x\u00e2m l\u1ea5n<\/p>\n<\/li>\n<li data-start=\"1197\" data-end=\"1272\">\n<p data-start=\"1199\" data-end=\"1272\">\u0110\u01b0\u1ee3c s\u1eed d\u1ee5ng trong m\u00f4i tr\u01b0\u1eddng chuy\u00ean m\u00f4n b\u1edfi k\u1ef9 thu\u1eadt vi\u00ean \u0111\u01b0\u1ee3c \u0111\u00e0o t\u1ea1o<\/p>\n<\/li>\n<\/ul>\n<p data-start=\"1274\" data-end=\"1292\"><strong data-start=\"1274\" data-end=\"1290\">Khuy\u1ebfn ngh\u1ecb:<\/strong><\/p>\n<ul data-start=\"1293\" data-end=\"1440\">\n<li data-start=\"1293\" data-end=\"1361\">\n<p data-start=\"1295\" data-end=\"1361\">S\u1ea3n ph\u1ea9m ch\u1ec9 n\u00ean \u0111\u01b0\u1ee3c s\u1eed d\u1ee5ng t\u1ea1i c\u00e1c c\u01a1 s\u1edf th\u1ea9m m\u1ef9 c\u00f3 gi\u1ea5y ph\u00e9p<\/p>\n<\/li>\n<li data-start=\"1362\" data-end=\"1440\">\n<p data-start=\"1364\" data-end=\"1440\">Kh\u00f4ng d\u00f9ng cho ph\u1ee5 n\u1eef mang thai, \u0111ang cho con b\u00fa ho\u1eb7c ng\u01b0\u1eddi d\u1ecb \u1ee9ng v\u1edbi H.A<\/p>\n<\/li>\n<\/ul>\n<\/div>\n<\/div>\n","protected":false},"excerpt":{"rendered":"<p data-start=\"422\" data-end=\"506\"><strong data-start=\"422\" data-end=\"436\">Dung t\u00edch:<\/strong> 60cc\/h\u1ed9p<br data-start=\"445\" data-end=\"448\" \/><strong data-start=\"448\" data-end=\"460\">Xu\u1ea5t x\u1ee9:<\/strong> H\u00e0n Qu\u1ed1c<\/p>\n<p data-start=\"508\" data-end=\"811\"><strong data-start=\"508\" data-end=\"532\">Gi\u1edbi thi\u1ec7u s\u1ea3n ph\u1ea9m:<\/strong><br data-start=\"532\" data-end=\"535\" \/>Doris Body l\u00e0 d\u00f2ng ch\u1ea5t l\u00e0m \u0111\u1ea7y chuy\u00ean d\u1ee5ng, th\u01b0\u1eddng \u0111\u01b0\u1ee3c \u1ee9ng d\u1ee5ng trong c\u00e1c li\u1ec7u tr\u00ecnh ch\u0103m s\u00f3c v\u00e0 t\u1ea1o h\u00ecnh v\u00f9ng c\u01a1 th\u1ec3 nh\u01b0 m\u00f4ng, ng\u1ef1c, mu b\u00e0n tay ho\u1eb7c b\u00e0n ch\u00e2n. S\u1ea3n ph\u1ea9m s\u1eed d\u1ee5ng c\u00f4ng ngh\u1ec7 H.A (Hyaluronic Acid) th\u00e2n thi\u1ec7n v\u1edbi da v\u00e0 ph\u00f9 h\u1ee3p v\u1edbi c\u00e1c c\u01a1 s\u1edf l\u00e0m \u0111\u1eb9p c\u00f3 chuy\u00ean m\u00f4n.<\/p>\n","protected":false},"featured_media":22243,"comment_status":"open","ping_status":"closed","template":"","meta":[],"product_cat":[51],"product_tag":[],"class_list":{"0":"post-22086","1":"product","2":"type-product","3":"status-publish","4":"has-post-thumbnail","6":"product_cat-filler","8":"first","9":"instock","10":"shipping-taxable","11":"purchasable","12":"product-type-simple"},"_links":{"self":[{"href":"https:\/\/phukienthammy.com.vn\/index.php?rest_route=\/wp\/v2\/product\/22086","targetHints":{"allow":["GET"]}}],"collection":[{"href":"https:\/\/phukienthammy.com.vn\/index.php?rest_route=\/wp\/v2\/product"}],"about":[{"href":"https:\/\/phukienthammy.com.vn\/index.php?rest_route=\/wp\/v2\/types\/product"}],"replies":[{"embeddable":true,"href":"https:\/\/phukienthammy.com.vn\/index.php?rest_route=%2Fwp%2Fv2%2Fcomments&post=22086"}],"version-history":[{"count":1,"href":"https:\/\/phukienthammy.com.vn\/index.php?rest_route=\/wp\/v2\/product\/22086\/revisions"}],"predecessor-version":[{"id":22836,"href":"https:\/\/phukienthammy.com.vn\/index.php?rest_route=\/wp\/v2\/product\/22086\/revisions\/22836"}],"wp:featuredmedia":[{"embeddable":true,"href":"https:\/\/phukienthammy.com.vn\/index.php?rest_route=\/wp\/v2\/media\/22243"}],"wp:attachment":[{"href":"https:\/\/phukienthammy.com.vn\/index.php?rest_route=%2Fwp%2Fv2%2Fmedia&parent=22086"}],"wp:term":[{"taxonomy":"product_cat","embeddable":true,"href":"https:\/\/phukienthammy.com.vn\/index.php?rest_route=%2Fwp%2Fv2%2Fproduct_cat&post=22086"},{"taxonomy":"product_tag","embeddable":true,"href":"https:\/\/phukienthammy.com.vn\/index.php?rest_route=%2Fwp%2Fv2%2Fproduct_tag&post=22086"}],"curies":[{"name":"wp","href":"https:\/\/api.w.org\/{rel}","templated":true}]}}