{"id":22084,"date":"2024-03-20T23:32:56","date_gmt":"2024-03-20T16:32:56","guid":{"rendered":"https:\/\/phukienthammy.com.vn\/?post_type=product&#038;p=22084"},"modified":"2024-03-20T23:35:10","modified_gmt":"2024-03-20T16:35:10","slug":"filler-senorita","status":"publish","type":"product","link":"https:\/\/phukienthammy.com.vn\/?product=filler-senorita","title":{"rendered":"Filler Senorita"},"content":{"rendered":"<div class=\"xdj266r x11i5rnm xat24cr x1mh8g0r x1vvkbs x126k92a\">\n<div dir=\"auto\">Filler Senorita VIP &#8211; T\u1ea1o N\u00ean V\u1ebb \u0110\u1eb9p Qu\u00fd Ph\u00e1i<\/div>\n<\/div>\n<div class=\"x11i5rnm xat24cr x1mh8g0r x1vvkbs xtlvy1s x126k92a\">\n<div dir=\"auto\">&#8220;Senorita VIP&#8221; l\u00e0 m\u1ed9t d\u00f2ng s\u1ea3n ph\u1ea9m filler th\u1ea9m m\u1ef9 \u0111\u01b0\u1ee3c \u01b0a chu\u1ed9ng v\u00e0 tin d\u00f9ng b\u1edfi nhi\u1ec1u ng\u01b0\u1eddi tr\u00ean to\u00e0n th\u1ebf gi\u1edbi.<\/div>\n<\/div>\n<div class=\"x11i5rnm xat24cr x1mh8g0r x1vvkbs xtlvy1s x126k92a\">\n<div dir=\"auto\">Senorita VIP \u0111\u01b0\u1ee3c ph\u00e1t tri\u1ec3n v\u1edbi c\u00f4ng ngh\u1ec7 ti\u00ean ti\u1ebfn v\u00e0 th\u00e0nh ph\u1ea7n ch\u1ea5t l\u01b0\u1ee3ng, \u0111\u1ea3m b\u1ea3o mang l\u1ea1i k\u1ebft qu\u1ea3 t\u1ed1i \u01b0u v\u00e0 an to\u00e0n cho kh\u00e1ch h\u00e0ng, \u0111\u1ec3 \u0111i\u1ec1u ch\u1ec9nh v\u00e0 c\u00e2n b\u1eb1ng c\u00e1c khuy\u1ebft \u0111i\u1ec3m tr\u00ean khu\u00f4n m\u1eb7t, gi\u00fap l\u00e0m \u0111\u1ea7y c\u00e1c n\u1ebfp nh\u0103n, khuy\u1ebft \u0111i\u1ec3m v\u00e0 t\u1ea1o n\u00ean \u0111\u01b0\u1eddng cong m\u1ec1m m\u1ea1i v\u00e0 t\u1ef1 nhi\u00ean.<\/div>\n<\/div>\n<div class=\"x11i5rnm xat24cr x1mh8g0r x1vvkbs xtlvy1s x126k92a\">\n<div dir=\"auto\">Qu\u00e1 tr\u00ecnh ti\u00eam filler Senorita VIP \u0111\u01b0\u1ee3c th\u1ef1c hi\u1ec7n b\u1edfi c\u00e1c chuy\u00ean gia l\u00e0m \u0111\u1eb9p gi\u00e0u kinh nghi\u1ec7m v\u00e0 \u0111\u01b0\u1ee3c \u0111\u00e0o t\u1ea1o chuy\u00ean s\u00e2u. V\u1edbi k\u1ef9 thu\u1eadt ti\u00eam tinh t\u1ebf v\u00e0 nh\u1eefng v\u1ecb tr\u00ed chi\u1ebfn l\u01b0\u1ee3c, nh\u01b0 v\u00f9ng m\u1eaft, m\u0169i, m\u00f4i v\u00e0 c\u1eb1m, Senorita VIP gi\u00fap kh\u00e1ch h\u00e0ng c\u00f3 \u0111\u01b0\u1ee3c khu\u00f4n m\u1eb7t thon g\u1ecdn, \u0111\u01b0\u1eddng n\u00e9t thanh t\u00fa v\u00e0 t\u01b0\u01a1i tr\u1ebb.<\/div>\n<\/div>\n<div class=\"x11i5rnm xat24cr x1mh8g0r x1vvkbs xtlvy1s x126k92a\">\n<div dir=\"auto\">K\u1ebft qu\u1ea3 t\u1eeb filler Senorita VIP l\u00e0 t\u1ef1 nhi\u00ean v\u00e0 l\u00e2u d\u00e0i. V\u1edbi hi\u1ec7u qu\u1ea3 k\u00e9o d\u00e0i t\u1eeb 6 \u0111\u1ebfn 12 th\u00e1ng, kh\u00e1ch h\u00e0ng c\u00f3 th\u1ec3 t\u1eadn h\u01b0\u1edfng v\u1ebb \u0111\u1eb9p v\u00e0 s\u1ef1 t\u1ef1 tin trong th\u1eddi gian d\u00e0i m\u00e0 kh\u00f4ng c\u1ea7n ph\u1ea3i lo l\u1eafng v\u1ec1 qu\u00e1 tr\u00ecnh h\u1ed3i ph\u1ee5c.<\/div>\n<\/div>\n<div class=\"x11i5rnm xat24cr x1mh8g0r x1vvkbs xtlvy1s x126k92a\">\n<div dir=\"auto\">B\u00ean c\u1ea1nh vi\u1ec7c t\u1ea1o n\u00ean v\u1ebb \u0111\u1eb9p, filler Senorita VIP c\u00f2n gi\u00fap c\u1ea3i thi\u1ec7n \u0111\u1ed9 \u0111\u00e0n h\u1ed3i v\u00e0 \u0111\u1ed9 s\u0103n ch\u1eafc c\u1ee7a da, t\u1ea1o ra m\u1ed9t di\u1ec7n m\u1ea1o tr\u1ebb trung v\u00e0 r\u1ea1ng r\u1ee1.<\/div>\n<\/div>\n<div class=\"x11i5rnm xat24cr x1mh8g0r x1vvkbs xtlvy1s x126k92a\">\n<div dir=\"auto\">V\u1edbi filler Senorita VIP, b\u1ea1n c\u00f3 th\u1ec3 t\u1ef1 tin kh\u1eb3ng \u0111\u1ecbnh phong c\u00e1ch v\u00e0 c\u00e1 nh\u00e2n h\u00f3a v\u1ebb \u0111\u1eb9p c\u1ee7a m\u00ecnh. H\u00e3y \u0111\u1ec3 Senorita VIP \u0111\u1ed3ng h\u00e0nh v\u00e0 mang \u0111\u1ebfn cho b\u1ea1n m\u1ed9t di\u1ec7n m\u1ea1o qu\u00fd ph\u00e1i v\u00e0 t\u1ef1 tin trong m\u1ecdi cu\u1ed9c s\u1ed1ng.<\/div>\n<div dir=\"auto\"><\/div>\n<\/div>\n","protected":false},"excerpt":{"rendered":"<div class=\"xdj266r x11i5rnm xat24cr x1mh8g0r x1vvkbs x126k92a\">\n<div dir=\"auto\">Filler Senorita VIP &#8211; T\u1ea1o N\u00ean V\u1ebb \u0110\u1eb9p Qu\u00fd Ph\u00e1i<\/div>\n<\/div>\n<div class=\"x11i5rnm xat24cr x1mh8g0r x1vvkbs xtlvy1s x126k92a\">\n<div dir=\"auto\">&#8220;Senorita VIP&#8221; l\u00e0 m\u1ed9t d\u00f2ng s\u1ea3n ph\u1ea9m filler th\u1ea9m m\u1ef9 \u0111\u01b0\u1ee3c \u01b0a chu\u1ed9ng v\u00e0 tin d\u00f9ng b\u1edfi nhi\u1ec1u ng\u01b0\u1eddi tr\u00ean to\u00e0n th\u1ebf gi\u1edbi.<\/div>\n<\/div>\n<div class=\"x11i5rnm xat24cr x1mh8g0r x1vvkbs xtlvy1s x126k92a\">\n<div dir=\"auto\">Senorita VIP \u0111\u01b0\u1ee3c ph\u00e1t tri\u1ec3n v\u1edbi c\u00f4ng ngh\u1ec7 ti\u00ean ti\u1ebfn v\u00e0 th\u00e0nh ph\u1ea7n ch\u1ea5t l\u01b0\u1ee3ng, \u0111\u1ea3m b\u1ea3o mang l\u1ea1i k\u1ebft qu\u1ea3 t\u1ed1i \u01b0u v\u00e0 an to\u00e0n cho kh\u00e1ch h\u00e0ng, \u0111\u1ec3 \u0111i\u1ec1u ch\u1ec9nh v\u00e0 c\u00e2n b\u1eb1ng c\u00e1c khuy\u1ebft \u0111i\u1ec3m tr\u00ean khu\u00f4n m\u1eb7t, gi\u00fap l\u00e0m \u0111\u1ea7y c\u00e1c n\u1ebfp nh\u0103n, khuy\u1ebft \u0111i\u1ec3m v\u00e0 t\u1ea1o n\u00ean \u0111\u01b0\u1eddng cong m\u1ec1m m\u1ea1i v\u00e0 t\u1ef1 nhi\u00ean.<\/div>\n<\/div>\n<div class=\"x11i5rnm xat24cr x1mh8g0r x1vvkbs xtlvy1s x126k92a\">\n<div dir=\"auto\">Qu\u00e1 tr\u00ecnh ti\u00eam filler Senorita VIP \u0111\u01b0\u1ee3c th\u1ef1c hi\u1ec7n b\u1edfi c\u00e1c chuy\u00ean gia l\u00e0m \u0111\u1eb9p gi\u00e0u kinh nghi\u1ec7m v\u00e0 \u0111\u01b0\u1ee3c \u0111\u00e0o t\u1ea1o chuy\u00ean s\u00e2u. V\u1edbi k\u1ef9 thu\u1eadt ti\u00eam tinh t\u1ebf v\u00e0 nh\u1eefng v\u1ecb tr\u00ed chi\u1ebfn l\u01b0\u1ee3c, nh\u01b0 v\u00f9ng m\u1eaft, m\u0169i, m\u00f4i v\u00e0 c\u1eb1m, Senorita VIP gi\u00fap kh\u00e1ch h\u00e0ng c\u00f3 \u0111\u01b0\u1ee3c khu\u00f4n m\u1eb7t thon g\u1ecdn, \u0111\u01b0\u1eddng n\u00e9t thanh t\u00fa v\u00e0 t\u01b0\u01a1i tr\u1ebb.<\/div>\n<\/div>\n<div class=\"x11i5rnm xat24cr x1mh8g0r x1vvkbs xtlvy1s x126k92a\">\n<div dir=\"auto\">K\u1ebft qu\u1ea3 t\u1eeb filler Senorita VIP l\u00e0 t\u1ef1 nhi\u00ean v\u00e0 l\u00e2u d\u00e0i. V\u1edbi hi\u1ec7u qu\u1ea3 k\u00e9o d\u00e0i t\u1eeb 6 \u0111\u1ebfn 12 th\u00e1ng, kh\u00e1ch h\u00e0ng c\u00f3 th\u1ec3 t\u1eadn h\u01b0\u1edfng v\u1ebb \u0111\u1eb9p v\u00e0 s\u1ef1 t\u1ef1 tin trong th\u1eddi gian d\u00e0i m\u00e0 kh\u00f4ng c\u1ea7n ph\u1ea3i lo l\u1eafng v\u1ec1 qu\u00e1 tr\u00ecnh h\u1ed3i ph\u1ee5c.<\/div>\n<\/div>\n<div class=\"x11i5rnm xat24cr x1mh8g0r x1vvkbs xtlvy1s x126k92a\">\n<div dir=\"auto\">B\u00ean c\u1ea1nh vi\u1ec7c t\u1ea1o n\u00ean v\u1ebb \u0111\u1eb9p, filler Senorita VIP c\u00f2n gi\u00fap c\u1ea3i thi\u1ec7n \u0111\u1ed9 \u0111\u00e0n h\u1ed3i v\u00e0 \u0111\u1ed9 s\u0103n ch\u1eafc c\u1ee7a da, t\u1ea1o ra m\u1ed9t di\u1ec7n m\u1ea1o tr\u1ebb trung v\u00e0 r\u1ea1ng r\u1ee1.<\/div>\n<\/div>\n<div class=\"x11i5rnm xat24cr x1mh8g0r x1vvkbs xtlvy1s x126k92a\">\n<div dir=\"auto\">V\u1edbi filler Senorita VIP, b\u1ea1n c\u00f3 th\u1ec3 t\u1ef1 tin kh\u1eb3ng \u0111\u1ecbnh phong c\u00e1ch v\u00e0 c\u00e1 nh\u00e2n h\u00f3a v\u1ebb \u0111\u1eb9p c\u1ee7a m\u00ecnh. H\u00e3y \u0111\u1ec3 Senorita VIP \u0111\u1ed3ng h\u00e0nh v\u00e0 mang \u0111\u1ebfn cho b\u1ea1n m\u1ed9t di\u1ec7n m\u1ea1o qu\u00fd ph\u00e1i v\u00e0 t\u1ef1 tin trong m\u1ecdi cu\u1ed9c s\u1ed1ng.<\/div>\n<div dir=\"auto\"><\/div>\n<\/div>\n","protected":false},"featured_media":22233,"comment_status":"open","ping_status":"closed","template":"","meta":[],"product_cat":[51],"product_tag":[],"class_list":{"0":"post-22084","1":"product","2":"type-product","3":"status-publish","4":"has-post-thumbnail","6":"product_cat-filler","8":"first","9":"instock","10":"shipping-taxable","11":"purchasable","12":"product-type-simple"},"_links":{"self":[{"href":"https:\/\/phukienthammy.com.vn\/index.php?rest_route=\/wp\/v2\/product\/22084","targetHints":{"allow":["GET"]}}],"collection":[{"href":"https:\/\/phukienthammy.com.vn\/index.php?rest_route=\/wp\/v2\/product"}],"about":[{"href":"https:\/\/phukienthammy.com.vn\/index.php?rest_route=\/wp\/v2\/types\/product"}],"replies":[{"embeddable":true,"href":"https:\/\/phukienthammy.com.vn\/index.php?rest_route=%2Fwp%2Fv2%2Fcomments&post=22084"}],"version-history":[{"count":0,"href":"https:\/\/phukienthammy.com.vn\/index.php?rest_route=\/wp\/v2\/product\/22084\/revisions"}],"wp:featuredmedia":[{"embeddable":true,"href":"https:\/\/phukienthammy.com.vn\/index.php?rest_route=\/wp\/v2\/media\/22233"}],"wp:attachment":[{"href":"https:\/\/phukienthammy.com.vn\/index.php?rest_route=%2Fwp%2Fv2%2Fmedia&parent=22084"}],"wp:term":[{"taxonomy":"product_cat","embeddable":true,"href":"https:\/\/phukienthammy.com.vn\/index.php?rest_route=%2Fwp%2Fv2%2Fproduct_cat&post=22084"},{"taxonomy":"product_tag","embeddable":true,"href":"https:\/\/phukienthammy.com.vn\/index.php?rest_route=%2Fwp%2Fv2%2Fproduct_tag&post=22084"}],"curies":[{"name":"wp","href":"https:\/\/api.w.org\/{rel}","templated":true}]}}