{"id":22083,"date":"2024-03-20T23:32:56","date_gmt":"2024-03-20T16:32:56","guid":{"rendered":"https:\/\/phukienthammy.com.vn\/?post_type=product&#038;p=22083"},"modified":"2025-06-19T09:57:58","modified_gmt":"2025-06-19T02:57:58","slug":"filler-dermalax","status":"publish","type":"product","link":"https:\/\/phukienthammy.com.vn\/?product=filler-dermalax","title":{"rendered":"Filler Dermalax"},"content":{"rendered":"<div dir=\"auto\">\n<h3 data-start=\"277\" data-end=\"354\"><strong data-start=\"281\" data-end=\"352\">Filler Dermalax Ch\u00ednh H\u00e3ng \u2013 H\u1ed7 Tr\u1ee3 T\u1ea1o H\u00ecnh T\u1ea1i Spa &amp; Th\u1ea9m M\u1ef9 Vi\u1ec7n<\/strong><\/h3>\n<h3 data-start=\"277\" data-end=\"354\"><strong data-start=\"384\" data-end=\"396\">Xu\u1ea5t x\u1ee9:<\/strong> H\u00e0n Qu\u1ed1c<br data-start=\"405\" data-end=\"408\" \/><strong data-start=\"408\" data-end=\"422\">Dung t\u00edch:<\/strong> 1 h\u1ed9p 1\u20132cc<\/h3>\n<p data-start=\"438\" data-end=\"463\"><strong data-start=\"438\" data-end=\"461\">Ph\u00e2n lo\u1ea1i s\u1ea3n ph\u1ea9m:<\/strong><\/p>\n<ul data-start=\"464\" data-end=\"829\">\n<li data-start=\"464\" data-end=\"593\">\n<p data-start=\"466\" data-end=\"593\"><strong data-start=\"466\" data-end=\"512\">Dermalax Implant Plus (2cc \u2013 \u0111\u1ed9 c\u1ee9ng cao):<\/strong> Ph\u00f9 h\u1ee3p v\u1edbi c\u00e1c li\u1ec7u tr\u00ecnh t\u1ea1o h\u00ecnh v\u00f9ng c\u1eb1m, s\u1ed1ng m\u0169i, v\u00f9ng c\u1ea7n \u0111\u1ecbnh h\u00ecnh r\u00f5.<\/p>\n<\/li>\n<li data-start=\"594\" data-end=\"715\">\n<p data-start=\"596\" data-end=\"715\"><strong data-start=\"596\" data-end=\"641\">Dermalax Deep Plus (1cc \u2013 \u0111\u1ed9 trung b\u00ecnh):<\/strong> Ph\u00f9 h\u1ee3p s\u1eed d\u1ee5ng cho v\u00f9ng m\u00e1, r\u00e3nh m\u0169i m\u00e1, v\u00f9ng da c\u00f3 \u0111\u1ed9 l\u00fan trung b\u00ecnh.<\/p>\n<\/li>\n<li data-start=\"716\" data-end=\"829\">\n<p data-start=\"718\" data-end=\"829\"><strong data-start=\"718\" data-end=\"751\">Dermalax Plus (1cc \u2013 \u0111\u1ed9 m\u1ec1m):<\/strong> D\u00f9ng cho v\u00f9ng m\u00f4i, tr\u00e1n, th\u00e1i d\u01b0\u01a1ng ho\u1eb7c khu v\u1ef1c da m\u1ecfng, c\u1ea7n s\u1ef1 m\u1ec1m m\u1ea1i h\u01a1n.<\/p>\n<\/li>\n<\/ul>\n<p data-start=\"831\" data-end=\"1165\"><strong data-start=\"831\" data-end=\"850\">Th\u00f4ng tin th\u00eam:<\/strong><br data-start=\"850\" data-end=\"853\" \/>Dermalax l\u00e0 d\u00f2ng s\u1ea3n ph\u1ea9m ch\u1ea5t l\u00e0m \u0111\u1ea7y \u0111\u01b0\u1ee3c s\u1eed d\u1ee5ng ph\u1ed5 bi\u1ebfn trong l\u0129nh v\u1ef1c ch\u0103m s\u00f3c v\u00e0 t\u1ea1o h\u00ecnh th\u1ea9m m\u1ef9. S\u1ea3n ph\u1ea9m \u0111\u01b0\u1ee3c ch\u1ee9ng nh\u1eadn b\u1edfi C\u1ee5c Qu\u1ea3n l\u00fd Th\u1ef1c ph\u1ea9m v\u00e0 D\u01b0\u1ee3c ph\u1ea9m H\u00e0n Qu\u1ed1c (KFDA).<br data-start=\"1039\" data-end=\"1042\" \/>K\u1ebft c\u1ea5u gel \u1ed5n \u0111\u1ecbnh, li\u00ean k\u1ebft m\u1ecbn, ph\u00f9 h\u1ee3p v\u1edbi nhi\u1ec1u m\u1ee5c \u0111\u00edch t\u1ea1o h\u00ecnh kh\u00e1c nhau t\u1ea1i c\u00e1c spa v\u00e0 c\u01a1 s\u1edf l\u00e0m \u0111\u1eb9p chuy\u00ean m\u00f4n.<\/p>\n<p data-start=\"1167\" data-end=\"1321\">\ud83d\udc49 <strong data-start=\"1170\" data-end=\"1180\">L\u01b0u \u00fd:<\/strong><br data-start=\"1180\" data-end=\"1183\" \/>S\u1ea3n ph\u1ea9m ch\u1ec9 n\u00ean s\u1eed d\u1ee5ng b\u1edfi c\u00e1c chuy\u00ean vi\u00ean c\u00f3 tay ngh\u1ec1 t\u1ea1i c\u00e1c c\u01a1 s\u1edf \u0111\u01b0\u1ee3c c\u1ea5p ph\u00e9p. Li\u00ean h\u1ec7 \u0111\u1ec3 \u0111\u01b0\u1ee3c t\u01b0 v\u1ea5n chi ti\u1ebft theo nhu c\u1ea7u c\u1ee5 th\u1ec3.<\/p>\n<\/div>\n","protected":false},"excerpt":{"rendered":"<div dir=\"auto\">\n<div dir=\"auto\">\n<h3 data-start=\"277\" data-end=\"354\"><strong data-start=\"384\" data-end=\"396\">Xu\u1ea5t x\u1ee9:<\/strong> H\u00e0n Qu\u1ed1c<br data-start=\"405\" data-end=\"408\" \/><strong data-start=\"408\" data-end=\"422\">Dung t\u00edch:<\/strong> 1 h\u1ed9p 1\u20132cc<\/h3>\n<p data-start=\"438\" data-end=\"463\"><strong data-start=\"438\" data-end=\"461\">Ph\u00e2n lo\u1ea1i s\u1ea3n ph\u1ea9m:<\/strong><\/p>\n<ul data-start=\"464\" data-end=\"829\">\n<li data-start=\"464\" data-end=\"593\">\n<p data-start=\"466\" data-end=\"593\"><strong data-start=\"466\" data-end=\"512\">Dermalax Implant Plus (2cc \u2013 \u0111\u1ed9 c\u1ee9ng cao):<\/strong> Ph\u00f9 h\u1ee3p v\u1edbi c\u00e1c li\u1ec7u tr\u00ecnh t\u1ea1o h\u00ecnh v\u00f9ng c\u1eb1m, s\u1ed1ng m\u0169i, v\u00f9ng c\u1ea7n \u0111\u1ecbnh h\u00ecnh r\u00f5.<\/p>\n<\/li>\n<li data-start=\"594\" data-end=\"715\">\n<p data-start=\"596\" data-end=\"715\"><strong data-start=\"596\" data-end=\"641\">Dermalax Deep Plus (1cc \u2013 \u0111\u1ed9 trung b\u00ecnh):<\/strong> Ph\u00f9 h\u1ee3p s\u1eed d\u1ee5ng cho v\u00f9ng m\u00e1, r\u00e3nh m\u0169i m\u00e1, v\u00f9ng da c\u00f3 \u0111\u1ed9 l\u00fan trung b\u00ecnh.<\/p>\n<\/li>\n<li data-start=\"716\" data-end=\"829\">\n<p data-start=\"718\" data-end=\"829\"><strong data-start=\"718\" data-end=\"751\">Dermalax Plus (1cc \u2013 \u0111\u1ed9 m\u1ec1m):<\/strong> D\u00f9ng cho v\u00f9ng m\u00f4i, tr\u00e1n, th\u00e1i d\u01b0\u01a1ng ho\u1eb7c khu v\u1ef1c da m\u1ecfng, c\u1ea7n s\u1ef1 m\u1ec1m m\u1ea1i h\u01a1n.<\/p>\n<\/li>\n<\/ul>\n<\/div>\n<\/div>\n","protected":false},"featured_media":22222,"comment_status":"open","ping_status":"closed","template":"","meta":[],"product_cat":[51],"product_tag":[],"class_list":{"0":"post-22083","1":"product","2":"type-product","3":"status-publish","4":"has-post-thumbnail","6":"product_cat-filler","8":"first","9":"instock","10":"shipping-taxable","11":"purchasable","12":"product-type-simple"},"_links":{"self":[{"href":"https:\/\/phukienthammy.com.vn\/index.php?rest_route=\/wp\/v2\/product\/22083","targetHints":{"allow":["GET"]}}],"collection":[{"href":"https:\/\/phukienthammy.com.vn\/index.php?rest_route=\/wp\/v2\/product"}],"about":[{"href":"https:\/\/phukienthammy.com.vn\/index.php?rest_route=\/wp\/v2\/types\/product"}],"replies":[{"embeddable":true,"href":"https:\/\/phukienthammy.com.vn\/index.php?rest_route=%2Fwp%2Fv2%2Fcomments&post=22083"}],"version-history":[{"count":1,"href":"https:\/\/phukienthammy.com.vn\/index.php?rest_route=\/wp\/v2\/product\/22083\/revisions"}],"predecessor-version":[{"id":22831,"href":"https:\/\/phukienthammy.com.vn\/index.php?rest_route=\/wp\/v2\/product\/22083\/revisions\/22831"}],"wp:featuredmedia":[{"embeddable":true,"href":"https:\/\/phukienthammy.com.vn\/index.php?rest_route=\/wp\/v2\/media\/22222"}],"wp:attachment":[{"href":"https:\/\/phukienthammy.com.vn\/index.php?rest_route=%2Fwp%2Fv2%2Fmedia&parent=22083"}],"wp:term":[{"taxonomy":"product_cat","embeddable":true,"href":"https:\/\/phukienthammy.com.vn\/index.php?rest_route=%2Fwp%2Fv2%2Fproduct_cat&post=22083"},{"taxonomy":"product_tag","embeddable":true,"href":"https:\/\/phukienthammy.com.vn\/index.php?rest_route=%2Fwp%2Fv2%2Fproduct_tag&post=22083"}],"curies":[{"name":"wp","href":"https:\/\/api.w.org\/{rel}","templated":true}]}}