{"id":22048,"date":"2024-03-20T23:32:33","date_gmt":"2024-03-20T16:32:33","guid":{"rendered":"https:\/\/phukienthammy.com.vn\/?post_type=product&#038;p=22048"},"modified":"2024-03-20T23:34:46","modified_gmt":"2024-03-20T16:34:46","slug":"filler-angelie","status":"publish","type":"product","link":"https:\/\/phukienthammy.com.vn\/?product=filler-angelie","title":{"rendered":"Filler Angelie"},"content":{"rendered":"<p>Filler Angelie ( Si\u00eau ph\u1ea9m phi\u00ean b\u1ea3n cao c\u1ea5p Filler \u0111\u00e3 \u0111\u01b0\u1ee3c th\u1ea9m \u0111\u1ecbnh qua b\u00e1c s\u0129 H\u00e0n Qu\u1ed1c )<\/p>\n<p>Xu\u1ea5t X\u1ee9: Korea<\/p>\n<p>Quy c\u00e1ch: 1.1ml \/ h\u1ed9p<\/p>\n<p>Th\u00e0nh ph\u1ea7n:<br \/>\n+ Hyaluronic acid: 24mg\/ml<\/p>\n<p>+ Lidocaine: 3mg\/ml<\/p>\n<p>C\u00f4ng d\u1ee5ng:<\/p>\n<p>+ R\u1ea5t \u00eam, c\u1ed1 \u0111\u1ecbnh v\u00f9ng t\u1ed1t, r\u1ea5t an to\u00e0n.<\/p>\n<p>+ Filler m\u1ec1m m\u1ecbn, li\u00ean k\u1ebft t\u1ed1t, kh\u00f4ng v\u00f3n c\u1ee5c.<\/p>\n<p>+ Filler tan d\u1ea7n theo th\u1eddi gian t\u1ef1 \u0111\u1ed9ng<\/p>\n<p>C\u00f3 3 lo\u1ea1i:<\/p>\n<p>+ Sweet Touch: T\u1ea1o h\u00ecnh cho m\u0169i, c\u1eb1m<\/p>\n<p>+ Sweet Deep: L\u00e0m \u0111\u1ea7y tr\u00e1n, g\u00f2 m\u00e1, th\u00e1i d\u01b0\u01a1ng<\/p>\n<p>+ Sweet Kiss: T\u1ea1o h\u00ecnh m\u00f4i, r\u00e3nh c\u01b0\u1eddi, m\u00e1 baby<\/p>\n<p>&nbsp;<\/p>\n","protected":false},"excerpt":{"rendered":"<p>Filler Angelie ( Si\u00eau ph\u1ea9m phi\u00ean b\u1ea3n cao c\u1ea5p Filler \u0111\u00e3 \u0111\u01b0\u1ee3c th\u1ea9m \u0111\u1ecbnh qua b\u00e1c s\u0129 H\u00e0n Qu\u1ed1c )<\/p>\n<p>Xu\u1ea5t X\u1ee9: Korea<\/p>\n<p>Quy c\u00e1ch: 1.1ml \/ h\u1ed9p<\/p>\n<p>Th\u00e0nh ph\u1ea7n:<br \/>\n+ Hyaluronic acid: 24mg\/ml<\/p>\n<p>+ Lidocaine: 3mg\/ml<\/p>\n<p>C\u00f4ng d\u1ee5ng:<\/p>\n<p>+ R\u1ea5t \u00eam, c\u1ed1 \u0111\u1ecbnh v\u00f9ng t\u1ed1t, r\u1ea5t an to\u00e0n.<\/p>\n<p>+ Filler m\u1ec1m m\u1ecbn, li\u00ean k\u1ebft t\u1ed1t, kh\u00f4ng v\u00f3n c\u1ee5c.<\/p>\n<p>+ Filler tan d\u1ea7n theo th\u1eddi gian t\u1ef1 \u0111\u1ed9ng<\/p>\n<p>C\u00f3 3 lo\u1ea1i:<\/p>\n<p>+ Sweet Touch: T\u1ea1o h\u00ecnh cho m\u0169i, c\u1eb1m<\/p>\n<p>+ Sweet Deep: L\u00e0m \u0111\u1ea7y tr\u00e1n, g\u00f2 m\u00e1, th\u00e1i d\u01b0\u01a1ng<\/p>\n<p>+ Sweet Kiss: T\u1ea1o h\u00ecnh m\u00f4i, r\u00e3nh c\u01b0\u1eddi, m\u00e1 baby<\/p>\n<p>&nbsp;<\/p>\n","protected":false},"featured_media":22212,"comment_status":"open","ping_status":"closed","template":"","meta":[],"product_cat":[51],"product_tag":[],"class_list":{"0":"post-22048","1":"product","2":"type-product","3":"status-publish","4":"has-post-thumbnail","6":"product_cat-filler","8":"first","9":"instock","10":"shipping-taxable","11":"purchasable","12":"product-type-simple"},"_links":{"self":[{"href":"https:\/\/phukienthammy.com.vn\/index.php?rest_route=\/wp\/v2\/product\/22048","targetHints":{"allow":["GET"]}}],"collection":[{"href":"https:\/\/phukienthammy.com.vn\/index.php?rest_route=\/wp\/v2\/product"}],"about":[{"href":"https:\/\/phukienthammy.com.vn\/index.php?rest_route=\/wp\/v2\/types\/product"}],"replies":[{"embeddable":true,"href":"https:\/\/phukienthammy.com.vn\/index.php?rest_route=%2Fwp%2Fv2%2Fcomments&post=22048"}],"version-history":[{"count":0,"href":"https:\/\/phukienthammy.com.vn\/index.php?rest_route=\/wp\/v2\/product\/22048\/revisions"}],"wp:featuredmedia":[{"embeddable":true,"href":"https:\/\/phukienthammy.com.vn\/index.php?rest_route=\/wp\/v2\/media\/22212"}],"wp:attachment":[{"href":"https:\/\/phukienthammy.com.vn\/index.php?rest_route=%2Fwp%2Fv2%2Fmedia&parent=22048"}],"wp:term":[{"taxonomy":"product_cat","embeddable":true,"href":"https:\/\/phukienthammy.com.vn\/index.php?rest_route=%2Fwp%2Fv2%2Fproduct_cat&post=22048"},{"taxonomy":"product_tag","embeddable":true,"href":"https:\/\/phukienthammy.com.vn\/index.php?rest_route=%2Fwp%2Fv2%2Fproduct_tag&post=22048"}],"curies":[{"name":"wp","href":"https:\/\/api.w.org\/{rel}","templated":true}]}}