{"id":22047,"date":"2024-03-20T23:32:33","date_gmt":"2024-03-20T16:32:33","guid":{"rendered":"https:\/\/phukienthammy.com.vn\/?post_type=product&#038;p=22047"},"modified":"2025-12-13T11:31:15","modified_gmt":"2025-12-13T04:31:15","slug":"filler-revolax","status":"publish","type":"product","link":"https:\/\/phukienthammy.com.vn\/?product=filler-revolax","title":{"rendered":"Filler Revolax"},"content":{"rendered":"<div class=\"xdj266r x11i5rnm xat24cr x1mh8g0r x1vvkbs x126k92a\">\n<div dir=\"auto\">\n<h3 data-start=\"127\" data-end=\"201\"><strong data-start=\"131\" data-end=\"199\">Filler Revolax Ch\u00ednh H\u00e3ng \u2013 H\u1ed7 Tr\u1ee3 T\u1ea1o H\u00ecnh T\u1ea1i Spa\/Th\u1ea9m M\u1ef9 Vi\u1ec7n<\/strong><\/h3>\n<h3 data-start=\"127\" data-end=\"201\"><strong data-start=\"231\" data-end=\"243\">Xu\u1ea5t x\u1ee9:<\/strong> H\u00e0n Qu\u1ed1c<br data-start=\"252\" data-end=\"255\" \/><strong data-start=\"255\" data-end=\"269\">Dung t\u00edch:<\/strong> 1 \u1ed1ng x 1.1ml<\/h3>\n<p data-start=\"285\" data-end=\"308\"><strong data-start=\"285\" data-end=\"306\">Th\u00e0nh ph\u1ea7n ch\u00ednh:<\/strong><\/p>\n<ul data-start=\"309\" data-end=\"468\">\n<li data-start=\"309\" data-end=\"387\">\n<p data-start=\"311\" data-end=\"387\"><strong data-start=\"311\" data-end=\"341\">Hyaluronic Acid (24mg\/ml):<\/strong> H\u1ed7 tr\u1ee3 c\u1ea5p \u1ea9m v\u00e0 duy tr\u00ec \u0111\u1ed9 \u0111\u00e0n h\u1ed3i cho da.<\/p>\n<\/li>\n<li data-start=\"388\" data-end=\"468\">\n<p data-start=\"390\" data-end=\"468\"><strong data-start=\"390\" data-end=\"413\">Lidocaine (3mg\/ml):<\/strong> H\u1ed7 tr\u1ee3 gi\u1ea3m c\u1ea3m gi\u00e1c kh\u00f3 ch\u1ecbu trong qu\u00e1 tr\u00ecnh s\u1eed d\u1ee5ng.<\/p>\n<\/li>\n<\/ul>\n<p data-start=\"470\" data-end=\"506\"><strong data-start=\"470\" data-end=\"504\">Ph\u00e2n lo\u1ea1i &amp; \u1ee9ng d\u1ee5ng ph\u1ed5 bi\u1ebfn:<\/strong><\/p>\n<ul data-start=\"507\" data-end=\"727\">\n<li data-start=\"507\" data-end=\"584\">\n<p data-start=\"509\" data-end=\"584\"><strong data-start=\"509\" data-end=\"527\">Revolax Sub-Q:<\/strong> Ph\u00f9 h\u1ee3p v\u1edbi c\u00e1c v\u00f9ng t\u1ea1o h\u00ecnh nh\u01b0 c\u1eb1m, s\u1ed1ng m\u0169i, tr\u00e1n.<\/p>\n<\/li>\n<li data-start=\"585\" data-end=\"648\">\n<p data-start=\"587\" data-end=\"648\"><strong data-start=\"587\" data-end=\"604\">Revolax Deep:<\/strong> D\u00f9ng cho c\u00e1c v\u00f9ng nh\u01b0 m\u00e1, r\u00e3nh c\u01b0\u1eddi, m\u00f4i.<\/p>\n<\/li>\n<li data-start=\"649\" data-end=\"727\">\n<p data-start=\"651\" data-end=\"727\"><strong data-start=\"651\" data-end=\"668\">Revolax Fine:<\/strong> Th\u00edch h\u1ee3p v\u1edbi v\u00f9ng da m\u1ecfng nh\u01b0 th\u00e1i d\u01b0\u01a1ng, quanh m\u1eaft, m\u00f4i.<\/p>\n<\/li>\n<\/ul>\n<p data-start=\"729\" data-end=\"1033\"><strong data-start=\"729\" data-end=\"748\">Th\u00f4ng tin th\u00eam:<\/strong><br data-start=\"748\" data-end=\"751\" \/>Filler Revolax l\u00e0 d\u00f2ng ch\u1ea5t l\u00e0m \u0111\u1ea7y c\u00f3 k\u1ebft c\u1ea5u \u1ed5n \u0111\u1ecbnh, h\u1ea1t gel m\u1ecbn, \u0111\u01b0\u1ee3c \u1ee9ng d\u1ee5ng ph\u1ed5 bi\u1ebfn t\u1ea1i c\u00e1c c\u01a1 s\u1edf ch\u0103m s\u00f3c s\u1eafc \u0111\u1eb9p v\u00e0 spa chuy\u00ean nghi\u1ec7p. S\u1ea3n ph\u1ea9m \u0111\u01b0\u1ee3c ch\u1ee9ng nh\u1eadn b\u1edfi KFDA (H\u00e0n Qu\u1ed1c) v\u00e0 th\u01b0\u1eddng \u0111\u01b0\u1ee3c l\u1ef1a ch\u1ecdn trong c\u00e1c li\u1ec7u tr\u00ecnh t\u1ea1o h\u00ecnh v\u00f9ng m\u1eb7t m\u1ed9t c\u00e1ch t\u1ef1 nhi\u00ean v\u00e0 an to\u00e0n.<\/p>\n<p data-start=\"1035\" data-end=\"1050\">\ud83d\udc49 <strong data-start=\"1038\" data-end=\"1048\">L\u01b0u \u00fd:<\/strong><\/p>\n<ul data-start=\"1051\" data-end=\"1170\">\n<li data-start=\"1051\" data-end=\"1140\">\n<p data-start=\"1053\" data-end=\"1140\">S\u1ea3n ph\u1ea9m n\u00ean \u0111\u01b0\u1ee3c s\u1eed d\u1ee5ng b\u1edfi ng\u01b0\u1eddi c\u00f3 chuy\u00ean m\u00f4n trong m\u00f4i tr\u01b0\u1eddng \u0111\u1ee7 \u0111i\u1ec1u ki\u1ec7n y t\u1ebf.<\/p>\n<\/li>\n<li data-start=\"1141\" data-end=\"1170\">\n<p data-start=\"1143\" data-end=\"1170\">Kh\u00f4ng t\u1ef1 \u00fd s\u1eed d\u1ee5ng t\u1ea1i nh\u00e0.<\/p>\n<\/li>\n<\/ul>\n<\/div>\n<\/div>\n","protected":false},"excerpt":{"rendered":"<div class=\"xdj266r x11i5rnm xat24cr x1mh8g0r x1vvkbs x126k92a\">\n<div dir=\"auto\">\n<h3 data-start=\"127\" data-end=\"201\"><strong data-start=\"231\" data-end=\"243\">Xu\u1ea5t x\u1ee9:<\/strong> H\u00e0n Qu\u1ed1c<br data-start=\"252\" data-end=\"255\" \/><strong data-start=\"255\" data-end=\"269\">Dung t\u00edch:<\/strong> 1 \u1ed1ng x 1.1ml<\/h3>\n<p data-start=\"285\" data-end=\"308\"><strong data-start=\"285\" data-end=\"306\">Th\u00e0nh ph\u1ea7n ch\u00ednh:<\/strong><\/p>\n<ul data-start=\"309\" data-end=\"468\">\n<li data-start=\"309\" data-end=\"387\">\n<p data-start=\"311\" data-end=\"387\"><strong data-start=\"311\" data-end=\"341\">Hyaluronic Acid (24mg\/ml):<\/strong> H\u1ed7 tr\u1ee3 c\u1ea5p \u1ea9m v\u00e0 duy tr\u00ec \u0111\u1ed9 \u0111\u00e0n h\u1ed3i cho da.<\/p>\n<\/li>\n<li data-start=\"388\" data-end=\"468\">\n<p data-start=\"390\" data-end=\"468\"><strong data-start=\"390\" data-end=\"413\">Lidocaine (3mg\/ml):<\/strong> H\u1ed7 tr\u1ee3 gi\u1ea3m c\u1ea3m gi\u00e1c kh\u00f3 ch\u1ecbu trong qu\u00e1 tr\u00ecnh s\u1eed d\u1ee5ng.<\/p>\n<\/li>\n<\/ul>\n<p data-start=\"470\" data-end=\"506\"><strong data-start=\"470\" data-end=\"504\">Ph\u00e2n lo\u1ea1i &amp; \u1ee9ng d\u1ee5ng ph\u1ed5 bi\u1ebfn:<\/strong><\/p>\n<ul data-start=\"507\" data-end=\"727\">\n<li data-start=\"507\" data-end=\"584\">\n<p data-start=\"509\" data-end=\"584\"><strong data-start=\"509\" data-end=\"527\">Revolax Sub-Q:<\/strong> Ph\u00f9 h\u1ee3p v\u1edbi c\u00e1c v\u00f9ng t\u1ea1o h\u00ecnh nh\u01b0 c\u1eb1m, s\u1ed1ng m\u0169i, tr\u00e1n.<\/p>\n<\/li>\n<li data-start=\"585\" data-end=\"648\">\n<p data-start=\"587\" data-end=\"648\"><strong data-start=\"587\" data-end=\"604\">Revolax Deep:<\/strong> D\u00f9ng cho c\u00e1c v\u00f9ng nh\u01b0 m\u00e1, r\u00e3nh c\u01b0\u1eddi, m\u00f4i.<\/p>\n<\/li>\n<li data-start=\"649\" data-end=\"727\">\n<p data-start=\"651\" data-end=\"727\"><strong data-start=\"651\" data-end=\"668\">Revolax Fine:<\/strong> Th\u00edch h\u1ee3p v\u1edbi v\u00f9ng da m\u1ecfng nh\u01b0 th\u00e1i d\u01b0\u01a1ng, quanh m\u1eaft, m\u00f4i.<\/p>\n<\/li>\n<\/ul>\n<\/div>\n<\/div>\n","protected":false},"featured_media":22207,"comment_status":"open","ping_status":"closed","template":"","meta":[],"product_cat":[51],"product_tag":[],"class_list":{"0":"post-22047","1":"product","2":"type-product","3":"status-publish","4":"has-post-thumbnail","6":"product_cat-filler","8":"first","9":"instock","10":"shipping-taxable","11":"purchasable","12":"product-type-simple"},"_links":{"self":[{"href":"https:\/\/phukienthammy.com.vn\/index.php?rest_route=\/wp\/v2\/product\/22047","targetHints":{"allow":["GET"]}}],"collection":[{"href":"https:\/\/phukienthammy.com.vn\/index.php?rest_route=\/wp\/v2\/product"}],"about":[{"href":"https:\/\/phukienthammy.com.vn\/index.php?rest_route=\/wp\/v2\/types\/product"}],"replies":[{"embeddable":true,"href":"https:\/\/phukienthammy.com.vn\/index.php?rest_route=%2Fwp%2Fv2%2Fcomments&post=22047"}],"version-history":[{"count":1,"href":"https:\/\/phukienthammy.com.vn\/index.php?rest_route=\/wp\/v2\/product\/22047\/revisions"}],"predecessor-version":[{"id":22832,"href":"https:\/\/phukienthammy.com.vn\/index.php?rest_route=\/wp\/v2\/product\/22047\/revisions\/22832"}],"wp:featuredmedia":[{"embeddable":true,"href":"https:\/\/phukienthammy.com.vn\/index.php?rest_route=\/wp\/v2\/media\/22207"}],"wp:attachment":[{"href":"https:\/\/phukienthammy.com.vn\/index.php?rest_route=%2Fwp%2Fv2%2Fmedia&parent=22047"}],"wp:term":[{"taxonomy":"product_cat","embeddable":true,"href":"https:\/\/phukienthammy.com.vn\/index.php?rest_route=%2Fwp%2Fv2%2Fproduct_cat&post=22047"},{"taxonomy":"product_tag","embeddable":true,"href":"https:\/\/phukienthammy.com.vn\/index.php?rest_route=%2Fwp%2Fv2%2Fproduct_tag&post=22047"}],"curies":[{"name":"wp","href":"https:\/\/api.w.org\/{rel}","templated":true}]}}