{"id":22046,"date":"2024-03-20T23:32:33","date_gmt":"2024-03-20T16:32:33","guid":{"rendered":"https:\/\/phukienthammy.com.vn\/?post_type=product&#038;p=22046"},"modified":"2024-03-20T23:34:39","modified_gmt":"2024-03-20T16:34:39","slug":"filler-demafill","status":"publish","type":"product","link":"https:\/\/phukienthammy.com.vn\/?product=filler-demafill","title":{"rendered":"Filler Demafill"},"content":{"rendered":"<div class=\"xdj266r x11i5rnm xat24cr x1mh8g0r x1vvkbs x126k92a\">\n<div dir=\"auto\">Filler Demafill<\/div>\n<\/div>\n<div class=\"x11i5rnm xat24cr x1mh8g0r x1vvkbs xtlvy1s x126k92a\">\n<div dir=\"auto\"><span class=\"x3nfvp2 x1j61x8r x1fcty0u xdj266r xhhsvwb xat24cr xgzva0m xxymvpz xlup9mm x1kky2od\"><img decoding=\"async\" class=\"xz74otr\" src=\"https:\/\/static.xx.fbcdn.net\/images\/emoji.php\/v9\/tb4\/2\/16\/2705.png\" alt=\"&#x2705;\" width=\"16\" height=\"16\" \/><\/span> Nguy\u00ean li\u1ec7u HA tinh khi\u1ebft 99.98% \u0111\u01b0\u1ee3c s\u1ea3n xu\u1ea5t v\u00e0 qu\u1ea3n l\u00fd theo quy tr\u00ecnh kh\u00e9p k\u00edn, an to\u00e0n.<\/div>\n<\/div>\n<div class=\"x11i5rnm xat24cr x1mh8g0r x1vvkbs xtlvy1s x126k92a\">\n<div dir=\"auto\"><span class=\"x3nfvp2 x1j61x8r x1fcty0u xdj266r xhhsvwb xat24cr xgzva0m xxymvpz xlup9mm x1kky2od\"><img decoding=\"async\" class=\"xz74otr\" src=\"https:\/\/static.xx.fbcdn.net\/images\/emoji.php\/v9\/tb4\/2\/16\/2705.png\" alt=\"&#x2705;\" width=\"16\" height=\"16\" \/><\/span> K\u1ef9 thu\u1eadt s\u1ea3n xu\u1ea5t c\u00f4ng ngh\u1ec7 X-lab \u0111\u01b0\u1ee3c t\u1ed1i \u01b0u gi\u1ea3m thi\u1ec3u t\u1ed1i \u0111a \u00e1p l\u1ef1c ti\u00eam<\/div>\n<\/div>\n<div class=\"x11i5rnm xat24cr x1mh8g0r x1vvkbs xtlvy1s x126k92a\">\n<div dir=\"auto\"><span class=\"x3nfvp2 x1j61x8r x1fcty0u xdj266r xhhsvwb xat24cr xgzva0m xxymvpz xlup9mm x1kky2od\"><img decoding=\"async\" class=\"xz74otr\" src=\"https:\/\/static.xx.fbcdn.net\/images\/emoji.php\/v9\/tb4\/2\/16\/2705.png\" alt=\"&#x2705;\" width=\"16\" height=\"16\" \/><\/span> \u0110\u1ed9 b\u1ec1n l\u00ed t\u01b0\u1edfng 10 \u0111\u1ebfn th\u00e1ng t\u00f9y theo c\u01a1 \u0111\u1ecba<\/div>\n<\/div>\n<div class=\"x11i5rnm xat24cr x1mh8g0r x1vvkbs xtlvy1s x126k92a\">\n<div dir=\"auto\"><span class=\"x3nfvp2 x1j61x8r x1fcty0u xdj266r xhhsvwb xat24cr xgzva0m xxymvpz xlup9mm x1kky2od\"><img decoding=\"async\" class=\"xz74otr\" src=\"https:\/\/static.xx.fbcdn.net\/images\/emoji.php\/v9\/tb4\/2\/16\/2705.png\" alt=\"&#x2705;\" width=\"16\" height=\"16\" \/><\/span> Ti\u00eam \u00eam \u00e1i, kh\u00f4ng s\u01b0ng kh\u00f4ng lo bi\u1ebfn ch\u1ee9ng<\/div>\n<\/div>\n<div class=\"x11i5rnm xat24cr x1mh8g0r x1vvkbs xtlvy1s x126k92a\">\n<div dir=\"auto\"><span class=\"x3nfvp2 x1j61x8r x1fcty0u xdj266r xhhsvwb xat24cr xgzva0m xxymvpz xlup9mm x1kky2od\"><img decoding=\"async\" class=\"xz74otr\" src=\"https:\/\/static.xx.fbcdn.net\/images\/emoji.php\/v9\/t9b\/2\/16\/1f44d.png\" alt=\"&#x1f44d;\" width=\"16\" height=\"16\" \/><\/span> Filler Dermafill lu\u00f4n \u0111\u01b0\u1ee3c c\u00e1c B\u00e1c s\u0129 th\u1ea9m m\u1ef9-clinic trong v\u00e0 ngo\u00e0i n\u01b0\u1edbc \u0111\u00e1nh gi\u00e1 cao v\u1ec1 hi\u1ec7u qu\u1ea3 v\u00e0 tin d\u00f9ng nhi\u1ec1u nh\u1ea5t.<\/div>\n<div dir=\"auto\"><\/div>\n<\/div>\n","protected":false},"excerpt":{"rendered":"<div class=\"xdj266r x11i5rnm xat24cr x1mh8g0r x1vvkbs x126k92a\">\n<div dir=\"auto\">Filler Demafill<\/div>\n<\/div>\n<div class=\"x11i5rnm xat24cr x1mh8g0r x1vvkbs xtlvy1s x126k92a\">\n<div dir=\"auto\"><span class=\"x3nfvp2 x1j61x8r x1fcty0u xdj266r xhhsvwb xat24cr xgzva0m xxymvpz xlup9mm x1kky2od\"><img decoding=\"async\" class=\"xz74otr\" src=\"https:\/\/static.xx.fbcdn.net\/images\/emoji.php\/v9\/tb4\/2\/16\/2705.png\" alt=\"&#x2705;\" width=\"16\" height=\"16\" \/><\/span> Nguy\u00ean li\u1ec7u HA tinh khi\u1ebft 99.98% \u0111\u01b0\u1ee3c s\u1ea3n xu\u1ea5t v\u00e0 qu\u1ea3n l\u00fd theo quy tr\u00ecnh kh\u00e9p k\u00edn, an to\u00e0n.<\/div>\n<\/div>\n<div class=\"x11i5rnm xat24cr x1mh8g0r x1vvkbs xtlvy1s x126k92a\">\n<div dir=\"auto\"><span class=\"x3nfvp2 x1j61x8r x1fcty0u xdj266r xhhsvwb xat24cr xgzva0m xxymvpz xlup9mm x1kky2od\"><img decoding=\"async\" class=\"xz74otr\" src=\"https:\/\/static.xx.fbcdn.net\/images\/emoji.php\/v9\/tb4\/2\/16\/2705.png\" alt=\"&#x2705;\" width=\"16\" height=\"16\" \/><\/span> K\u1ef9 thu\u1eadt s\u1ea3n xu\u1ea5t c\u00f4ng ngh\u1ec7 X-lab \u0111\u01b0\u1ee3c t\u1ed1i \u01b0u gi\u1ea3m thi\u1ec3u t\u1ed1i \u0111a \u00e1p l\u1ef1c ti\u00eam<\/div>\n<\/div>\n<div class=\"x11i5rnm xat24cr x1mh8g0r x1vvkbs xtlvy1s x126k92a\">\n<div dir=\"auto\"><span class=\"x3nfvp2 x1j61x8r x1fcty0u xdj266r xhhsvwb xat24cr xgzva0m xxymvpz xlup9mm x1kky2od\"><img decoding=\"async\" class=\"xz74otr\" src=\"https:\/\/static.xx.fbcdn.net\/images\/emoji.php\/v9\/tb4\/2\/16\/2705.png\" alt=\"&#x2705;\" width=\"16\" height=\"16\" \/><\/span> \u0110\u1ed9 b\u1ec1n l\u00ed t\u01b0\u1edfng 10 \u0111\u1ebfn th\u00e1ng t\u00f9y theo c\u01a1 \u0111\u1ecba<\/div>\n<\/div>\n<div class=\"x11i5rnm xat24cr x1mh8g0r x1vvkbs xtlvy1s x126k92a\">\n<div dir=\"auto\"><span class=\"x3nfvp2 x1j61x8r x1fcty0u xdj266r xhhsvwb xat24cr xgzva0m xxymvpz xlup9mm x1kky2od\"><img decoding=\"async\" class=\"xz74otr\" src=\"https:\/\/static.xx.fbcdn.net\/images\/emoji.php\/v9\/tb4\/2\/16\/2705.png\" alt=\"&#x2705;\" width=\"16\" height=\"16\" \/><\/span> Ti\u00eam \u00eam \u00e1i, kh\u00f4ng s\u01b0ng kh\u00f4ng lo bi\u1ebfn ch\u1ee9ng<\/div>\n<\/div>\n<div class=\"x11i5rnm xat24cr x1mh8g0r x1vvkbs xtlvy1s x126k92a\">\n<div dir=\"auto\"><span class=\"x3nfvp2 x1j61x8r x1fcty0u xdj266r xhhsvwb xat24cr xgzva0m xxymvpz xlup9mm x1kky2od\"><img decoding=\"async\" class=\"xz74otr\" src=\"https:\/\/static.xx.fbcdn.net\/images\/emoji.php\/v9\/t9b\/2\/16\/1f44d.png\" alt=\"&#x1f44d;\" width=\"16\" height=\"16\" \/><\/span> Filler Dermafill lu\u00f4n \u0111\u01b0\u1ee3c c\u00e1c B\u00e1c s\u0129 th\u1ea9m m\u1ef9-clinic trong v\u00e0 ngo\u00e0i n\u01b0\u1edbc \u0111\u00e1nh gi\u00e1 cao v\u1ec1 hi\u1ec7u qu\u1ea3 v\u00e0 tin d\u00f9ng nhi\u1ec1u nh\u1ea5t.<\/div>\n<div dir=\"auto\"><\/div>\n<\/div>\n","protected":false},"featured_media":22202,"comment_status":"open","ping_status":"closed","template":"","meta":[],"product_cat":[51],"product_tag":[],"class_list":{"0":"post-22046","1":"product","2":"type-product","3":"status-publish","4":"has-post-thumbnail","6":"product_cat-filler","8":"first","9":"instock","10":"shipping-taxable","11":"purchasable","12":"product-type-simple"},"_links":{"self":[{"href":"https:\/\/phukienthammy.com.vn\/index.php?rest_route=\/wp\/v2\/product\/22046","targetHints":{"allow":["GET"]}}],"collection":[{"href":"https:\/\/phukienthammy.com.vn\/index.php?rest_route=\/wp\/v2\/product"}],"about":[{"href":"https:\/\/phukienthammy.com.vn\/index.php?rest_route=\/wp\/v2\/types\/product"}],"replies":[{"embeddable":true,"href":"https:\/\/phukienthammy.com.vn\/index.php?rest_route=%2Fwp%2Fv2%2Fcomments&post=22046"}],"version-history":[{"count":0,"href":"https:\/\/phukienthammy.com.vn\/index.php?rest_route=\/wp\/v2\/product\/22046\/revisions"}],"wp:featuredmedia":[{"embeddable":true,"href":"https:\/\/phukienthammy.com.vn\/index.php?rest_route=\/wp\/v2\/media\/22202"}],"wp:attachment":[{"href":"https:\/\/phukienthammy.com.vn\/index.php?rest_route=%2Fwp%2Fv2%2Fmedia&parent=22046"}],"wp:term":[{"taxonomy":"product_cat","embeddable":true,"href":"https:\/\/phukienthammy.com.vn\/index.php?rest_route=%2Fwp%2Fv2%2Fproduct_cat&post=22046"},{"taxonomy":"product_tag","embeddable":true,"href":"https:\/\/phukienthammy.com.vn\/index.php?rest_route=%2Fwp%2Fv2%2Fproduct_tag&post=22046"}],"curies":[{"name":"wp","href":"https:\/\/api.w.org\/{rel}","templated":true}]}}