{"id":22045,"date":"2024-03-20T23:32:33","date_gmt":"2024-03-20T16:32:33","guid":{"rendered":"https:\/\/phukienthammy.com.vn\/?post_type=product&#038;p=22045"},"modified":"2024-03-20T23:34:33","modified_gmt":"2024-03-20T16:34:33","slug":"filler-arista","status":"publish","type":"product","link":"https:\/\/phukienthammy.com.vn\/?product=filler-arista","title":{"rendered":"Filler Arista"},"content":{"rendered":"<div dir=\"auto\">Filler Arista VIP m\u1eabu m\u00e3 m\u1edbi &#8211; Chuy\u00ean cho h\u1ecdc vi\u00ean v\u00e0 M\u1eabu.<\/div>\n<div dir=\"auto\">&#8212;&#8212;&#8212;&#8212;&#8212;&#8212;&#8212;&#8212;-<\/div>\n<div dir=\"auto\">Xu\u1ea5t x\u1ee9 : KOREAN<\/div>\n<div dir=\"auto\">Quy c\u00e1ch 1 h\u1ed9p\/ 1 \u1ed1ng \/ 1ml.<\/div>\n<div dir=\"auto\">Th\u00e0nh ph\u1ea7n :<\/div>\n<div dir=\"auto\"><span class=\"x3nfvp2 x1j61x8r x1fcty0u xdj266r xhhsvwb xat24cr xgzva0m xxymvpz xlup9mm x1kky2od\"><img decoding=\"async\" class=\"xz74otr\" src=\"https:\/\/static.xx.fbcdn.net\/images\/emoji.php\/v9\/tcc\/2\/16\/2796.png\" alt=\"&#x2796;\" width=\"16\" height=\"16\" \/><\/span> Hyaluronicacid : 24mg\/ 1ml<\/div>\n<div dir=\"auto\"><span class=\"x3nfvp2 x1j61x8r x1fcty0u xdj266r xhhsvwb xat24cr xgzva0m xxymvpz xlup9mm x1kky2od\"><img decoding=\"async\" class=\"xz74otr\" src=\"https:\/\/static.xx.fbcdn.net\/images\/emoji.php\/v9\/tcc\/2\/16\/2796.png\" alt=\"&#x2796;\" width=\"16\" height=\"16\" \/><\/span> Lidocaine : 3mg\/ml<\/div>\n<div dir=\"auto\">C\u00f4ng D\u1ee5ng:<\/div>\n<div dir=\"auto\">&#8211; Arista VOLUME : Ti\u00eam cho m\u0169i, c\u1eb1m<\/div>\n<div dir=\"auto\">&#8211; Arista DEEP : Ti\u00eam c\u1eb1m, ti\u00eam l\u00e0m \u0111\u1ea7y c\u00e1c v\u00f9ng r\u00e3nh c\u1eb1m.<\/div>\n<div dir=\"auto\">&#8211; Arista FINE : Ti\u00eam t\u1ea1o h\u00ecnh m\u00f4i, th\u00e1i d\u01b0\u01a1ng, h\u1ed1c m\u1eaft.<\/div>\n<div dir=\"auto\"><span class=\"x3nfvp2 x1j61x8r x1fcty0u xdj266r xhhsvwb xat24cr xgzva0m xxymvpz xlup9mm x1kky2od\"><img decoding=\"async\" class=\"xz74otr\" src=\"https:\/\/static.xx.fbcdn.net\/images\/emoji.php\/v9\/tb4\/2\/16\/2705.png\" alt=\"&#x2705;\" width=\"16\" height=\"16\" \/><\/span> Ngo\u00e0i ra c\u00f2n d\u01b0\u1ee1ng \u1ea9m cho c\u00e1c v\u00f9ng ti\u00eam<\/div>\n<div dir=\"auto\"><\/div>\n","protected":false},"excerpt":{"rendered":"<div dir=\"auto\">Filler Arista VIP m\u1eabu m\u00e3 m\u1edbi &#8211; Chuy\u00ean cho h\u1ecdc vi\u00ean v\u00e0 M\u1eabu.<\/div>\n<div dir=\"auto\">&#8212;&#8212;&#8212;&#8212;&#8212;&#8212;&#8212;&#8212;-<\/div>\n<div dir=\"auto\">Xu\u1ea5t x\u1ee9 : KOREAN<\/div>\n<div dir=\"auto\">Quy c\u00e1ch 1 h\u1ed9p\/ 1 \u1ed1ng \/ 1ml.<\/div>\n<div dir=\"auto\">Th\u00e0nh ph\u1ea7n :<\/div>\n<div dir=\"auto\"><span class=\"x3nfvp2 x1j61x8r x1fcty0u xdj266r xhhsvwb xat24cr xgzva0m xxymvpz xlup9mm x1kky2od\"><img decoding=\"async\" class=\"xz74otr\" src=\"https:\/\/static.xx.fbcdn.net\/images\/emoji.php\/v9\/tcc\/2\/16\/2796.png\" alt=\"&#x2796;\" width=\"16\" height=\"16\" \/><\/span> Hyaluronicacid : 24mg\/ 1ml<\/div>\n<div dir=\"auto\"><span class=\"x3nfvp2 x1j61x8r x1fcty0u xdj266r xhhsvwb xat24cr xgzva0m xxymvpz xlup9mm x1kky2od\"><img decoding=\"async\" class=\"xz74otr\" src=\"https:\/\/static.xx.fbcdn.net\/images\/emoji.php\/v9\/tcc\/2\/16\/2796.png\" alt=\"&#x2796;\" width=\"16\" height=\"16\" \/><\/span> Lidocaine : 3mg\/ml<\/div>\n<div dir=\"auto\">C\u00f4ng D\u1ee5ng:<\/div>\n<div dir=\"auto\">&#8211; Arista VOLUME : Ti\u00eam cho m\u0169i, c\u1eb1m<\/div>\n<div dir=\"auto\">&#8211; Arista DEEP : Ti\u00eam c\u1eb1m, ti\u00eam l\u00e0m \u0111\u1ea7y c\u00e1c v\u00f9ng r\u00e3nh c\u1eb1m.<\/div>\n<div dir=\"auto\">&#8211; Arista FINE : Ti\u00eam t\u1ea1o h\u00ecnh m\u00f4i, th\u00e1i d\u01b0\u01a1ng, h\u1ed1c m\u1eaft.<\/div>\n<div dir=\"auto\"><span class=\"x3nfvp2 x1j61x8r x1fcty0u xdj266r xhhsvwb xat24cr xgzva0m xxymvpz xlup9mm x1kky2od\"><img decoding=\"async\" class=\"xz74otr\" src=\"https:\/\/static.xx.fbcdn.net\/images\/emoji.php\/v9\/tb4\/2\/16\/2705.png\" alt=\"&#x2705;\" width=\"16\" height=\"16\" \/><\/span> Ngo\u00e0i ra c\u00f2n d\u01b0\u1ee1ng \u1ea9m cho c\u00e1c v\u00f9ng ti\u00eam<\/div>\n<div dir=\"auto\"><\/div>\n","protected":false},"featured_media":22197,"comment_status":"open","ping_status":"closed","template":"","meta":[],"product_cat":[51],"product_tag":[],"class_list":{"0":"post-22045","1":"product","2":"type-product","3":"status-publish","4":"has-post-thumbnail","6":"product_cat-filler","8":"first","9":"instock","10":"shipping-taxable","11":"purchasable","12":"product-type-simple"},"_links":{"self":[{"href":"https:\/\/phukienthammy.com.vn\/index.php?rest_route=\/wp\/v2\/product\/22045","targetHints":{"allow":["GET"]}}],"collection":[{"href":"https:\/\/phukienthammy.com.vn\/index.php?rest_route=\/wp\/v2\/product"}],"about":[{"href":"https:\/\/phukienthammy.com.vn\/index.php?rest_route=\/wp\/v2\/types\/product"}],"replies":[{"embeddable":true,"href":"https:\/\/phukienthammy.com.vn\/index.php?rest_route=%2Fwp%2Fv2%2Fcomments&post=22045"}],"version-history":[{"count":0,"href":"https:\/\/phukienthammy.com.vn\/index.php?rest_route=\/wp\/v2\/product\/22045\/revisions"}],"wp:featuredmedia":[{"embeddable":true,"href":"https:\/\/phukienthammy.com.vn\/index.php?rest_route=\/wp\/v2\/media\/22197"}],"wp:attachment":[{"href":"https:\/\/phukienthammy.com.vn\/index.php?rest_route=%2Fwp%2Fv2%2Fmedia&parent=22045"}],"wp:term":[{"taxonomy":"product_cat","embeddable":true,"href":"https:\/\/phukienthammy.com.vn\/index.php?rest_route=%2Fwp%2Fv2%2Fproduct_cat&post=22045"},{"taxonomy":"product_tag","embeddable":true,"href":"https:\/\/phukienthammy.com.vn\/index.php?rest_route=%2Fwp%2Fv2%2Fproduct_tag&post=22045"}],"curies":[{"name":"wp","href":"https:\/\/api.w.org\/{rel}","templated":true}]}}