{"id":22013,"date":"2024-03-20T23:32:10","date_gmt":"2024-03-20T16:32:10","guid":{"rendered":"https:\/\/phukienthammy.com.vn\/?post_type=product&#038;p=22013"},"modified":"2025-06-19T10:28:14","modified_gmt":"2025-06-19T03:28:14","slug":"filler-jariot-body","status":"publish","type":"product","link":"https:\/\/phukienthammy.com.vn\/?product=filler-jariot-body","title":{"rendered":"Filler Jariot Body"},"content":{"rendered":"<div class=\"xdj266r x11i5rnm xat24cr x1mh8g0r x1vvkbs x126k92a\">\n<div dir=\"auto\">\n<h3 data-start=\"306\" data-end=\"381\"><strong data-start=\"310\" data-end=\"379\">Filler Jariot Body \u2013 H\u1ed7 Tr\u1ee3 T\u1ea1o H\u00ecnh C\u01a1 Th\u1ec3 V\u1edbi Collagen T\u00edch H\u1ee3p<\/strong><\/h3>\n<p data-start=\"382\" data-end=\"469\"><strong data-start=\"382\" data-end=\"394\">Xu\u1ea5t x\u1ee9:<\/strong> H\u00e0n Qu\u1ed1c<br data-start=\"403\" data-end=\"406\" \/><strong data-start=\"406\" data-end=\"429\">C\u00f4ng ngh\u1ec7 s\u1ea3n xu\u1ea5t:<\/strong> Chu\u1ea9n GMP \u2013 \u1ee8ng d\u1ee5ng ti\u00eau chu\u1ea9n Ch\u00e2u \u00c2u<\/p>\n<p data-start=\"471\" data-end=\"786\"><strong data-start=\"471\" data-end=\"495\">Gi\u1edbi thi\u1ec7u s\u1ea3n ph\u1ea9m:<\/strong><br data-start=\"495\" data-end=\"498\" \/>Jariot Body l\u00e0 d\u00f2ng ch\u1ea5t l\u00e0m \u0111\u1ea7y th\u1ebf h\u1ec7 m\u1edbi, \u0111\u01b0\u1ee3c thi\u1ebft k\u1ebf d\u00e0nh ri\u00eang cho c\u00e1c v\u00f9ng c\u01a1 th\u1ec3 nh\u01b0 m\u00f4ng, ng\u1ef1c, mu b\u00e0n tay ho\u1eb7c b\u00e0n ch\u00e2n, th\u01b0\u1eddng \u0111\u01b0\u1ee3c s\u1eed d\u1ee5ng t\u1ea1i c\u00e1c trung t\u00e2m th\u1ea9m m\u1ef9 chuy\u00ean s\u00e2u. S\u1ea3n ph\u1ea9m t\u00edch h\u1ee3p Collagen v\u00e0 Hyaluronic Acid nh\u1eb1m h\u1ed7 tr\u1ee3 t\u1ea1o h\u00ecnh v\u00e0 c\u1ea3i thi\u1ec7n \u0111\u1ed9 \u0111\u00e0n h\u1ed3i c\u1ee7a da.<\/p>\n<p data-start=\"788\" data-end=\"811\"><strong data-start=\"788\" data-end=\"809\">Th\u00e0nh ph\u1ea7n ch\u00ednh:<\/strong><\/p>\n<ul data-start=\"812\" data-end=\"1025\">\n<li data-start=\"812\" data-end=\"893\">\n<p data-start=\"814\" data-end=\"893\"><strong data-start=\"814\" data-end=\"851\">Hyaluronic Acid li\u00ean k\u1ebft ch\u00e9o 10%<\/strong> \u2013 gi\u00fap t\u0103ng \u0111\u1ed9 \u1ed5n \u0111\u1ecbnh v\u00e0 \u0111\u1ecbnh h\u00ecnh t\u1ed1t<\/p>\n<\/li>\n<li data-start=\"894\" data-end=\"956\">\n<p data-start=\"896\" data-end=\"956\"><strong data-start=\"896\" data-end=\"908\">Collagen<\/strong> \u2013 h\u1ed7 tr\u1ee3 d\u01b0\u1ee1ng \u1ea9m v\u00e0 t\u0103ng c\u01b0\u1eddng \u0111\u1ed9 \u0111\u00e0n h\u1ed3i da<\/p>\n<\/li>\n<li data-start=\"957\" data-end=\"1025\">\n<p data-start=\"959\" data-end=\"1025\"><strong data-start=\"959\" data-end=\"972\">Lidocaine<\/strong> \u2013 h\u1ed7 tr\u1ee3 gi\u1ea3m c\u1ea3m gi\u00e1c kh\u00f3 ch\u1ecbu khi s\u1eed d\u1ee5ng s\u1ea3n ph\u1ea9m<\/p>\n<\/li>\n<\/ul>\n<p data-start=\"1027\" data-end=\"1049\"><strong data-start=\"1027\" data-end=\"1047\">\u01afu \u0111i\u1ec3m n\u1ed5i b\u1eadt:<\/strong><\/p>\n<ul data-start=\"1050\" data-end=\"1279\">\n<li data-start=\"1050\" data-end=\"1130\">\n<p data-start=\"1052\" data-end=\"1130\">H\u1ed7 tr\u1ee3 l\u00e0m \u0111\u1ea7y v\u00e0 c\u1ea3i thi\u1ec7n b\u1ec1 m\u1eb7t da t\u1ea1i c\u00e1c v\u00f9ng c\u01a1 th\u1ec3 th\u01b0\u1eddng b\u1ecb thi\u1ebfu m\u00f4<\/p>\n<\/li>\n<li data-start=\"1131\" data-end=\"1200\">\n<p data-start=\"1133\" data-end=\"1200\">Gi\u00fap l\u00e0n da tr\u1edf n\u00ean \u0111\u1ec1u m\u00e0u v\u00e0 m\u1ec1m m\u1ea1i h\u01a1n sau qu\u00e1 tr\u00ecnh ch\u0103m s\u00f3c<\/p>\n<\/li>\n<li data-start=\"1201\" data-end=\"1279\">\n<p data-start=\"1203\" data-end=\"1279\">Kh\u00f4ng ch\u1ee9a th\u00e0nh ph\u1ea7n b\u1ecb c\u1ea5m, \u0111\u00e3 \u0111\u01b0\u1ee3c ki\u1ec3m nghi\u1ec7m v\u00e0 ch\u1ee9ng nh\u1eadn t\u1ea1i H\u00e0n Qu\u1ed1c<\/p>\n<\/li>\n<\/ul>\n<p data-start=\"1281\" data-end=\"1301\"><strong data-start=\"1281\" data-end=\"1299\">L\u01b0u \u00fd s\u1eed d\u1ee5ng:<\/strong><\/p>\n<ul data-start=\"1302\" data-end=\"1507\">\n<li data-start=\"1302\" data-end=\"1380\">\n<p data-start=\"1304\" data-end=\"1380\">Ch\u1ec9 n\u00ean s\u1eed d\u1ee5ng b\u1edfi c\u00e1c chuy\u00ean vi\u00ean t\u1ea1i c\u00e1c c\u01a1 s\u1edf chuy\u00ean m\u00f4n \u0111\u01b0\u1ee3c c\u1ea5p ph\u00e9p<\/p>\n<\/li>\n<li data-start=\"1381\" data-end=\"1454\">\n<p data-start=\"1383\" data-end=\"1454\">Kh\u00f4ng s\u1eed d\u1ee5ng cho ng\u01b0\u1eddi d\u1ecb \u1ee9ng v\u1edbi b\u1ea5t k\u1ef3 th\u00e0nh ph\u1ea7n n\u00e0o c\u1ee7a s\u1ea3n ph\u1ea9m<\/p>\n<\/li>\n<li data-start=\"1455\" data-end=\"1507\">\n<p data-start=\"1457\" data-end=\"1507\">Kh\u00f4ng d\u00f9ng cho ph\u1ee5 n\u1eef c\u00f3 thai ho\u1eb7c \u0111ang cho con b\u00fa<\/p>\n<\/li>\n<\/ul>\n<\/div>\n<\/div>\n","protected":false},"excerpt":{"rendered":"<div class=\"xdj266r x11i5rnm xat24cr x1mh8g0r x1vvkbs x126k92a\">\n<div dir=\"auto\">\n<p data-start=\"382\" data-end=\"469\"><strong data-start=\"382\" data-end=\"394\">Xu\u1ea5t x\u1ee9:<\/strong> H\u00e0n Qu\u1ed1c<br data-start=\"403\" data-end=\"406\" \/><strong data-start=\"406\" data-end=\"429\">C\u00f4ng ngh\u1ec7 s\u1ea3n xu\u1ea5t:<\/strong> Chu\u1ea9n GMP \u2013 \u1ee8ng d\u1ee5ng ti\u00eau chu\u1ea9n Ch\u00e2u \u00c2u<\/p>\n<p data-start=\"471\" data-end=\"786\"><strong data-start=\"471\" data-end=\"495\">Gi\u1edbi thi\u1ec7u s\u1ea3n ph\u1ea9m:<\/strong><br data-start=\"495\" data-end=\"498\" \/>Jariot Body l\u00e0 d\u00f2ng ch\u1ea5t l\u00e0m \u0111\u1ea7y th\u1ebf h\u1ec7 m\u1edbi, \u0111\u01b0\u1ee3c thi\u1ebft k\u1ebf d\u00e0nh ri\u00eang cho c\u00e1c v\u00f9ng c\u01a1 th\u1ec3 nh\u01b0 m\u00f4ng, ng\u1ef1c, mu b\u00e0n tay ho\u1eb7c b\u00e0n ch\u00e2n, th\u01b0\u1eddng \u0111\u01b0\u1ee3c s\u1eed d\u1ee5ng t\u1ea1i c\u00e1c trung t\u00e2m th\u1ea9m m\u1ef9 chuy\u00ean s\u00e2u. S\u1ea3n ph\u1ea9m t\u00edch h\u1ee3p Collagen v\u00e0 Hyaluronic Acid nh\u1eb1m h\u1ed7 tr\u1ee3 t\u1ea1o h\u00ecnh v\u00e0 c\u1ea3i thi\u1ec7n \u0111\u1ed9 \u0111\u00e0n h\u1ed3i c\u1ee7a da.<\/p>\n<p data-start=\"788\" data-end=\"811\">\n<\/div>\n<\/div>\n","protected":false},"featured_media":22183,"comment_status":"open","ping_status":"closed","template":"","meta":[],"product_cat":[51],"product_tag":[],"class_list":{"0":"post-22013","1":"product","2":"type-product","3":"status-publish","4":"has-post-thumbnail","6":"product_cat-filler","8":"first","9":"instock","10":"shipping-taxable","11":"purchasable","12":"product-type-simple"},"_links":{"self":[{"href":"https:\/\/phukienthammy.com.vn\/index.php?rest_route=\/wp\/v2\/product\/22013","targetHints":{"allow":["GET"]}}],"collection":[{"href":"https:\/\/phukienthammy.com.vn\/index.php?rest_route=\/wp\/v2\/product"}],"about":[{"href":"https:\/\/phukienthammy.com.vn\/index.php?rest_route=\/wp\/v2\/types\/product"}],"replies":[{"embeddable":true,"href":"https:\/\/phukienthammy.com.vn\/index.php?rest_route=%2Fwp%2Fv2%2Fcomments&post=22013"}],"version-history":[{"count":1,"href":"https:\/\/phukienthammy.com.vn\/index.php?rest_route=\/wp\/v2\/product\/22013\/revisions"}],"predecessor-version":[{"id":22835,"href":"https:\/\/phukienthammy.com.vn\/index.php?rest_route=\/wp\/v2\/product\/22013\/revisions\/22835"}],"wp:featuredmedia":[{"embeddable":true,"href":"https:\/\/phukienthammy.com.vn\/index.php?rest_route=\/wp\/v2\/media\/22183"}],"wp:attachment":[{"href":"https:\/\/phukienthammy.com.vn\/index.php?rest_route=%2Fwp%2Fv2%2Fmedia&parent=22013"}],"wp:term":[{"taxonomy":"product_cat","embeddable":true,"href":"https:\/\/phukienthammy.com.vn\/index.php?rest_route=%2Fwp%2Fv2%2Fproduct_cat&post=22013"},{"taxonomy":"product_tag","embeddable":true,"href":"https:\/\/phukienthammy.com.vn\/index.php?rest_route=%2Fwp%2Fv2%2Fproduct_tag&post=22013"}],"curies":[{"name":"wp","href":"https:\/\/api.w.org\/{rel}","templated":true}]}}