{"id":22012,"date":"2024-03-20T23:32:10","date_gmt":"2024-03-20T16:32:10","guid":{"rendered":"https:\/\/phukienthammy.com.vn\/?post_type=product&#038;p=22012"},"modified":"2024-03-20T23:34:14","modified_gmt":"2024-03-20T16:34:14","slug":"filler-junier","status":"publish","type":"product","link":"https:\/\/phukienthammy.com.vn\/?product=filler-junier","title":{"rendered":"Filler Junier"},"content":{"rendered":"<div class=\"xdj266r x11i5rnm xat24cr x1mh8g0r x1vvkbs x126k92a\">\n<div dir=\"auto\">Filler Junier<\/div>\n<div dir=\"auto\">JUNIER JR7 -B\u01af\u1edaC \u0110\u1ec6M M\u1edaI TRONG L\u00c0NG FILLER<\/div>\n<\/div>\n<div class=\"x11i5rnm xat24cr x1mh8g0r x1vvkbs xtlvy1s x126k92a\">\n<div dir=\"auto\"><span class=\"x3nfvp2 x1j61x8r x1fcty0u xdj266r xhhsvwb xat24cr xgzva0m xxymvpz xlup9mm x1kky2od\"><img decoding=\"async\" class=\"xz74otr\" src=\"https:\/\/static.xx.fbcdn.net\/images\/emoji.php\/v9\/tb4\/2\/16\/2705.png\" alt=\"&#x2705;\" width=\"16\" height=\"16\" \/><\/span> Junier JR7 l\u00e0 filler \u0111\u1ea7u ti\u00ean c\u1ee7a Italy kh\u00f4ng ch\u1ec9 l\u00e0m \u0111\u1ea7y m\u00e0 c\u00f2n k\u00edch th\u00edch s\u1ef1 s\u1ea3n sinh collagen t\u1ef1 nhi\u00ean, l\u00e0m t\u0103ng \u0111\u1ed9 \u0111\u00e0n h\u1ed3i c\u1ee7a da \u0111\u01b0\u1ee3c c\u00e1c b\u00e1c s\u1ef9 tr\u00ean to\u00e0n th\u1ebf gi\u1edbi tin d\u00f9ng<\/div>\n<div dir=\"auto\"><span class=\"x3nfvp2 x1j61x8r x1fcty0u xdj266r xhhsvwb xat24cr xgzva0m xxymvpz xlup9mm x1kky2od\"><img decoding=\"async\" class=\"xz74otr\" src=\"https:\/\/static.xx.fbcdn.net\/images\/emoji.php\/v9\/tb4\/2\/16\/2705.png\" alt=\"&#x2705;\" width=\"16\" height=\"16\" \/><\/span> Junier JR7 \u0111\u01b0\u1ee3c s\u1ea3n xu\u1ea5t v\u1edbi c\u00f4ng ngh\u1ec7 ti\u00ean ti\u1ebfn nh\u1ea5t c\u1ee7a Italy, n\u01a1i n\u1ed5i ti\u1ebfng v\u1edbi s\u1ef1 \u0111\u1ed5i m\u1edbi v\u00e0 ch\u1ea5t l\u01b0\u1ee3ng cao trong l\u0129nh v\u1ef1c th\u1ea9m m\u1ef9. V\u1edbi c\u00f4ng th\u1ee9c \u0111\u1ed9c \u0111\u00e1o Junier JR7 c\u00f3 \u0111\u1ed9 b\u1ec1n l\u00ean t\u1edbi (9-24 th\u00e1ng)<\/div>\n<div dir=\"auto\"><span class=\"x3nfvp2 x1j61x8r x1fcty0u xdj266r xhhsvwb xat24cr xgzva0m xxymvpz xlup9mm x1kky2od\"><img decoding=\"async\" class=\"xz74otr\" src=\"https:\/\/static.xx.fbcdn.net\/images\/emoji.php\/v9\/tb4\/2\/16\/2705.png\" alt=\"&#x2705;\" width=\"16\" height=\"16\" \/><\/span> Junier JR7 \u0111\u00e3 tr\u1ea3i qua c\u00e1c cu\u1ed9c th\u1eed nghi\u1ec7m l\u00e2m s\u00e0ng nghi\u00eam ng\u1eb7t \u0111\u1ec3 \u0111\u1ea3m b\u1ea3o t\u00ednh an to\u00e0n v\u00e0 hi\u1ec7u qu\u1ea3. Kh\u00f4ng ch\u1ec9 \u0111\u01b0\u1ee3c ch\u1ee9ng nh\u1eadn b\u1edfi c\u00e1c chuy\u00ean gia da li\u1ec5u h\u00e0ng \u0111\u1ea7u, Junier c\u00f2n tu\u00e2n th\u1ee7 c\u00e1c quy \u0111\u1ecbnh v\u00e0 ti\u00eau chu\u1ea9n ch\u1ea5t l\u01b0\u1ee3ng cao nh\u1ea5t .<\/div>\n<\/div>\n<div class=\"x11i5rnm xat24cr x1mh8g0r x1vvkbs xtlvy1s x126k92a\">\n<div dir=\"auto\">JUNIER JR7 c\u00f3 3 lo\u1ea1i kh\u00e1c nhau t\u01b0\u01a1ng th\u00edch cho t\u1eebng v\u00f9ng ti\u00eam:<\/div>\n<div dir=\"auto\">&#8211; KYSSE: T\u1ea1o s\u1ef1 c\u0103ng m\u1ecdng cho \u0111\u00f4i m\u00f4i g\u1ee3i c\u1ea3m, l\u00e0m \u0111\u1ea7y h\u1ed1c m\u1eaft, ch\u1ed1ng th\u00e2m qu\u1ea7ng.<\/div>\n<div dir=\"auto\">&#8211; DEFYNE: T\u1ea1o s\u1ef1 m\u1ec1m m\u1ea1i, \u0111\u1ea7y \u0111\u1eb7n cho th\u00e1i d\u01b0\u01a1ng, h\u00f5m m\u00e1, tr\u00e1n, r\u00e3nh c\u01b0\u1eddi.<\/div>\n<div dir=\"auto\">&#8211; VOLYME: T\u1ea1o form ho\u00e0n h\u1ea3o cho d\u00e1ng m\u0169i thanh tao ,t\u1ea1o \u0111\u01b0\u1eddng n\u00e9t ho\u00e0n h\u1ea3o cho chi\u1ebfc c\u1eb1m th\u1eddi th\u01b0\u1ee3ng<\/div>\n<div dir=\"auto\"><\/div>\n<\/div>\n","protected":false},"excerpt":{"rendered":"<div class=\"xdj266r x11i5rnm xat24cr x1mh8g0r x1vvkbs x126k92a\">\n<div dir=\"auto\">Filler Junier<\/div>\n<div dir=\"auto\">JUNIER JR7 -B\u01af\u1edaC \u0110\u1ec6M M\u1edaI TRONG L\u00c0NG FILLER<\/div>\n<\/div>\n<div class=\"x11i5rnm xat24cr x1mh8g0r x1vvkbs xtlvy1s x126k92a\">\n<div dir=\"auto\"><span class=\"x3nfvp2 x1j61x8r x1fcty0u xdj266r xhhsvwb xat24cr xgzva0m xxymvpz xlup9mm x1kky2od\"><img decoding=\"async\" class=\"xz74otr\" src=\"https:\/\/static.xx.fbcdn.net\/images\/emoji.php\/v9\/tb4\/2\/16\/2705.png\" alt=\"&#x2705;\" width=\"16\" height=\"16\" \/><\/span> Junier JR7 l\u00e0 filler \u0111\u1ea7u ti\u00ean c\u1ee7a Italy kh\u00f4ng ch\u1ec9 l\u00e0m \u0111\u1ea7y m\u00e0 c\u00f2n k\u00edch th\u00edch s\u1ef1 s\u1ea3n sinh collagen t\u1ef1 nhi\u00ean, l\u00e0m t\u0103ng \u0111\u1ed9 \u0111\u00e0n h\u1ed3i c\u1ee7a da \u0111\u01b0\u1ee3c c\u00e1c b\u00e1c s\u1ef9 tr\u00ean to\u00e0n th\u1ebf gi\u1edbi tin d\u00f9ng<\/div>\n<div dir=\"auto\"><span class=\"x3nfvp2 x1j61x8r x1fcty0u xdj266r xhhsvwb xat24cr xgzva0m xxymvpz xlup9mm x1kky2od\"><img decoding=\"async\" class=\"xz74otr\" src=\"https:\/\/static.xx.fbcdn.net\/images\/emoji.php\/v9\/tb4\/2\/16\/2705.png\" alt=\"&#x2705;\" width=\"16\" height=\"16\" \/><\/span> Junier JR7 \u0111\u01b0\u1ee3c s\u1ea3n xu\u1ea5t v\u1edbi c\u00f4ng ngh\u1ec7 ti\u00ean ti\u1ebfn nh\u1ea5t c\u1ee7a Italy, n\u01a1i n\u1ed5i ti\u1ebfng v\u1edbi s\u1ef1 \u0111\u1ed5i m\u1edbi v\u00e0 ch\u1ea5t l\u01b0\u1ee3ng cao trong l\u0129nh v\u1ef1c th\u1ea9m m\u1ef9. V\u1edbi c\u00f4ng th\u1ee9c \u0111\u1ed9c \u0111\u00e1o Junier JR7 c\u00f3 \u0111\u1ed9 b\u1ec1n l\u00ean t\u1edbi (9-24 th\u00e1ng)<\/div>\n<div dir=\"auto\"><span class=\"x3nfvp2 x1j61x8r x1fcty0u xdj266r xhhsvwb xat24cr xgzva0m xxymvpz xlup9mm x1kky2od\"><img decoding=\"async\" class=\"xz74otr\" src=\"https:\/\/static.xx.fbcdn.net\/images\/emoji.php\/v9\/tb4\/2\/16\/2705.png\" alt=\"&#x2705;\" width=\"16\" height=\"16\" \/><\/span> Junier JR7 \u0111\u00e3 tr\u1ea3i qua c\u00e1c cu\u1ed9c th\u1eed nghi\u1ec7m l\u00e2m s\u00e0ng nghi\u00eam ng\u1eb7t \u0111\u1ec3 \u0111\u1ea3m b\u1ea3o t\u00ednh an to\u00e0n v\u00e0 hi\u1ec7u qu\u1ea3. Kh\u00f4ng ch\u1ec9 \u0111\u01b0\u1ee3c ch\u1ee9ng nh\u1eadn b\u1edfi c\u00e1c chuy\u00ean gia da li\u1ec5u h\u00e0ng \u0111\u1ea7u, Junier c\u00f2n tu\u00e2n th\u1ee7 c\u00e1c quy \u0111\u1ecbnh v\u00e0 ti\u00eau chu\u1ea9n ch\u1ea5t l\u01b0\u1ee3ng cao nh\u1ea5t .<\/div>\n<\/div>\n<div class=\"x11i5rnm xat24cr x1mh8g0r x1vvkbs xtlvy1s x126k92a\">\n<div dir=\"auto\">JUNIER JR7 c\u00f3 3 lo\u1ea1i kh\u00e1c nhau t\u01b0\u01a1ng th\u00edch cho t\u1eebng v\u00f9ng ti\u00eam:<\/div>\n<div dir=\"auto\">&#8211; KYSSE: T\u1ea1o s\u1ef1 c\u0103ng m\u1ecdng cho \u0111\u00f4i m\u00f4i g\u1ee3i c\u1ea3m, l\u00e0m \u0111\u1ea7y h\u1ed1c m\u1eaft, ch\u1ed1ng th\u00e2m qu\u1ea7ng.<\/div>\n<div dir=\"auto\">&#8211; DEFYNE: T\u1ea1o s\u1ef1 m\u1ec1m m\u1ea1i, \u0111\u1ea7y \u0111\u1eb7n cho th\u00e1i d\u01b0\u01a1ng, h\u00f5m m\u00e1, tr\u00e1n, r\u00e3nh c\u01b0\u1eddi.<\/div>\n<div dir=\"auto\">&#8211; VOLYME: T\u1ea1o form ho\u00e0n h\u1ea3o cho d\u00e1ng m\u0169i thanh tao ,t\u1ea1o \u0111\u01b0\u1eddng n\u00e9t ho\u00e0n h\u1ea3o cho chi\u1ebfc c\u1eb1m th\u1eddi th\u01b0\u1ee3ng<\/div>\n<div dir=\"auto\"><\/div>\n<\/div>\n","protected":false},"featured_media":22178,"comment_status":"open","ping_status":"closed","template":"","meta":[],"product_cat":[51],"product_tag":[],"class_list":{"0":"post-22012","1":"product","2":"type-product","3":"status-publish","4":"has-post-thumbnail","6":"product_cat-filler","8":"first","9":"instock","10":"shipping-taxable","11":"purchasable","12":"product-type-simple"},"_links":{"self":[{"href":"https:\/\/phukienthammy.com.vn\/index.php?rest_route=\/wp\/v2\/product\/22012","targetHints":{"allow":["GET"]}}],"collection":[{"href":"https:\/\/phukienthammy.com.vn\/index.php?rest_route=\/wp\/v2\/product"}],"about":[{"href":"https:\/\/phukienthammy.com.vn\/index.php?rest_route=\/wp\/v2\/types\/product"}],"replies":[{"embeddable":true,"href":"https:\/\/phukienthammy.com.vn\/index.php?rest_route=%2Fwp%2Fv2%2Fcomments&post=22012"}],"version-history":[{"count":0,"href":"https:\/\/phukienthammy.com.vn\/index.php?rest_route=\/wp\/v2\/product\/22012\/revisions"}],"wp:featuredmedia":[{"embeddable":true,"href":"https:\/\/phukienthammy.com.vn\/index.php?rest_route=\/wp\/v2\/media\/22178"}],"wp:attachment":[{"href":"https:\/\/phukienthammy.com.vn\/index.php?rest_route=%2Fwp%2Fv2%2Fmedia&parent=22012"}],"wp:term":[{"taxonomy":"product_cat","embeddable":true,"href":"https:\/\/phukienthammy.com.vn\/index.php?rest_route=%2Fwp%2Fv2%2Fproduct_cat&post=22012"},{"taxonomy":"product_tag","embeddable":true,"href":"https:\/\/phukienthammy.com.vn\/index.php?rest_route=%2Fwp%2Fv2%2Fproduct_tag&post=22012"}],"curies":[{"name":"wp","href":"https:\/\/api.w.org\/{rel}","templated":true}]}}