{"id":22011,"date":"2024-03-20T23:32:10","date_gmt":"2024-03-20T16:32:10","guid":{"rendered":"https:\/\/phukienthammy.com.vn\/?post_type=product&#038;p=22011"},"modified":"2024-12-21T15:06:05","modified_gmt":"2024-12-21T08:06:05","slug":"filler-t-mie","status":"publish","type":"product","link":"https:\/\/phukienthammy.com.vn\/?product=filler-t-mie","title":{"rendered":"Filler T-Mie"},"content":{"rendered":"<div class=\"x11i5rnm xat24cr x1mh8g0r x1vvkbs xdj266r x126k92a\">\n<div dir=\"auto\">\n<div dir=\"auto\">\n<div class=\"x11i5rnm xat24cr x1mh8g0r x1vvkbs xtlvy1s x126k92a\">\n<p>C\u00f4ng d\u1ee5ng:<\/p>\n<\/div>\n<\/div>\n<div dir=\"auto\">\n<div class=\"x11i5rnm xat24cr x1mh8g0r x1vvkbs xtlvy1s x126k92a\">\n<div dir=\"auto\">\n<ul>\n<li dir=\"auto\">T\u1ea1o b\u1ecdng m\u1eaft c\u01b0\u1eddi, gi\u00fap m\u1eaft to tr\u00f2n h\u01a1n<\/li>\n<li dir=\"auto\">L\u1ea5p \u0111\u1ea7y h\u00f5m m\u1eaft s\u00e2u h\u1ed1c h\u00e1c, cho g\u01b0\u01a1ng m\u1eb7t t\u01b0\u01a1i tr\u1ebb<\/li>\n<li dir=\"auto\">L\u00e0m \u0111\u1ea7y r\u00e3nh m\u0169i m\u00e1 , x\u00f3a n\u1ebfp nh\u0103n t\u0129nh<\/li>\n<li dir=\"auto\">T\u1ea1o h\u00ecnh c\u1eb1m theo mong mu\u1ed1n (c\u1eb1m tr\u1ebb c\u1eb3m nh\u1ecdn, c\u1eb1m tr\u00f2n\u2026)<\/li>\n<li dir=\"auto\">T\u1ea1o h\u00ecnh m\u00f4i, c\u0103n ch\u1ec9nh m\u00f4i l\u1ec7ch<\/li>\n<li dir=\"auto\">T\u1ea1o m\u00e1 baby, c\u0103n ch\u1ec9nh m\u1eb7t l\u1ec7ch<\/li>\n<li dir=\"auto\">N\u00e2ng cao s\u1ed1ng m\u0169i, ti\u00eam tai t\u00e0i l\u1ed9c\u2026.<\/li>\n<\/ul>\n<div dir=\"auto\">Xu\u1ea5t x\u1ee9: H\u00e0n Qu\u1ed1c<\/div>\n<div dir=\"auto\">Quy c\u00e1ch: 1 h\u1ed9p \/ 1cc<\/div>\n<\/div>\n<\/div>\n<\/div>\n<\/div>\n<\/div>\n","protected":false},"excerpt":{"rendered":"<div dir=\"auto\">\n<div class=\"x11i5rnm xat24cr x1mh8g0r x1vvkbs xtlvy1s x126k92a\">\n<p>C\u00f4ng d\u1ee5ng:<\/p>\n<\/div>\n<\/div>\n<div dir=\"auto\">\n<div class=\"x11i5rnm xat24cr x1mh8g0r x1vvkbs xtlvy1s x126k92a\">\n<div dir=\"auto\">\n<ul>\n<li dir=\"auto\">T\u1ea1o b\u1ecdng m\u1eaft c\u01b0\u1eddi, gi\u00fap m\u1eaft to tr\u00f2n h\u01a1n<\/li>\n<li dir=\"auto\">L\u1ea5p \u0111\u1ea7y h\u00f5m m\u1eaft s\u00e2u h\u1ed1c h\u00e1c, cho g\u01b0\u01a1ng m\u1eb7t t\u01b0\u01a1i tr\u1ebb<\/li>\n<li dir=\"auto\">L\u00e0m \u0111\u1ea7y r\u00e3nh m\u0169i m\u00e1 , x\u00f3a n\u1ebfp nh\u0103n t\u0129nh<\/li>\n<li dir=\"auto\">T\u1ea1o h\u00ecnh c\u1eb1m theo mong mu\u1ed1n (c\u1eb1m tr\u1ebb c\u1eb3m nh\u1ecdn, c\u1eb1m tr\u00f2n\u2026)<\/li>\n<li dir=\"auto\">T\u1ea1o h\u00ecnh m\u00f4i, c\u0103n ch\u1ec9nh m\u00f4i l\u1ec7ch<\/li>\n<li dir=\"auto\">T\u1ea1o m\u00e1 baby, c\u0103n ch\u1ec9nh m\u1eb7t l\u1ec7ch<\/li>\n<li dir=\"auto\">N\u00e2ng cao s\u1ed1ng m\u0169i, ti\u00eam tai t\u00e0i l\u1ed9c\u2026.<\/li>\n<\/ul>\n<div dir=\"auto\">Xu\u1ea5t x\u01b0: H\u00e0n Qu\u1ed1c<\/div>\n<div dir=\"auto\">Quy c\u00e1ch: 1 h\u1ed9p \/ 1cc<\/div>\n<\/div>\n<\/div>\n<\/div>\n","protected":false},"featured_media":22173,"comment_status":"open","ping_status":"closed","template":"","meta":[],"product_cat":[51],"product_tag":[],"class_list":{"0":"post-22011","1":"product","2":"type-product","3":"status-publish","4":"has-post-thumbnail","6":"product_cat-filler","8":"first","9":"instock","10":"shipping-taxable","11":"purchasable","12":"product-type-simple"},"_links":{"self":[{"href":"https:\/\/phukienthammy.com.vn\/index.php?rest_route=\/wp\/v2\/product\/22011","targetHints":{"allow":["GET"]}}],"collection":[{"href":"https:\/\/phukienthammy.com.vn\/index.php?rest_route=\/wp\/v2\/product"}],"about":[{"href":"https:\/\/phukienthammy.com.vn\/index.php?rest_route=\/wp\/v2\/types\/product"}],"replies":[{"embeddable":true,"href":"https:\/\/phukienthammy.com.vn\/index.php?rest_route=%2Fwp%2Fv2%2Fcomments&post=22011"}],"version-history":[{"count":2,"href":"https:\/\/phukienthammy.com.vn\/index.php?rest_route=\/wp\/v2\/product\/22011\/revisions"}],"predecessor-version":[{"id":22731,"href":"https:\/\/phukienthammy.com.vn\/index.php?rest_route=\/wp\/v2\/product\/22011\/revisions\/22731"}],"wp:featuredmedia":[{"embeddable":true,"href":"https:\/\/phukienthammy.com.vn\/index.php?rest_route=\/wp\/v2\/media\/22173"}],"wp:attachment":[{"href":"https:\/\/phukienthammy.com.vn\/index.php?rest_route=%2Fwp%2Fv2%2Fmedia&parent=22011"}],"wp:term":[{"taxonomy":"product_cat","embeddable":true,"href":"https:\/\/phukienthammy.com.vn\/index.php?rest_route=%2Fwp%2Fv2%2Fproduct_cat&post=22011"},{"taxonomy":"product_tag","embeddable":true,"href":"https:\/\/phukienthammy.com.vn\/index.php?rest_route=%2Fwp%2Fv2%2Fproduct_tag&post=22011"}],"curies":[{"name":"wp","href":"https:\/\/api.w.org\/{rel}","templated":true}]}}