{"id":22009,"date":"2024-03-20T23:32:10","date_gmt":"2024-03-20T16:32:10","guid":{"rendered":"https:\/\/phukienthammy.com.vn\/?post_type=product&#038;p=22009"},"modified":"2024-03-20T23:33:58","modified_gmt":"2024-03-20T16:33:58","slug":"filler-dermacan","status":"publish","type":"product","link":"https:\/\/phukienthammy.com.vn\/?product=filler-dermacan","title":{"rendered":"Filler Dermacan"},"content":{"rendered":"<div dir=\"auto\"><span class=\"x3nfvp2 x1j61x8r x1fcty0u xdj266r xhhsvwb xat24cr xgzva0m xxymvpz xlup9mm x1kky2od\"><img decoding=\"async\" class=\"xz74otr\" src=\"https:\/\/static.xx.fbcdn.net\/images\/emoji.php\/v9\/ta2\/2\/16\/1f380.png\" alt=\"&#x1f380;\" width=\"16\" height=\"16\" \/><\/span> Filler Dermacan VIP<span class=\"x3nfvp2 x1j61x8r x1fcty0u xdj266r xhhsvwb xat24cr xgzva0m xxymvpz xlup9mm x1kky2od\"><img decoding=\"async\" class=\"xz74otr\" src=\"https:\/\/static.xx.fbcdn.net\/images\/emoji.php\/v9\/ta2\/2\/16\/1f380.png\" alt=\"&#x1f380;\" width=\"16\" height=\"16\" \/><\/span><\/div>\n<div dir=\"auto\"><span class=\"x3nfvp2 x1j61x8r x1fcty0u xdj266r xhhsvwb xat24cr xgzva0m xxymvpz xlup9mm x1kky2od\"><img decoding=\"async\" class=\"xz74otr\" src=\"https:\/\/static.xx.fbcdn.net\/images\/emoji.php\/v9\/tcd\/2\/16\/25aa.png\" alt=\"&#x25aa;\" width=\"16\" height=\"16\" \/><\/span>DERMACAN &#8211; filler \u0111\u1ebfn t\u1eeb H\u00e0n Qu\u1ed1c, nh\u01b0ng \u0111\u1ee9ng \u0111\u1ea7u danh s\u00e1ch \u0111\u01b0\u1ee3c \u01b0a chu\u1ed9ng nh\u1ea5t t\u1ea1i th\u1ecb tr\u01b0\u1eddng Ch\u00e2u \u00c2u<\/div>\n<div dir=\"auto\">&#8211; Xu\u1ea5t S\u1ee9: Korea<\/div>\n<div dir=\"auto\">&#8211; Quy c\u00e1ch: 1 \u1ed1ng x 1ml \/ H\u1ed9p<\/div>\n<div dir=\"auto\">&#8211; H\u00e3ng s\u1ea3n xu\u1ea5t: AcRoss<\/div>\n<div dir=\"auto\">&#8211; Th\u00e0nh ph\u1ea7n:<\/div>\n<div dir=\"auto\"><span class=\"x3nfvp2 x1j61x8r x1fcty0u xdj266r xhhsvwb xat24cr xgzva0m xxymvpz xlup9mm x1kky2od\"><img decoding=\"async\" class=\"xz74otr\" src=\"https:\/\/static.xx.fbcdn.net\/images\/emoji.php\/v9\/te\/2\/16\/2611.png\" alt=\"&#x2611;\" width=\"16\" height=\"16\" \/><\/span> Hyaluronic acid: 24mg\/ml<\/div>\n<div dir=\"auto\"><span class=\"x3nfvp2 x1j61x8r x1fcty0u xdj266r xhhsvwb xat24cr xgzva0m xxymvpz xlup9mm x1kky2od\"><img decoding=\"async\" class=\"xz74otr\" src=\"https:\/\/static.xx.fbcdn.net\/images\/emoji.php\/v9\/te\/2\/16\/2611.png\" alt=\"&#x2611;\" width=\"16\" height=\"16\" \/><\/span> Lidocaine: 3mg\/ml<\/div>\n<div dir=\"auto\"><span class=\"x3nfvp2 x1j61x8r x1fcty0u xdj266r xhhsvwb xat24cr xgzva0m xxymvpz xlup9mm x1kky2od\"><img loading=\"lazy\" decoding=\"async\" class=\"xz74otr\" src=\"https:\/\/static.xx.fbcdn.net\/images\/emoji.php\/v9\/t95\/2\/16\/2618.png\" alt=\"&#x2618;&#xfe0f;\" width=\"16\" height=\"16\" \/><\/span> C\u00f4ng d\u1ee5ng:<\/div>\n<div dir=\"auto\"><span class=\"x3nfvp2 x1j61x8r x1fcty0u xdj266r xhhsvwb xat24cr xgzva0m xxymvpz xlup9mm x1kky2od\"><img decoding=\"async\" class=\"xz74otr\" src=\"https:\/\/static.xx.fbcdn.net\/images\/emoji.php\/v9\/te\/2\/16\/2611.png\" alt=\"&#x2611;\" width=\"16\" height=\"16\" \/><\/span> DERMACAN VIP Sub-Q: Ti\u00eam t\u1ea1o h\u00ecnh cho M\u0169i, C\u1eb1m, Tr\u00e1n<\/div>\n<div dir=\"auto\"><span class=\"x3nfvp2 x1j61x8r x1fcty0u xdj266r xhhsvwb xat24cr xgzva0m xxymvpz xlup9mm x1kky2od\"><img decoding=\"async\" class=\"xz74otr\" src=\"https:\/\/static.xx.fbcdn.net\/images\/emoji.php\/v9\/te\/2\/16\/2611.png\" alt=\"&#x2611;\" width=\"16\" height=\"16\" \/><\/span> DERMACAN VIP Deep: Ti\u00eam t\u1ea1o h\u00ecnh m\u00f4i. Ti\u00eam l\u00e0m \u0111\u1ea7y c\u00e1c v\u00f9ng R\u00e3nh, M\u00e1 babe.<\/div>\n<div dir=\"auto\"><span class=\"x3nfvp2 x1j61x8r x1fcty0u xdj266r xhhsvwb xat24cr xgzva0m xxymvpz xlup9mm x1kky2od\"><img decoding=\"async\" class=\"xz74otr\" src=\"https:\/\/static.xx.fbcdn.net\/images\/emoji.php\/v9\/te\/2\/16\/2611.png\" alt=\"&#x2611;\" width=\"16\" height=\"16\" \/><\/span> DERMACAN VIP Fine: Ti\u00eam t\u1ea1o h\u00ecnh m\u00f4i, Th\u00e1i d\u01b0\u01a1ng, H\u1ed1c m\u1eaft.<\/div>\n<div dir=\"auto\"><span class=\"x3nfvp2 x1j61x8r x1fcty0u xdj266r xhhsvwb xat24cr xgzva0m xxymvpz xlup9mm x1kky2od\"><img loading=\"lazy\" decoding=\"async\" class=\"xz74otr\" src=\"https:\/\/static.xx.fbcdn.net\/images\/emoji.php\/v9\/tb4\/2\/16\/2705.png\" alt=\"&#x2705;\" width=\"16\" height=\"16\" \/><\/span> Ngo\u00e0i ra c\u00f2n c\u00f3 c\u00e1c t\u00e1c d\u1ee5ng kh\u00e1c nh\u01b0: D\u01b0\u1ee1ng \u1ea9m da t\u1ea1i c\u00e1c v\u1ecb tr\u00ed ti\u00eam, t\u1ea1o \u0111\u1ed9 c\u0103ng b\u00f3ng v\u00e0 nh\u1ecf l\u1ed7 ch\u00e2n l\u00f4ng.<\/div>\n<div dir=\"auto\"><\/div>\n","protected":false},"excerpt":{"rendered":"<div dir=\"auto\"><span class=\"x3nfvp2 x1j61x8r x1fcty0u xdj266r xhhsvwb xat24cr xgzva0m xxymvpz xlup9mm x1kky2od\"><img decoding=\"async\" class=\"xz74otr\" src=\"https:\/\/static.xx.fbcdn.net\/images\/emoji.php\/v9\/ta2\/2\/16\/1f380.png\" alt=\"&#x1f380;\" width=\"16\" height=\"16\" \/><\/span> Filler Dermacan VIP<span class=\"x3nfvp2 x1j61x8r x1fcty0u xdj266r xhhsvwb xat24cr xgzva0m xxymvpz xlup9mm x1kky2od\"><img decoding=\"async\" class=\"xz74otr\" src=\"https:\/\/static.xx.fbcdn.net\/images\/emoji.php\/v9\/ta2\/2\/16\/1f380.png\" alt=\"&#x1f380;\" width=\"16\" height=\"16\" \/><\/span><\/div>\n<div dir=\"auto\"><span class=\"x3nfvp2 x1j61x8r x1fcty0u xdj266r xhhsvwb xat24cr xgzva0m xxymvpz xlup9mm x1kky2od\"><img decoding=\"async\" class=\"xz74otr\" src=\"https:\/\/static.xx.fbcdn.net\/images\/emoji.php\/v9\/tcd\/2\/16\/25aa.png\" alt=\"&#x25aa;\" width=\"16\" height=\"16\" \/><\/span>DERMACAN &#8211; filler \u0111\u1ebfn t\u1eeb H\u00e0n Qu\u1ed1c, nh\u01b0ng \u0111\u1ee9ng \u0111\u1ea7u danh s\u00e1ch \u0111\u01b0\u1ee3c \u01b0a chu\u1ed9ng nh\u1ea5t t\u1ea1i th\u1ecb tr\u01b0\u1eddng Ch\u00e2u \u00c2u<\/div>\n<div dir=\"auto\">&#8211; Xu\u1ea5t S\u1ee9: Korea<\/div>\n<div dir=\"auto\">&#8211; Quy c\u00e1ch: 1 \u1ed1ng x 1ml \/ H\u1ed9p<\/div>\n<div dir=\"auto\">&#8211; H\u00e3ng s\u1ea3n xu\u1ea5t: AcRoss<\/div>\n<div dir=\"auto\">&#8211; Th\u00e0nh ph\u1ea7n:<\/div>\n<div dir=\"auto\"><span class=\"x3nfvp2 x1j61x8r x1fcty0u xdj266r xhhsvwb xat24cr xgzva0m xxymvpz xlup9mm x1kky2od\"><img decoding=\"async\" class=\"xz74otr\" src=\"https:\/\/static.xx.fbcdn.net\/images\/emoji.php\/v9\/te\/2\/16\/2611.png\" alt=\"&#x2611;\" width=\"16\" height=\"16\" \/><\/span> Hyaluronic acid: 24mg\/ml<\/div>\n<div dir=\"auto\"><span class=\"x3nfvp2 x1j61x8r x1fcty0u xdj266r xhhsvwb xat24cr xgzva0m xxymvpz xlup9mm x1kky2od\"><img decoding=\"async\" class=\"xz74otr\" src=\"https:\/\/static.xx.fbcdn.net\/images\/emoji.php\/v9\/te\/2\/16\/2611.png\" alt=\"&#x2611;\" width=\"16\" height=\"16\" \/><\/span> Lidocaine: 3mg\/ml<\/div>\n<div dir=\"auto\"><span class=\"x3nfvp2 x1j61x8r x1fcty0u xdj266r xhhsvwb xat24cr xgzva0m xxymvpz xlup9mm x1kky2od\"><img loading=\"lazy\" decoding=\"async\" class=\"xz74otr\" src=\"https:\/\/static.xx.fbcdn.net\/images\/emoji.php\/v9\/t95\/2\/16\/2618.png\" alt=\"&#x2618;&#xfe0f;\" width=\"16\" height=\"16\" \/><\/span> C\u00f4ng d\u1ee5ng:<\/div>\n<div dir=\"auto\"><span class=\"x3nfvp2 x1j61x8r x1fcty0u xdj266r xhhsvwb xat24cr xgzva0m xxymvpz xlup9mm x1kky2od\"><img decoding=\"async\" class=\"xz74otr\" src=\"https:\/\/static.xx.fbcdn.net\/images\/emoji.php\/v9\/te\/2\/16\/2611.png\" alt=\"&#x2611;\" width=\"16\" height=\"16\" \/><\/span> DERMACAN VIP Sub-Q: Ti\u00eam t\u1ea1o h\u00ecnh cho M\u0169i, C\u1eb1m, Tr\u00e1n<\/div>\n<div dir=\"auto\"><span class=\"x3nfvp2 x1j61x8r x1fcty0u xdj266r xhhsvwb xat24cr xgzva0m xxymvpz xlup9mm x1kky2od\"><img decoding=\"async\" class=\"xz74otr\" src=\"https:\/\/static.xx.fbcdn.net\/images\/emoji.php\/v9\/te\/2\/16\/2611.png\" alt=\"&#x2611;\" width=\"16\" height=\"16\" \/><\/span> DERMACAN VIP Deep: Ti\u00eam t\u1ea1o h\u00ecnh m\u00f4i. Ti\u00eam l\u00e0m \u0111\u1ea7y c\u00e1c v\u00f9ng R\u00e3nh, M\u00e1 babe.<\/div>\n<div dir=\"auto\"><span class=\"x3nfvp2 x1j61x8r x1fcty0u xdj266r xhhsvwb xat24cr xgzva0m xxymvpz xlup9mm x1kky2od\"><img decoding=\"async\" class=\"xz74otr\" src=\"https:\/\/static.xx.fbcdn.net\/images\/emoji.php\/v9\/te\/2\/16\/2611.png\" alt=\"&#x2611;\" width=\"16\" height=\"16\" \/><\/span> DERMACAN VIP Fine: Ti\u00eam t\u1ea1o h\u00ecnh m\u00f4i, Th\u00e1i d\u01b0\u01a1ng, H\u1ed1c m\u1eaft.<\/div>\n<div dir=\"auto\"><span class=\"x3nfvp2 x1j61x8r x1fcty0u xdj266r xhhsvwb xat24cr xgzva0m xxymvpz xlup9mm x1kky2od\"><img loading=\"lazy\" decoding=\"async\" class=\"xz74otr\" src=\"https:\/\/static.xx.fbcdn.net\/images\/emoji.php\/v9\/tb4\/2\/16\/2705.png\" alt=\"&#x2705;\" width=\"16\" height=\"16\" \/><\/span> Ngo\u00e0i ra c\u00f2n c\u00f3 c\u00e1c t\u00e1c d\u1ee5ng kh\u00e1c nh\u01b0: D\u01b0\u1ee1ng \u1ea9m da t\u1ea1i c\u00e1c v\u1ecb tr\u00ed ti\u00eam, t\u1ea1o \u0111\u1ed9 c\u0103ng b\u00f3ng v\u00e0 nh\u1ecf l\u1ed7 ch\u00e2n l\u00f4ng.<\/div>\n<div dir=\"auto\"><\/div>\n","protected":false},"featured_media":22158,"comment_status":"open","ping_status":"closed","template":"","meta":[],"product_cat":[51],"product_tag":[],"class_list":{"0":"post-22009","1":"product","2":"type-product","3":"status-publish","4":"has-post-thumbnail","6":"product_cat-filler","8":"first","9":"instock","10":"shipping-taxable","11":"purchasable","12":"product-type-simple"},"_links":{"self":[{"href":"https:\/\/phukienthammy.com.vn\/index.php?rest_route=\/wp\/v2\/product\/22009","targetHints":{"allow":["GET"]}}],"collection":[{"href":"https:\/\/phukienthammy.com.vn\/index.php?rest_route=\/wp\/v2\/product"}],"about":[{"href":"https:\/\/phukienthammy.com.vn\/index.php?rest_route=\/wp\/v2\/types\/product"}],"replies":[{"embeddable":true,"href":"https:\/\/phukienthammy.com.vn\/index.php?rest_route=%2Fwp%2Fv2%2Fcomments&post=22009"}],"version-history":[{"count":0,"href":"https:\/\/phukienthammy.com.vn\/index.php?rest_route=\/wp\/v2\/product\/22009\/revisions"}],"wp:featuredmedia":[{"embeddable":true,"href":"https:\/\/phukienthammy.com.vn\/index.php?rest_route=\/wp\/v2\/media\/22158"}],"wp:attachment":[{"href":"https:\/\/phukienthammy.com.vn\/index.php?rest_route=%2Fwp%2Fv2%2Fmedia&parent=22009"}],"wp:term":[{"taxonomy":"product_cat","embeddable":true,"href":"https:\/\/phukienthammy.com.vn\/index.php?rest_route=%2Fwp%2Fv2%2Fproduct_cat&post=22009"},{"taxonomy":"product_tag","embeddable":true,"href":"https:\/\/phukienthammy.com.vn\/index.php?rest_route=%2Fwp%2Fv2%2Fproduct_tag&post=22009"}],"curies":[{"name":"wp","href":"https:\/\/api.w.org\/{rel}","templated":true}]}}