{"id":22008,"date":"2024-03-20T23:32:10","date_gmt":"2024-03-20T16:32:10","guid":{"rendered":"https:\/\/phukienthammy.com.vn\/?post_type=product&#038;p=22008"},"modified":"2024-03-20T23:33:53","modified_gmt":"2024-03-20T16:33:53","slug":"filler-helios","status":"publish","type":"product","link":"https:\/\/phukienthammy.com.vn\/?product=filler-helios","title":{"rendered":"Filler Helios"},"content":{"rendered":"<div class=\"xdj266r x11i5rnm xat24cr x1mh8g0r x1vvkbs x126k92a\">\n<div dir=\"auto\">Filler Helios \u2013 FILLER AN TO\u00c0N \u2013 HI\u1ec6U QU\u1ea2 H\u00c0NG \u0110\u1ea6U \u0110\u1ebeN T\u1eea H\u00c0N QU\u1ed0C<\/div>\n<\/div>\n<div class=\"x11i5rnm xat24cr x1mh8g0r x1vvkbs xtlvy1s x126k92a\">\n<div dir=\"auto\">T\u1ea0I SAO L\u1ea0I CH\u1eccN FILLER HELIOS V.I.P<\/div>\n<div dir=\"auto\">&#8211; Nguy\u00ean li\u1ec7u \u0111\u01b0\u1ee3c s\u1ea3n xu\u1ea5t v\u00e0 qu\u1ea3n l\u00fd theo quy tr\u00ecnh kh\u00e9p k\u00edn v\u00e0 an to\u00e0n<\/div>\n<div dir=\"auto\">&#8211; M\u00f4i tr\u01b0\u1eddng s\u1ea3n xu\u1ea5t v\u00f4 khu\u1ea9n ng\u0103n ng\u1eeba t\u00e1c d\u1ee5ng ph\u1ee5.<\/div>\n<div dir=\"auto\">&#8211; HA li\u00ean k\u1ebft ch\u00e9o b\u1ec1n v\u1eefng, gi\u00fap t\u0103ng \u0111\u1ed9 d\u00e0n h\u1ed3i v\u00e0 gi\u00fap \u0111\u1ecbnh h\u00ecnh t\u1ed1t<\/div>\n<div dir=\"auto\">&#8211; Kh\u00f4ng ch\u1ee9a ch\u1ea5t x\u00fac t\u00e1c kh\u00e1c quy tr\u00ecnh li\u00ean k\u1ebft ch\u00e9o ho\u00e0n ch\u1ec9nh \u0111\u1ea3m b\u1ea3o kh\u00f4ng ch\u1ee9a d\u01b0 l\u01b0\u1ee3ng<\/div>\n<div dir=\"auto\">&#8211; H\u00e0m l\u01b0\u1ee3ng Endotoxin c\u1ef1c th\u1ea5p d\u01b0\u1edbi 0.1 EU\/ml<\/div>\n<div dir=\"auto\">&#8211; \u0110\u1ed9 PH v\u00e0 \u00e1p xu\u1ea5t th\u1ea9m th\u1ea5u ho\u00e0n to\u00e0n t\u01b0\u01a1ng th\u00edch v\u1edbi c\u01a1 th\u1ec3 ng\u01b0\u1eddi, kh\u00f4ng g\u00e2y s\u01b0ng, \u0111au sau khi ti\u00eam<\/div>\n<div dir=\"auto\">&#8211; K\u1ef9 thu\u1eadt s\u1ea3n xu\u1ea5t tinh vi \u0111\u01b0\u1ee3c t\u1ed1i \u01b0u h\u00f3a gi\u1ea3m thi\u1ec3u t\u1ed1i \u0111a \u00e1p l\u1ef1c ti\u00eam<\/div>\n<div dir=\"auto\">&#8211; C\u00f4ng ngh\u1ec7 x\u1eed l\u00fd c\u00e1c h\u1ea1t HA tinh vi, ho\u00e0n to\u00e0n \u0111\u1ed3ng nh\u1ea5t<\/div>\n<\/div>\n<div class=\"x11i5rnm xat24cr x1mh8g0r x1vvkbs xtlvy1s x126k92a\">\n<div dir=\"auto\">C\u00f4ng d\u1ee5ng:<\/div>\n<div dir=\"auto\">HELIOS V.I.P Stella : V\u1edbi c\u00e1c h\u1ea1t HA nh\u1ecf m\u1ecbn gi\u00fap l\u00e0m m\u1ecbn n\u1ebfp nh\u0103n v\u00f9ng tr\u00e1n, m\u00e1, v\u00f9ng da d\u01b0\u1edbi m\u1eaft, m\u00f4i v\u00e0 th\u00e1i d\u01b0\u01a1ng.<\/div>\n<div dir=\"auto\">HELIOS V.I.P Luna : L\u00e0m \u0111\u1ea7y r\u00e3nh c\u01b0\u1eddi, nh\u00e2n trung v\u00e0 v\u00f9ng c\u1eb1m .<\/div>\n<div dir=\"auto\">HELIOS V.I.P Sol : T\u1ea1o h\u00ecnh c\u00e1c v\u00f9ng c\u1ea7n \u0111\u1ed9 \u0111\u1ecbnh h\u00ecnh cao nh\u01b0 m\u0169i v\u00e0 c\u1eb1m<\/div>\n<div dir=\"auto\">Ch\u00fang t\u00f4i lu\u00f4n s\u1eb5n s\u00e0ng gi\u1ea3i \u0111\u00e1p th\u1eafc m\u1eafc c\u1ee7a b\u1ea1n, h\u00e3y li\u00ean h\u1ec7 ngay \u0111\u1ec3 \u0111\u01b0\u1ee3c t\u01b0 v\u1ea5n!<\/div>\n<div dir=\"auto\"><\/div>\n<\/div>\n","protected":false},"excerpt":{"rendered":"<div class=\"xdj266r x11i5rnm xat24cr x1mh8g0r x1vvkbs x126k92a\">\n<div dir=\"auto\">Filler Helios \u2013 FILLER AN TO\u00c0N \u2013 HI\u1ec6U QU\u1ea2 H\u00c0NG \u0110\u1ea6U \u0110\u1ebeN T\u1eea H\u00c0N QU\u1ed0C<\/div>\n<\/div>\n<div class=\"x11i5rnm xat24cr x1mh8g0r x1vvkbs xtlvy1s x126k92a\">\n<div dir=\"auto\">T\u1ea0I SAO L\u1ea0I CH\u1eccN FILLER HELIOS V.I.P<\/div>\n<div dir=\"auto\">&#8211; Nguy\u00ean li\u1ec7u \u0111\u01b0\u1ee3c s\u1ea3n xu\u1ea5t v\u00e0 qu\u1ea3n l\u00fd theo quy tr\u00ecnh kh\u00e9p k\u00edn v\u00e0 an to\u00e0n<\/div>\n<div dir=\"auto\">&#8211; M\u00f4i tr\u01b0\u1eddng s\u1ea3n xu\u1ea5t v\u00f4 khu\u1ea9n ng\u0103n ng\u1eeba t\u00e1c d\u1ee5ng ph\u1ee5.<\/div>\n<div dir=\"auto\">&#8211; HA li\u00ean k\u1ebft ch\u00e9o b\u1ec1n v\u1eefng, gi\u00fap t\u0103ng \u0111\u1ed9 d\u00e0n h\u1ed3i v\u00e0 gi\u00fap \u0111\u1ecbnh h\u00ecnh t\u1ed1t<\/div>\n<div dir=\"auto\">&#8211; Kh\u00f4ng ch\u1ee9a ch\u1ea5t x\u00fac t\u00e1c kh\u00e1c quy tr\u00ecnh li\u00ean k\u1ebft ch\u00e9o ho\u00e0n ch\u1ec9nh \u0111\u1ea3m b\u1ea3o kh\u00f4ng ch\u1ee9a d\u01b0 l\u01b0\u1ee3ng<\/div>\n<div dir=\"auto\">&#8211; H\u00e0m l\u01b0\u1ee3ng Endotoxin c\u1ef1c th\u1ea5p d\u01b0\u1edbi 0.1 EU\/ml<\/div>\n<div dir=\"auto\">&#8211; \u0110\u1ed9 PH v\u00e0 \u00e1p xu\u1ea5t th\u1ea9m th\u1ea5u ho\u00e0n to\u00e0n t\u01b0\u01a1ng th\u00edch v\u1edbi c\u01a1 th\u1ec3 ng\u01b0\u1eddi, kh\u00f4ng g\u00e2y s\u01b0ng, \u0111au sau khi ti\u00eam<\/div>\n<div dir=\"auto\">&#8211; K\u1ef9 thu\u1eadt s\u1ea3n xu\u1ea5t tinh vi \u0111\u01b0\u1ee3c t\u1ed1i \u01b0u h\u00f3a gi\u1ea3m thi\u1ec3u t\u1ed1i \u0111a \u00e1p l\u1ef1c ti\u00eam<\/div>\n<div dir=\"auto\">&#8211; C\u00f4ng ngh\u1ec7 x\u1eed l\u00fd c\u00e1c h\u1ea1t HA tinh vi, ho\u00e0n to\u00e0n \u0111\u1ed3ng nh\u1ea5t<\/div>\n<\/div>\n<div class=\"x11i5rnm xat24cr x1mh8g0r x1vvkbs xtlvy1s x126k92a\">\n<div dir=\"auto\">C\u00f4ng d\u1ee5ng:<\/div>\n<div dir=\"auto\">HELIOS V.I.P Stella : V\u1edbi c\u00e1c h\u1ea1t HA nh\u1ecf m\u1ecbn gi\u00fap l\u00e0m m\u1ecbn n\u1ebfp nh\u0103n v\u00f9ng tr\u00e1n, m\u00e1, v\u00f9ng da d\u01b0\u1edbi m\u1eaft, m\u00f4i v\u00e0 th\u00e1i d\u01b0\u01a1ng.<\/div>\n<div dir=\"auto\">HELIOS V.I.P Luna : L\u00e0m \u0111\u1ea7y r\u00e3nh c\u01b0\u1eddi, nh\u00e2n trung v\u00e0 v\u00f9ng c\u1eb1m .<\/div>\n<div dir=\"auto\">HELIOS V.I.P Sol : T\u1ea1o h\u00ecnh c\u00e1c v\u00f9ng c\u1ea7n \u0111\u1ed9 \u0111\u1ecbnh h\u00ecnh cao nh\u01b0 m\u0169i v\u00e0 c\u1eb1m<\/div>\n<div dir=\"auto\">Ch\u00fang t\u00f4i lu\u00f4n s\u1eb5n s\u00e0ng gi\u1ea3i \u0111\u00e1p th\u1eafc m\u1eafc c\u1ee7a b\u1ea1n, h\u00e3y li\u00ean h\u1ec7 ngay \u0111\u1ec3 \u0111\u01b0\u1ee3c t\u01b0 v\u1ea5n!<\/div>\n<div dir=\"auto\"><\/div>\n<\/div>\n","protected":false},"featured_media":22153,"comment_status":"open","ping_status":"closed","template":"","meta":[],"product_cat":[51],"product_tag":[],"class_list":{"0":"post-22008","1":"product","2":"type-product","3":"status-publish","4":"has-post-thumbnail","6":"product_cat-filler","8":"first","9":"instock","10":"shipping-taxable","11":"purchasable","12":"product-type-simple"},"_links":{"self":[{"href":"https:\/\/phukienthammy.com.vn\/index.php?rest_route=\/wp\/v2\/product\/22008","targetHints":{"allow":["GET"]}}],"collection":[{"href":"https:\/\/phukienthammy.com.vn\/index.php?rest_route=\/wp\/v2\/product"}],"about":[{"href":"https:\/\/phukienthammy.com.vn\/index.php?rest_route=\/wp\/v2\/types\/product"}],"replies":[{"embeddable":true,"href":"https:\/\/phukienthammy.com.vn\/index.php?rest_route=%2Fwp%2Fv2%2Fcomments&post=22008"}],"version-history":[{"count":0,"href":"https:\/\/phukienthammy.com.vn\/index.php?rest_route=\/wp\/v2\/product\/22008\/revisions"}],"wp:featuredmedia":[{"embeddable":true,"href":"https:\/\/phukienthammy.com.vn\/index.php?rest_route=\/wp\/v2\/media\/22153"}],"wp:attachment":[{"href":"https:\/\/phukienthammy.com.vn\/index.php?rest_route=%2Fwp%2Fv2%2Fmedia&parent=22008"}],"wp:term":[{"taxonomy":"product_cat","embeddable":true,"href":"https:\/\/phukienthammy.com.vn\/index.php?rest_route=%2Fwp%2Fv2%2Fproduct_cat&post=22008"},{"taxonomy":"product_tag","embeddable":true,"href":"https:\/\/phukienthammy.com.vn\/index.php?rest_route=%2Fwp%2Fv2%2Fproduct_tag&post=22008"}],"curies":[{"name":"wp","href":"https:\/\/api.w.org\/{rel}","templated":true}]}}