{"id":22007,"date":"2024-03-20T23:32:10","date_gmt":"2024-03-20T16:32:10","guid":{"rendered":"https:\/\/phukienthammy.com.vn\/?post_type=product&#038;p=22007"},"modified":"2024-03-20T23:33:50","modified_gmt":"2024-03-20T16:33:50","slug":"filler-dermarosa","status":"publish","type":"product","link":"https:\/\/phukienthammy.com.vn\/?product=filler-dermarosa","title":{"rendered":"Filler Dermarosa"},"content":{"rendered":"<div class=\"xdj266r x11i5rnm xat24cr x1mh8g0r x1vvkbs x126k92a\">\n<div dir=\"auto\">Filler Dermarosa<\/div>\n<\/div>\n<div class=\"x11i5rnm xat24cr x1mh8g0r x1vvkbs xtlvy1s x126k92a\">\n<div dir=\"auto\">D\u00f2ng si\u00eau m\u1eabu gi\u00e1 r\u1ea5t r\u1ea5t m\u1ec1m \u0111\u1ec3 cho ce ti\u00eam m\u1eabu d\u1ea1y h\u1ecdc vi\u00ean<\/div>\n<div dir=\"auto\">Filler Demarosa b\u1ea3n si\u00eau \u0111\u1eb9p Update t\u1eeb m\u1eabu m\u00e3 \u0111\u1ebfn ch\u1ea5t l\u01b0\u1ee3ng.<\/div>\n<div dir=\"auto\">Kh\u1eafc ph\u1ee5c ho\u00e0n to\u00e0n m\u1ecdi nh\u01b0\u1ee3c \u0111i\u1ec3m c\u1ee7a c\u00e1c lo\u1ea1i filler c\u00f9ng ph\u00e2n kh\u00fac gi\u00e1, \u0111\u1ed9 b\u00ean l\u00e2u h\u01a1n, ti\u00eam \u0111\u1ebfn \u0111\u00e2u n\u1eafn \u0111\u1eb9p \u0111\u1ebfn \u0111\u00f3.<\/div>\n<div dir=\"auto\">\u0110\u00e3 \u0111\u01b0\u1ee3c th\u1ea9m \u0111\u1ecbnh b\u1edfi c\u00e1c b\u00e1c s\u1ef9 t\u1ea1i H\u00e0n Qu\u1ed1c.<\/div>\n<div dir=\"auto\">\u0110\u1ea1t ti\u00eau chu\u1ea9n 4 kh\u00f4ng:<\/div>\n<div dir=\"auto\">&#8211; M\u1ec1m m\u1ea1i t\u1ef1 nhi\u00ean, kh\u00f4ng v\u00f3n c\u1ee5c.<\/div>\n<div dir=\"auto\">&#8211; Kh\u00f4ng tr\u00e0n form, gi\u1eef d\u00e1ng ngay c\u1ea3 khi filler tan.<\/div>\n<div dir=\"auto\">&#8211; Kh\u00f4ng s\u01b0ng t\u00edm sau khi ti\u00eam.<\/div>\n<div dir=\"auto\">&#8211; Kh\u00f4ng t\u00e1c d\u1ee5ng ph\u1ee5, \u0111\u1ea3m b\u1ea3o l\u00e0nh t\u00ednh.<\/div>\n<div dir=\"auto\">Made in KOREA<\/div>\n<\/div>\n<div class=\"x11i5rnm xat24cr x1mh8g0r x1vvkbs xtlvy1s x126k92a\">\n<div dir=\"auto\">&#8211; Quy c\u00e1ch 1.1ml\/ h\u1ed9p<\/div>\n<div dir=\"auto\">&#8211; Hyaluronic Acid (HA): 24mg\/ml<\/div>\n<div dir=\"auto\">&#8211; Lidocaine: 3mg\/ml<\/div>\n<\/div>\n<div class=\"x11i5rnm xat24cr x1mh8g0r x1vvkbs xtlvy1s x126k92a\">\n<div dir=\"auto\"><span class=\"x3nfvp2 x1j61x8r x1fcty0u xdj266r xhhsvwb xat24cr xgzva0m xxymvpz xlup9mm x1kky2od\"><img decoding=\"async\" class=\"xz74otr\" src=\"https:\/\/static.xx.fbcdn.net\/images\/emoji.php\/v9\/t9\/2\/16\/1f530.png\" alt=\"&#x1f530;\" width=\"16\" height=\"16\" \/><\/span> C\u00e1c lo\u1ea1i DERMAROSA filler:<\/div>\n<div dir=\"auto\"><span class=\"x3nfvp2 x1j61x8r x1fcty0u xdj266r xhhsvwb xat24cr xgzva0m xxymvpz xlup9mm x1kky2od\"><img decoding=\"async\" class=\"xz74otr\" src=\"https:\/\/static.xx.fbcdn.net\/images\/emoji.php\/v9\/tb4\/2\/16\/2705.png\" alt=\"&#x2705;\" width=\"16\" height=\"16\" \/><\/span> VOLUME c\u1ee9ng: Ti\u00eam cho m\u0169i, c\u1eb1m.<\/div>\n<div dir=\"auto\"><span class=\"x3nfvp2 x1j61x8r x1fcty0u xdj266r xhhsvwb xat24cr xgzva0m xxymvpz xlup9mm x1kky2od\"><img decoding=\"async\" class=\"xz74otr\" src=\"https:\/\/static.xx.fbcdn.net\/images\/emoji.php\/v9\/tb4\/2\/16\/2705.png\" alt=\"&#x2705;\" width=\"16\" height=\"16\" \/><\/span> DEEP trung: Ti\u00eam c\u1eb1m, m\u00e1, r\u00e3nh c\u01b0\u1eddi, m\u00f4i.<\/div>\n<div dir=\"auto\"><span class=\"x3nfvp2 x1j61x8r x1fcty0u xdj266r xhhsvwb xat24cr xgzva0m xxymvpz xlup9mm x1kky2od\"><img decoding=\"async\" class=\"xz74otr\" src=\"https:\/\/static.xx.fbcdn.net\/images\/emoji.php\/v9\/tb4\/2\/16\/2705.png\" alt=\"&#x2705;\" width=\"16\" height=\"16\" \/><\/span> FINE m\u1ec1m: Ti\u00eam m\u00f4i, x\u00f3a nh\u0103n.<\/div>\n<div dir=\"auto\"><\/div>\n<\/div>\n","protected":false},"excerpt":{"rendered":"<div class=\"xdj266r x11i5rnm xat24cr x1mh8g0r x1vvkbs x126k92a\">\n<div dir=\"auto\">Filler Dermarosa<\/div>\n<\/div>\n<div class=\"x11i5rnm xat24cr x1mh8g0r x1vvkbs xtlvy1s x126k92a\">\n<div dir=\"auto\">D\u00f2ng si\u00eau m\u1eabu gi\u00e1 r\u1ea5t r\u1ea5t m\u1ec1m \u0111\u1ec3 cho ce ti\u00eam m\u1eabu d\u1ea1y h\u1ecdc vi\u00ean<\/div>\n<div dir=\"auto\">Filler Demarosa b\u1ea3n si\u00eau \u0111\u1eb9p Update t\u1eeb m\u1eabu m\u00e3 \u0111\u1ebfn ch\u1ea5t l\u01b0\u1ee3ng.<\/div>\n<div dir=\"auto\">Kh\u1eafc ph\u1ee5c ho\u00e0n to\u00e0n m\u1ecdi nh\u01b0\u1ee3c \u0111i\u1ec3m c\u1ee7a c\u00e1c lo\u1ea1i filler c\u00f9ng ph\u00e2n kh\u00fac gi\u00e1, \u0111\u1ed9 b\u00ean l\u00e2u h\u01a1n, ti\u00eam \u0111\u1ebfn \u0111\u00e2u n\u1eafn \u0111\u1eb9p \u0111\u1ebfn \u0111\u00f3.<\/div>\n<div dir=\"auto\">\u0110\u00e3 \u0111\u01b0\u1ee3c th\u1ea9m \u0111\u1ecbnh b\u1edfi c\u00e1c b\u00e1c s\u1ef9 t\u1ea1i H\u00e0n Qu\u1ed1c.<\/div>\n<div dir=\"auto\">\u0110\u1ea1t ti\u00eau chu\u1ea9n 4 kh\u00f4ng:<\/div>\n<div dir=\"auto\">&#8211; M\u1ec1m m\u1ea1i t\u1ef1 nhi\u00ean, kh\u00f4ng v\u00f3n c\u1ee5c.<\/div>\n<div dir=\"auto\">&#8211; Kh\u00f4ng tr\u00e0n form, gi\u1eef d\u00e1ng ngay c\u1ea3 khi filler tan.<\/div>\n<div dir=\"auto\">&#8211; Kh\u00f4ng s\u01b0ng t\u00edm sau khi ti\u00eam.<\/div>\n<div dir=\"auto\">&#8211; Kh\u00f4ng t\u00e1c d\u1ee5ng ph\u1ee5, \u0111\u1ea3m b\u1ea3o l\u00e0nh t\u00ednh.<\/div>\n<div dir=\"auto\">Made in KOREA<\/div>\n<\/div>\n<div class=\"x11i5rnm xat24cr x1mh8g0r x1vvkbs xtlvy1s x126k92a\">\n<div dir=\"auto\">&#8211; Quy c\u00e1ch 1.1ml\/ h\u1ed9p<\/div>\n<div dir=\"auto\">&#8211; Hyaluronic Acid (HA): 24mg\/ml<\/div>\n<div dir=\"auto\">&#8211; Lidocaine: 3mg\/ml<\/div>\n<\/div>\n<div class=\"x11i5rnm xat24cr x1mh8g0r x1vvkbs xtlvy1s x126k92a\">\n<div dir=\"auto\"><span class=\"x3nfvp2 x1j61x8r x1fcty0u xdj266r xhhsvwb xat24cr xgzva0m xxymvpz xlup9mm x1kky2od\"><img decoding=\"async\" class=\"xz74otr\" src=\"https:\/\/static.xx.fbcdn.net\/images\/emoji.php\/v9\/t9\/2\/16\/1f530.png\" alt=\"&#x1f530;\" width=\"16\" height=\"16\" \/><\/span> C\u00e1c lo\u1ea1i DERMAROSA filler:<\/div>\n<div dir=\"auto\"><span class=\"x3nfvp2 x1j61x8r x1fcty0u xdj266r xhhsvwb xat24cr xgzva0m xxymvpz xlup9mm x1kky2od\"><img decoding=\"async\" class=\"xz74otr\" src=\"https:\/\/static.xx.fbcdn.net\/images\/emoji.php\/v9\/tb4\/2\/16\/2705.png\" alt=\"&#x2705;\" width=\"16\" height=\"16\" \/><\/span> VOLUME c\u1ee9ng: Ti\u00eam cho m\u0169i, c\u1eb1m.<\/div>\n<div dir=\"auto\"><span class=\"x3nfvp2 x1j61x8r x1fcty0u xdj266r xhhsvwb xat24cr xgzva0m xxymvpz xlup9mm x1kky2od\"><img decoding=\"async\" class=\"xz74otr\" src=\"https:\/\/static.xx.fbcdn.net\/images\/emoji.php\/v9\/tb4\/2\/16\/2705.png\" alt=\"&#x2705;\" width=\"16\" height=\"16\" \/><\/span> DEEP trung: Ti\u00eam c\u1eb1m, m\u00e1, r\u00e3nh c\u01b0\u1eddi, m\u00f4i.<\/div>\n<div dir=\"auto\"><span class=\"x3nfvp2 x1j61x8r x1fcty0u xdj266r xhhsvwb xat24cr xgzva0m xxymvpz xlup9mm x1kky2od\"><img decoding=\"async\" class=\"xz74otr\" src=\"https:\/\/static.xx.fbcdn.net\/images\/emoji.php\/v9\/tb4\/2\/16\/2705.png\" alt=\"&#x2705;\" width=\"16\" height=\"16\" \/><\/span> FINE m\u1ec1m: Ti\u00eam m\u00f4i, x\u00f3a nh\u0103n.<\/div>\n<div dir=\"auto\"><\/div>\n<\/div>\n","protected":false},"featured_media":22148,"comment_status":"open","ping_status":"closed","template":"","meta":[],"product_cat":[51],"product_tag":[],"class_list":{"0":"post-22007","1":"product","2":"type-product","3":"status-publish","4":"has-post-thumbnail","6":"product_cat-filler","8":"first","9":"instock","10":"shipping-taxable","11":"purchasable","12":"product-type-simple"},"_links":{"self":[{"href":"https:\/\/phukienthammy.com.vn\/index.php?rest_route=\/wp\/v2\/product\/22007","targetHints":{"allow":["GET"]}}],"collection":[{"href":"https:\/\/phukienthammy.com.vn\/index.php?rest_route=\/wp\/v2\/product"}],"about":[{"href":"https:\/\/phukienthammy.com.vn\/index.php?rest_route=\/wp\/v2\/types\/product"}],"replies":[{"embeddable":true,"href":"https:\/\/phukienthammy.com.vn\/index.php?rest_route=%2Fwp%2Fv2%2Fcomments&post=22007"}],"version-history":[{"count":0,"href":"https:\/\/phukienthammy.com.vn\/index.php?rest_route=\/wp\/v2\/product\/22007\/revisions"}],"wp:featuredmedia":[{"embeddable":true,"href":"https:\/\/phukienthammy.com.vn\/index.php?rest_route=\/wp\/v2\/media\/22148"}],"wp:attachment":[{"href":"https:\/\/phukienthammy.com.vn\/index.php?rest_route=%2Fwp%2Fv2%2Fmedia&parent=22007"}],"wp:term":[{"taxonomy":"product_cat","embeddable":true,"href":"https:\/\/phukienthammy.com.vn\/index.php?rest_route=%2Fwp%2Fv2%2Fproduct_cat&post=22007"},{"taxonomy":"product_tag","embeddable":true,"href":"https:\/\/phukienthammy.com.vn\/index.php?rest_route=%2Fwp%2Fv2%2Fproduct_tag&post=22007"}],"curies":[{"name":"wp","href":"https:\/\/api.w.org\/{rel}","templated":true}]}}