{"id":22006,"date":"2024-03-20T23:32:10","date_gmt":"2024-03-20T16:32:10","guid":{"rendered":"https:\/\/phukienthammy.com.vn\/?post_type=product&#038;p=22006"},"modified":"2024-03-20T23:33:46","modified_gmt":"2024-03-20T16:33:46","slug":"filler-melanie","status":"publish","type":"product","link":"https:\/\/phukienthammy.com.vn\/?product=filler-melanie","title":{"rendered":"Filler Melanie"},"content":{"rendered":"<div dir=\"auto\"><span class=\"x3nfvp2 x1j61x8r x1fcty0u xdj266r xhhsvwb xat24cr xgzva0m xxymvpz xlup9mm x1kky2od\"><img decoding=\"async\" class=\"xz74otr\" src=\"https:\/\/static.xx.fbcdn.net\/images\/emoji.php\/v9\/t5c\/2\/16\/1f4a2.png\" alt=\"\" width=\"16\" height=\"16\" \/> Filler Melanie <span class=\"x3nfvp2 x1j61x8r x1fcty0u xdj266r xhhsvwb xat24cr xgzva0m xxymvpz xlup9mm x1kky2od\"><img decoding=\"async\" class=\"xz74otr\" src=\"https:\/\/static.xx.fbcdn.net\/images\/emoji.php\/v9\/t5c\/2\/16\/1f4a2.png\" alt=\"\" width=\"16\" height=\"16\" \/><\/span><\/span><\/div>\n<div dir=\"auto\">Me&#8217;lanie HA Filler : \u0110\u01b0\u1ee3c c\u00e1c chuy\u00ean gia th\u1ea9m m\u1ef9 h\u00e0ng \u0111\u1ea7u t\u1ea1i H\u00e0n Qu\u1ed1c tin d\u00f9ng<\/div>\n<div dir=\"auto\">&#8211; Ch\u1ea5t l\u01b0\u1ee3ng t\u1eeb : Th\u01b0\u01a1ng Hi\u1ec7u \u0111\u1ebfn T\u00ean Tu\u1ed5i do nh\u00e0 m\u00e1y t\u1ea1i H\u00e0n Qu\u1ed1c s\u1ea3n xu\u1ea5t<\/div>\n<div dir=\"auto\">&#8211; An to\u00e0n : 100% Cam k\u1ebft kh\u00f4ng S\u01b0ng sau ti\u00eam<\/div>\n<div dir=\"auto\">Ch\u1ea5t l\u00e0m \u0111\u1ea7y da Me&#8217;lanie HA Filler c\u00f3 3 lo\u1ea1i nh\u01b0 sau:<\/div>\n<div dir=\"auto\">&#8211; Me&#8217;lanie FINE &#8211; H\u1ea1t HA m\u1ec1m: m\u00f4i,th\u00e1i d\u01b0\u01a1ng, n\u1ebfp nh\u0103n nh\u1ecf quanh mi\u1ec7ng, quanh m\u1eaft<\/div>\n<div dir=\"auto\">&#8211; Me&#8217;lanie DEEP &#8211; H\u1ea1t H.A trung : m\u00e1,r\u00e3nh c\u01b0\u1eddi, Ho\u1eb7c c\u1eb1m<\/div>\n<div dir=\"auto\">&#8211; Me&#8217;lanie Impalnt- H\u1ea1t H.A, c\u1ee9ng: ti\u00eam h\u00ecnh m\u0169i, \u0111\u1ed9n c\u1eb1m.<\/div>\n<div dir=\"auto\">\u00a0Me&#8217;lanie HA filler cam k\u1ebft mang l\u1ea1i s\u1ef1 an to\u00e0n v\u00e0 v\u1ebb \u0111\u1eb9p t\u1ef1 nhi\u00ean cho m\u1ecdi ng\u01b0\u1eddi<\/div>\n<div dir=\"auto\">#FillerMelanie<\/div>\n<div dir=\"auto\">#Melaniefiller<\/div>\n<div dir=\"auto\"><\/div>\n","protected":false},"excerpt":{"rendered":"<div dir=\"auto\"><span class=\"x3nfvp2 x1j61x8r x1fcty0u xdj266r xhhsvwb xat24cr xgzva0m xxymvpz xlup9mm x1kky2od\"><img decoding=\"async\" class=\"xz74otr\" src=\"https:\/\/static.xx.fbcdn.net\/images\/emoji.php\/v9\/t5c\/2\/16\/1f4a2.png\" alt=\"\" width=\"16\" height=\"16\" \/> Filler Melanie <img decoding=\"async\" class=\"xz74otr\" src=\"https:\/\/static.xx.fbcdn.net\/images\/emoji.php\/v9\/t5c\/2\/16\/1f4a2.png\" alt=\"\" width=\"16\" height=\"16\" \/><\/span><\/div>\n<div dir=\"auto\">Me&#8217;lanie HA Filler : \u0110\u01b0\u1ee3c c\u00e1c chuy\u00ean gia th\u1ea9m m\u1ef9 h\u00e0ng \u0111\u1ea7u t\u1ea1i H\u00e0n Qu\u1ed1c tin d\u00f9ng. V\u1edbi 3 ti\u00eau ch\u00ed:<\/div>\n<div dir=\"auto\"><span class=\"x3nfvp2 x1j61x8r x1fcty0u xdj266r xhhsvwb xat24cr xgzva0m xxymvpz xlup9mm x1kky2od\"><img decoding=\"async\" class=\"xz74otr\" src=\"https:\/\/static.xx.fbcdn.net\/images\/emoji.php\/v9\/t80\/2\/16\/1f1f0_1f1f7.png\" alt=\"\" width=\"16\" height=\"16\" \/><\/span>Ch\u1ea5t l\u01b0\u1ee3ng t\u1eeb : Th\u01b0\u01a1ng Hi\u1ec7u \u0111\u1ebfn T\u00ean Tu\u1ed5i do nh\u00e0 m\u00e1y t\u1ea1i H\u00e0n Qu\u1ed1c s\u1ea3n xu\u1ea5t<\/div>\n<div dir=\"auto\">An to\u00e0n : 100% Cam k\u1ebft kh\u00f4ng S\u01b0ng sau ti\u00eam<\/div>\n<div dir=\"auto\">\u0110\u1ed9 b\u1ec1n cao : v\u01b0\u1ee3t tr\u1ed9i l\u00ean t\u1edbi 3 n\u0103m<\/div>\n<div dir=\"auto\">Ch\u1ea5t l\u00e0m \u0111\u1ea7y da Me&#8217;lanie HA Filler c\u00f3 3 lo\u1ea1i nh\u01b0 sau:<\/div>\n<div dir=\"auto\">&#8211; Me&#8217;lanie FINE &#8211; H\u1ea1t HA m\u1ec1m: m\u00f4i,th\u00e1i d\u01b0\u01a1ng, n\u1ebfp nh\u0103n nh\u1ecf quanh mi\u1ec7ng, quanh m\u1eaft<\/div>\n<div dir=\"auto\">&#8211; Me&#8217;lanie DEEP &#8211; H\u1ea1t H.A trung : m\u00e1,r\u00e3nh c\u01b0\u1eddi, Ho\u1eb7c c\u1eb1m<\/div>\n<div dir=\"auto\">&#8211; Me&#8217;lanie Impalnt- H\u1ea1t H.A, c\u1ee9ng: ti\u00eam h\u00ecnh m\u0169i, \u0111\u1ed9n c\u1eb1m.<\/div>\n<div dir=\"auto\">\u00a0Me&#8217;lanie HA filler cam k\u1ebft mang l\u1ea1i s\u1ef1 an to\u00e0n v\u00e0 v\u1ebb \u0111\u1eb9p t\u1ef1 nhi\u00ean cho m\u1ecdi ng\u01b0\u1eddi<\/div>\n<div dir=\"auto\">#FillerMelanie<\/div>\n<div dir=\"auto\">#Melaniefiller<\/div>\n<div dir=\"auto\"><\/div>\n","protected":false},"featured_media":22143,"comment_status":"open","ping_status":"closed","template":"","meta":[],"product_cat":[51],"product_tag":[],"class_list":{"0":"post-22006","1":"product","2":"type-product","3":"status-publish","4":"has-post-thumbnail","6":"product_cat-filler","8":"first","9":"instock","10":"shipping-taxable","11":"purchasable","12":"product-type-simple"},"_links":{"self":[{"href":"https:\/\/phukienthammy.com.vn\/index.php?rest_route=\/wp\/v2\/product\/22006","targetHints":{"allow":["GET"]}}],"collection":[{"href":"https:\/\/phukienthammy.com.vn\/index.php?rest_route=\/wp\/v2\/product"}],"about":[{"href":"https:\/\/phukienthammy.com.vn\/index.php?rest_route=\/wp\/v2\/types\/product"}],"replies":[{"embeddable":true,"href":"https:\/\/phukienthammy.com.vn\/index.php?rest_route=%2Fwp%2Fv2%2Fcomments&post=22006"}],"version-history":[{"count":0,"href":"https:\/\/phukienthammy.com.vn\/index.php?rest_route=\/wp\/v2\/product\/22006\/revisions"}],"wp:featuredmedia":[{"embeddable":true,"href":"https:\/\/phukienthammy.com.vn\/index.php?rest_route=\/wp\/v2\/media\/22143"}],"wp:attachment":[{"href":"https:\/\/phukienthammy.com.vn\/index.php?rest_route=%2Fwp%2Fv2%2Fmedia&parent=22006"}],"wp:term":[{"taxonomy":"product_cat","embeddable":true,"href":"https:\/\/phukienthammy.com.vn\/index.php?rest_route=%2Fwp%2Fv2%2Fproduct_cat&post=22006"},{"taxonomy":"product_tag","embeddable":true,"href":"https:\/\/phukienthammy.com.vn\/index.php?rest_route=%2Fwp%2Fv2%2Fproduct_tag&post=22006"}],"curies":[{"name":"wp","href":"https:\/\/api.w.org\/{rel}","templated":true}]}}