{"id":22005,"date":"2024-03-20T23:32:10","date_gmt":"2024-03-20T16:32:10","guid":{"rendered":"https:\/\/phukienthammy.com.vn\/?post_type=product&#038;p=22005"},"modified":"2024-03-20T23:33:40","modified_gmt":"2024-03-20T16:33:40","slug":"filler-ammi","status":"publish","type":"product","link":"https:\/\/phukienthammy.com.vn\/?product=filler-ammi","title":{"rendered":"Filler Ammi"},"content":{"rendered":"<div class=\"xdj266r x11i5rnm xat24cr x1mh8g0r x1vvkbs x126k92a\">\n<div dir=\"auto\"><span class=\"x3nfvp2 x1j61x8r x1fcty0u xdj266r xhhsvwb xat24cr xgzva0m xxymvpz xlup9mm x1kky2od\"><img decoding=\"async\" class=\"xz74otr\" src=\"https:\/\/static.xx.fbcdn.net\/images\/emoji.php\/v9\/t48\/2\/16\/1f353.png\" alt=\"&#x1f353;\" width=\"16\" height=\"16\" \/><\/span><span class=\"x3nfvp2 x1j61x8r x1fcty0u xdj266r xhhsvwb xat24cr xgzva0m xxymvpz xlup9mm x1kky2od\"><img decoding=\"async\" class=\"xz74otr\" src=\"https:\/\/static.xx.fbcdn.net\/images\/emoji.php\/v9\/t48\/2\/16\/1f353.png\" alt=\"&#x1f353;\" width=\"16\" height=\"16\" \/><\/span> Filler Ammi <span class=\"x3nfvp2 x1j61x8r x1fcty0u xdj266r xhhsvwb xat24cr xgzva0m xxymvpz xlup9mm x1kky2od\"><img decoding=\"async\" class=\"xz74otr\" src=\"https:\/\/static.xx.fbcdn.net\/images\/emoji.php\/v9\/t48\/2\/16\/1f353.png\" alt=\"&#x1f353;\" width=\"16\" height=\"16\" \/><\/span><span class=\"x3nfvp2 x1j61x8r x1fcty0u xdj266r xhhsvwb xat24cr xgzva0m xxymvpz xlup9mm x1kky2od\"><img decoding=\"async\" class=\"xz74otr\" src=\"https:\/\/static.xx.fbcdn.net\/images\/emoji.php\/v9\/t48\/2\/16\/1f353.png\" alt=\"&#x1f353;\" width=\"16\" height=\"16\" \/><\/span><\/div>\n<\/div>\n<div class=\"x11i5rnm xat24cr x1mh8g0r x1vvkbs xtlvy1s x126k92a\">\n<div dir=\"auto\">Ammi Filler : C\u00f4ng ngh\u1ec7 s\u1ea3n xu\u1ea5t filler ti\u00ean ti\u1ebfn h\u01a1n c\u1ea3 m\u1ed9t t\u1ea7m c\u1ee1 l\u1edbn ho\u00e0n to\u00e0n kh\u00e1c bi\u1ec7t v\u1edbi c\u00e1c d\u00f2ng HA TH\u01af\u1edcNG.<\/div>\n<\/div>\n<div class=\"x11i5rnm xat24cr x1mh8g0r x1vvkbs xtlvy1s x126k92a\">\n<div dir=\"auto\">Ammi Filler: l\u00e0 li\u00ean k\u1ebft #HA_GEL,<\/div>\n<div dir=\"auto\">li\u00ean k\u1ebft c\u1ef1c ch\u1eb7t , kh\u00f4ng c\u1ea5u t\u1ea1o b\u1edfi nh\u1eefng h\u1ea1t HA th\u01b0\u1eddng l\u1ed5n nh\u1ed5n , n\u00ean r\u1ea5t m\u1ecbn<\/div>\n<div dir=\"auto\">( g\u1ecdi l\u00e0 si\u00eau m\u1ecbn)<\/div>\n<\/div>\n<div class=\"x11i5rnm xat24cr x1mh8g0r x1vvkbs xtlvy1s x126k92a\">\n<div dir=\"auto\">AMMI FILLER l\u00e0 d\u1ea1ng HA gel. Khi s\u1eed d\u1ee5ng v\u00e0o m\u00f4 th\u1ecbt , hay d\u01b0\u1edbi l\u1edbp da. S\u1ebd xe l\u1ea1i , v\u00e0 d\u1ec5 d\u00e0ng \u0103n nh\u1eadp v\u00e0o m\u00f4 th\u1ecbt. d\u1ec5 th\u00edch nghi v\u1edbi co \u0111\u1ecba .<\/div>\n<div dir=\"auto\">V\u1edaI #AMMI_FILLER :<\/div>\n<div dir=\"auto\">100% sau ti\u00eam kh\u00f4ng h\u1ec1 s\u01b0ng b\u1ea7m , kh\u00f4ng \u0111au bu\u1ed1t , kh\u00f4ng bao gi\u1edd tr\u00e0n , kh\u00f4ng bao gi\u1edd s\u1ee5t d\u00e1ng sau ti\u00eam ,<\/div>\n<div dir=\"auto\">r\u1ea5t d\u1ec5 d\u00e0ng cho kh\u00e1ch h\u00e0ng ch\u1ec9nh d\u00e1ng . \u0111\u1ea9y phom filler \u0111\u1eb9p tuy\u1ec7t \u0111\u1ed1i.<\/div>\n<\/div>\n<div class=\"x11i5rnm xat24cr x1mh8g0r x1vvkbs xtlvy1s x126k92a\">\n<div dir=\"auto\"><span class=\"x3nfvp2 x1j61x8r x1fcty0u xdj266r xhhsvwb xat24cr xgzva0m xxymvpz xlup9mm x1kky2od\"><img decoding=\"async\" class=\"xz74otr\" src=\"https:\/\/static.xx.fbcdn.net\/images\/emoji.php\/v9\/tcc\/2\/16\/2796.png\" alt=\"&#x2796;\" width=\"16\" height=\"16\" \/><\/span> M\u1ec1m : #Ammi #HYDRO<\/div>\n<div dir=\"auto\">Vi\u1ec1n m\u00f4i, n\u1ebfp nh\u0103n nh\u1ecf, n\u1ebfp nh\u0103n d\u01b0\u1edbi m\u1eaft<\/div>\n<div dir=\"auto\"><span class=\"x3nfvp2 x1j61x8r x1fcty0u xdj266r xhhsvwb xat24cr xgzva0m xxymvpz xlup9mm x1kky2od\"><img decoding=\"async\" class=\"xz74otr\" src=\"https:\/\/static.xx.fbcdn.net\/images\/emoji.php\/v9\/tcc\/2\/16\/2796.png\" alt=\"&#x2796;\" width=\"16\" height=\"16\" \/><\/span>Trung : #Ammi #AQUA<\/div>\n<div dir=\"auto\">Th\u00e1i d\u01b0\u01a1ng, v\u00e0nh tai, m\u00f4i, m\u00e1, n\u1ebfp nh\u0103n , r\u00e3nh c\u01b0\u1eddi<\/div>\n<div dir=\"auto\"><span class=\"x3nfvp2 x1j61x8r x1fcty0u xdj266r xhhsvwb xat24cr xgzva0m xxymvpz xlup9mm x1kky2od\"><img decoding=\"async\" class=\"xz74otr\" src=\"https:\/\/static.xx.fbcdn.net\/images\/emoji.php\/v9\/tcc\/2\/16\/2796.png\" alt=\"&#x2796;\" width=\"16\" height=\"16\" \/><\/span> C\u1ee9ng : #Ammi #CRYSTAL<\/div>\n<div dir=\"auto\">M\u0169i , c\u1eb1m<\/div>\n<div dir=\"auto\"><span class=\"x3nfvp2 x1j61x8r x1fcty0u xdj266r xhhsvwb xat24cr xgzva0m xxymvpz xlup9mm x1kky2od\"><img decoding=\"async\" class=\"xz74otr\" src=\"https:\/\/static.xx.fbcdn.net\/images\/emoji.php\/v9\/tcc\/2\/16\/2796.png\" alt=\"&#x2796;\" width=\"16\" height=\"16\" \/><\/span>Si\u00eau C\u1ee9ng : #Ammi #DIAMOND M\u0169i<\/div>\n<div dir=\"auto\"><\/div>\n<\/div>\n","protected":false},"excerpt":{"rendered":"<div class=\"xdj266r x11i5rnm xat24cr x1mh8g0r x1vvkbs x126k92a\">\n<div dir=\"auto\"><span class=\"x3nfvp2 x1j61x8r x1fcty0u xdj266r xhhsvwb xat24cr xgzva0m xxymvpz xlup9mm x1kky2od\"><img decoding=\"async\" class=\"xz74otr\" src=\"https:\/\/static.xx.fbcdn.net\/images\/emoji.php\/v9\/t48\/2\/16\/1f353.png\" alt=\"&#x1f353;\" width=\"16\" height=\"16\" \/><\/span><span class=\"x3nfvp2 x1j61x8r x1fcty0u xdj266r xhhsvwb xat24cr xgzva0m xxymvpz xlup9mm x1kky2od\"><img decoding=\"async\" class=\"xz74otr\" src=\"https:\/\/static.xx.fbcdn.net\/images\/emoji.php\/v9\/t48\/2\/16\/1f353.png\" alt=\"&#x1f353;\" width=\"16\" height=\"16\" \/><\/span> Filler Ammi <span class=\"x3nfvp2 x1j61x8r x1fcty0u xdj266r xhhsvwb xat24cr xgzva0m xxymvpz xlup9mm x1kky2od\"><img decoding=\"async\" class=\"xz74otr\" src=\"https:\/\/static.xx.fbcdn.net\/images\/emoji.php\/v9\/t48\/2\/16\/1f353.png\" alt=\"&#x1f353;\" width=\"16\" height=\"16\" \/><\/span><span class=\"x3nfvp2 x1j61x8r x1fcty0u xdj266r xhhsvwb xat24cr xgzva0m xxymvpz xlup9mm x1kky2od\"><img decoding=\"async\" class=\"xz74otr\" src=\"https:\/\/static.xx.fbcdn.net\/images\/emoji.php\/v9\/t48\/2\/16\/1f353.png\" alt=\"&#x1f353;\" width=\"16\" height=\"16\" \/><\/span><\/div>\n<\/div>\n<div class=\"x11i5rnm xat24cr x1mh8g0r x1vvkbs xtlvy1s x126k92a\">\n<div dir=\"auto\">Ammi Filler : C\u00f4ng ngh\u1ec7 s\u1ea3n xu\u1ea5t filler ti\u00ean ti\u1ebfn h\u01a1n c\u1ea3 m\u1ed9t t\u1ea7m c\u1ee1 l\u1edbn ho\u00e0n to\u00e0n kh\u00e1c bi\u1ec7t v\u1edbi c\u00e1c d\u00f2ng HA TH\u01af\u1edcNG.<\/div>\n<\/div>\n<div class=\"x11i5rnm xat24cr x1mh8g0r x1vvkbs xtlvy1s x126k92a\">\n<div dir=\"auto\">Ammi Filler: l\u00e0 li\u00ean k\u1ebft #HA_GEL,<\/div>\n<div dir=\"auto\">li\u00ean k\u1ebft c\u1ef1c ch\u1eb7t , kh\u00f4ng c\u1ea5u t\u1ea1o b\u1edfi nh\u1eefng h\u1ea1t HA th\u01b0\u1eddng l\u1ed5n nh\u1ed5n , n\u00ean r\u1ea5t m\u1ecbn<\/div>\n<div dir=\"auto\">( g\u1ecdi l\u00e0 si\u00eau m\u1ecbn)<\/div>\n<\/div>\n<div class=\"x11i5rnm xat24cr x1mh8g0r x1vvkbs xtlvy1s x126k92a\">\n<div dir=\"auto\">AMMI FILLER l\u00e0 d\u1ea1ng HA gel. Khi s\u1eed d\u1ee5ng v\u00e0o m\u00f4 th\u1ecbt , hay d\u01b0\u1edbi l\u1edbp da. S\u1ebd xe l\u1ea1i , v\u00e0 d\u1ec5 d\u00e0ng \u0103n nh\u1eadp v\u00e0o m\u00f4 th\u1ecbt. d\u1ec5 th\u00edch nghi v\u1edbi co \u0111\u1ecba .<\/div>\n<div dir=\"auto\">V\u1edaI #AMMI_FILLER :<\/div>\n<div dir=\"auto\">100% sau ti\u00eam kh\u00f4ng h\u1ec1 s\u01b0ng b\u1ea7m , kh\u00f4ng \u0111au bu\u1ed1t , kh\u00f4ng bao gi\u1edd tr\u00e0n , kh\u00f4ng bao gi\u1edd s\u1ee5t d\u00e1ng sau ti\u00eam ,<\/div>\n<div dir=\"auto\">r\u1ea5t d\u1ec5 d\u00e0ng cho kh\u00e1ch h\u00e0ng ch\u1ec9nh d\u00e1ng . \u0111\u1ea9y phom filler \u0111\u1eb9p tuy\u1ec7t \u0111\u1ed1i.<\/div>\n<\/div>\n<div class=\"x11i5rnm xat24cr x1mh8g0r x1vvkbs xtlvy1s x126k92a\">\n<div dir=\"auto\"><span class=\"x3nfvp2 x1j61x8r x1fcty0u xdj266r xhhsvwb xat24cr xgzva0m xxymvpz xlup9mm x1kky2od\"><img decoding=\"async\" class=\"xz74otr\" src=\"https:\/\/static.xx.fbcdn.net\/images\/emoji.php\/v9\/tcc\/2\/16\/2796.png\" alt=\"&#x2796;\" width=\"16\" height=\"16\" \/><\/span> M\u1ec1m : #Ammi #HYDRO<\/div>\n<div dir=\"auto\">Vi\u1ec1n m\u00f4i, n\u1ebfp nh\u0103n nh\u1ecf, n\u1ebfp nh\u0103n d\u01b0\u1edbi m\u1eaft<\/div>\n<div dir=\"auto\"><span class=\"x3nfvp2 x1j61x8r x1fcty0u xdj266r xhhsvwb xat24cr xgzva0m xxymvpz xlup9mm x1kky2od\"><img decoding=\"async\" class=\"xz74otr\" src=\"https:\/\/static.xx.fbcdn.net\/images\/emoji.php\/v9\/tcc\/2\/16\/2796.png\" alt=\"&#x2796;\" width=\"16\" height=\"16\" \/><\/span>Trung : #Ammi #AQUA<\/div>\n<div dir=\"auto\">Th\u00e1i d\u01b0\u01a1ng, v\u00e0nh tai, m\u00f4i, m\u00e1, n\u1ebfp nh\u0103n , r\u00e3nh c\u01b0\u1eddi<\/div>\n<div dir=\"auto\"><span class=\"x3nfvp2 x1j61x8r x1fcty0u xdj266r xhhsvwb xat24cr xgzva0m xxymvpz xlup9mm x1kky2od\"><img decoding=\"async\" class=\"xz74otr\" src=\"https:\/\/static.xx.fbcdn.net\/images\/emoji.php\/v9\/tcc\/2\/16\/2796.png\" alt=\"&#x2796;\" width=\"16\" height=\"16\" \/><\/span> C\u1ee9ng : #Ammi #CRYSTAL<\/div>\n<div dir=\"auto\">M\u0169i , c\u1eb1m<\/div>\n<div dir=\"auto\"><span class=\"x3nfvp2 x1j61x8r x1fcty0u xdj266r xhhsvwb xat24cr xgzva0m xxymvpz xlup9mm x1kky2od\"><img decoding=\"async\" class=\"xz74otr\" src=\"https:\/\/static.xx.fbcdn.net\/images\/emoji.php\/v9\/tcc\/2\/16\/2796.png\" alt=\"&#x2796;\" width=\"16\" height=\"16\" \/><\/span>Si\u00eau C\u1ee9ng : #Ammi #DIAMOND M\u0169i<\/div>\n<div dir=\"auto\"><\/div>\n<\/div>\n","protected":false},"featured_media":22134,"comment_status":"open","ping_status":"closed","template":"","meta":[],"product_cat":[51],"product_tag":[],"class_list":{"0":"post-22005","1":"product","2":"type-product","3":"status-publish","4":"has-post-thumbnail","6":"product_cat-filler","8":"first","9":"instock","10":"shipping-taxable","11":"purchasable","12":"product-type-simple"},"_links":{"self":[{"href":"https:\/\/phukienthammy.com.vn\/index.php?rest_route=\/wp\/v2\/product\/22005","targetHints":{"allow":["GET"]}}],"collection":[{"href":"https:\/\/phukienthammy.com.vn\/index.php?rest_route=\/wp\/v2\/product"}],"about":[{"href":"https:\/\/phukienthammy.com.vn\/index.php?rest_route=\/wp\/v2\/types\/product"}],"replies":[{"embeddable":true,"href":"https:\/\/phukienthammy.com.vn\/index.php?rest_route=%2Fwp%2Fv2%2Fcomments&post=22005"}],"version-history":[{"count":0,"href":"https:\/\/phukienthammy.com.vn\/index.php?rest_route=\/wp\/v2\/product\/22005\/revisions"}],"wp:featuredmedia":[{"embeddable":true,"href":"https:\/\/phukienthammy.com.vn\/index.php?rest_route=\/wp\/v2\/media\/22134"}],"wp:attachment":[{"href":"https:\/\/phukienthammy.com.vn\/index.php?rest_route=%2Fwp%2Fv2%2Fmedia&parent=22005"}],"wp:term":[{"taxonomy":"product_cat","embeddable":true,"href":"https:\/\/phukienthammy.com.vn\/index.php?rest_route=%2Fwp%2Fv2%2Fproduct_cat&post=22005"},{"taxonomy":"product_tag","embeddable":true,"href":"https:\/\/phukienthammy.com.vn\/index.php?rest_route=%2Fwp%2Fv2%2Fproduct_tag&post=22005"}],"curies":[{"name":"wp","href":"https:\/\/api.w.org\/{rel}","templated":true}]}}