{"id":22004,"date":"2024-03-20T23:32:10","date_gmt":"2024-03-20T16:32:10","guid":{"rendered":"https:\/\/phukienthammy.com.vn\/?post_type=product&#038;p=22004"},"modified":"2025-06-19T10:34:07","modified_gmt":"2025-06-19T03:34:07","slug":"filler-celosome","status":"publish","type":"product","link":"https:\/\/phukienthammy.com.vn\/?product=filler-celosome","title":{"rendered":"Filler Celosome"},"content":{"rendered":"<div dir=\"auto\">\n<h3 data-start=\"319\" data-end=\"386\"><strong data-start=\"323\" data-end=\"384\">Filler Celosome VIP \u2013 Ch\u1ea5t L\u00e0m \u0110\u1ea7y Ch\u00ednh H\u00e3ng T\u1eeb H\u00e0n Qu\u1ed1c<\/strong><\/h3>\n<p data-start=\"387\" data-end=\"437\"><strong data-start=\"387\" data-end=\"399\">Xu\u1ea5t x\u1ee9:<\/strong> H\u00e0n Qu\u1ed1c<br data-start=\"408\" data-end=\"411\" \/><strong data-start=\"411\" data-end=\"425\">Dung t\u00edch:<\/strong> 1 h\u1ed9p x 1cc<\/p>\n<hr data-start=\"439\" data-end=\"442\" \/>\n<p data-start=\"444\" data-end=\"480\"><strong data-start=\"444\" data-end=\"478\">Ph\u00e2n lo\u1ea1i &amp; \u1ee9ng d\u1ee5ng ph\u1ed5 bi\u1ebfn:<\/strong><\/p>\n<ul data-start=\"481\" data-end=\"761\">\n<li data-start=\"481\" data-end=\"585\">\n<p data-start=\"483\" data-end=\"585\"><strong data-start=\"483\" data-end=\"522\">Celosome VIP Implant (\u0110\u1ed9 c\u1ee9ng cao):<\/strong> Ph\u00f9 h\u1ee3p t\u1ea1o h\u00ecnh t\u1ea1i c\u00e1c v\u00f9ng c\u00f3 k\u1ebft c\u1ea5u m\u00f4 s\u00e2u nh\u01b0 m\u0169i, c\u1eb1m<\/p>\n<\/li>\n<li data-start=\"586\" data-end=\"671\">\n<p data-start=\"588\" data-end=\"671\"><strong data-start=\"588\" data-end=\"622\">Celosome VIP Mid (Trung b\u00ecnh):<\/strong> Th\u01b0\u1eddng d\u00f9ng cho v\u00f9ng c\u1eb1m, m\u00e1, m\u00f4i, r\u00e3nh m\u0169i m\u00e1<\/p>\n<\/li>\n<li data-start=\"672\" data-end=\"761\">\n<p data-start=\"674\" data-end=\"761\"><strong data-start=\"674\" data-end=\"702\">Celosome VIP Soft (M\u1ec1m):<\/strong> Ph\u00f9 h\u1ee3p v\u1edbi v\u00f9ng da m\u1ecfng nh\u01b0 h\u1ed1c m\u1eaft, m\u00e1 baby, r\u00e3nh m\u0169i m\u00e1<\/p>\n<\/li>\n<\/ul>\n<hr data-start=\"763\" data-end=\"766\" \/>\n<p data-start=\"768\" data-end=\"791\"><strong data-start=\"768\" data-end=\"789\">\u0110\u1eb7c \u0111i\u1ec3m n\u1ed5i b\u1eadt:<\/strong><\/p>\n<ul data-start=\"792\" data-end=\"970\">\n<li data-start=\"792\" data-end=\"824\">\n<p data-start=\"794\" data-end=\"824\">K\u1ebft c\u1ea5u gel \u1ed5n \u0111\u1ecbnh, h\u1ea1t m\u1ecbn<\/p>\n<\/li>\n<li data-start=\"825\" data-end=\"901\">\n<p data-start=\"827\" data-end=\"901\">D\u1ec5 d\u00e0ng \u0111i\u1ec1u ch\u1ec9nh khi s\u1eed d\u1ee5ng trong quy tr\u00ecnh t\u1ea1o h\u00ecnh kh\u00f4ng ph\u1eabu thu\u1eadt<\/p>\n<\/li>\n<li data-start=\"902\" data-end=\"970\">\n<p data-start=\"904\" data-end=\"970\">S\u1ea3n ph\u1ea9m th\u01b0\u1eddng \u0111\u01b0\u1ee3c l\u1ef1a ch\u1ecdn t\u1ea1i spa v\u00e0 th\u1ea9m m\u1ef9 vi\u1ec7n chuy\u00ean m\u00f4n<\/p>\n<\/li>\n<\/ul>\n<hr data-start=\"972\" data-end=\"975\" \/>\n<p data-start=\"977\" data-end=\"997\"><strong data-start=\"977\" data-end=\"995\">L\u01b0u \u00fd s\u1eed d\u1ee5ng:<\/strong><\/p>\n<ul data-start=\"998\" data-end=\"1162\">\n<li data-start=\"998\" data-end=\"1069\">\n<p data-start=\"1000\" data-end=\"1069\">Ch\u1ec9 s\u1eed d\u1ee5ng b\u1edfi ng\u01b0\u1eddi c\u00f3 chuy\u00ean m\u00f4n t\u1ea1i c\u01a1 s\u1edf th\u1ea9m m\u1ef9 \u0111\u01b0\u1ee3c c\u1ea5p ph\u00e9p<\/p>\n<\/li>\n<li data-start=\"1070\" data-end=\"1162\">\n<p data-start=\"1072\" data-end=\"1162\">Kh\u00f4ng d\u00f9ng cho ng\u01b0\u1eddi d\u1ecb \u1ee9ng v\u1edbi th\u00e0nh ph\u1ea7n s\u1ea3n ph\u1ea9m, ph\u1ee5 n\u1eef mang thai ho\u1eb7c \u0111ang cho con b\u00fa<\/p>\n<\/li>\n<\/ul>\n<\/div>\n","protected":false},"excerpt":{"rendered":"<p data-start=\"387\" data-end=\"437\"><strong data-start=\"387\" data-end=\"399\">Xu\u1ea5t x\u1ee9:<\/strong> H\u00e0n Qu\u1ed1c<br data-start=\"408\" data-end=\"411\" \/><strong data-start=\"411\" data-end=\"425\">Dung t\u00edch:<\/strong> 1 h\u1ed9p x 1cc<\/p>\n<hr data-start=\"439\" data-end=\"442\" \/>\n<p data-start=\"444\" data-end=\"480\"><strong data-start=\"444\" data-end=\"478\">Ph\u00e2n lo\u1ea1i &amp; \u1ee9ng d\u1ee5ng ph\u1ed5 bi\u1ebfn:<\/strong><\/p>\n<ul data-start=\"481\" data-end=\"761\">\n<li data-start=\"481\" data-end=\"585\">\n<p data-start=\"483\" data-end=\"585\"><strong data-start=\"483\" data-end=\"522\">Celosome VIP Implant (\u0110\u1ed9 c\u1ee9ng cao):<\/strong> Ph\u00f9 h\u1ee3p t\u1ea1o h\u00ecnh t\u1ea1i c\u00e1c v\u00f9ng c\u00f3 k\u1ebft c\u1ea5u m\u00f4 s\u00e2u nh\u01b0 m\u0169i, c\u1eb1m<\/p>\n<\/li>\n<li data-start=\"586\" data-end=\"671\">\n<p data-start=\"588\" data-end=\"671\"><strong data-start=\"588\" data-end=\"622\">Celosome VIP Mid (Trung b\u00ecnh):<\/strong> Th\u01b0\u1eddng d\u00f9ng cho v\u00f9ng c\u1eb1m, m\u00e1, m\u00f4i, r\u00e3nh m\u0169i m\u00e1<\/p>\n<\/li>\n<li data-start=\"672\" data-end=\"761\">\n<p data-start=\"674\" data-end=\"761\"><strong data-start=\"674\" data-end=\"702\">Celosome VIP Soft (M\u1ec1m):<\/strong> Ph\u00f9 h\u1ee3p v\u1edbi v\u00f9ng da m\u1ecfng nh\u01b0 h\u1ed1c m\u1eaft, m\u00e1 baby, r\u00e3nh m\u0169i m\u00e1<\/p>\n<\/li>\n<\/ul>\n","protected":false},"featured_media":22129,"comment_status":"open","ping_status":"closed","template":"","meta":[],"product_cat":[51],"product_tag":[],"class_list":{"0":"post-22004","1":"product","2":"type-product","3":"status-publish","4":"has-post-thumbnail","6":"product_cat-filler","8":"first","9":"instock","10":"shipping-taxable","11":"purchasable","12":"product-type-simple"},"_links":{"self":[{"href":"https:\/\/phukienthammy.com.vn\/index.php?rest_route=\/wp\/v2\/product\/22004","targetHints":{"allow":["GET"]}}],"collection":[{"href":"https:\/\/phukienthammy.com.vn\/index.php?rest_route=\/wp\/v2\/product"}],"about":[{"href":"https:\/\/phukienthammy.com.vn\/index.php?rest_route=\/wp\/v2\/types\/product"}],"replies":[{"embeddable":true,"href":"https:\/\/phukienthammy.com.vn\/index.php?rest_route=%2Fwp%2Fv2%2Fcomments&post=22004"}],"version-history":[{"count":2,"href":"https:\/\/phukienthammy.com.vn\/index.php?rest_route=\/wp\/v2\/product\/22004\/revisions"}],"predecessor-version":[{"id":22839,"href":"https:\/\/phukienthammy.com.vn\/index.php?rest_route=\/wp\/v2\/product\/22004\/revisions\/22839"}],"wp:featuredmedia":[{"embeddable":true,"href":"https:\/\/phukienthammy.com.vn\/index.php?rest_route=\/wp\/v2\/media\/22129"}],"wp:attachment":[{"href":"https:\/\/phukienthammy.com.vn\/index.php?rest_route=%2Fwp%2Fv2%2Fmedia&parent=22004"}],"wp:term":[{"taxonomy":"product_cat","embeddable":true,"href":"https:\/\/phukienthammy.com.vn\/index.php?rest_route=%2Fwp%2Fv2%2Fproduct_cat&post=22004"},{"taxonomy":"product_tag","embeddable":true,"href":"https:\/\/phukienthammy.com.vn\/index.php?rest_route=%2Fwp%2Fv2%2Fproduct_tag&post=22004"}],"curies":[{"name":"wp","href":"https:\/\/api.w.org\/{rel}","templated":true}]}}