{"id":22003,"date":"2024-03-20T23:32:10","date_gmt":"2024-03-20T16:32:10","guid":{"rendered":"https:\/\/phukienthammy.com.vn\/?post_type=product&#038;p=22003"},"modified":"2024-08-14T15:37:46","modified_gmt":"2024-08-14T08:37:46","slug":"filler-chaeum","status":"publish","type":"product","link":"https:\/\/phukienthammy.com.vn\/?product=filler-chaeum","title":{"rendered":"Filler Chaeum"},"content":{"rendered":"<div class=\"xdj266r x11i5rnm xat24cr x1mh8g0r x1vvkbs x126k92a\">\n<div dir=\"auto\">***Filler Chaeum***<\/div>\n<div dir=\"auto\">Filler \u0111\u01b0\u1ee3c s\u1ea3n xu\u1ea5t t\u1eeb c\u00f4ng ty Hugel<\/div>\n<div dir=\"auto\">V\u1edbi th\u00e0nh ph\u1ea7n 100% HA<\/div>\n<div dir=\"auto\">&#8211; Ti\u00eam kh\u00f4ng s\u01b0ng, kh\u00f4ng \u0111au<\/div>\n<div dir=\"auto\">&#8211; L\u00ean form c\u1ef1c \u0111\u1eb9p<\/div>\n<div dir=\"auto\">&#8211; Ti\u00eam tan d\u1ec5 d\u00e0ng, kh\u00f4ng \u0111\u1ec3 l\u1ea1i bi\u1ebfn ch\u1ee9ng.<\/div>\n<div dir=\"auto\">L\u00e0 lo\u1ea1i Filler Cao C\u1ea5p, nh\u01b0ng gi\u00e1 l\u1ea1i ph\u00f9 h\u1ee3p v\u1edbi m\u1ecdi Spa, TMV.<\/div>\n<\/div>\n<div class=\"x11i5rnm xat24cr x1mh8g0r x1vvkbs xtlvy1s x126k92a\">\n<div dir=\"auto\"><span class=\"x3nfvp2 x1j61x8r x1fcty0u xdj266r xhhsvwb xat24cr xgzva0m xxymvpz xlup9mm x1kky2od\"><img decoding=\"async\" class=\"xz74otr\" src=\"https:\/\/static.xx.fbcdn.net\/images\/emoji.php\/v9\/tf0\/2\/16\/1f449.png\" alt=\"&#x1f449;\" width=\"16\" height=\"16\" \/><\/span>Cheaum &#8211; D\u00f2ng filler cao c\u1ea5p \u0111\u1ee9ng \u0111\u1ea7u trong c\u00e1c d\u00f2ng Filler n\u1ed9i \u0111\u1ecba \u0110\u01b0\u1ee3c c\u00e1c b\u00e1c s\u0129 b\u1ec7nh vi\u1ec7n l\u1edbn H\u00e0n Qu\u1ed1c tin d\u00f9ng.<\/div>\n<\/div>\n<div class=\"x11i5rnm xat24cr x1mh8g0r x1vvkbs xtlvy1s x126k92a\">\n<div dir=\"auto\"><span class=\"x3nfvp2 x1j61x8r x1fcty0u xdj266r xhhsvwb xat24cr xgzva0m xxymvpz xlup9mm x1kky2od\"><img decoding=\"async\" class=\"xz74otr\" src=\"https:\/\/static.xx.fbcdn.net\/images\/emoji.php\/v9\/td2\/2\/16\/2714.png\" alt=\"&#x2714;\" width=\"16\" height=\"16\" \/><\/span> Filler Chaeum No4: Si\u00eau c\u1ee9ng cho d\u00e1ng m\u0169i cao nh\u01b0 n\u00e2ng s\u1ee5n.<\/div>\n<div dir=\"auto\"><span class=\"x3nfvp2 x1j61x8r x1fcty0u xdj266r xhhsvwb xat24cr xgzva0m xxymvpz xlup9mm x1kky2od\"><img decoding=\"async\" class=\"xz74otr\" src=\"https:\/\/static.xx.fbcdn.net\/images\/emoji.php\/v9\/td2\/2\/16\/2714.png\" alt=\"&#x2714;\" width=\"16\" height=\"16\" \/><\/span> Filler Chaeum No3: Ti\u00eam c\u1eb1m t\u1ef1 nhi\u00ean.<\/div>\n<div dir=\"auto\"><span class=\"x3nfvp2 x1j61x8r x1fcty0u xdj266r xhhsvwb xat24cr xgzva0m xxymvpz xlup9mm x1kky2od\"><img decoding=\"async\" class=\"xz74otr\" src=\"https:\/\/static.xx.fbcdn.net\/images\/emoji.php\/v9\/td2\/2\/16\/2714.png\" alt=\"&#x2714;\" width=\"16\" height=\"16\" \/><\/span> Filler Chaeum No2: Ti\u00eam m\u00f4i, m\u00e1, r\u00e3nh c\u01b0\u1eddi.<\/div>\n<\/div>\n<div class=\"x11i5rnm xat24cr x1mh8g0r x1vvkbs xtlvy1s x126k92a\">\n<div dir=\"auto\">Quy c\u00e1ch: 1 h 2 cc x 1.1ml<\/div>\n<div dir=\"auto\">Chaeum l\u00e0 d\u00f2ng filler chu\u1ea9n, ti\u00eam kh\u00f4ng s\u01b0ng v\u00e0 kh\u00f4ng g\u00e2y d\u1ecb \u1ee9ng.<\/div>\n<div dir=\"auto\"><\/div>\n<\/div>\n","protected":false},"excerpt":{"rendered":"<div class=\"xdj266r x11i5rnm xat24cr x1mh8g0r x1vvkbs x126k92a\">\n<div dir=\"auto\">***Filler Chaeum***<\/div>\n<div dir=\"auto\">Filler \u0111\u01b0\u1ee3c s\u1ea3n xu\u1ea5t t\u1eeb c\u00f4ng ty Hugel<\/div>\n<div dir=\"auto\">V\u1edbi th\u00e0nh ph\u1ea7n 100% HA<\/div>\n<div dir=\"auto\">&#8211; Ti\u00eam kh\u00f4ng s\u01b0ng, kh\u00f4ng \u0111au<\/div>\n<div dir=\"auto\">&#8211; L\u00ean form c\u1ef1c \u0111\u1eb9p<\/div>\n<div dir=\"auto\">&#8211; Ti\u00eam tan d\u1ec5 d\u00e0ng, kh\u00f4ng \u0111\u1ec3 l\u1ea1i bi\u1ebfn ch\u1ee9ng.<\/div>\n<div dir=\"auto\">L\u00e0 lo\u1ea1i Filler Cao C\u1ea5p, nh\u01b0ng gi\u00e1 l\u1ea1i ph\u00f9 h\u1ee3p v\u1edbi m\u1ecdi Spa, TMV.<\/div>\n<\/div>\n<div class=\"x11i5rnm xat24cr x1mh8g0r x1vvkbs xtlvy1s x126k92a\">\n<div dir=\"auto\"><span class=\"x3nfvp2 x1j61x8r x1fcty0u xdj266r xhhsvwb xat24cr xgzva0m xxymvpz xlup9mm x1kky2od\"><img decoding=\"async\" class=\"xz74otr\" src=\"https:\/\/static.xx.fbcdn.net\/images\/emoji.php\/v9\/tf0\/2\/16\/1f449.png\" alt=\"&#x1f449;\" width=\"16\" height=\"16\" \/><\/span>Cheaum &#8211; D\u00f2ng filler cao c\u1ea5p \u0111\u1ee9ng \u0111\u1ea7u trong c\u00e1c d\u00f2ng Filler n\u1ed9i \u0111\u1ecba \u0110\u01b0\u1ee3c c\u00e1c b\u00e1c s\u0129 b\u1ec7nh vi\u1ec7n l\u1edbn H\u00e0n Qu\u1ed1c tin d\u00f9ng.<\/div>\n<\/div>\n<div class=\"x11i5rnm xat24cr x1mh8g0r x1vvkbs xtlvy1s x126k92a\">\n<div dir=\"auto\"><span class=\"x3nfvp2 x1j61x8r x1fcty0u xdj266r xhhsvwb xat24cr xgzva0m xxymvpz xlup9mm x1kky2od\"><img decoding=\"async\" class=\"xz74otr\" src=\"https:\/\/static.xx.fbcdn.net\/images\/emoji.php\/v9\/td2\/2\/16\/2714.png\" alt=\"&#x2714;\" width=\"16\" height=\"16\" \/><\/span> Filler Chaeum No4: Si\u00eau c\u1ee9ng cho d\u00e1ng m\u0169i cao nh\u01b0 n\u00e2ng s\u1ee5n.<\/div>\n<div dir=\"auto\"><span class=\"x3nfvp2 x1j61x8r x1fcty0u xdj266r xhhsvwb xat24cr xgzva0m xxymvpz xlup9mm x1kky2od\"><img decoding=\"async\" class=\"xz74otr\" src=\"https:\/\/static.xx.fbcdn.net\/images\/emoji.php\/v9\/td2\/2\/16\/2714.png\" alt=\"&#x2714;\" width=\"16\" height=\"16\" \/><\/span> Filler Chaeum No3: Ti\u00eam c\u1eb1m t\u1ef1 nhi\u00ean.<\/div>\n<div dir=\"auto\"><span class=\"x3nfvp2 x1j61x8r x1fcty0u xdj266r xhhsvwb xat24cr xgzva0m xxymvpz xlup9mm x1kky2od\"><img decoding=\"async\" class=\"xz74otr\" src=\"https:\/\/static.xx.fbcdn.net\/images\/emoji.php\/v9\/td2\/2\/16\/2714.png\" alt=\"&#x2714;\" width=\"16\" height=\"16\" \/><\/span> Filler Chaeum No2: Ti\u00eam m\u00f4i, m\u00e1, r\u00e3nh c\u01b0\u1eddi.<\/div>\n<\/div>\n<div class=\"x11i5rnm xat24cr x1mh8g0r x1vvkbs xtlvy1s x126k92a\">\n<div dir=\"auto\">Quy c\u00e1ch: 1 h 2 cc x 1.1ml<\/div>\n<div dir=\"auto\">Chaeum l\u00e0 d\u00f2ng filler chu\u1ea9n, ti\u00eam kh\u00f4ng s\u01b0ng v\u00e0 kh\u00f4ng g\u00e2y d\u1ecb \u1ee9ng.<\/div>\n<div dir=\"auto\"><\/div>\n<\/div>\n","protected":false},"featured_media":22124,"comment_status":"open","ping_status":"closed","template":"","meta":[],"product_cat":[51],"product_tag":[],"class_list":{"0":"post-22003","1":"product","2":"type-product","3":"status-publish","4":"has-post-thumbnail","6":"product_cat-filler","8":"first","9":"instock","10":"shipping-taxable","11":"purchasable","12":"product-type-simple"},"_links":{"self":[{"href":"https:\/\/phukienthammy.com.vn\/index.php?rest_route=\/wp\/v2\/product\/22003","targetHints":{"allow":["GET"]}}],"collection":[{"href":"https:\/\/phukienthammy.com.vn\/index.php?rest_route=\/wp\/v2\/product"}],"about":[{"href":"https:\/\/phukienthammy.com.vn\/index.php?rest_route=\/wp\/v2\/types\/product"}],"replies":[{"embeddable":true,"href":"https:\/\/phukienthammy.com.vn\/index.php?rest_route=%2Fwp%2Fv2%2Fcomments&post=22003"}],"version-history":[{"count":0,"href":"https:\/\/phukienthammy.com.vn\/index.php?rest_route=\/wp\/v2\/product\/22003\/revisions"}],"wp:featuredmedia":[{"embeddable":true,"href":"https:\/\/phukienthammy.com.vn\/index.php?rest_route=\/wp\/v2\/media\/22124"}],"wp:attachment":[{"href":"https:\/\/phukienthammy.com.vn\/index.php?rest_route=%2Fwp%2Fv2%2Fmedia&parent=22003"}],"wp:term":[{"taxonomy":"product_cat","embeddable":true,"href":"https:\/\/phukienthammy.com.vn\/index.php?rest_route=%2Fwp%2Fv2%2Fproduct_cat&post=22003"},{"taxonomy":"product_tag","embeddable":true,"href":"https:\/\/phukienthammy.com.vn\/index.php?rest_route=%2Fwp%2Fv2%2Fproduct_tag&post=22003"}],"curies":[{"name":"wp","href":"https:\/\/api.w.org\/{rel}","templated":true}]}}