{"id":22002,"date":"2024-03-20T23:32:09","date_gmt":"2024-03-20T16:32:09","guid":{"rendered":"https:\/\/phukienthammy.com.vn\/?post_type=product&#038;p=22002"},"modified":"2024-03-20T23:33:24","modified_gmt":"2024-03-20T16:33:24","slug":"filler-juvederm","status":"publish","type":"product","link":"https:\/\/phukienthammy.com.vn\/?product=filler-juvederm","title":{"rendered":"Filler Juvederm"},"content":{"rendered":"<div dir=\"auto\">Filler Juvederm\u00a0l\u00e0 m\u1ed9t trong nh\u1eefng d\u00f2ng Filler n\u1eb1m d\u00f2ng TOP trong th\u1ecb tr\u01b0\u1eddng th\u1ea9m m\u1ef9 l\u00e0m \u0111\u1eb9p hi\u1ec7n nay.<\/div>\n<div dir=\"auto\">D\u00f2ng Juvederm Ultra c\u1ee7a nh\u00e0 n\u00e0y: l\u00e0 s\u1ea3n ph\u1ea9m \u0111\u01b0\u1ee3c s\u1eed d\u1ee5ng \u0111\u1ec3 l\u00e0m \u0111\u1ea7y c\u00e1c n\u1ebfp nh\u0103n nh\u1ecf v\u00e0 khuy\u1ebft \u0111i\u1ec3m tr\u00ean m\u1eb7t &#8211; kh\u00f4ng g\u00e2y d\u1ecb \u1ee9ng, ph\u00e2n h\u1ee7y sinh h\u1ecdc v\u00e0 t\u01b0\u01a1ng h\u1ee3p sinh h\u1ecdc.<\/div>\n<div dir=\"auto\"><span class=\"x3nfvp2 x1j61x8r x1fcty0u xdj266r xhhsvwb xat24cr xgzva0m xxymvpz xlup9mm x1kky2od\"><img decoding=\"async\" class=\"xz74otr\" src=\"https:\/\/static.xx.fbcdn.net\/images\/emoji.php\/v9\/tba\/2\/16\/2b55.png\" alt=\"&#x2b55;&#xfe0f;\" width=\"16\" height=\"16\" \/><\/span> TH\u00d4NG TIN S\u1ea2N PH\u1ea8M:<\/div>\n<div dir=\"auto\">\u25c6 Xu\u1ea5t x\u1ee9: Ph\u00e1p<\/div>\n<div dir=\"auto\">\u25c6 H\u00e3ng s\u1ea3n xu\u1ea5t v\u00e0 ph\u00e2n ph\u1ed1i: ALLERGAN<\/div>\n<div dir=\"auto\">\u25c6 Quy c\u00e1ch: 1 h\u1ed9p 2ml (2 \u1ed1ng, 2 cc) \/ \u1ed1ng ti\u00eam 2 x 1ml \/ 4 kim 27G 1\/2&#8243;<\/div>\n","protected":false},"excerpt":{"rendered":"<div dir=\"auto\">\n<div dir=\"auto\">Filler Juvederm\u00a0l\u00e0 m\u1ed9t trong nh\u1eefng d\u00f2ng Filler n\u1eb1m d\u00f2ng TOP trong th\u1ecb tr\u01b0\u1eddng th\u1ea9m m\u1ef9 l\u00e0m \u0111\u1eb9p hi\u1ec7n nay.<\/div>\n<div dir=\"auto\">D\u00f2ng Juvederm Ultra c\u1ee7a nh\u00e0 n\u00e0y: l\u00e0 s\u1ea3n ph\u1ea9m \u0111\u01b0\u1ee3c s\u1eed d\u1ee5ng \u0111\u1ec3 l\u00e0m \u0111\u1ea7y c\u00e1c n\u1ebfp nh\u0103n nh\u1ecf v\u00e0 khuy\u1ebft \u0111i\u1ec3m tr\u00ean m\u1eb7t &#8211; kh\u00f4ng g\u00e2y d\u1ecb \u1ee9ng, ph\u00e2n h\u1ee7y sinh h\u1ecdc v\u00e0 t\u01b0\u01a1ng h\u1ee3p sinh h\u1ecdc.<\/div>\n<div dir=\"auto\"><span class=\"x3nfvp2 x1j61x8r x1fcty0u xdj266r xhhsvwb xat24cr xgzva0m xxymvpz xlup9mm x1kky2od\"><img decoding=\"async\" class=\"xz74otr\" src=\"https:\/\/static.xx.fbcdn.net\/images\/emoji.php\/v9\/tba\/2\/16\/2b55.png\" alt=\"&#x2b55;&#xfe0f;\" width=\"16\" height=\"16\" \/><\/span> TH\u00d4NG TIN S\u1ea2N PH\u1ea8M:<\/div>\n<div dir=\"auto\">\u25c6 Xu\u1ea5t x\u1ee9: Ph\u00e1p<\/div>\n<div dir=\"auto\">\u25c6 H\u00e3ng s\u1ea3n xu\u1ea5t v\u00e0 ph\u00e2n ph\u1ed1i: ALLERGAN<\/div>\n<div dir=\"auto\">\u25c6 Quy c\u00e1ch: 1 h\u1ed9p 2ml (2 \u1ed1ng, 2 cc) \/ \u1ed1ng ti\u00eam 2 x 1ml \/ 4 kim 27G 1\/2&#8243;<\/div>\n<\/div>\n","protected":false},"featured_media":22119,"comment_status":"open","ping_status":"closed","template":"","meta":[],"product_cat":[51],"product_tag":[],"class_list":{"0":"post-22002","1":"product","2":"type-product","3":"status-publish","4":"has-post-thumbnail","6":"product_cat-filler","8":"first","9":"instock","10":"shipping-taxable","11":"purchasable","12":"product-type-simple"},"_links":{"self":[{"href":"https:\/\/phukienthammy.com.vn\/index.php?rest_route=\/wp\/v2\/product\/22002","targetHints":{"allow":["GET"]}}],"collection":[{"href":"https:\/\/phukienthammy.com.vn\/index.php?rest_route=\/wp\/v2\/product"}],"about":[{"href":"https:\/\/phukienthammy.com.vn\/index.php?rest_route=\/wp\/v2\/types\/product"}],"replies":[{"embeddable":true,"href":"https:\/\/phukienthammy.com.vn\/index.php?rest_route=%2Fwp%2Fv2%2Fcomments&post=22002"}],"version-history":[{"count":0,"href":"https:\/\/phukienthammy.com.vn\/index.php?rest_route=\/wp\/v2\/product\/22002\/revisions"}],"wp:featuredmedia":[{"embeddable":true,"href":"https:\/\/phukienthammy.com.vn\/index.php?rest_route=\/wp\/v2\/media\/22119"}],"wp:attachment":[{"href":"https:\/\/phukienthammy.com.vn\/index.php?rest_route=%2Fwp%2Fv2%2Fmedia&parent=22002"}],"wp:term":[{"taxonomy":"product_cat","embeddable":true,"href":"https:\/\/phukienthammy.com.vn\/index.php?rest_route=%2Fwp%2Fv2%2Fproduct_cat&post=22002"},{"taxonomy":"product_tag","embeddable":true,"href":"https:\/\/phukienthammy.com.vn\/index.php?rest_route=%2Fwp%2Fv2%2Fproduct_tag&post=22002"}],"curies":[{"name":"wp","href":"https:\/\/api.w.org\/{rel}","templated":true}]}}