{"id":22000,"date":"2024-03-20T23:32:09","date_gmt":"2024-03-20T16:32:09","guid":{"rendered":"https:\/\/phukienthammy.com.vn\/?post_type=product&#038;p=22000"},"modified":"2024-12-21T15:00:28","modified_gmt":"2024-12-21T08:00:28","slug":"filler-philos","status":"publish","type":"product","link":"https:\/\/phukienthammy.com.vn\/?product=filler-philos","title":{"rendered":"Filler Philos"},"content":{"rendered":"<div class=\"xdj266r x11i5rnm xat24cr x1mh8g0r x1vvkbs x126k92a\">\n<div dir=\"auto\">Filler Philos<\/div>\n<\/div>\n<div class=\"x11i5rnm xat24cr x1mh8g0r x1vvkbs xtlvy1s x126k92a\">\n<div dir=\"auto\">\u00a0\u0110\u1ecbnh h\u00ecnh \u0111\u00e3 thu\u1ed9c kh\u00fac filler cao c\u1ea5p, Philos \u0111\u00e3 \u0111\u01b0\u1ee3c kh\u1eb3ng \u0111\u1ecbnh v\u1ec1 ch\u1ea5t l\u01b0\u1ee3ng c\u0169ng nh\u01b0 s\u1ef1 \u1ed5n \u0111\u1ecbnh d\u00f9 \u0111\u00e3 ra nhi\u1ec1u n\u0103m<\/div>\n<\/div>\n<div class=\"x11i5rnm xat24cr x1mh8g0r x1vvkbs xtlvy1s x126k92a\">\n<div dir=\"auto\"><span class=\"x3nfvp2 x1j61x8r x1fcty0u xdj266r xhhsvwb xat24cr xgzva0m xxymvpz xlup9mm x1kky2od\"><img decoding=\"async\" class=\"xz74otr\" src=\"https:\/\/static.xx.fbcdn.net\/images\/emoji.php\/v9\/t9e\/2\/16\/2764_200d_1f525.png\" alt=\"\u2764\ufe0f\u200d\" width=\"16\" height=\"16\" \/><\/span> Philos filler \u0111\u1eadm ch\u1ea5t Ch\u00e2u \u00c2u.<\/div>\n<div dir=\"auto\"><span class=\"x3nfvp2 x1j61x8r x1fcty0u xdj266r xhhsvwb xat24cr xgzva0m xxymvpz xlup9mm x1kky2od\"><img decoding=\"async\" class=\"xz74otr\" src=\"https:\/\/static.xx.fbcdn.net\/images\/emoji.php\/v9\/t9e\/2\/16\/2764_200d_1f525.png\" alt=\"\u2764\ufe0f\u200d\" width=\"16\" height=\"16\" \/><\/span> V\u1edbi m\u1eabu m\u00e3 sang ch\u1ea3nh b\u1eaft m\u1eaft.<\/div>\n<div dir=\"auto\"><span class=\"x3nfvp2 x1j61x8r x1fcty0u xdj266r xhhsvwb xat24cr xgzva0m xxymvpz xlup9mm x1kky2od\"><img decoding=\"async\" class=\"xz74otr\" src=\"https:\/\/static.xx.fbcdn.net\/images\/emoji.php\/v9\/t9e\/2\/16\/2764_200d_1f525.png\" alt=\"\u2764\ufe0f\u200d\" width=\"16\" height=\"16\" \/><\/span> K\u00e8m \u0111\u00f3 l\u00e0 1 c\u00f4ng ngh\u1ec7 ho\u00e0nh tr\u00e1ng sau l\u01b0ng \u0111\u1ec3 \u0111\u01b0a \u0111\u1ebfn cho ng\u00e0nh l\u00e0m \u0111\u1eb9p 1 sp l\u00e0m \u0111i\u00ean \u0111\u1ea3o v\u1edbi ng\u00e0nh filler.<\/div>\n<div dir=\"auto\"><span class=\"x3nfvp2 x1j61x8r x1fcty0u xdj266r xhhsvwb xat24cr xgzva0m xxymvpz xlup9mm x1kky2od\"><img decoding=\"async\" class=\"xz74otr\" src=\"https:\/\/static.xx.fbcdn.net\/images\/emoji.php\/v9\/t9e\/2\/16\/2764_200d_1f525.png\" alt=\"\u2764\ufe0f\u200d\" width=\"16\" height=\"16\" \/><\/span> M\u1ed9t d\u00f2ng filler m\u00e0 ai x\u00e0i c\u0169ng ph\u1ea3i m\u00ea m\u1ec7t. V\u1edbi ch\u1ea5t filler x\u1ecbn \u00eam m\u1ecbn kh\u00f4ng xen l\u1eabn b\u1ea5t c\u1ee9 m\u1ed9t lo\u1ea1i filler n\u00e0o t\u1ea1i Vi\u1ec7t Nam.<\/div>\n<div dir=\"auto\"><span class=\"x3nfvp2 x1j61x8r x1fcty0u xdj266r xhhsvwb xat24cr xgzva0m xxymvpz xlup9mm x1kky2od\"><img decoding=\"async\" class=\"xz74otr\" src=\"https:\/\/static.xx.fbcdn.net\/images\/emoji.php\/v9\/t9e\/2\/16\/2764_200d_1f525.png\" alt=\"\u2764\ufe0f\u200d\" width=\"16\" height=\"16\" \/><\/span> V\u1edbi 1 c\u00e1i gi\u00e1 qu\u00e1 r\u1ebb so v\u1edbi ch\u1ea5t l\u01b0\u1ee3ng tuy\u1ec7t v\u1eddi.<\/div>\n<div dir=\"auto\"><span class=\"x3nfvp2 x1j61x8r x1fcty0u xdj266r xhhsvwb xat24cr xgzva0m xxymvpz xlup9mm x1kky2od\"><img decoding=\"async\" class=\"xz74otr\" src=\"https:\/\/static.xx.fbcdn.net\/images\/emoji.php\/v9\/t9e\/2\/16\/2764_200d_1f525.png\" alt=\"\u2764\ufe0f\u200d\" width=\"16\" height=\"16\" \/><\/span> D\u00f2ng filler tinh khi\u1ebft t\u1eeb tr\u01b0\u1edbc \u0111\u1ebfn nay. \u0110\u01b0\u1ee3c c\u00e1c b\u00e1c s\u0129 kh\u1eafp Ch\u00e2u \u00c2u v\u00e0 H\u00e0n Qu\u1ed1c s\u1eed d\u1ee5ng r\u1ed9ng r\u00e3i v\u1edbi s\u1ed1 l\u01b0\u1ee3ng c\u1ef1c k\u1ef3 l\u1edbn. D\u00f2ng filler \u0111\u01b0\u1ee3c kh\u1eb3ng \u0111\u1ecbnh th\u01b0\u01a1ng hi\u1ec7u b\u1eb1ng ch\u1ea5t l\u01b0\u1ee3ng h\u00e0ng \u0111\u1ea7u.<\/div>\n<div dir=\"auto\"><span class=\"x3nfvp2 x1j61x8r x1fcty0u xdj266r xhhsvwb xat24cr xgzva0m xxymvpz xlup9mm x1kky2od\"><img decoding=\"async\" class=\"xz74otr\" src=\"https:\/\/static.xx.fbcdn.net\/images\/emoji.php\/v9\/t9e\/2\/16\/2764_200d_1f525.png\" alt=\"\u2764\ufe0f\u200d\" width=\"16\" height=\"16\" \/><\/span> Philos \u0111\u1ee9ng \u0111\u1ea7u b\u1ea3ng v\u1ec1 c\u00e1i \u0111\u1ed9 tan trong v\u00f2ng 1 n\u1ed1t nh\u1ea1c. Kh\u00f4ng \u0111\u1ec3 l\u1ea1i 1 s\u1ed1 c\u1eb7n nh\u1ecf di ch\u1ee9ng do ti\u00eam filler \u0111\u1ec3 l\u1ea1i.<\/div>\n<div dir=\"auto\"><\/div>\n<\/div>\n","protected":false},"excerpt":{"rendered":"<div class=\"xdj266r x11i5rnm xat24cr x1mh8g0r x1vvkbs x126k92a\">\n<div dir=\"auto\">Filler Philos<\/div>\n<\/div>\n<div class=\"x11i5rnm xat24cr x1mh8g0r x1vvkbs xtlvy1s x126k92a\">\n<div dir=\"auto\">\u00a0\u0110\u1ecbnh h\u00ecnh \u0111\u00e3 thu\u1ed9c kh\u00fac filler cao c\u1ea5p, Philos \u0111\u00e3 \u0111\u01b0\u1ee3c kh\u1eb3ng \u0111\u1ecbnh v\u1ec1 ch\u1ea5t l\u01b0\u1ee3ng c\u0169ng nh\u01b0 s\u1ef1 \u1ed5n \u0111\u1ecbnh d\u00f9 \u0111\u00e3 ra nhi\u1ec1u n\u0103m<\/div>\n<\/div>\n<div class=\"x11i5rnm xat24cr x1mh8g0r x1vvkbs xtlvy1s x126k92a\">\n<div dir=\"auto\"><span class=\"x3nfvp2 x1j61x8r x1fcty0u xdj266r xhhsvwb xat24cr xgzva0m xxymvpz xlup9mm x1kky2od\"><img decoding=\"async\" class=\"xz74otr\" src=\"https:\/\/static.xx.fbcdn.net\/images\/emoji.php\/v9\/t9e\/2\/16\/2764_200d_1f525.png\" alt=\"\u2764\ufe0f\u200d\" width=\"16\" height=\"16\" \/><\/span> Philos filler \u0111\u1eadm ch\u1ea5t Ch\u00e2u \u00c2u.<\/div>\n<div dir=\"auto\"><span class=\"x3nfvp2 x1j61x8r x1fcty0u xdj266r xhhsvwb xat24cr xgzva0m xxymvpz xlup9mm x1kky2od\"><img decoding=\"async\" class=\"xz74otr\" src=\"https:\/\/static.xx.fbcdn.net\/images\/emoji.php\/v9\/t9e\/2\/16\/2764_200d_1f525.png\" alt=\"\u2764\ufe0f\u200d\" width=\"16\" height=\"16\" \/><\/span> V\u1edbi m\u1eabu m\u00e3 sang ch\u1ea3nh b\u1eaft m\u1eaft.<\/div>\n<div dir=\"auto\"><span class=\"x3nfvp2 x1j61x8r x1fcty0u xdj266r xhhsvwb xat24cr xgzva0m xxymvpz xlup9mm x1kky2od\"><img decoding=\"async\" class=\"xz74otr\" src=\"https:\/\/static.xx.fbcdn.net\/images\/emoji.php\/v9\/t9e\/2\/16\/2764_200d_1f525.png\" alt=\"\u2764\ufe0f\u200d\" width=\"16\" height=\"16\" \/><\/span> K\u00e8m \u0111\u00f3 l\u00e0 1 c\u00f4ng ngh\u1ec7 ho\u00e0nh tr\u00e1ng sau l\u01b0ng \u0111\u1ec3 \u0111\u01b0a \u0111\u1ebfn cho ng\u00e0nh l\u00e0m \u0111\u1eb9p 1 sp l\u00e0m \u0111i\u00ean \u0111\u1ea3o v\u1edbi ng\u00e0nh filler.<\/div>\n<div dir=\"auto\"><span class=\"x3nfvp2 x1j61x8r x1fcty0u xdj266r xhhsvwb xat24cr xgzva0m xxymvpz xlup9mm x1kky2od\"><img decoding=\"async\" class=\"xz74otr\" src=\"https:\/\/static.xx.fbcdn.net\/images\/emoji.php\/v9\/t9e\/2\/16\/2764_200d_1f525.png\" alt=\"\u2764\ufe0f\u200d\" width=\"16\" height=\"16\" \/><\/span> M\u1ed9t d\u00f2ng filler m\u00e0 ai x\u00e0i c\u0169ng ph\u1ea3i m\u00ea m\u1ec7t. V\u1edbi ch\u1ea5t filler x\u1ecbn \u00eam m\u1ecbn kh\u00f4ng xen l\u1eabn b\u1ea5t c\u1ee9 m\u1ed9t lo\u1ea1i filler n\u00e0o t\u1ea1i Vi\u1ec7t Nam.<\/div>\n<div dir=\"auto\"><span class=\"x3nfvp2 x1j61x8r x1fcty0u xdj266r xhhsvwb xat24cr xgzva0m xxymvpz xlup9mm x1kky2od\"><img decoding=\"async\" class=\"xz74otr\" src=\"https:\/\/static.xx.fbcdn.net\/images\/emoji.php\/v9\/t9e\/2\/16\/2764_200d_1f525.png\" alt=\"\u2764\ufe0f\u200d\" width=\"16\" height=\"16\" \/><\/span> V\u1edbi 1 c\u00e1i gi\u00e1 qu\u00e1 r\u1ebb so v\u1edbi ch\u1ea5t l\u01b0\u1ee3ng tuy\u1ec7t v\u1eddi.<\/div>\n<div dir=\"auto\"><span class=\"x3nfvp2 x1j61x8r x1fcty0u xdj266r xhhsvwb xat24cr xgzva0m xxymvpz xlup9mm x1kky2od\"><img decoding=\"async\" class=\"xz74otr\" src=\"https:\/\/static.xx.fbcdn.net\/images\/emoji.php\/v9\/t9e\/2\/16\/2764_200d_1f525.png\" alt=\"\u2764\ufe0f\u200d\" width=\"16\" height=\"16\" \/><\/span> D\u00f2ng filler tinh khi\u1ebft t\u1eeb tr\u01b0\u1edbc \u0111\u1ebfn nay. \u0110\u01b0\u1ee3c c\u00e1c b\u00e1c s\u0129 kh\u1eafp Ch\u00e2u \u00c2u v\u00e0 H\u00e0n Qu\u1ed1c s\u1eed d\u1ee5ng r\u1ed9ng r\u00e3i v\u1edbi s\u1ed1 l\u01b0\u1ee3ng c\u1ef1c k\u1ef3 l\u1edbn. D\u00f2ng filler \u0111\u01b0\u1ee3c kh\u1eb3ng \u0111\u1ecbnh th\u01b0\u01a1ng hi\u1ec7u b\u1eb1ng ch\u1ea5t l\u01b0\u1ee3ng h\u00e0ng \u0111\u1ea7u.<\/div>\n<div dir=\"auto\"><span class=\"x3nfvp2 x1j61x8r x1fcty0u xdj266r xhhsvwb xat24cr xgzva0m xxymvpz xlup9mm x1kky2od\"><img decoding=\"async\" class=\"xz74otr\" src=\"https:\/\/static.xx.fbcdn.net\/images\/emoji.php\/v9\/t9e\/2\/16\/2764_200d_1f525.png\" alt=\"\u2764\ufe0f\u200d\" width=\"16\" height=\"16\" \/><\/span> Philos \u0111\u1ee9ng \u0111\u1ea7u b\u1ea3ng v\u1ec1 c\u00e1i \u0111\u1ed9 tan trong v\u00f2ng 1 n\u1ed1t nh\u1ea1c. Kh\u00f4ng \u0111\u1ec3 l\u1ea1i 1 s\u1ed1 c\u1eb7n nh\u1ecf di ch\u1ee9ng do ti\u00eam filler \u0111\u1ec3 l\u1ea1i.<\/div>\n<div dir=\"auto\"><\/div>\n<\/div>\n","protected":false},"featured_media":22728,"comment_status":"open","ping_status":"closed","template":"","meta":[],"product_cat":[51],"product_tag":[],"class_list":{"0":"post-22000","1":"product","2":"type-product","3":"status-publish","4":"has-post-thumbnail","6":"product_cat-filler","8":"first","9":"instock","10":"shipping-taxable","11":"purchasable","12":"product-type-simple"},"_links":{"self":[{"href":"https:\/\/phukienthammy.com.vn\/index.php?rest_route=\/wp\/v2\/product\/22000","targetHints":{"allow":["GET"]}}],"collection":[{"href":"https:\/\/phukienthammy.com.vn\/index.php?rest_route=\/wp\/v2\/product"}],"about":[{"href":"https:\/\/phukienthammy.com.vn\/index.php?rest_route=\/wp\/v2\/types\/product"}],"replies":[{"embeddable":true,"href":"https:\/\/phukienthammy.com.vn\/index.php?rest_route=%2Fwp%2Fv2%2Fcomments&post=22000"}],"version-history":[{"count":1,"href":"https:\/\/phukienthammy.com.vn\/index.php?rest_route=\/wp\/v2\/product\/22000\/revisions"}],"predecessor-version":[{"id":22729,"href":"https:\/\/phukienthammy.com.vn\/index.php?rest_route=\/wp\/v2\/product\/22000\/revisions\/22729"}],"wp:featuredmedia":[{"embeddable":true,"href":"https:\/\/phukienthammy.com.vn\/index.php?rest_route=\/wp\/v2\/media\/22728"}],"wp:attachment":[{"href":"https:\/\/phukienthammy.com.vn\/index.php?rest_route=%2Fwp%2Fv2%2Fmedia&parent=22000"}],"wp:term":[{"taxonomy":"product_cat","embeddable":true,"href":"https:\/\/phukienthammy.com.vn\/index.php?rest_route=%2Fwp%2Fv2%2Fproduct_cat&post=22000"},{"taxonomy":"product_tag","embeddable":true,"href":"https:\/\/phukienthammy.com.vn\/index.php?rest_route=%2Fwp%2Fv2%2Fproduct_tag&post=22000"}],"curies":[{"name":"wp","href":"https:\/\/api.w.org\/{rel}","templated":true}]}}