{"id":21999,"date":"2024-03-20T23:32:09","date_gmt":"2024-03-20T16:32:09","guid":{"rendered":"https:\/\/phukienthammy.com.vn\/?post_type=product&#038;p=21999"},"modified":"2024-03-20T23:33:10","modified_gmt":"2024-03-20T16:33:10","slug":"filler-royal","status":"publish","type":"product","link":"https:\/\/phukienthammy.com.vn\/?product=filler-royal","title":{"rendered":"Filler Royal"},"content":{"rendered":"<div dir=\"auto\"><span class=\"x3nfvp2 x1j61x8r x1fcty0u xdj266r xhhsvwb xat24cr xgzva0m xxymvpz xlup9mm x1kky2od\"><img decoding=\"async\" class=\"xz74otr\" src=\"https:\/\/static.xx.fbcdn.net\/images\/emoji.php\/v9\/t5d\/2\/16\/1f3c6.png\" alt=\"&#x1f3c6;\" width=\"16\" height=\"16\" \/><\/span>Tr\u1ecb Th\u00e2m m\u1eaft Filler Royal 5<\/div>\n<div dir=\"auto\">D\u00f2ng Royal Filler Line c\u1ee7a SCL Co., Ltd th\u00ec lo\u1ea1i chuy\u00ean bi\u1ec7t ti\u00eam kh\u1eed qu\u1ea7ng th\u00e2m m\u1eaft l\u00e0 m\u00e3 ROYAL NO.5 (D\u00e0nh cho v\u00f2ng tr\u00f2n \u0111en \/ qu\u1ea7ng th\u00e2m)<\/div>\n<div dir=\"auto\">Hi\u1ec7u qu\u1ea3:<\/div>\n<div dir=\"auto\">&#8211; \u0110\u00e1nh tan qu\u1ea7ng th\u00e2m.<\/div>\n<div dir=\"auto\">&#8211; L\u00e0m \u0111\u1ea7y h\u1ed1c m\u1eaft.<\/div>\n<div dir=\"auto\">&#8211; Cung c\u1ea5p H.A. \u0110\u1ed1i v\u1edbi l\u00e0n da c\u1ee7a \u0111\u00f4i m\u1eaft c\u1ee7a b\u1ea1n.<\/div>\n<div dir=\"auto\">&#8211; Tr\u1ebb h\u00f3a t\u1ebf b\u00e0o da v\u00f9ng m\u1eaft<\/div>\n<div dir=\"auto\">&#8211; Gi\u00fap trang b\u1ecb cho l\u00e0n da c\u1ee7a \u0111\u00f4i m\u1eaft cu\u1ed9c s\u1ed1ng.<\/div>\n<div dir=\"auto\">&#8211; Cam k\u1ebft S\u1ea3n ph\u1ea9m ch\u00ednh h\u00e3ng t\u1eeb C\u00f4ng ty. H\u00e0n Qu\u1ed1c.<\/div>\n<div dir=\"auto\">&#8211; Hi\u1ec7u qu\u1ea3 Ngay sau khi ti\u00eam.<\/div>\n<div dir=\"auto\">&#8211; Cam k\u1ebft An to\u00e0n, ch\u1ea5t l\u01b0\u1ee3ng.<\/div>\n","protected":false},"excerpt":{"rendered":"<div dir=\"auto\">\n<div dir=\"auto\"><span class=\"x3nfvp2 x1j61x8r x1fcty0u xdj266r xhhsvwb xat24cr xgzva0m xxymvpz xlup9mm x1kky2od\"><img decoding=\"async\" class=\"xz74otr\" src=\"https:\/\/static.xx.fbcdn.net\/images\/emoji.php\/v9\/t5d\/2\/16\/1f3c6.png\" alt=\"&#x1f3c6;\" width=\"16\" height=\"16\" \/><\/span>Tr\u1ecb Th\u00e2m m\u1eaft Filler Royal 5<\/div>\n<div dir=\"auto\">D\u00f2ng Royal Filler Line c\u1ee7a SCL Co., Ltd th\u00ec lo\u1ea1i chuy\u00ean bi\u1ec7t ti\u00eam kh\u1eed qu\u1ea7ng th\u00e2m m\u1eaft l\u00e0 m\u00e3 ROYAL NO.5 (D\u00e0nh cho v\u00f2ng tr\u00f2n \u0111en \/ qu\u1ea7ng th\u00e2m)<\/div>\n<div dir=\"auto\">Hi\u1ec7u qu\u1ea3:<\/div>\n<div dir=\"auto\">&#8211; \u0110\u00e1nh tan qu\u1ea7ng th\u00e2m.<\/div>\n<div dir=\"auto\">&#8211; L\u00e0m \u0111\u1ea7y h\u1ed1c m\u1eaft.<\/div>\n<div dir=\"auto\">&#8211; Cung c\u1ea5p H.A. \u0110\u1ed1i v\u1edbi l\u00e0n da c\u1ee7a \u0111\u00f4i m\u1eaft c\u1ee7a b\u1ea1n.<\/div>\n<div dir=\"auto\">&#8211; Tr\u1ebb h\u00f3a t\u1ebf b\u00e0o da v\u00f9ng m\u1eaft<\/div>\n<div dir=\"auto\">&#8211; Gi\u00fap trang b\u1ecb cho l\u00e0n da c\u1ee7a \u0111\u00f4i m\u1eaft cu\u1ed9c s\u1ed1ng.<\/div>\n<div dir=\"auto\">&#8211; Cam k\u1ebft S\u1ea3n ph\u1ea9m ch\u00ednh h\u00e3ng t\u1eeb C\u00f4ng ty. H\u00e0n Qu\u1ed1c.<\/div>\n<div dir=\"auto\">&#8211; Hi\u1ec7u qu\u1ea3 Ngay sau khi ti\u00eam.<\/div>\n<div dir=\"auto\">&#8211; Cam k\u1ebft An to\u00e0n, ch\u1ea5t l\u01b0\u1ee3ng.<\/div>\n<\/div>\n","protected":false},"featured_media":22099,"comment_status":"open","ping_status":"closed","template":"","meta":[],"product_cat":[51],"product_tag":[],"class_list":{"0":"post-21999","1":"product","2":"type-product","3":"status-publish","4":"has-post-thumbnail","6":"product_cat-filler","8":"first","9":"instock","10":"shipping-taxable","11":"purchasable","12":"product-type-simple"},"_links":{"self":[{"href":"https:\/\/phukienthammy.com.vn\/index.php?rest_route=\/wp\/v2\/product\/21999","targetHints":{"allow":["GET"]}}],"collection":[{"href":"https:\/\/phukienthammy.com.vn\/index.php?rest_route=\/wp\/v2\/product"}],"about":[{"href":"https:\/\/phukienthammy.com.vn\/index.php?rest_route=\/wp\/v2\/types\/product"}],"replies":[{"embeddable":true,"href":"https:\/\/phukienthammy.com.vn\/index.php?rest_route=%2Fwp%2Fv2%2Fcomments&post=21999"}],"version-history":[{"count":0,"href":"https:\/\/phukienthammy.com.vn\/index.php?rest_route=\/wp\/v2\/product\/21999\/revisions"}],"wp:featuredmedia":[{"embeddable":true,"href":"https:\/\/phukienthammy.com.vn\/index.php?rest_route=\/wp\/v2\/media\/22099"}],"wp:attachment":[{"href":"https:\/\/phukienthammy.com.vn\/index.php?rest_route=%2Fwp%2Fv2%2Fmedia&parent=21999"}],"wp:term":[{"taxonomy":"product_cat","embeddable":true,"href":"https:\/\/phukienthammy.com.vn\/index.php?rest_route=%2Fwp%2Fv2%2Fproduct_cat&post=21999"},{"taxonomy":"product_tag","embeddable":true,"href":"https:\/\/phukienthammy.com.vn\/index.php?rest_route=%2Fwp%2Fv2%2Fproduct_tag&post=21999"}],"curies":[{"name":"wp","href":"https:\/\/api.w.org\/{rel}","templated":true}]}}